{"id":36,"date":"2024-02-28T22:28:48","date_gmt":"2024-02-28T21:28:48","guid":{"rendered":"https:\/\/pruebas.egt.com.co\/gatodumas\/bogota\/?page_id=36"},"modified":"2024-10-10T23:47:06","modified_gmt":"2024-10-10T21:47:06","slug":"programas","status":"publish","type":"page","link":"https:\/\/gatodumas.com.co\/barranquilla\/programas\/","title":{"rendered":"Programas"},"content":{"rendered":"<div class=\"wpb-content-wrapper\"><p>[vc_row equal_height=\u00bbyes\u00bb content_placement=\u00bbmiddle\u00bb el_class=\u00bbmt mb responsive-arriba-l\u00bb][vc_column width=\u00bb1\/2&#8243; el_class=\u00bbcontenedor-diplomados izq-a\u00bb][vc_custom_heading text=\u00bb\u00c1rea Cocina\u00bb use_theme_fonts=\u00bbyes\u00bb el_class=\u00bblinea-titulos-principal mt mb\u00bb][vc_custom_heading text=\u00bbCocina\u00bb font_container=\u00bbtag:h3|text_align:left\u00bb use_theme_fonts=\u00bbyes\u00bb el_class=\u00bbmt mb text-verde\u00bb][vc_column_text]Atraemos personas que sue\u00f1an con <strong>liderar las cocina<\/strong>s de los sitios m\u00e1s reconocidos, poner su sello en nuevas <strong>creaciones gastron\u00f3micas y proyectarse alrededor del mundo.<\/strong> Que sean apasionados, curiosos, inquietos, con esp\u00edritu creativo e innovador y que busquen la excelencia en cada cosa que hacen.[\/vc_column_text][vc_column_text el_class=\u00bbboton-mas\u00bb]<a href=\"https:\/\/gatodumas.com.co\/barranquilla\/producto\/cocina\/\">M\u00e1s Informaci\u00f3n<\/a>[\/vc_column_text][vc_custom_heading text=\u00bbAuxiliar de cocina\u00bb font_container=\u00bbtag:h3|text_align:left\u00bb use_theme_fonts=\u00bbyes\u00bb el_class=\u00bbmt mb text-verde\u00bb][vc_column_text]Captamos personas que <strong>aspiran a ampliar sus conocimientos culinarios,<\/strong> trascender m\u00e1s all\u00e1 de una afici\u00f3n y transformar sus <strong>habilidades en una destreza rentable.<\/strong>[\/vc_column_text][vc_column_text el_class=\u00bbboton-mas\u00bb]<a href=\"https:\/\/gatodumas.com.co\/barranquilla\/producto\/auxiliar-de-cocina\/\">M\u00e1s Informaci\u00f3n<\/a>[\/vc_column_text][vc_custom_heading text=\u00bbCertificaci\u00f3n de Habilidades laborales\u00bb font_container=\u00bbtag:h3|text_align:left\u00bb use_theme_fonts=\u00bbyes\u00bb css=\u00bb\u00bb el_class=\u00bbmt mb text-verde\u00bb][vc_column_text css=\u00bb\u00bb]<span style=\"font-weight: 400;\">El programa de <strong>certificaci\u00f3n de habilidades laborales<\/strong> tiene como finalidad reconocer y certificar los saberes adquiridos por los alumnos a lo largo de su experiencia laboral<strong>, permiti\u00e9ndoles obtener una certificaci\u00f3n formal en su campo de desempe\u00f1o dentro del sector gastron\u00f3mico.<\/strong><\/span>[\/vc_column_text][vc_column_text css=\u00bb\u00bb el_class=\u00bbboton-mas\u00bb]<a href=\"https:\/\/gatodumas.com.co\/barranquilla\/producto\/certificacion-de-habilidades-laborales\/\">M\u00e1s Informaci\u00f3n<\/a>[\/vc_column_text][\/vc_column][vc_column width=\u00bb1\/2&#8243; el_class=\u00bbimg-der img-diplo img-diploa\u00bb css=\u00bb.vc_custom_1718207868853{background-color: #75c2b8 !important;}\u00bb][vc_single_image image=\u00bb16051&#8243; img_size=\u00bbfull\u00bb alignment=\u00bbcenter\u00bb el_class=\u00bbFotografia-varios-programa\u00bb][vc_single_image image=\u00bb15968&#8243; img_size=\u00bbfull\u00bb el_class=\u00bbFotografia-varios-iconos right\u00bb][\/vc_column][\/vc_row][vc_row full_width=\u00bbstretch_row\u00bb equal_height=\u00bbyes\u00bb content_placement=\u00bbmiddle\u00bb el_class=\u00bbmt mb responsive-arriba-l\u00bb css=\u00bb.vc_custom_1718207481193{background-color: #f2f9f9 !important;}\u00bb][vc_column width=\u00bb1\/2&#8243; el_class=\u00bbimg-diplo img-diploa\u00bb css=\u00bb.vc_custom_1718207885853{background-color: #75c2b8 !important;}\u00bb][vc_single_image image=\u00bb16015&#8243; img_size=\u00bbfull\u00bb alignment=\u00bbcenter\u00bb el_class=\u00bbFotografia-varios-programa\u00bb][vc_single_image image=\u00bb15969&#8243; img_size=\u00bbfull\u00bb alignment=\u00bbright\u00bb el_class=\u00bbFotografia-varios-iconos left\u00bb][\/vc_column][vc_column width=\u00bb1\/2&#8243; el_class=\u00bbcontenedor-diplomados\u00bb][vc_custom_heading text=\u00bb\u00c1rea de Pasteler\u00eda y Panader\u00eda\u00bb use_theme_fonts=\u00bbyes\u00bb el_class=\u00bblinea-titulos-principal mt mb\u00bb][vc_custom_heading text=\u00bbPasteler\u00eda\u00bb font_container=\u00bbtag:h3|text_align:left\u00bb use_theme_fonts=\u00bbyes\u00bb el_class=\u00bbmt mb text-verde\u00bb][vc_column_text]\u00a1Estamos aqu\u00ed para personas que sue\u00f1an con liderar en el mundo de la pasteler\u00eda! Si tu meta es llevar tu talento al siguiente nivel, \u00a1este es el lugar perfecto para ti![\/vc_column_text][vc_column_text el_class=\u00bbboton-mas\u00bb]<a href=\"https:\/\/gatodumas.com.co\/barranquilla\/producto\/pasteleria\/\">M\u00e1s Informaci\u00f3n<\/a>[\/vc_column_text][vc_custom_heading text=\u00bbPanader\u00eda\u00bb font_container=\u00bbtag:h3|text_align:left\u00bb use_theme_fonts=\u00bbyes\u00bb el_class=\u00bbmt mb text-verde\u00bb][vc_column_text]Atraemos personas que sue\u00f1an con ocupar una posici\u00f3n de liderazgo o tener su propio emprendimiento en el \u00e1rea de panader\u00eda y llevar su talento al mundo.[\/vc_column_text][vc_column_text el_class=\u00bbboton-mas\u00bb]<a href=\"https:\/\/gatodumas.com.co\/barranquilla\/producto\/panaderia\/\">M\u00e1s Informaci\u00f3n<\/a>[\/vc_column_text][vc_custom_heading text=\u00bbPanader\u00eda y Pasteler\u00eda\u00bb font_container=\u00bbtag:h3|text_align:left\u00bb use_theme_fonts=\u00bbyes\u00bb el_class=\u00bbmt mb text-verde\u00bb][vc_column_text]\u00a1Bienvenidos a nuestro espacio para los amantes de la pasteler\u00eda y la panader\u00eda! Aqu\u00ed, hacemos realidad los sue\u00f1os de aquellos que desean liderar en este apasionante mundo dulce. \u00a1\u00danete a nosotros y lleva tu talento al siguiente nivel![\/vc_column_text][vc_column_text el_class=\u00bbboton-mas\u00bb]<a href=\"https:\/\/gatodumas.com.co\/barranquilla\/producto\/pasteleria-panaderia\/\">M\u00e1s Informaci\u00f3n<\/a>[\/vc_column_text][\/vc_column][\/vc_row][vc_row gap=\u00bb30&#8243; equal_height=\u00bbyes\u00bb content_placement=\u00bbmiddle\u00bb disable_element=\u00bbyes\u00bb el_class=\u00bbmt mb\u00bb][vc_column width=\u00bb1\/2&#8243; el_class=\u00bbcontenedor-diplomados izq-a\u00bb][vc_custom_heading text=\u00bb\u00c1rea de Bebidas\u00bb use_theme_fonts=\u00bbyes\u00bb el_class=\u00bblinea-titulos-principal mt mb\u00bb][vc_custom_heading text=\u00bbBartender\u00bb font_container=\u00bbtag:h3|text_align:left\u00bb use_theme_fonts=\u00bbyes\u00bb el_class=\u00bbmt mb text-verde\u00bb][vc_column_text]Bienvenidos a nuestro espacio para los <strong>apasionados del mundo<\/strong> en el \u00e1rea de Bartender, Aqu\u00ed, damos vida a los sue\u00f1os de aquellos que <strong>aspiran a liderar<\/strong> en el arte o a emprender su propio negocio.[\/vc_column_text][vc_column_text el_class=\u00bbboton-mas\u00bb]<a href=\"https:\/\/gatodumas.com.co\/barranquilla\/producto\/bartender\/\">M\u00e1s Informaci\u00f3n<\/a>[\/vc_column_text][vc_custom_heading text=\u00bbSommelier\u00bb font_container=\u00bbtag:h3|text_align:left\u00bb use_theme_fonts=\u00bbyes\u00bb el_class=\u00bbmt mb text-verde\u00bb][vc_column_text]\u00a1Descubre tu camino hacia el <strong>liderazgo en el mundo del sommelier<\/strong>! En nuestro espacio, damos la bienvenida a aquellos que sue\u00f1an con brillar en el universo del vino y desean <strong>convertirse en sommeliers destacados.<\/strong>[\/vc_column_text][vc_column_text el_class=\u00bbboton-mas\u00bb]<a href=\"https:\/\/gatodumas.com.co\/barranquilla\/producto\/sommelier\/\">M\u00e1s Informaci\u00f3n<\/a>[\/vc_column_text][vc_custom_heading text=\u00bbBarismo\u00bb font_container=\u00bbtag:h3|text_align:left\u00bb use_theme_fonts=\u00bbyes\u00bb el_class=\u00bbmt mb text-verde\u00bb][vc_column_text]Atr\u00e9vete a liderar o emprender en el emocionante mundo del barismo. En Gato Dumas, te ofrecemos la oportunidad de <strong>desarrollar tu talento y creatividad<\/strong> en esta apasionante \u00e1rea. \u00danete a nuestro programa de Barismo y<strong> convierte tus sue\u00f1os en realidad.<\/strong>[\/vc_column_text][vc_column_text el_class=\u00bbboton-mas\u00bb]<a href=\"https:\/\/gatodumas.com.co\/barranquilla\/producto\/barismo\/\">M\u00e1s Informaci\u00f3n<\/a>[\/vc_column_text][\/vc_column][vc_column width=\u00bb1\/2&#8243; el_class=\u00bbimg-der img-diplo\u00bb css=\u00bb.vc_custom_1710474507482{background-color: #75c2b8 !important;}\u00bb][vc_single_image image=\u00bb15917&#8243; img_size=\u00bbfull\u00bb alignment=\u00bbcenter\u00bb el_class=\u00bbFotografia-varios-progra\u00bb][vc_single_image image=\u00bb15967&#8243; img_size=\u00bbfull\u00bb el_class=\u00bbFotografia-varios-iconos right\u00bb][\/vc_column][\/vc_row][vc_row full_width=\u00bbstretch_row\u00bb equal_height=\u00bbyes\u00bb content_placement=\u00bbmiddle\u00bb disable_element=\u00bbyes\u00bb el_class=\u00bbmt\u00bb css=\u00bb.vc_custom_1712077250196{background-color: #f2f9f9 !important;}\u00bb][vc_column width=\u00bb1\/2&#8243; el_class=\u00bbimg-diplo\u00bb css=\u00bb.vc_custom_1710171608180{background-color: #75c2b8 !important;}\u00bb][vc_single_image image=\u00bb16185&#8243; img_size=\u00bbfull\u00bb alignment=\u00bbcenter\u00bb el_class=\u00bbFotografia-varios-programa\u00bb][vc_single_image image=\u00bb15971&#8243; img_size=\u00bbfull\u00bb alignment=\u00bbright\u00bb el_class=\u00bbFotografia-varios-iconos left\u00bb][\/vc_column][vc_column width=\u00bb1\/2&#8243; el_class=\u00bbcontenedor-diplomados\u00bb][vc_custom_heading text=\u00bb\u00c1rea Administraci\u00f3n y Eventos\u00bb use_theme_fonts=\u00bbyes\u00bb el_class=\u00bblinea-titulos-principal mt mb\u00bb][vc_custom_heading text=\u00bbSupervisor de Establecimientos Gastr\u00f3nimicos\u00bb font_container=\u00bbtag:h3|text_align:left\u00bb use_theme_fonts=\u00bbyes\u00bb el_class=\u00bbmt mb text-verde\u00bb][vc_column_text]Descubre tu potencial en el mundo de la gastronom\u00eda con nuestro programa <strong>Supervisor de Establecimientos Gastron\u00f3micos.<\/strong> En Gato Dumas, te ofrecemos la oportunidad de liderar o emprender en este apasionante campo. <strong>\u00a1Convierte tus sue\u00f1os en realidad con nosotros!<\/strong>[\/vc_column_text][vc_column_text el_class=\u00bbboton-mas\u00bb]<a href=\"https:\/\/gatodumas.com.co\/barranquilla\/producto\/servicio-de-alimentos-eventos\/\">M\u00e1s Informaci\u00f3n<\/a>[\/vc_column_text][\/vc_column][\/vc_row]<\/p>\n<\/div>","protected":false},"excerpt":{"rendered":"<p>[vc_row equal_height=\u00bbyes\u00bb content_placement=\u00bbmiddle\u00bb el_class=\u00bbmt mb responsive-arriba-l\u00bb][vc_column width=\u00bb1\/2&#8243; el_class=\u00bbcontenedor-diplomados izq-a\u00bb][vc_custom_heading text=\u00bb\u00c1rea Cocina\u00bb use_theme_fonts=\u00bbyes\u00bb el_class=\u00bblinea-titulos-principal mt mb\u00bb][vc_custom_heading text=\u00bbCocina\u00bb font_container=\u00bbtag:h3|text_align:left\u00bb use_theme_fonts=\u00bbyes\u00bb el_class=\u00bbmt mb text-verde\u00bb][vc_column_text]Atraemos personas que sue\u00f1an con liderar las cocinas de los sitios m\u00e1s reconocidos, poner su sello en nuevas creaciones gastron\u00f3micas y proyectarse alrededor del mundo. Que sean apasionados, curiosos, inquietos, con esp\u00edritu creativo e innovador &#8230; <a title=\"Programas\" class=\"read-more\" href=\"https:\/\/gatodumas.com.co\/barranquilla\/programas\/\" aria-label=\"Leer m\u00e1s sobre Programas\">Leer m\u00e1s<\/a><\/p>\n","protected":false},"author":2,"featured_media":0,"parent":0,"menu_order":0,"comment_status":"closed","ping_status":"closed","template":"","meta":{"_acf_changed":false,"footnotes":""},"class_list":["post-36","page","type-page","status-publish"],"acf":[],"yoast_head":"<!-- This site is optimized with the Yoast SEO plugin v25.9 - https:\/\/yoast.com\/wordpress\/plugins\/seo\/ -->\n<title>Programas - Gato Dumas Barranquilla<\/title>\n<meta name=\"robots\" content=\"index, follow, max-snippet:-1, max-image-preview:large, max-video-preview:-1\" \/>\n<link rel=\"canonical\" href=\"https:\/\/gatodumas.com.co\/barranquilla\/programas\/\" \/>\n<meta property=\"og:locale\" content=\"es_ES\" \/>\n<meta property=\"og:type\" content=\"article\" \/>\n<meta property=\"og:title\" content=\"Programas - Gato Dumas Barranquilla\" \/>\n<meta property=\"og:description\" content=\"[vc_row equal_height=\u00bbyes\u00bb content_placement=\u00bbmiddle\u00bb el_class=\u00bbmt mb responsive-arriba-l\u00bb][vc_column width=\u00bb1\/2&#8243; el_class=\u00bbcontenedor-diplomados izq-a\u00bb][vc_custom_heading text=\u00bb\u00c1rea Cocina\u00bb use_theme_fonts=\u00bbyes\u00bb el_class=\u00bblinea-titulos-principal mt mb\u00bb][vc_custom_heading text=\u00bbCocina\u00bb font_container=\u00bbtag:h3|text_align:left\u00bb use_theme_fonts=\u00bbyes\u00bb el_class=\u00bbmt mb text-verde\u00bb][vc_column_text]Atraemos personas que sue\u00f1an con liderar las cocinas de los sitios m\u00e1s reconocidos, poner su sello en nuevas creaciones gastron\u00f3micas y proyectarse alrededor del mundo. Que sean apasionados, curiosos, inquietos, con esp\u00edritu creativo e innovador ... Leer m\u00e1s\" \/>\n<meta property=\"og:url\" content=\"https:\/\/gatodumas.com.co\/barranquilla\/programas\/\" \/>\n<meta property=\"og:site_name\" content=\"Gato Dumas Barranquilla\" \/>\n<meta property=\"article:modified_time\" content=\"2024-10-10T21:47:06+00:00\" \/>\n<meta name=\"twitter:card\" content=\"summary_large_image\" \/>\n<meta name=\"twitter:label1\" content=\"Tiempo de lectura\" \/>\n\t<meta name=\"twitter:data1\" content=\"5 minutos\" \/>\n<script type=\"application\/ld+json\" class=\"yoast-schema-graph\">{\"@context\":\"https:\/\/schema.org\",\"@graph\":[{\"@type\":\"WebPage\",\"@id\":\"https:\/\/gatodumas.com.co\/barranquilla\/programas\/\",\"url\":\"https:\/\/gatodumas.com.co\/barranquilla\/programas\/\",\"name\":\"Programas - Gato Dumas Barranquilla\",\"isPartOf\":{\"@id\":\"https:\/\/gatodumas.com.co\/barranquilla\/#website\"},\"datePublished\":\"2024-02-28T21:28:48+00:00\",\"dateModified\":\"2024-10-10T21:47:06+00:00\",\"breadcrumb\":{\"@id\":\"https:\/\/gatodumas.com.co\/barranquilla\/programas\/#breadcrumb\"},\"inLanguage\":\"es\",\"potentialAction\":[{\"@type\":\"ReadAction\",\"target\":[\"https:\/\/gatodumas.com.co\/barranquilla\/programas\/\"]}]},{\"@type\":\"BreadcrumbList\",\"@id\":\"https:\/\/gatodumas.com.co\/barranquilla\/programas\/#breadcrumb\",\"itemListElement\":[{\"@type\":\"ListItem\",\"position\":1,\"name\":\"Portada\",\"item\":\"https:\/\/gatodumas.com.co\/barranquilla\/\"},{\"@type\":\"ListItem\",\"position\":2,\"name\":\"Programas\"}]},{\"@type\":\"WebSite\",\"@id\":\"https:\/\/gatodumas.com.co\/barranquilla\/#website\",\"url\":\"https:\/\/gatodumas.com.co\/barranquilla\/\",\"name\":\"Gato Dumas Barranquilla\",\"description\":\"\",\"publisher\":{\"@id\":\"https:\/\/gatodumas.com.co\/barranquilla\/#organization\"},\"potentialAction\":[{\"@type\":\"SearchAction\",\"target\":{\"@type\":\"EntryPoint\",\"urlTemplate\":\"https:\/\/gatodumas.com.co\/barranquilla\/?s={search_term_string}\"},\"query-input\":{\"@type\":\"PropertyValueSpecification\",\"valueRequired\":true,\"valueName\":\"search_term_string\"}}],\"inLanguage\":\"es\"},{\"@type\":\"Organization\",\"@id\":\"https:\/\/gatodumas.com.co\/barranquilla\/#organization\",\"name\":\"Gato Dumas Barranquilla\",\"url\":\"https:\/\/gatodumas.com.co\/barranquilla\/\",\"logo\":{\"@type\":\"ImageObject\",\"inLanguage\":\"es\",\"@id\":\"https:\/\/gatodumas.com.co\/barranquilla\/#\/schema\/logo\/image\/\",\"url\":\"https:\/\/gatodumas.com.co\/barranquilla\/wp-content\/uploads\/sites\/3\/2024\/03\/cropped-dumas-negro-01-1-1.png\",\"contentUrl\":\"https:\/\/gatodumas.com.co\/barranquilla\/wp-content\/uploads\/sites\/3\/2024\/03\/cropped-dumas-negro-01-1-1.png\",\"width\":2496,\"height\":854,\"caption\":\"Gato Dumas Barranquilla\"},\"image\":{\"@id\":\"https:\/\/gatodumas.com.co\/barranquilla\/#\/schema\/logo\/image\/\"}}]}<\/script>\n<!-- \/ Yoast SEO plugin. -->","yoast_head_json":{"title":"Programas - Gato Dumas Barranquilla","robots":{"index":"index","follow":"follow","max-snippet":"max-snippet:-1","max-image-preview":"max-image-preview:large","max-video-preview":"max-video-preview:-1"},"canonical":"https:\/\/gatodumas.com.co\/barranquilla\/programas\/","og_locale":"es_ES","og_type":"article","og_title":"Programas - Gato Dumas Barranquilla","og_description":"[vc_row equal_height=\u00bbyes\u00bb content_placement=\u00bbmiddle\u00bb el_class=\u00bbmt mb responsive-arriba-l\u00bb][vc_column width=\u00bb1\/2&#8243; el_class=\u00bbcontenedor-diplomados izq-a\u00bb][vc_custom_heading text=\u00bb\u00c1rea Cocina\u00bb use_theme_fonts=\u00bbyes\u00bb el_class=\u00bblinea-titulos-principal mt mb\u00bb][vc_custom_heading text=\u00bbCocina\u00bb font_container=\u00bbtag:h3|text_align:left\u00bb use_theme_fonts=\u00bbyes\u00bb el_class=\u00bbmt mb text-verde\u00bb][vc_column_text]Atraemos personas que sue\u00f1an con liderar las cocinas de los sitios m\u00e1s reconocidos, poner su sello en nuevas creaciones gastron\u00f3micas y proyectarse alrededor del mundo. Que sean apasionados, curiosos, inquietos, con esp\u00edritu creativo e innovador ... Leer m\u00e1s","og_url":"https:\/\/gatodumas.com.co\/barranquilla\/programas\/","og_site_name":"Gato Dumas Barranquilla","article_modified_time":"2024-10-10T21:47:06+00:00","twitter_card":"summary_large_image","twitter_misc":{"Tiempo de lectura":"5 minutos"},"schema":{"@context":"https:\/\/schema.org","@graph":[{"@type":"WebPage","@id":"https:\/\/gatodumas.com.co\/barranquilla\/programas\/","url":"https:\/\/gatodumas.com.co\/barranquilla\/programas\/","name":"Programas - Gato Dumas Barranquilla","isPartOf":{"@id":"https:\/\/gatodumas.com.co\/barranquilla\/#website"},"datePublished":"2024-02-28T21:28:48+00:00","dateModified":"2024-10-10T21:47:06+00:00","breadcrumb":{"@id":"https:\/\/gatodumas.com.co\/barranquilla\/programas\/#breadcrumb"},"inLanguage":"es","potentialAction":[{"@type":"ReadAction","target":["https:\/\/gatodumas.com.co\/barranquilla\/programas\/"]}]},{"@type":"BreadcrumbList","@id":"https:\/\/gatodumas.com.co\/barranquilla\/programas\/#breadcrumb","itemListElement":[{"@type":"ListItem","position":1,"name":"Portada","item":"https:\/\/gatodumas.com.co\/barranquilla\/"},{"@type":"ListItem","position":2,"name":"Programas"}]},{"@type":"WebSite","@id":"https:\/\/gatodumas.com.co\/barranquilla\/#website","url":"https:\/\/gatodumas.com.co\/barranquilla\/","name":"Gato Dumas Barranquilla","description":"","publisher":{"@id":"https:\/\/gatodumas.com.co\/barranquilla\/#organization"},"potentialAction":[{"@type":"SearchAction","target":{"@type":"EntryPoint","urlTemplate":"https:\/\/gatodumas.com.co\/barranquilla\/?s={search_term_string}"},"query-input":{"@type":"PropertyValueSpecification","valueRequired":true,"valueName":"search_term_string"}}],"inLanguage":"es"},{"@type":"Organization","@id":"https:\/\/gatodumas.com.co\/barranquilla\/#organization","name":"Gato Dumas Barranquilla","url":"https:\/\/gatodumas.com.co\/barranquilla\/","logo":{"@type":"ImageObject","inLanguage":"es","@id":"https:\/\/gatodumas.com.co\/barranquilla\/#\/schema\/logo\/image\/","url":"https:\/\/gatodumas.com.co\/barranquilla\/wp-content\/uploads\/sites\/3\/2024\/03\/cropped-dumas-negro-01-1-1.png","contentUrl":"https:\/\/gatodumas.com.co\/barranquilla\/wp-content\/uploads\/sites\/3\/2024\/03\/cropped-dumas-negro-01-1-1.png","width":2496,"height":854,"caption":"Gato Dumas Barranquilla"},"image":{"@id":"https:\/\/gatodumas.com.co\/barranquilla\/#\/schema\/logo\/image\/"}}]}},"_links":{"self":[{"href":"https:\/\/gatodumas.com.co\/barranquilla\/wp-json\/wp\/v2\/pages\/36","targetHints":{"allow":["GET"]}}],"collection":[{"href":"https:\/\/gatodumas.com.co\/barranquilla\/wp-json\/wp\/v2\/pages"}],"about":[{"href":"https:\/\/gatodumas.com.co\/barranquilla\/wp-json\/wp\/v2\/types\/page"}],"author":[{"embeddable":true,"href":"https:\/\/gatodumas.com.co\/barranquilla\/wp-json\/wp\/v2\/users\/2"}],"replies":[{"embeddable":true,"href":"https:\/\/gatodumas.com.co\/barranquilla\/wp-json\/wp\/v2\/comments?post=36"}],"version-history":[{"count":10,"href":"https:\/\/gatodumas.com.co\/barranquilla\/wp-json\/wp\/v2\/pages\/36\/revisions"}],"predecessor-version":[{"id":16980,"href":"https:\/\/gatodumas.com.co\/barranquilla\/wp-json\/wp\/v2\/pages\/36\/revisions\/16980"}],"wp:attachment":[{"href":"https:\/\/gatodumas.com.co\/barranquilla\/wp-json\/wp\/v2\/media?parent=36"}],"curies":[{"name":"wp","href":"https:\/\/api.w.org\/{rel}","templated":true}]}}