{"id":41,"date":"2024-02-28T22:31:19","date_gmt":"2024-02-28T21:31:19","guid":{"rendered":"https:\/\/pruebas.egt.com.co\/gatodumas\/bogota\/?page_id=41"},"modified":"2024-06-12T18:03:18","modified_gmt":"2024-06-12T16:03:18","slug":"area-pasteleria-y-panaderia","status":"publish","type":"page","link":"https:\/\/gatodumas.com.co\/barranquilla\/programas\/area-pasteleria-y-panaderia\/","title":{"rendered":"\u00c1rea Pasteler\u00eda y Panader\u00eda"},"content":{"rendered":"<div class=\"wpb-content-wrapper\"><p>[vc_row full_width=\u00bbstretch_row\u00bb equal_height=\u00bbyes\u00bb content_placement=\u00bbmiddle\u00bb el_class=\u00bbmt mb\u00bb css=\u00bb.vc_custom_1710177708150{background-color: #f2f9f9 !important;}\u00bb][vc_column width=\u00bb1\/2&#8243; el_class=\u00bbimg-diploa\u00bb css=\u00bb.vc_custom_1718208196509{background-color: #75c2b8 !important;}\u00bb][vc_single_image image=\u00bb16015&#8243; img_size=\u00bbfull\u00bb alignment=\u00bbcenter\u00bb el_class=\u00bbFotografia-varios-programa\u00bb][vc_single_image image=\u00bb15969&#8243; img_size=\u00bbfull\u00bb alignment=\u00bbright\u00bb el_class=\u00bbFotografia-varios-iconos\u00bb][\/vc_column][vc_column width=\u00bb1\/2&#8243; el_class=\u00bbcontenedor-diplomados\u00bb][vc_custom_heading text=\u00bb\u00c1rea Pasteler\u00eda y Panader\u00eda\u00bb use_theme_fonts=\u00bbyes\u00bb el_class=\u00bblinea-titulos-principales mt mb\u00bb][vc_custom_heading text=\u00bbPasteler\u00eda\u00bb font_container=\u00bbtag:h3|text_align:left\u00bb use_theme_fonts=\u00bbyes\u00bb el_class=\u00bbmt mb text-verde\u00bb][vc_column_text]\u00a1Estamos aqu\u00ed para personas que sue\u00f1an con liderar en el mundo de la pasteler\u00eda! Si tu meta es llevar tu talento al siguiente nivel, \u00a1este es el lugar perfecto para ti![\/vc_column_text][vc_column_text el_class=\u00bbboton-mas\u00bb]<a href=\"https:\/\/gatodumas.com.co\/barranquilla\/producto\/pasteleria\/\">M\u00e1s Informaci\u00f3n<\/a>[\/vc_column_text][vc_custom_heading text=\u00bbPanader\u00eda\u00bb font_container=\u00bbtag:h3|text_align:left\u00bb use_theme_fonts=\u00bbyes\u00bb el_class=\u00bbmt mb text-verde\u00bb][vc_column_text]Atraemos personas que sue\u00f1an con ocupar una posici\u00f3n de liderazgo o tener su propio emprendimiento en el \u00e1rea de panader\u00eda y llevar su talento al mundo.[\/vc_column_text][vc_column_text el_class=\u00bbboton-mas\u00bb]<a href=\"https:\/\/gatodumas.com.co\/barranquilla\/producto\/panaderia\/\">M\u00e1s Informaci\u00f3n<\/a>[\/vc_column_text][vc_custom_heading text=\u00bbPanader\u00eda y Pasteler\u00eda\u00bb font_container=\u00bbtag:h3|text_align:left\u00bb use_theme_fonts=\u00bbyes\u00bb el_class=\u00bbmt mb text-verde\u00bb][vc_column_text]\u00a1Bienvenidos a nuestro espacio para los amantes de la pasteler\u00eda y la panader\u00eda! Aqu\u00ed, hacemos realidad los sue\u00f1os de aquellos que desean liderar en este apasionante mundo dulce. \u00a1\u00danete a nosotros y lleva tu talento al siguiente nivel![\/vc_column_text][vc_column_text el_class=\u00bbboton-mas\u00bb]<a href=\"https:\/\/gatodumas.com.co\/barranquilla\/producto\/pasteleria-panaderia\/\">M\u00e1s Informaci\u00f3n<\/a>[\/vc_column_text][\/vc_column][\/vc_row]<\/p>\n<\/div>","protected":false},"excerpt":{"rendered":"<p>[vc_row full_width=\u00bbstretch_row\u00bb equal_height=\u00bbyes\u00bb content_placement=\u00bbmiddle\u00bb el_class=\u00bbmt mb\u00bb css=\u00bb.vc_custom_1710177708150{background-color: #f2f9f9 !important;}\u00bb][vc_column width=\u00bb1\/2&#8243; el_class=\u00bbimg-diploa\u00bb css=\u00bb.vc_custom_1718208196509{background-color: #75c2b8 !important;}\u00bb][vc_single_image image=\u00bb16015&#8243; img_size=\u00bbfull\u00bb alignment=\u00bbcenter\u00bb el_class=\u00bbFotografia-varios-programa\u00bb][vc_single_image image=\u00bb15969&#8243; img_size=\u00bbfull\u00bb alignment=\u00bbright\u00bb el_class=\u00bbFotografia-varios-iconos\u00bb][\/vc_column][vc_column width=\u00bb1\/2&#8243; el_class=\u00bbcontenedor-diplomados\u00bb][vc_custom_heading text=\u00bb\u00c1rea Pasteler\u00eda y Panader\u00eda\u00bb use_theme_fonts=\u00bbyes\u00bb el_class=\u00bblinea-titulos-principales mt mb\u00bb][vc_custom_heading text=\u00bbPasteler\u00eda\u00bb font_container=\u00bbtag:h3|text_align:left\u00bb use_theme_fonts=\u00bbyes\u00bb el_class=\u00bbmt mb text-verde\u00bb][vc_column_text]\u00a1Estamos aqu\u00ed para personas que sue\u00f1an con liderar en el mundo de la pasteler\u00eda! Si tu meta es &#8230; <a title=\"\u00c1rea Pasteler\u00eda y Panader\u00eda\" class=\"read-more\" href=\"https:\/\/gatodumas.com.co\/barranquilla\/programas\/area-pasteleria-y-panaderia\/\" aria-label=\"Leer m\u00e1s sobre \u00c1rea Pasteler\u00eda y Panader\u00eda\">Leer m\u00e1s<\/a><\/p>\n","protected":false},"author":2,"featured_media":0,"parent":36,"menu_order":0,"comment_status":"closed","ping_status":"closed","template":"","meta":{"_acf_changed":false,"footnotes":""},"class_list":["post-41","page","type-page","status-publish"],"acf":[],"yoast_head":"<!-- This site is optimized with the Yoast SEO plugin v25.9 - https:\/\/yoast.com\/wordpress\/plugins\/seo\/ -->\n<title>\u00c1rea Pasteler\u00eda y Panader\u00eda - Gato Dumas Barranquilla<\/title>\n<meta name=\"robots\" content=\"index, follow, max-snippet:-1, max-image-preview:large, max-video-preview:-1\" \/>\n<link rel=\"canonical\" href=\"https:\/\/gatodumas.com.co\/barranquilla\/programas\/area-pasteleria-y-panaderia\/\" \/>\n<meta property=\"og:locale\" content=\"es_ES\" \/>\n<meta property=\"og:type\" content=\"article\" \/>\n<meta property=\"og:title\" content=\"\u00c1rea Pasteler\u00eda y Panader\u00eda - Gato Dumas Barranquilla\" \/>\n<meta property=\"og:description\" content=\"[vc_row full_width=\u00bbstretch_row\u00bb equal_height=\u00bbyes\u00bb content_placement=\u00bbmiddle\u00bb el_class=\u00bbmt mb\u00bb css=\u00bb.vc_custom_1710177708150{background-color: #f2f9f9 !important;}\u00bb][vc_column width=\u00bb1\/2&#8243; el_class=\u00bbimg-diploa\u00bb css=\u00bb.vc_custom_1718208196509{background-color: #75c2b8 !important;}\u00bb][vc_single_image image=\u00bb16015&#8243; img_size=\u00bbfull\u00bb alignment=\u00bbcenter\u00bb el_class=\u00bbFotografia-varios-programa\u00bb][vc_single_image image=\u00bb15969&#8243; img_size=\u00bbfull\u00bb alignment=\u00bbright\u00bb el_class=\u00bbFotografia-varios-iconos\u00bb][\/vc_column][vc_column width=\u00bb1\/2&#8243; el_class=\u00bbcontenedor-diplomados\u00bb][vc_custom_heading text=\u00bb\u00c1rea Pasteler\u00eda y Panader\u00eda\u00bb use_theme_fonts=\u00bbyes\u00bb el_class=\u00bblinea-titulos-principales mt mb\u00bb][vc_custom_heading text=\u00bbPasteler\u00eda\u00bb font_container=\u00bbtag:h3|text_align:left\u00bb use_theme_fonts=\u00bbyes\u00bb el_class=\u00bbmt mb text-verde\u00bb][vc_column_text]\u00a1Estamos aqu\u00ed para personas que sue\u00f1an con liderar en el mundo de la pasteler\u00eda! Si tu meta es ... Leer m\u00e1s\" \/>\n<meta property=\"og:url\" content=\"https:\/\/gatodumas.com.co\/barranquilla\/programas\/area-pasteleria-y-panaderia\/\" \/>\n<meta property=\"og:site_name\" content=\"Gato Dumas Barranquilla\" \/>\n<meta property=\"article:modified_time\" content=\"2024-06-12T16:03:18+00:00\" \/>\n<meta name=\"twitter:card\" content=\"summary_large_image\" \/>\n<meta name=\"twitter:label1\" content=\"Tiempo de lectura\" \/>\n\t<meta name=\"twitter:data1\" content=\"2 minutos\" \/>\n<script type=\"application\/ld+json\" class=\"yoast-schema-graph\">{\"@context\":\"https:\/\/schema.org\",\"@graph\":[{\"@type\":\"WebPage\",\"@id\":\"https:\/\/gatodumas.com.co\/barranquilla\/programas\/area-pasteleria-y-panaderia\/\",\"url\":\"https:\/\/gatodumas.com.co\/barranquilla\/programas\/area-pasteleria-y-panaderia\/\",\"name\":\"\u00c1rea Pasteler\u00eda y Panader\u00eda - Gato Dumas Barranquilla\",\"isPartOf\":{\"@id\":\"https:\/\/gatodumas.com.co\/barranquilla\/#website\"},\"datePublished\":\"2024-02-28T21:31:19+00:00\",\"dateModified\":\"2024-06-12T16:03:18+00:00\",\"breadcrumb\":{\"@id\":\"https:\/\/gatodumas.com.co\/barranquilla\/programas\/area-pasteleria-y-panaderia\/#breadcrumb\"},\"inLanguage\":\"es\",\"potentialAction\":[{\"@type\":\"ReadAction\",\"target\":[\"https:\/\/gatodumas.com.co\/barranquilla\/programas\/area-pasteleria-y-panaderia\/\"]}]},{\"@type\":\"BreadcrumbList\",\"@id\":\"https:\/\/gatodumas.com.co\/barranquilla\/programas\/area-pasteleria-y-panaderia\/#breadcrumb\",\"itemListElement\":[{\"@type\":\"ListItem\",\"position\":1,\"name\":\"Portada\",\"item\":\"https:\/\/gatodumas.com.co\/barranquilla\/\"},{\"@type\":\"ListItem\",\"position\":2,\"name\":\"Programas\",\"item\":\"https:\/\/gatodumas.com.co\/barranquilla\/programas\/\"},{\"@type\":\"ListItem\",\"position\":3,\"name\":\"\u00c1rea Pasteler\u00eda y Panader\u00eda\"}]},{\"@type\":\"WebSite\",\"@id\":\"https:\/\/gatodumas.com.co\/barranquilla\/#website\",\"url\":\"https:\/\/gatodumas.com.co\/barranquilla\/\",\"name\":\"Gato Dumas Barranquilla\",\"description\":\"\",\"publisher\":{\"@id\":\"https:\/\/gatodumas.com.co\/barranquilla\/#organization\"},\"potentialAction\":[{\"@type\":\"SearchAction\",\"target\":{\"@type\":\"EntryPoint\",\"urlTemplate\":\"https:\/\/gatodumas.com.co\/barranquilla\/?s={search_term_string}\"},\"query-input\":{\"@type\":\"PropertyValueSpecification\",\"valueRequired\":true,\"valueName\":\"search_term_string\"}}],\"inLanguage\":\"es\"},{\"@type\":\"Organization\",\"@id\":\"https:\/\/gatodumas.com.co\/barranquilla\/#organization\",\"name\":\"Gato Dumas Barranquilla\",\"url\":\"https:\/\/gatodumas.com.co\/barranquilla\/\",\"logo\":{\"@type\":\"ImageObject\",\"inLanguage\":\"es\",\"@id\":\"https:\/\/gatodumas.com.co\/barranquilla\/#\/schema\/logo\/image\/\",\"url\":\"https:\/\/gatodumas.com.co\/barranquilla\/wp-content\/uploads\/sites\/3\/2024\/03\/cropped-dumas-negro-01-1-1.png\",\"contentUrl\":\"https:\/\/gatodumas.com.co\/barranquilla\/wp-content\/uploads\/sites\/3\/2024\/03\/cropped-dumas-negro-01-1-1.png\",\"width\":2496,\"height\":854,\"caption\":\"Gato Dumas Barranquilla\"},\"image\":{\"@id\":\"https:\/\/gatodumas.com.co\/barranquilla\/#\/schema\/logo\/image\/\"}}]}<\/script>\n<!-- \/ Yoast SEO plugin. -->","yoast_head_json":{"title":"\u00c1rea Pasteler\u00eda y Panader\u00eda - Gato Dumas Barranquilla","robots":{"index":"index","follow":"follow","max-snippet":"max-snippet:-1","max-image-preview":"max-image-preview:large","max-video-preview":"max-video-preview:-1"},"canonical":"https:\/\/gatodumas.com.co\/barranquilla\/programas\/area-pasteleria-y-panaderia\/","og_locale":"es_ES","og_type":"article","og_title":"\u00c1rea Pasteler\u00eda y Panader\u00eda - Gato Dumas Barranquilla","og_description":"[vc_row full_width=\u00bbstretch_row\u00bb equal_height=\u00bbyes\u00bb content_placement=\u00bbmiddle\u00bb el_class=\u00bbmt mb\u00bb css=\u00bb.vc_custom_1710177708150{background-color: #f2f9f9 !important;}\u00bb][vc_column width=\u00bb1\/2&#8243; el_class=\u00bbimg-diploa\u00bb css=\u00bb.vc_custom_1718208196509{background-color: #75c2b8 !important;}\u00bb][vc_single_image image=\u00bb16015&#8243; img_size=\u00bbfull\u00bb alignment=\u00bbcenter\u00bb el_class=\u00bbFotografia-varios-programa\u00bb][vc_single_image image=\u00bb15969&#8243; img_size=\u00bbfull\u00bb alignment=\u00bbright\u00bb el_class=\u00bbFotografia-varios-iconos\u00bb][\/vc_column][vc_column width=\u00bb1\/2&#8243; el_class=\u00bbcontenedor-diplomados\u00bb][vc_custom_heading text=\u00bb\u00c1rea Pasteler\u00eda y Panader\u00eda\u00bb use_theme_fonts=\u00bbyes\u00bb el_class=\u00bblinea-titulos-principales mt mb\u00bb][vc_custom_heading text=\u00bbPasteler\u00eda\u00bb font_container=\u00bbtag:h3|text_align:left\u00bb use_theme_fonts=\u00bbyes\u00bb el_class=\u00bbmt mb text-verde\u00bb][vc_column_text]\u00a1Estamos aqu\u00ed para personas que sue\u00f1an con liderar en el mundo de la pasteler\u00eda! Si tu meta es ... Leer m\u00e1s","og_url":"https:\/\/gatodumas.com.co\/barranquilla\/programas\/area-pasteleria-y-panaderia\/","og_site_name":"Gato Dumas Barranquilla","article_modified_time":"2024-06-12T16:03:18+00:00","twitter_card":"summary_large_image","twitter_misc":{"Tiempo de lectura":"2 minutos"},"schema":{"@context":"https:\/\/schema.org","@graph":[{"@type":"WebPage","@id":"https:\/\/gatodumas.com.co\/barranquilla\/programas\/area-pasteleria-y-panaderia\/","url":"https:\/\/gatodumas.com.co\/barranquilla\/programas\/area-pasteleria-y-panaderia\/","name":"\u00c1rea Pasteler\u00eda y Panader\u00eda - Gato Dumas Barranquilla","isPartOf":{"@id":"https:\/\/gatodumas.com.co\/barranquilla\/#website"},"datePublished":"2024-02-28T21:31:19+00:00","dateModified":"2024-06-12T16:03:18+00:00","breadcrumb":{"@id":"https:\/\/gatodumas.com.co\/barranquilla\/programas\/area-pasteleria-y-panaderia\/#breadcrumb"},"inLanguage":"es","potentialAction":[{"@type":"ReadAction","target":["https:\/\/gatodumas.com.co\/barranquilla\/programas\/area-pasteleria-y-panaderia\/"]}]},{"@type":"BreadcrumbList","@id":"https:\/\/gatodumas.com.co\/barranquilla\/programas\/area-pasteleria-y-panaderia\/#breadcrumb","itemListElement":[{"@type":"ListItem","position":1,"name":"Portada","item":"https:\/\/gatodumas.com.co\/barranquilla\/"},{"@type":"ListItem","position":2,"name":"Programas","item":"https:\/\/gatodumas.com.co\/barranquilla\/programas\/"},{"@type":"ListItem","position":3,"name":"\u00c1rea Pasteler\u00eda y Panader\u00eda"}]},{"@type":"WebSite","@id":"https:\/\/gatodumas.com.co\/barranquilla\/#website","url":"https:\/\/gatodumas.com.co\/barranquilla\/","name":"Gato Dumas Barranquilla","description":"","publisher":{"@id":"https:\/\/gatodumas.com.co\/barranquilla\/#organization"},"potentialAction":[{"@type":"SearchAction","target":{"@type":"EntryPoint","urlTemplate":"https:\/\/gatodumas.com.co\/barranquilla\/?s={search_term_string}"},"query-input":{"@type":"PropertyValueSpecification","valueRequired":true,"valueName":"search_term_string"}}],"inLanguage":"es"},{"@type":"Organization","@id":"https:\/\/gatodumas.com.co\/barranquilla\/#organization","name":"Gato Dumas Barranquilla","url":"https:\/\/gatodumas.com.co\/barranquilla\/","logo":{"@type":"ImageObject","inLanguage":"es","@id":"https:\/\/gatodumas.com.co\/barranquilla\/#\/schema\/logo\/image\/","url":"https:\/\/gatodumas.com.co\/barranquilla\/wp-content\/uploads\/sites\/3\/2024\/03\/cropped-dumas-negro-01-1-1.png","contentUrl":"https:\/\/gatodumas.com.co\/barranquilla\/wp-content\/uploads\/sites\/3\/2024\/03\/cropped-dumas-negro-01-1-1.png","width":2496,"height":854,"caption":"Gato Dumas Barranquilla"},"image":{"@id":"https:\/\/gatodumas.com.co\/barranquilla\/#\/schema\/logo\/image\/"}}]}},"_links":{"self":[{"href":"https:\/\/gatodumas.com.co\/barranquilla\/wp-json\/wp\/v2\/pages\/41","targetHints":{"allow":["GET"]}}],"collection":[{"href":"https:\/\/gatodumas.com.co\/barranquilla\/wp-json\/wp\/v2\/pages"}],"about":[{"href":"https:\/\/gatodumas.com.co\/barranquilla\/wp-json\/wp\/v2\/types\/page"}],"author":[{"embeddable":true,"href":"https:\/\/gatodumas.com.co\/barranquilla\/wp-json\/wp\/v2\/users\/2"}],"replies":[{"embeddable":true,"href":"https:\/\/gatodumas.com.co\/barranquilla\/wp-json\/wp\/v2\/comments?post=41"}],"version-history":[{"count":4,"href":"https:\/\/gatodumas.com.co\/barranquilla\/wp-json\/wp\/v2\/pages\/41\/revisions"}],"predecessor-version":[{"id":16548,"href":"https:\/\/gatodumas.com.co\/barranquilla\/wp-json\/wp\/v2\/pages\/41\/revisions\/16548"}],"up":[{"embeddable":true,"href":"https:\/\/gatodumas.com.co\/barranquilla\/wp-json\/wp\/v2\/pages\/36"}],"wp:attachment":[{"href":"https:\/\/gatodumas.com.co\/barranquilla\/wp-json\/wp\/v2\/media?parent=41"}],"curies":[{"name":"wp","href":"https:\/\/api.w.org\/{rel}","templated":true}]}}