{"id":51,"date":"2024-02-28T22:34:47","date_gmt":"2024-02-28T21:34:47","guid":{"rendered":"https:\/\/pruebas.egt.com.co\/gatodumas\/bogota\/?page_id=51"},"modified":"2024-07-09T23:21:32","modified_gmt":"2024-07-09T21:21:32","slug":"diplomados-presenciales","status":"publish","type":"page","link":"https:\/\/gatodumas.com.co\/barranquilla\/cursos-y-diplomados\/diplomados-presenciales\/","title":{"rendered":"Diplomados Presenciales"},"content":{"rendered":"<div class=\"wpb-content-wrapper\"><p>[vc_row][vc_column][vc_custom_heading text=\u00bbDiplomados\u00bb use_theme_fonts=\u00bbyes\u00bb el_class=\u00bblinea-titulos-principal\u00bb]<div class=\"products-listado woocommerceold  \">\r\n\t\t\t\t\t\t<ul class=\"productos \"><li class=\"producto-listado prod-actual\">\r\n\t<a href=\"https:\/\/gatodumas.com.co\/barranquilla\/producto\/diplomado-virtual-en-gerencia-y-montaje-de-bares-y-restaurantes\/\">\r\n\t\t<div class=\"product-img\">\r\n\t\t\t<img decoding=\"async\" src=\"https:\/\/gatodumas.com.co\/barranquilla\/wp-content\/uploads\/sites\/3\/2025\/09\/Portada-Diplomado-GMBR.webp\" alt=\"Diplomado virtual en Gerencia y Montaje de Bares y Restaurantes\">\r\n\t\t<\/div>\r\n\t\t<div class=\"product-detail\">\r\n\t\t\t<h2 class=\"woocommerce-loop-product__title\">Diplomado virtual en Gerencia y Montaje de Bares y Restaurantes<\/h2>\r\n\t\t\t<div>\r\n\t\t\t\t<span class=\"mes\">19 de May<\/span>\r\n\t\t\t\t<span class=\"price\"><span class=\"woocommerce-Price-amount amount\"><bdi><span class=\"woocommerce-Price-currencySymbol\">&#36;<\/span>&nbsp;2.990.000<\/bdi><\/span><\/span>\r\n\t\t\t<\/div>\r\n\t\t<\/div>\r\n    <\/a>\r\n<\/li><li class=\"producto-listado prod-proximamente\">\r\n\t<a href=\"https:\/\/gatodumas.com.co\/barranquilla\/producto\/diplomado-tecnicas-basicas-cocina-pasteleria-y-panaderia\/\">\r\n\t\t<div class=\"product-img\">\r\n\t\t\t<img decoding=\"async\" src=\"https:\/\/gatodumas.com.co\/barranquilla\/wp-content\/uploads\/sites\/3\/2024\/02\/diplomado_cocina_pasteleria_panaderia_06_02_24-2.jpg\" alt=\"Diplomado T\u00e9cnicas B\u00e1sicas Cocina, Pasteler\u00eda y Panader\u00eda\">\r\n\t\t<\/div>\r\n\t\t<div class=\"product-detail\">\r\n\t\t\t<h2 class=\"woocommerce-loop-product__title\">Diplomado T\u00e9cnicas B\u00e1sicas Cocina, Pasteler\u00eda y Panader\u00eda<\/h2>\r\n\t\t\t<div>\r\n\t\t\t\t<span class=\"mes\">Pr\u00f3ximamente<\/span>\r\n\t\t\t\t<span class=\"price\"><\/span>\r\n\t\t\t<\/div>\r\n\t\t<\/div>\r\n    <\/a>\r\n<\/li><\/ul><\/div>[\/vc_column][\/vc_row]<\/p>\n<\/div>","protected":false},"excerpt":{"rendered":"<p>[vc_row][vc_column][vc_custom_heading text=\u00bbDiplomados\u00bb use_theme_fonts=\u00bbyes\u00bb el_class=\u00bblinea-titulos-principal\u00bb][\/vc_column][\/vc_row]<\/p>\n","protected":false},"author":2,"featured_media":0,"parent":47,"menu_order":0,"comment_status":"closed","ping_status":"closed","template":"","meta":{"_acf_changed":false,"footnotes":""},"class_list":["post-51","page","type-page","status-publish","hentry"],"acf":[],"yoast_head":"<!-- This site is optimized with the Yoast SEO plugin v25.9 - https:\/\/yoast.com\/wordpress\/plugins\/seo\/ -->\n<title>Diplomados Presenciales - Gato Dumas Barranquilla<\/title>\n<meta name=\"robots\" content=\"index, follow, max-snippet:-1, max-image-preview:large, max-video-preview:-1\" \/>\n<link rel=\"canonical\" href=\"https:\/\/gatodumas.com.co\/barranquilla\/cursos-y-diplomados\/diplomados-presenciales\/\" \/>\n<meta property=\"og:locale\" content=\"es_ES\" \/>\n<meta property=\"og:type\" content=\"article\" \/>\n<meta property=\"og:title\" content=\"Diplomados Presenciales - Gato Dumas Barranquilla\" \/>\n<meta property=\"og:description\" content=\"[vc_row][vc_column][vc_custom_heading text=\u00bbDiplomados\u00bb use_theme_fonts=\u00bbyes\u00bb el_class=\u00bblinea-titulos-principal\u00bb][\/vc_column][\/vc_row]\" \/>\n<meta property=\"og:url\" content=\"https:\/\/gatodumas.com.co\/barranquilla\/cursos-y-diplomados\/diplomados-presenciales\/\" \/>\n<meta property=\"og:site_name\" content=\"Gato Dumas Barranquilla\" \/>\n<meta property=\"article:modified_time\" content=\"2024-07-09T21:21:32+00:00\" \/>\n<meta name=\"twitter:card\" content=\"summary_large_image\" \/>\n<script type=\"application\/ld+json\" class=\"yoast-schema-graph\">{\"@context\":\"https:\/\/schema.org\",\"@graph\":[{\"@type\":\"WebPage\",\"@id\":\"https:\/\/gatodumas.com.co\/barranquilla\/cursos-y-diplomados\/diplomados-presenciales\/\",\"url\":\"https:\/\/gatodumas.com.co\/barranquilla\/cursos-y-diplomados\/diplomados-presenciales\/\",\"name\":\"Diplomados Presenciales - Gato Dumas Barranquilla\",\"isPartOf\":{\"@id\":\"https:\/\/gatodumas.com.co\/barranquilla\/#website\"},\"datePublished\":\"2024-02-28T21:34:47+00:00\",\"dateModified\":\"2024-07-09T21:21:32+00:00\",\"breadcrumb\":{\"@id\":\"https:\/\/gatodumas.com.co\/barranquilla\/cursos-y-diplomados\/diplomados-presenciales\/#breadcrumb\"},\"inLanguage\":\"es\",\"potentialAction\":[{\"@type\":\"ReadAction\",\"target\":[\"https:\/\/gatodumas.com.co\/barranquilla\/cursos-y-diplomados\/diplomados-presenciales\/\"]}]},{\"@type\":\"BreadcrumbList\",\"@id\":\"https:\/\/gatodumas.com.co\/barranquilla\/cursos-y-diplomados\/diplomados-presenciales\/#breadcrumb\",\"itemListElement\":[{\"@type\":\"ListItem\",\"position\":1,\"name\":\"Portada\",\"item\":\"https:\/\/gatodumas.com.co\/barranquilla\/\"},{\"@type\":\"ListItem\",\"position\":2,\"name\":\"Cursos y Diplomados\",\"item\":\"https:\/\/gatodumas.com.co\/barranquilla\/cursos-y-diplomados\/\"},{\"@type\":\"ListItem\",\"position\":3,\"name\":\"Diplomados Presenciales\"}]},{\"@type\":\"WebSite\",\"@id\":\"https:\/\/gatodumas.com.co\/barranquilla\/#website\",\"url\":\"https:\/\/gatodumas.com.co\/barranquilla\/\",\"name\":\"Gato Dumas Barranquilla\",\"description\":\"\",\"publisher\":{\"@id\":\"https:\/\/gatodumas.com.co\/barranquilla\/#organization\"},\"potentialAction\":[{\"@type\":\"SearchAction\",\"target\":{\"@type\":\"EntryPoint\",\"urlTemplate\":\"https:\/\/gatodumas.com.co\/barranquilla\/?s={search_term_string}\"},\"query-input\":{\"@type\":\"PropertyValueSpecification\",\"valueRequired\":true,\"valueName\":\"search_term_string\"}}],\"inLanguage\":\"es\"},{\"@type\":\"Organization\",\"@id\":\"https:\/\/gatodumas.com.co\/barranquilla\/#organization\",\"name\":\"Gato Dumas Barranquilla\",\"url\":\"https:\/\/gatodumas.com.co\/barranquilla\/\",\"logo\":{\"@type\":\"ImageObject\",\"inLanguage\":\"es\",\"@id\":\"https:\/\/gatodumas.com.co\/barranquilla\/#\/schema\/logo\/image\/\",\"url\":\"https:\/\/gatodumas.com.co\/barranquilla\/wp-content\/uploads\/sites\/3\/2024\/03\/cropped-dumas-negro-01-1-1.png\",\"contentUrl\":\"https:\/\/gatodumas.com.co\/barranquilla\/wp-content\/uploads\/sites\/3\/2024\/03\/cropped-dumas-negro-01-1-1.png\",\"width\":2496,\"height\":854,\"caption\":\"Gato Dumas Barranquilla\"},\"image\":{\"@id\":\"https:\/\/gatodumas.com.co\/barranquilla\/#\/schema\/logo\/image\/\"}}]}<\/script>\n<!-- \/ Yoast SEO plugin. -->","yoast_head_json":{"title":"Diplomados Presenciales - Gato Dumas Barranquilla","robots":{"index":"index","follow":"follow","max-snippet":"max-snippet:-1","max-image-preview":"max-image-preview:large","max-video-preview":"max-video-preview:-1"},"canonical":"https:\/\/gatodumas.com.co\/barranquilla\/cursos-y-diplomados\/diplomados-presenciales\/","og_locale":"es_ES","og_type":"article","og_title":"Diplomados Presenciales - Gato Dumas Barranquilla","og_description":"[vc_row][vc_column][vc_custom_heading text=\u00bbDiplomados\u00bb use_theme_fonts=\u00bbyes\u00bb el_class=\u00bblinea-titulos-principal\u00bb][\/vc_column][\/vc_row]","og_url":"https:\/\/gatodumas.com.co\/barranquilla\/cursos-y-diplomados\/diplomados-presenciales\/","og_site_name":"Gato Dumas Barranquilla","article_modified_time":"2024-07-09T21:21:32+00:00","twitter_card":"summary_large_image","schema":{"@context":"https:\/\/schema.org","@graph":[{"@type":"WebPage","@id":"https:\/\/gatodumas.com.co\/barranquilla\/cursos-y-diplomados\/diplomados-presenciales\/","url":"https:\/\/gatodumas.com.co\/barranquilla\/cursos-y-diplomados\/diplomados-presenciales\/","name":"Diplomados Presenciales - Gato Dumas Barranquilla","isPartOf":{"@id":"https:\/\/gatodumas.com.co\/barranquilla\/#website"},"datePublished":"2024-02-28T21:34:47+00:00","dateModified":"2024-07-09T21:21:32+00:00","breadcrumb":{"@id":"https:\/\/gatodumas.com.co\/barranquilla\/cursos-y-diplomados\/diplomados-presenciales\/#breadcrumb"},"inLanguage":"es","potentialAction":[{"@type":"ReadAction","target":["https:\/\/gatodumas.com.co\/barranquilla\/cursos-y-diplomados\/diplomados-presenciales\/"]}]},{"@type":"BreadcrumbList","@id":"https:\/\/gatodumas.com.co\/barranquilla\/cursos-y-diplomados\/diplomados-presenciales\/#breadcrumb","itemListElement":[{"@type":"ListItem","position":1,"name":"Portada","item":"https:\/\/gatodumas.com.co\/barranquilla\/"},{"@type":"ListItem","position":2,"name":"Cursos y Diplomados","item":"https:\/\/gatodumas.com.co\/barranquilla\/cursos-y-diplomados\/"},{"@type":"ListItem","position":3,"name":"Diplomados Presenciales"}]},{"@type":"WebSite","@id":"https:\/\/gatodumas.com.co\/barranquilla\/#website","url":"https:\/\/gatodumas.com.co\/barranquilla\/","name":"Gato Dumas Barranquilla","description":"","publisher":{"@id":"https:\/\/gatodumas.com.co\/barranquilla\/#organization"},"potentialAction":[{"@type":"SearchAction","target":{"@type":"EntryPoint","urlTemplate":"https:\/\/gatodumas.com.co\/barranquilla\/?s={search_term_string}"},"query-input":{"@type":"PropertyValueSpecification","valueRequired":true,"valueName":"search_term_string"}}],"inLanguage":"es"},{"@type":"Organization","@id":"https:\/\/gatodumas.com.co\/barranquilla\/#organization","name":"Gato Dumas Barranquilla","url":"https:\/\/gatodumas.com.co\/barranquilla\/","logo":{"@type":"ImageObject","inLanguage":"es","@id":"https:\/\/gatodumas.com.co\/barranquilla\/#\/schema\/logo\/image\/","url":"https:\/\/gatodumas.com.co\/barranquilla\/wp-content\/uploads\/sites\/3\/2024\/03\/cropped-dumas-negro-01-1-1.png","contentUrl":"https:\/\/gatodumas.com.co\/barranquilla\/wp-content\/uploads\/sites\/3\/2024\/03\/cropped-dumas-negro-01-1-1.png","width":2496,"height":854,"caption":"Gato Dumas Barranquilla"},"image":{"@id":"https:\/\/gatodumas.com.co\/barranquilla\/#\/schema\/logo\/image\/"}}]}},"_links":{"self":[{"href":"https:\/\/gatodumas.com.co\/barranquilla\/wp-json\/wp\/v2\/pages\/51","targetHints":{"allow":["GET"]}}],"collection":[{"href":"https:\/\/gatodumas.com.co\/barranquilla\/wp-json\/wp\/v2\/pages"}],"about":[{"href":"https:\/\/gatodumas.com.co\/barranquilla\/wp-json\/wp\/v2\/types\/page"}],"author":[{"embeddable":true,"href":"https:\/\/gatodumas.com.co\/barranquilla\/wp-json\/wp\/v2\/users\/2"}],"replies":[{"embeddable":true,"href":"https:\/\/gatodumas.com.co\/barranquilla\/wp-json\/wp\/v2\/comments?post=51"}],"version-history":[{"count":3,"href":"https:\/\/gatodumas.com.co\/barranquilla\/wp-json\/wp\/v2\/pages\/51\/revisions"}],"predecessor-version":[{"id":16569,"href":"https:\/\/gatodumas.com.co\/barranquilla\/wp-json\/wp\/v2\/pages\/51\/revisions\/16569"}],"up":[{"embeddable":true,"href":"https:\/\/gatodumas.com.co\/barranquilla\/wp-json\/wp\/v2\/pages\/47"}],"wp:attachment":[{"href":"https:\/\/gatodumas.com.co\/barranquilla\/wp-json\/wp\/v2\/media?parent=51"}],"curies":[{"name":"wp","href":"https:\/\/api.w.org\/{rel}","templated":true}]}}