{"id":58,"date":"2024-02-28T22:36:25","date_gmt":"2024-02-28T21:36:25","guid":{"rendered":"https:\/\/pruebas.egt.com.co\/gatodumas\/bogota\/?page_id=58"},"modified":"2024-02-28T22:36:25","modified_gmt":"2024-02-28T21:36:25","slug":"busco-egresados","status":"publish","type":"page","link":"https:\/\/gatodumas.com.co\/barranquilla\/contacto\/busco-egresados\/","title":{"rendered":"Busco Egresados"},"content":{"rendered":"<div class=\"wpb-content-wrapper\"><p>[vc_row][vc_column]\n<div class=\"wpcf7 no-js\" id=\"wpcf7-f15377-o1\" lang=\"es-ES\" dir=\"ltr\" data-wpcf7-id=\"15377\">\n<div class=\"screen-reader-response\"><p role=\"status\" aria-live=\"polite\" aria-atomic=\"true\"><\/p> <ul><\/ul><\/div>\n<form action=\"\/barranquilla\/wp-json\/wp\/v2\/pages\/58#wpcf7-f15377-o1\" method=\"post\" class=\"wpcf7-form init\" aria-label=\"Formulario de contacto\" novalidate=\"novalidate\" data-status=\"init\">\n<fieldset class=\"hidden-fields-container\"><input type=\"hidden\" name=\"_wpcf7\" value=\"15377\" \/><input type=\"hidden\" name=\"_wpcf7_version\" value=\"6.1.1\" \/><input type=\"hidden\" name=\"_wpcf7_locale\" value=\"es_ES\" \/><input type=\"hidden\" name=\"_wpcf7_unit_tag\" value=\"wpcf7-f15377-o1\" \/><input type=\"hidden\" name=\"_wpcf7_container_post\" value=\"0\" \/><input type=\"hidden\" name=\"_wpcf7_posted_data_hash\" value=\"\" \/><input type=\"hidden\" name=\"url_actual\" value=\"https:\/\/gatodumas.com.co\/barranquilla\/contacto\/busco-egresados\/\" \/><input type=\"hidden\" name=\"_extcf7_conditional_options\" value=\"{&quot;form_id&quot;:15377,&quot;conditions&quot;:[]}\" \/><input type=\"hidden\" name=\"_extcf7_redirect_options\" value=\"{&quot;form_id&quot;:15377,&quot;redirect_options&quot;:&quot;&quot;}\" \/><input type=\"hidden\" name=\"_wpcf7_recaptcha_response\" value=\"\" \/>\n<\/fieldset>\n<div class=\"formulario-p formulario-lineas  mt mb \">\n\n<div><h2 class=\" linea-titulos-principal mb titulos-c\"> Busco Egresados<\/h2><div>\n\n<p>El Instituto Gato Dumas de Gastronom\u00eda mantiene un v\u00ednculo permanente con el mundo profesional. A trav\u00e9s de la Bolsa de Trabajo promueve las pasant\u00edas y difunde necesidades de reclutamiento de restaurantes, hoteles y empresas de todo el mundo, contribuyendo a la inserci\u00f3n laboral de estudiantes y graduados.\n\nNuestra Bolsa de Trabajo ofrece la posibilidad a los estudiantes y egresados de Gato Dumas, de acercarse al mercado laboral, brindando un servicio de reconocida calidad.<\/p>\n<h3 class=\"mb mt\">DATOS DEL ESTABLECIMIENTO<\/h3>\n<p>Colocar los datos que desea sean publicados<\/p>\n\n<label><span class=\"wpcf7-form-control-wrap\" data-name=\"Nombre\"><input size=\"40\" maxlength=\"400\" class=\"wpcf7-form-control wpcf7-text wpcf7-validates-as-required\" aria-required=\"true\" aria-invalid=\"false\" placeholder=\"Nombre:\" value=\"\" type=\"text\" name=\"Nombre\" \/><\/span><\/label>\n<label><span class=\"wpcf7-form-control-wrap\" data-name=\"your-direccion\"><input size=\"40\" maxlength=\"400\" class=\"wpcf7-form-control wpcf7-text wpcf7-validates-as-required\" aria-required=\"true\" aria-invalid=\"false\" placeholder=\"Direcci\u00f3n del Establecimiento:\" value=\"\" type=\"text\" name=\"your-direccion\" \/><\/span><\/label>\n<label><span class=\"wpcf7-form-control-wrap\" data-name=\"your-nit\"><input size=\"40\" maxlength=\"400\" class=\"wpcf7-form-control wpcf7-text wpcf7-validates-as-required\" aria-required=\"true\" aria-invalid=\"false\" placeholder=\"Nit de la empresa:\" value=\"\" type=\"text\" name=\"your-nit\" \/><\/span><\/label>\n<label><span class=\"wpcf7-form-control-wrap\" data-name=\"your-ciudad\"><input size=\"40\" maxlength=\"400\" class=\"wpcf7-form-control wpcf7-text wpcf7-validates-as-required\" aria-required=\"true\" aria-invalid=\"false\" placeholder=\"Ciudad:\" value=\"\" type=\"text\" name=\"your-ciudad\" \/><\/span><\/label>\n\n<h3 class=\"mb mt\">DATOS DE CONTACTO <\/h3>\n<p>Colocar los datos que desea sean publicados<\/p>\n\n<label><span class=\"wpcf7-form-control-wrap\" data-name=\"your-name\"><input size=\"40\" maxlength=\"400\" class=\"wpcf7-form-control wpcf7-text wpcf7-validates-as-required\" aria-required=\"true\" aria-invalid=\"false\" placeholder=\"Nombre:\" value=\"\" type=\"text\" name=\"your-name\" \/><\/span> <\/label>\n<label> <span class=\"wpcf7-form-control-wrap\" data-name=\"your-email\"><input size=\"40\" maxlength=\"400\" class=\"wpcf7-form-control wpcf7-email wpcf7-validates-as-required wpcf7-text wpcf7-validates-as-email\" aria-required=\"true\" aria-invalid=\"false\" placeholder=\"Correo electr\u00f3nico:\" value=\"\" type=\"email\" name=\"your-email\" \/><\/span> <\/label>\n<label> <span class=\"wpcf7-form-control-wrap\" data-name=\"your-tel\"><input size=\"40\" maxlength=\"400\" class=\"wpcf7-form-control wpcf7-tel wpcf7-validates-as-required wpcf7-text wpcf7-validates-as-tel\" aria-required=\"true\" aria-invalid=\"false\" placeholder=\"Tel\u00e9fono:\" value=\"\" type=\"tel\" name=\"your-tel\" \/><\/span> <\/label>\n\n<h3 class=\"mb mt\">DATOS DE LA OFERTA LABORAL <\/h3> \n<p>Colocar los datos que desea sean publicados<\/p>\n\n<label><span class=\"wpcf7-form-control-wrap\" data-name=\"NombreCargo\"><input size=\"40\" maxlength=\"400\" class=\"wpcf7-form-control wpcf7-text wpcf7-validates-as-required\" aria-required=\"true\" aria-invalid=\"false\" placeholder=\"Ingrese Nombre del Cargo:\" value=\"\" type=\"text\" name=\"NombreCargo\" \/><\/span><\/label>\n<label><span class=\"wpcf7-form-control-wrap\" data-name=\"IngreseHorario\"><input size=\"40\" maxlength=\"400\" class=\"wpcf7-form-control wpcf7-text wpcf7-validates-as-required\" aria-required=\"true\" aria-invalid=\"false\" placeholder=\"Ingrese su Horario\" value=\"\" type=\"text\" name=\"IngreseHorario\" \/><\/span><\/label>\n<label><span class=\"wpcf7-form-control-wrap\" data-name=\"Ingreseelturno\"><input size=\"40\" maxlength=\"400\" class=\"wpcf7-form-control wpcf7-text wpcf7-validates-as-required\" aria-required=\"true\" aria-invalid=\"false\" placeholder=\"Ingrese el turno:\" value=\"\" type=\"text\" name=\"Ingreseelturno\" \/><\/span><\/label>\n<label><span class=\"wpcf7-form-control-wrap\" data-name=\"remuneracin\"><input size=\"40\" maxlength=\"400\" class=\"wpcf7-form-control wpcf7-text wpcf7-validates-as-required\" aria-required=\"true\" aria-invalid=\"false\" placeholder=\"Ingrese el valor de la remuneraci\u00f3n:\" value=\"\" type=\"text\" name=\"remuneracin\" \/><\/span><\/label>\n<label><span class=\"wpcf7-form-control-wrap\" data-name=\"beneficios\"><input size=\"40\" maxlength=\"400\" class=\"wpcf7-form-control wpcf7-text wpcf7-validates-as-required\" aria-required=\"true\" aria-invalid=\"false\" placeholder=\"Escribe los beneficios Ej: Alojamiento, alimentaci\u00f3n (entre otras):\" value=\"\" type=\"text\" name=\"beneficios\" \/><\/span><\/label>\n<label>:<span class=\"wpcf7-form-control-wrap\" data-name=\"generales\"><input size=\"40\" maxlength=\"400\" class=\"wpcf7-form-control wpcf7-text\" aria-invalid=\"false\" placeholder=\"Tareas Generales (descripci\u00f3n del cargo, funciones)\" value=\"\" type=\"text\" name=\"generales\" \/><\/span><\/label>\n<label><span class=\"wpcf7-form-control-wrap\" data-name=\"Contratacin\"><input size=\"40\" maxlength=\"400\" class=\"wpcf7-form-control wpcf7-text wpcf7-validates-as-required\" aria-required=\"true\" aria-invalid=\"false\" placeholder=\"Tipo de Contrataci\u00f3n:\" value=\"\" type=\"text\" name=\"Contratacin\" \/><\/span><\/label>\n<label><span class=\"wpcf7-form-control-wrap\" data-name=\"Transporte\"><input size=\"40\" maxlength=\"400\" class=\"wpcf7-form-control wpcf7-text wpcf7-validates-as-required\" aria-required=\"true\" aria-invalid=\"false\" placeholder=\"Auxilio de Transporte:\" value=\"\" type=\"text\" name=\"Transporte\" \/><\/span><\/label>\n\n<h3 class=\"mb mt\">EXPERIENCIA REQUERIDA  <\/h3> \n\n<label>  <span class=\"wpcf7-form-control-wrap\" data-name=\"Experiencia\"><input size=\"40\" maxlength=\"400\" class=\"wpcf7-form-control wpcf7-text wpcf7-validates-as-required\" aria-required=\"true\" aria-invalid=\"false\" placeholder=\"Experiencia requerida:\" value=\"\" type=\"text\" name=\"Experiencia\" \/><\/span><\/label>\n<label> <span class=\"wpcf7-form-control-wrap\" data-name=\"Condicion\"><input size=\"40\" maxlength=\"400\" class=\"wpcf7-form-control wpcf7-text wpcf7-validates-as-required\" aria-required=\"true\" aria-invalid=\"false\" placeholder=\"Condici\u00f3n:\" value=\"\" type=\"text\" name=\"Condicion\" \/><\/span> <\/label>\n<label> <span class=\"wpcf7-form-control-wrap\" data-name=\"sexo\"><input size=\"40\" maxlength=\"400\" class=\"wpcf7-form-control wpcf7-text wpcf7-validates-as-required\" aria-required=\"true\" aria-invalid=\"false\" placeholder=\"Sexo:\" value=\"\" type=\"text\" name=\"sexo\" \/><\/span><\/label>\n<label> <span class=\"wpcf7-form-control-wrap\" data-name=\"requisitos\"><input size=\"40\" maxlength=\"400\" class=\"wpcf7-form-control wpcf7-text wpcf7-validates-as-required\" aria-required=\"true\" aria-invalid=\"false\" placeholder=\"Escribe los requisitos Especiales:\" value=\"\" type=\"text\" name=\"requisitos\" \/><\/span><\/label>\n\n<div class=\"terminosyenviar\" ><label class=\"terminosycondicones\">  <span class=\"wpcf7-form-control-wrap\" data-name=\"terminosycondicionales\"><span class=\"wpcf7-form-control wpcf7-acceptance\"><span class=\"wpcf7-list-item\"><input type=\"checkbox\" name=\"terminosycondicionales\" value=\"1\" aria-invalid=\"false\" \/><\/span><\/span><\/span>Acepto\u00a0la pol\u00edtica de privacidad y protecci\u00f3n de datos <\/label>\n<label class=\"enviar\"><input class=\"wpcf7-form-control wpcf7-submit has-spinner\" type=\"submit\" value=\"Enviar\" \/> <\/label><\/div>\n<\/div><div class=\"wpcf7-response-output\" aria-hidden=\"true\"><\/div>\n<\/form>\n<\/div>\n[\/vc_column][\/vc_row]<\/p>\n<\/div>","protected":false},"excerpt":{"rendered":"<p>[vc_row][vc_column][\/vc_column][\/vc_row]<\/p>\n","protected":false},"author":2,"featured_media":0,"parent":71,"menu_order":0,"comment_status":"closed","ping_status":"closed","template":"","meta":{"_acf_changed":false,"footnotes":""},"class_list":["post-58","page","type-page","status-publish"],"acf":[],"yoast_head":"<!-- This site is optimized with the Yoast SEO plugin v25.9 - https:\/\/yoast.com\/wordpress\/plugins\/seo\/ -->\n<title>Busco Egresados - Gato Dumas Barranquilla<\/title>\n<meta name=\"robots\" content=\"index, follow, max-snippet:-1, max-image-preview:large, max-video-preview:-1\" \/>\n<link rel=\"canonical\" href=\"https:\/\/gatodumas.com.co\/barranquilla\/contacto\/busco-egresados\/\" \/>\n<meta property=\"og:locale\" content=\"es_ES\" \/>\n<meta property=\"og:type\" content=\"article\" \/>\n<meta property=\"og:title\" content=\"Busco Egresados - Gato Dumas Barranquilla\" \/>\n<meta property=\"og:description\" content=\"[vc_row][vc_column][\/vc_column][\/vc_row]\" \/>\n<meta property=\"og:url\" content=\"https:\/\/gatodumas.com.co\/barranquilla\/contacto\/busco-egresados\/\" \/>\n<meta property=\"og:site_name\" content=\"Gato Dumas Barranquilla\" \/>\n<meta name=\"twitter:card\" content=\"summary_large_image\" \/>\n<script type=\"application\/ld+json\" class=\"yoast-schema-graph\">{\"@context\":\"https:\/\/schema.org\",\"@graph\":[{\"@type\":\"WebPage\",\"@id\":\"https:\/\/gatodumas.com.co\/barranquilla\/contacto\/busco-egresados\/\",\"url\":\"https:\/\/gatodumas.com.co\/barranquilla\/contacto\/busco-egresados\/\",\"name\":\"Busco Egresados - Gato Dumas Barranquilla\",\"isPartOf\":{\"@id\":\"https:\/\/gatodumas.com.co\/barranquilla\/#website\"},\"datePublished\":\"2024-02-28T21:36:25+00:00\",\"breadcrumb\":{\"@id\":\"https:\/\/gatodumas.com.co\/barranquilla\/contacto\/busco-egresados\/#breadcrumb\"},\"inLanguage\":\"es\",\"potentialAction\":[{\"@type\":\"ReadAction\",\"target\":[\"https:\/\/gatodumas.com.co\/barranquilla\/contacto\/busco-egresados\/\"]}]},{\"@type\":\"BreadcrumbList\",\"@id\":\"https:\/\/gatodumas.com.co\/barranquilla\/contacto\/busco-egresados\/#breadcrumb\",\"itemListElement\":[{\"@type\":\"ListItem\",\"position\":1,\"name\":\"Portada\",\"item\":\"https:\/\/gatodumas.com.co\/barranquilla\/\"},{\"@type\":\"ListItem\",\"position\":2,\"name\":\"Contacto\",\"item\":\"https:\/\/gatodumas.com.co\/barranquilla\/contacto\/\"},{\"@type\":\"ListItem\",\"position\":3,\"name\":\"Busco Egresados\"}]},{\"@type\":\"WebSite\",\"@id\":\"https:\/\/gatodumas.com.co\/barranquilla\/#website\",\"url\":\"https:\/\/gatodumas.com.co\/barranquilla\/\",\"name\":\"Gato Dumas Barranquilla\",\"description\":\"\",\"publisher\":{\"@id\":\"https:\/\/gatodumas.com.co\/barranquilla\/#organization\"},\"potentialAction\":[{\"@type\":\"SearchAction\",\"target\":{\"@type\":\"EntryPoint\",\"urlTemplate\":\"https:\/\/gatodumas.com.co\/barranquilla\/?s={search_term_string}\"},\"query-input\":{\"@type\":\"PropertyValueSpecification\",\"valueRequired\":true,\"valueName\":\"search_term_string\"}}],\"inLanguage\":\"es\"},{\"@type\":\"Organization\",\"@id\":\"https:\/\/gatodumas.com.co\/barranquilla\/#organization\",\"name\":\"Gato Dumas Barranquilla\",\"url\":\"https:\/\/gatodumas.com.co\/barranquilla\/\",\"logo\":{\"@type\":\"ImageObject\",\"inLanguage\":\"es\",\"@id\":\"https:\/\/gatodumas.com.co\/barranquilla\/#\/schema\/logo\/image\/\",\"url\":\"https:\/\/gatodumas.com.co\/barranquilla\/wp-content\/uploads\/sites\/3\/2024\/03\/cropped-dumas-negro-01-1-1.png\",\"contentUrl\":\"https:\/\/gatodumas.com.co\/barranquilla\/wp-content\/uploads\/sites\/3\/2024\/03\/cropped-dumas-negro-01-1-1.png\",\"width\":2496,\"height\":854,\"caption\":\"Gato Dumas Barranquilla\"},\"image\":{\"@id\":\"https:\/\/gatodumas.com.co\/barranquilla\/#\/schema\/logo\/image\/\"}}]}<\/script>\n<!-- \/ Yoast SEO plugin. -->","yoast_head_json":{"title":"Busco Egresados - Gato Dumas Barranquilla","robots":{"index":"index","follow":"follow","max-snippet":"max-snippet:-1","max-image-preview":"max-image-preview:large","max-video-preview":"max-video-preview:-1"},"canonical":"https:\/\/gatodumas.com.co\/barranquilla\/contacto\/busco-egresados\/","og_locale":"es_ES","og_type":"article","og_title":"Busco Egresados - Gato Dumas Barranquilla","og_description":"[vc_row][vc_column][\/vc_column][\/vc_row]","og_url":"https:\/\/gatodumas.com.co\/barranquilla\/contacto\/busco-egresados\/","og_site_name":"Gato Dumas Barranquilla","twitter_card":"summary_large_image","schema":{"@context":"https:\/\/schema.org","@graph":[{"@type":"WebPage","@id":"https:\/\/gatodumas.com.co\/barranquilla\/contacto\/busco-egresados\/","url":"https:\/\/gatodumas.com.co\/barranquilla\/contacto\/busco-egresados\/","name":"Busco Egresados - Gato Dumas Barranquilla","isPartOf":{"@id":"https:\/\/gatodumas.com.co\/barranquilla\/#website"},"datePublished":"2024-02-28T21:36:25+00:00","breadcrumb":{"@id":"https:\/\/gatodumas.com.co\/barranquilla\/contacto\/busco-egresados\/#breadcrumb"},"inLanguage":"es","potentialAction":[{"@type":"ReadAction","target":["https:\/\/gatodumas.com.co\/barranquilla\/contacto\/busco-egresados\/"]}]},{"@type":"BreadcrumbList","@id":"https:\/\/gatodumas.com.co\/barranquilla\/contacto\/busco-egresados\/#breadcrumb","itemListElement":[{"@type":"ListItem","position":1,"name":"Portada","item":"https:\/\/gatodumas.com.co\/barranquilla\/"},{"@type":"ListItem","position":2,"name":"Contacto","item":"https:\/\/gatodumas.com.co\/barranquilla\/contacto\/"},{"@type":"ListItem","position":3,"name":"Busco Egresados"}]},{"@type":"WebSite","@id":"https:\/\/gatodumas.com.co\/barranquilla\/#website","url":"https:\/\/gatodumas.com.co\/barranquilla\/","name":"Gato Dumas Barranquilla","description":"","publisher":{"@id":"https:\/\/gatodumas.com.co\/barranquilla\/#organization"},"potentialAction":[{"@type":"SearchAction","target":{"@type":"EntryPoint","urlTemplate":"https:\/\/gatodumas.com.co\/barranquilla\/?s={search_term_string}"},"query-input":{"@type":"PropertyValueSpecification","valueRequired":true,"valueName":"search_term_string"}}],"inLanguage":"es"},{"@type":"Organization","@id":"https:\/\/gatodumas.com.co\/barranquilla\/#organization","name":"Gato Dumas Barranquilla","url":"https:\/\/gatodumas.com.co\/barranquilla\/","logo":{"@type":"ImageObject","inLanguage":"es","@id":"https:\/\/gatodumas.com.co\/barranquilla\/#\/schema\/logo\/image\/","url":"https:\/\/gatodumas.com.co\/barranquilla\/wp-content\/uploads\/sites\/3\/2024\/03\/cropped-dumas-negro-01-1-1.png","contentUrl":"https:\/\/gatodumas.com.co\/barranquilla\/wp-content\/uploads\/sites\/3\/2024\/03\/cropped-dumas-negro-01-1-1.png","width":2496,"height":854,"caption":"Gato Dumas Barranquilla"},"image":{"@id":"https:\/\/gatodumas.com.co\/barranquilla\/#\/schema\/logo\/image\/"}}]}},"_links":{"self":[{"href":"https:\/\/gatodumas.com.co\/barranquilla\/wp-json\/wp\/v2\/pages\/58","targetHints":{"allow":["GET"]}}],"collection":[{"href":"https:\/\/gatodumas.com.co\/barranquilla\/wp-json\/wp\/v2\/pages"}],"about":[{"href":"https:\/\/gatodumas.com.co\/barranquilla\/wp-json\/wp\/v2\/types\/page"}],"author":[{"embeddable":true,"href":"https:\/\/gatodumas.com.co\/barranquilla\/wp-json\/wp\/v2\/users\/2"}],"replies":[{"embeddable":true,"href":"https:\/\/gatodumas.com.co\/barranquilla\/wp-json\/wp\/v2\/comments?post=58"}],"version-history":[{"count":0,"href":"https:\/\/gatodumas.com.co\/barranquilla\/wp-json\/wp\/v2\/pages\/58\/revisions"}],"up":[{"embeddable":true,"href":"https:\/\/gatodumas.com.co\/barranquilla\/wp-json\/wp\/v2\/pages\/71"}],"wp:attachment":[{"href":"https:\/\/gatodumas.com.co\/barranquilla\/wp-json\/wp\/v2\/media?parent=58"}],"curies":[{"name":"wp","href":"https:\/\/api.w.org\/{rel}","templated":true}]}}