{"id":11553,"date":"2020-07-14T03:38:21","date_gmt":"2020-07-14T03:38:21","guid":{"rendered":"https:\/\/gatodumas.com.co\/barranquilla-3\/?post_type=product&#038;p=11553"},"modified":"2025-07-26T17:54:18","modified_gmt":"2025-07-26T15:54:18","slug":"servicio-de-alimentos-eventos","status":"publish","type":"product","link":"https:\/\/gatodumas.com.co\/barranquilla\/producto\/servicio-de-alimentos-eventos\/","title":{"rendered":"Servicio de Alimentos &amp; Eventos"},"content":{"rendered":"<div class=\"wpb-content-wrapper\"><p>[vc_row][vc_column][vc_single_image image=\u00bb13158&#8243; img_size=\u00bbfull\u00bb onclick=\u00bbcustom_link\u00bb link=\u00bbhttps:\/\/digital.sufi.apps.bancolombia.com\/autogestion\/solicitar\/consumidor\/GATO_DUMAS\u00bb][vc_empty_space][\/vc_column][\/vc_row][vc_row][vc_column width=\u00bb1\/3&#8243;][thim-heading title=\u00bbVirtual\u00bb title_uppercase=\u00bb\u00bb textcolor=\u00bb#81d742&#8243; sub_heading_color=\u00bb#dd4646&#8243; clone_title=\u00bb\u00bb line=\u00bb\u00bb text_align=\u00bbtext-center\u00bb][\/vc_column][vc_column width=\u00bb1\/3&#8243;][thim-heading title=\u00bbPresencial\u00bb title_uppercase=\u00bb\u00bb textcolor=\u00bb#dd3333&#8243; title_custom=\u00bbcustom\u00bb font_weight=\u00bb\u00bb sub_heading_color=\u00bb#0c0303&#8243; clone_title=\u00bb\u00bb line=\u00bb\u00bb text_align=\u00bbtext-center\u00bb][\/vc_column][vc_column width=\u00bb1\/3&#8243;][thim-heading title=\u00bbSemi-Presencial\u00bb title_uppercase=\u00bb\u00bb textcolor=\u00bb#1e73be\u00bb title_custom=\u00bbcustom\u00bb font_weight=\u00bb\u00bb sub_heading_color=\u00bb#0c0303&#8243; clone_title=\u00bb\u00bb line=\u00bb\u00bb text_align=\u00bbtext-center\u00bb][\/vc_column][\/vc_row][vc_row][vc_column][vc_tta_tabs][vc_tta_section title=\u00bbSemestre I\u00bb tab_id=\u00bb1593481475125-5382925c-a324&#8243;][vc_cta h2=\u00bbAdministraci\u00f3n Gastron\u00f3mica\u00bb txt_align=\u00bbcenter\u00bb style=\u00bboutline\u00bb color=\u00bbjuicy-pink\u00bb]<\/p>\n<div id=\"pum_popup_title_419\" class=\"pum-title popmake-title\">\n<div id=\"pum_popup_title_510\" class=\"pum-title popmake-title\">\n<div id=\"pum_popup_title_558\" class=\"pum-title popmake-title\"><\/div>\n<div class=\"pum-content popmake-content\">\n<p>Conceptos fundamentales administrativos. Importancia de la ubicaci\u00f3n del negocio, competencia, clientela y rotaci\u00f3n. Proceso de compras, costos e inventarios.<\/p>\n<\/div>\n<\/div>\n<\/div>\n<p>[\/vc_cta][vc_cta h2=\u00bbEventos 1&#8243; txt_align=\u00bbcenter\u00bb style=\u00bboutline\u00bb color=\u00bbjuicy-pink\u00bb]Historia de los eventos. Definiciones. Clasificaci\u00f3n general. Etapas general. Herramientas. El cliente. Propuesta. Honorarios.[\/vc_cta][vc_cta h2=\u00bbServicio\u00bb txt_align=\u00bbcenter\u00bb style=\u00bboutline\u00bb color=\u00bbgreen\u00bb]<\/p>\n<div id=\"pum_popup_title_516\" class=\"pum-title popmake-title\">\n<div id=\"pum_popup_title_560\" class=\"pum-title popmake-title\">Concepto de servicio. Calidad y excelencia en el servicio. Herramientas para cada p\u00fablico. Concepto de personalidad, identidad e imagen. Principios y normas protocolares del ceremonial social sobre las que se fundamentan la atenci\u00f3n y el servicio al cliente en situaciones sociales.<\/div>\n<\/div>\n<p>[\/vc_cta][vc_cta h2=\u00bbHigiene y Nutrici\u00f3n\u00bb txt_align=\u00bbcenter\u00bb style=\u00bboutline\u00bb color=\u00bbjuicy-pink\u00bb]<\/p>\n<div id=\"pum_popup_title_421\" class=\"pum-title popmake-title\"><\/div>\n<div class=\"pum-content popmake-content\">\n<p>Enfermedades transmitidas por alimentos. Microorganismos. Bacterias. Intoxicaciones provocadas por los alimentos. Preservaci\u00f3n de alimentos. \u201cBuenas pr\u00e1cticas\u201d (BMP) Nutrici\u00f3n. Etapas de la nutrici\u00f3n. Nutrientes. Clasificaci\u00f3n. Funciones y fuentes. Alimentos. Definici\u00f3n y clasificaci\u00f3n de los alimentos. Composici\u00f3n y pir\u00e1mide nutricional. Energ\u00eda y par\u00e1metros nutricionales.<\/p>\n<\/div>\n<p>[\/vc_cta][vc_cta h2=\u00bbIntroducci\u00f3n a la Sommellerie\u00bb txt_align=\u00bbcenter\u00bb style=\u00bboutline\u00bb color=\u00bbjuicy-pink\u00bb]<\/p>\n<div id=\"pum_popup_title_475\" class=\"pum-title popmake-title\">\n<div id=\"pum_popup_title_564\" class=\"pum-title popmake-title\">Origen y evoluci\u00f3n. El sommelier: funciones y cualidades. El vino, sus or\u00edgenes y evoluci\u00f3n. Conocimiento b\u00e1sico de vinificaci\u00f3n. Conocimiento b\u00e1sico de maridaje. Conocimiento de los diferentes tipos de botellas. Las copas aptas para cada tipo de vino y servicio. La decantaci\u00f3n y el trasvasado de vinos. Elaboraci\u00f3n de barricas y sistemas de taponamiento.<\/div>\n<\/div>\n<p>[\/vc_cta][vc_cta h2=\u00bbProyecto de Vida\u00bb txt_align=\u00bbcenter\u00bb style=\u00bboutline\u00bb color=\u00bbgreen\u00bb]La \u00e9tica y la moral. La \u00e9tica como disciplina filos\u00f3fica, racional y argumentativa. C\u00f3digos de \u00e9tica. La \u00e9tica de los negocios. Dilemas \u00e9tico-profesionales.[\/vc_cta][\/vc_tta_section][vc_tta_section title=\u00bbSemestre II\u00bb tab_id=\u00bb1594699301394-a389ea84-1510&#8243;][vc_cta h2=\u00bbAdministraci\u00f3n de RRHH\u00bb txt_align=\u00bbcenter\u00bb style=\u00bboutline\u00bb color=\u00bbjuicy-pink\u00bb]<\/p>\n<div id=\"pum_popup_title_566\" class=\"pum-title popmake-title\"><\/div>\n<div class=\"pum-content popmake-content\">\n<p>Manual de funciones, determinaci\u00f3n del perfil, selecci\u00f3n del personal. Contrataci\u00f3n, Capacitaci\u00f3n. Clima organizacional, comunicaci\u00f3n.<\/p>\n<\/div>\n<p>[\/vc_cta][vc_cta h2=\u00bbMarketing Gastron\u00f3mico\u00bb txt_align=\u00bbcenter\u00bb style=\u00bboutline\u00bb color=\u00bbgreen\u00bb]<\/p>\n<div id=\"pum_popup_title_475\" class=\"pum-title popmake-title\">\n<div id=\"pum_popup_title_192\" class=\"pum-title popmake-title\"><\/div>\n<div class=\"pum-content popmake-content\">\n<p>Rol, estructura y procesos de marketing desde el punto de vista de la empresa, la econom\u00eda y la sociedad. Valor al cliente. Comportamiento del consumidor. Investigaci\u00f3n de mercado. Segmentaci\u00f3n. Posicionamiento. Estrategias de marketing.<\/p>\n<\/div>\n<\/div>\n<p>[\/vc_cta][vc_cta h2=\u00bbDise\u00f1o de Men\u00fa\u00bb txt_align=\u00bbcenter\u00bb style=\u00bboutline\u00bb color=\u00bbjuicy-pink\u00bb]Busca capacitar al alumno en las complejidades del dise\u00f1o de un men\u00fa para un evento, tomando en cuenta: hora, cantidad de invitados, tipo de evento y presupuesto. (Te\u00f3rica 50% \u2013 demostrativa 50%)[\/vc_cta][vc_cta h2=\u00bbEventos 2&#8243; txt_align=\u00bbcenter\u00bb style=\u00bboutline\u00bb color=\u00bbjuicy-pink\u00bb]<\/p>\n<div id=\"pum_popup_title_568\" class=\"pum-title popmake-title\">Eventos social a profundidad. Diferentes ceremonias, tradiciones religiosas. Eventos empresariales. Eventos culturales. Eventos pol\u00edticos y deportivos de menos de 5 mil personas.<\/div>\n<p>[\/vc_cta][vc_cta h2=\u00bbEtiqueta y Protocolo\u00bb txt_align=\u00bbcenter\u00bb style=\u00bboutline\u00bb color=\u00bbgreen\u00bb]<\/p>\n<div id=\"pum_popup_title_570\" class=\"pum-title popmake-title\">Conoce y practica las normas de comportamiento apropiado alrededor de la buena mesa.<\/div>\n<div class=\"pum-content popmake-content\">\n<div><\/div>\n<\/div>\n<p>[\/vc_cta][vc_cta h2=\u00bbContabilidad\u00bb txt_align=\u00bbcenter\u00bb style=\u00bboutline\u00bb color=\u00bbjuicy-pink\u00bb]Definici\u00f3n y conceptos. Naturaleza de las cuentas. Cuentas de activo y pasivo, de patrimonio. Estado de resultados. Balance general.[\/vc_cta][\/vc_tta_section][vc_tta_section title=\u00bbSemestre III\u00bb tab_id=\u00bb1593481474883-0ca6c866-5b18&#8243;][vc_cta h2=\u00bbAdministraci\u00f3n de Costos\u00bb txt_align=\u00bbcenter\u00bb style=\u00bboutline\u00bb color=\u00bbgreen\u00bb]<\/p>\n<div id=\"pum_popup_title_572\" class=\"pum-title popmake-title\"><\/div>\n<div class=\"pum-content popmake-content\">\n<p>Generalidad de los costos, Bases de datos y rendimientos, Receta est\u00e1ndar de producci\u00f3n, An\u00e1lisis de carnicer\u00eda, Clasificaci\u00f3n y porciones de bebidas alcoh\u00f3licas, rendimientos en el bar, inventarios, punto de equilibrio multiproductos.<\/p>\n<\/div>\n<p>[\/vc_cta][vc_cta h2=\u00bbRelaciones P\u00fablicas\u00bb txt_align=\u00bbcenter\u00bb style=\u00bboutline\u00bb color=\u00bbjuicy-pink\u00bb]Expande tu capacidad de relacionarte con tu entorno, anticiparte a las necesidades de tus clientes, manejar diferentes medios de comunicaci\u00f3n y gestionar patrocinios.[\/vc_cta][vc_cta h2=\u00bbDise\u00f1o y Seguridad\u00bb txt_align=\u00bbcenter\u00bb style=\u00bboutline\u00bb color=\u00bbjuicy-pink\u00bb]<\/p>\n<div id=\"pum_popup_title_576\" class=\"pum-title popmake-title\"><\/div>\n<div class=\"pum-content popmake-content\">\n<p>Dise\u00f1o y adecuaci\u00f3n de cocinas. Normatividad. Decoraci\u00f3n de espacios.<\/p>\n<\/div>\n<p>[\/vc_cta][vc_cta h2=\u00bbProducci\u00f3n y Mega Eventos\u00bb txt_align=\u00bbcenter\u00bb style=\u00bboutline\u00bb color=\u00bbjuicy-pink\u00bb]<\/p>\n<header class=\"vc_cta3-content-header\"><span style=\"color: #000000\">Eventos deportivos. Congresos y convenciones. Festivales tipo Tomorroland. Coachela, etc.<\/span><\/p>\n<h2><\/h2>\n<h2><\/h2>\n<\/header>\n<p>[\/vc_cta][vc_cta h2=\u00bbInform\u00e1tica\u00bb txt_align=\u00bbcenter\u00bb style=\u00bboutline\u00bb color=\u00bbjuicy-pink\u00bb]<\/p>\n<div id=\"pum_popup_title_578\" class=\"pum-title popmake-title\"><\/div>\n<div class=\"pum-content popmake-content\">\n<p>Importancia de los programas en la industria. Parametrizaci\u00f3n de los programas. Excel como herramienta administrativa.<\/p>\n<\/div>\n<p>[\/vc_cta][vc_cta h2=\u00bbLegislaci\u00f3n\u00bb txt_align=\u00bbcenter\u00bb style=\u00bboutline\u00bb color=\u00bbjuicy-pink\u00bb]<\/p>\n<div id=\"pum_popup_title_475\" class=\"pum-title popmake-title\">Instituciones pol\u00edticas, constituci\u00f3n, establecimientos de comercio, sociedades, contratos, t\u00edtulos valores, resoluci\u00f3n de conflicto.<\/div>\n<p>[\/vc_cta][\/vc_tta_section][\/vc_tta_tabs][\/vc_column][\/vc_row][vc_row css=\u00bb.vc_custom_1594700358261{background-color: #dddddd !important;}\u00bb][vc_column][thim-heading title=\u00bbCampos de Acci\u00f3n\u00bb title_uppercase=\u00bb\u00bb clone_title=\u00bb\u00bb line=\u00bb\u00bb text_align=\u00bbtext-center\u00bb][vc_row_inner][vc_column_inner][vc_column_text]<\/p>\n<p style=\"text-align: center\">Cadenas de Restaurantes, Hoteles, Centros Gastron\u00f3micos, Centros de Convenciones, empresas relacionadas con el campo de la gastronom\u00eda, Plantas de producci\u00f3n, Comit\u00e9s feriales, Sector p\u00fablico (Alcald\u00edas, fundaciones, ONG\u00b4s) , Asesor Gastron\u00f3mico, Agencias de publicidad, empresas privadas con importante inversi\u00f3n en temas de eventos y comunicaciones.<\/p>\n<p>[\/vc_column_text][\/vc_column_inner][\/vc_row_inner][vc_separator border_width=\u00bb3&#8243;][\/vc_column][\/vc_row][vc_row full_height=\u00bbyes\u00bb content_placement=\u00bbmiddle\u00bb][vc_column][thim-heading title=\u00bbEgresados\u00bb main_title=\u00bb\u00a1Ser Gato Dumas es un orgullo de pocos que impactan a muchos!\u00bb title_uppercase=\u00bb\u00bb size=\u00bbh5&#8243; title_custom=\u00bbcustom\u00bb font_weight=\u00bb\u00bb font_style=\u00bbitalic\u00bb sub_heading_color=\u00bb#848484&#8243; clone_title=\u00bb\u00bb line=\u00bbtrue\u00bb bg_line=\u00bb#7f7f7f\u00bb text_align=\u00bbtext-center\u00bb][thim-testimonials limit=\u00bb15&#8243; pause_time=\u00bb5000&#8243; autoplay=\u00bbtrue\u00bb mousewheel=\u00bb\u00bb link_to_single=\u00bb\u00bb][\/vc_column][\/vc_row]<\/p>\n<\/div>","protected":false},"excerpt":{"rendered":"<p style=\"text-align: justify\">Atraemos personas que sue\u00f1an con ocupar una posici\u00f3n de liderazgo o tener su propio emprendimiento en el \u00e1rea de pasteler\u00eda \u2013 panader\u00eda y llevar su talento al mundo. Que sean apasionados, curiosos, inquietos, con esp\u00edritu creativo e innovador y que busquen la excelencia en cada cosa que hacen. Gato Dumas se compromete a conectarlos con sus aspiraciones a trav\u00e9s del programa Servicio de Alimentos &amp; Eventos.<\/p>\n<h3 style=\"text-align: left\"><strong>NUESTRO COMPROMISO CONTIGO<\/strong><\/h3>\n<ul style=\"text-align: left\">\n<li>La mejor experiencia acad\u00e9mica.<\/li>\n<li>Oportunidades de trabajo en sitios de alto reconocimiento.<\/li>\n<li>Te conectamos con las mejores experiencias gastron\u00f3micas en cualquier parte del mundo.<\/li>\n<li>Te impulsamos hacia el camino del emprendimiento.<\/li>\n<\/ul>\n<h3 style=\"text-align: left\"><strong>DETALLES<\/strong><\/h3>\n<ul>\n<li style=\"text-align: left\">Duraci\u00f3n: 3 semestres (1 a\u00f1o y medio).<\/li>\n<li style=\"text-align: left\">Valor por semestre:\u00a0 $5.750.000<\/li>\n<li style=\"text-align: left\">jornada: Diurno<\/li>\n<li style=\"text-align: left\">Inicio de clases: 8 de Agosto de 2022<\/li>\n<\/ul>\n<p><a href=\"https:\/\/biz.payulatam.com\/L0cdb3f0EFA6771\" target=\"_blank\" rel=\"noopener\"><img loading=\"lazy\" decoding=\"async\" class=\"alignnone wp-image-13563\" src=\"https:\/\/gatodumas.com.co\/barranquilla\/wp-content\/uploads\/sites\/8\/2013\/06\/PAGAR-AHORA-300x113.png\" alt=\"\" width=\"151\" height=\"57\" \/><\/a><\/p>\n<p>[popup_anything id=\u00bb12465&#8243;]<\/p>\n","protected":false},"featured_media":13835,"comment_status":"closed","ping_status":"closed","template":"","meta":{"_acf_changed":false},"product_brand":[],"product_cat":[15],"product_tag":[],"class_list":{"0":"post-11553","1":"product","2":"type-product","3":"status-publish","4":"has-post-thumbnail","6":"product_cat-sin-categorizar","8":"first","9":"instock","10":"shipping-taxable","11":"purchasable","12":"product-type-simple"},"acf":[],"yoast_head":"<!-- This site is optimized with the Yoast SEO plugin v25.9 - https:\/\/yoast.com\/wordpress\/plugins\/seo\/ -->\n<title>Servicio de Alimentos &amp; Eventos - Gato Dumas Barranquilla<\/title>\n<meta name=\"robots\" content=\"index, follow, max-snippet:-1, max-image-preview:large, max-video-preview:-1\" \/>\n<link rel=\"canonical\" href=\"https:\/\/gatodumas.com.co\/barranquilla\/producto\/servicio-de-alimentos-eventos\/\" \/>\n<meta property=\"og:locale\" content=\"es_ES\" \/>\n<meta property=\"og:type\" content=\"article\" \/>\n<meta property=\"og:title\" content=\"Servicio de Alimentos &amp; Eventos - Gato Dumas Barranquilla\" \/>\n<meta property=\"og:description\" content=\"Atraemos personas que sue\u00f1an con ocupar una posici\u00f3n de liderazgo o tener su propio emprendimiento en el \u00e1rea de pasteler\u00eda \u2013 panader\u00eda y llevar su talento al mundo. Que sean apasionados, curiosos, inquietos, con esp\u00edritu creativo e innovador y que busquen la excelencia en cada cosa que hacen. Gato Dumas se compromete a conectarlos con sus aspiraciones a trav\u00e9s del programa Servicio de Alimentos &amp; Eventos. NUESTRO COMPROMISO CONTIGO  La mejor experiencia acad\u00e9mica.  Oportunidades de trabajo en sitios de alto reconocimiento.  Te conectamos con las mejores experiencias gastron\u00f3micas en cualquier parte del mundo.  Te impulsamos hacia el camino del emprendimiento. DETALLES  Duraci\u00f3n: 3 semestres (1 a\u00f1o y medio).  Valor por semestre:\u00a0 $5.750.000  jornada: Diurno  Inicio de clases: 8 de Agosto de 2022  [popup_anything id=&quot;12465&quot;]\" \/>\n<meta property=\"og:url\" content=\"https:\/\/gatodumas.com.co\/barranquilla\/producto\/servicio-de-alimentos-eventos\/\" \/>\n<meta property=\"og:site_name\" content=\"Gato Dumas Barranquilla\" \/>\n<meta property=\"article:modified_time\" content=\"2025-07-26T15:54:18+00:00\" \/>\n<meta name=\"twitter:card\" content=\"summary_large_image\" \/>\n<meta name=\"twitter:label1\" content=\"Tiempo de lectura\" \/>\n\t<meta name=\"twitter:data1\" content=\"5 minutos\" \/>\n<script type=\"application\/ld+json\" class=\"yoast-schema-graph\">{\"@context\":\"https:\/\/schema.org\",\"@graph\":[{\"@type\":\"WebPage\",\"@id\":\"https:\/\/gatodumas.com.co\/barranquilla\/producto\/servicio-de-alimentos-eventos\/\",\"url\":\"https:\/\/gatodumas.com.co\/barranquilla\/producto\/servicio-de-alimentos-eventos\/\",\"name\":\"Servicio de Alimentos &amp; Eventos - Gato Dumas Barranquilla\",\"isPartOf\":{\"@id\":\"https:\/\/gatodumas.com.co\/barranquilla\/#website\"},\"primaryImageOfPage\":{\"@id\":\"https:\/\/gatodumas.com.co\/barranquilla\/producto\/servicio-de-alimentos-eventos\/#primaryimage\"},\"image\":{\"@id\":\"https:\/\/gatodumas.com.co\/barranquilla\/producto\/servicio-de-alimentos-eventos\/#primaryimage\"},\"thumbnailUrl\":\"\",\"datePublished\":\"2020-07-14T03:38:21+00:00\",\"dateModified\":\"2025-07-26T15:54:18+00:00\",\"breadcrumb\":{\"@id\":\"https:\/\/gatodumas.com.co\/barranquilla\/producto\/servicio-de-alimentos-eventos\/#breadcrumb\"},\"inLanguage\":\"es\",\"potentialAction\":[{\"@type\":\"ReadAction\",\"target\":[\"https:\/\/gatodumas.com.co\/barranquilla\/producto\/servicio-de-alimentos-eventos\/\"]}]},{\"@type\":\"ImageObject\",\"inLanguage\":\"es\",\"@id\":\"https:\/\/gatodumas.com.co\/barranquilla\/producto\/servicio-de-alimentos-eventos\/#primaryimage\",\"url\":\"\",\"contentUrl\":\"\"},{\"@type\":\"BreadcrumbList\",\"@id\":\"https:\/\/gatodumas.com.co\/barranquilla\/producto\/servicio-de-alimentos-eventos\/#breadcrumb\",\"itemListElement\":[{\"@type\":\"ListItem\",\"position\":1,\"name\":\"Portada\",\"item\":\"https:\/\/gatodumas.com.co\/barranquilla\/\"},{\"@type\":\"ListItem\",\"position\":2,\"name\":\"Productos\",\"item\":\"https:\/\/gatodumas.com.co\/barranquilla\/shop\/\"},{\"@type\":\"ListItem\",\"position\":3,\"name\":\"Servicio de Alimentos &amp; Eventos\"}]},{\"@type\":\"WebSite\",\"@id\":\"https:\/\/gatodumas.com.co\/barranquilla\/#website\",\"url\":\"https:\/\/gatodumas.com.co\/barranquilla\/\",\"name\":\"Gato Dumas Barranquilla\",\"description\":\"\",\"publisher\":{\"@id\":\"https:\/\/gatodumas.com.co\/barranquilla\/#organization\"},\"potentialAction\":[{\"@type\":\"SearchAction\",\"target\":{\"@type\":\"EntryPoint\",\"urlTemplate\":\"https:\/\/gatodumas.com.co\/barranquilla\/?s={search_term_string}\"},\"query-input\":{\"@type\":\"PropertyValueSpecification\",\"valueRequired\":true,\"valueName\":\"search_term_string\"}}],\"inLanguage\":\"es\"},{\"@type\":\"Organization\",\"@id\":\"https:\/\/gatodumas.com.co\/barranquilla\/#organization\",\"name\":\"Gato Dumas Barranquilla\",\"url\":\"https:\/\/gatodumas.com.co\/barranquilla\/\",\"logo\":{\"@type\":\"ImageObject\",\"inLanguage\":\"es\",\"@id\":\"https:\/\/gatodumas.com.co\/barranquilla\/#\/schema\/logo\/image\/\",\"url\":\"https:\/\/gatodumas.com.co\/barranquilla\/wp-content\/uploads\/sites\/3\/2024\/03\/cropped-dumas-negro-01-1-1.png\",\"contentUrl\":\"https:\/\/gatodumas.com.co\/barranquilla\/wp-content\/uploads\/sites\/3\/2024\/03\/cropped-dumas-negro-01-1-1.png\",\"width\":2496,\"height\":854,\"caption\":\"Gato Dumas Barranquilla\"},\"image\":{\"@id\":\"https:\/\/gatodumas.com.co\/barranquilla\/#\/schema\/logo\/image\/\"}}]}<\/script>\n<!-- \/ Yoast SEO plugin. -->","yoast_head_json":{"title":"Servicio de Alimentos &amp; Eventos - Gato Dumas Barranquilla","robots":{"index":"index","follow":"follow","max-snippet":"max-snippet:-1","max-image-preview":"max-image-preview:large","max-video-preview":"max-video-preview:-1"},"canonical":"https:\/\/gatodumas.com.co\/barranquilla\/producto\/servicio-de-alimentos-eventos\/","og_locale":"es_ES","og_type":"article","og_title":"Servicio de Alimentos &amp; Eventos - Gato Dumas Barranquilla","og_description":"Atraemos personas que sue\u00f1an con ocupar una posici\u00f3n de liderazgo o tener su propio emprendimiento en el \u00e1rea de pasteler\u00eda \u2013 panader\u00eda y llevar su talento al mundo. Que sean apasionados, curiosos, inquietos, con esp\u00edritu creativo e innovador y que busquen la excelencia en cada cosa que hacen. Gato Dumas se compromete a conectarlos con sus aspiraciones a trav\u00e9s del programa Servicio de Alimentos &amp; Eventos. NUESTRO COMPROMISO CONTIGO  La mejor experiencia acad\u00e9mica.  Oportunidades de trabajo en sitios de alto reconocimiento.  Te conectamos con las mejores experiencias gastron\u00f3micas en cualquier parte del mundo.  Te impulsamos hacia el camino del emprendimiento. DETALLES  Duraci\u00f3n: 3 semestres (1 a\u00f1o y medio).  Valor por semestre:\u00a0 $5.750.000  jornada: Diurno  Inicio de clases: 8 de Agosto de 2022  [popup_anything id=\"12465\"]","og_url":"https:\/\/gatodumas.com.co\/barranquilla\/producto\/servicio-de-alimentos-eventos\/","og_site_name":"Gato Dumas Barranquilla","article_modified_time":"2025-07-26T15:54:18+00:00","twitter_card":"summary_large_image","twitter_misc":{"Tiempo de lectura":"5 minutos"},"schema":{"@context":"https:\/\/schema.org","@graph":[{"@type":"WebPage","@id":"https:\/\/gatodumas.com.co\/barranquilla\/producto\/servicio-de-alimentos-eventos\/","url":"https:\/\/gatodumas.com.co\/barranquilla\/producto\/servicio-de-alimentos-eventos\/","name":"Servicio de Alimentos &amp; Eventos - Gato Dumas Barranquilla","isPartOf":{"@id":"https:\/\/gatodumas.com.co\/barranquilla\/#website"},"primaryImageOfPage":{"@id":"https:\/\/gatodumas.com.co\/barranquilla\/producto\/servicio-de-alimentos-eventos\/#primaryimage"},"image":{"@id":"https:\/\/gatodumas.com.co\/barranquilla\/producto\/servicio-de-alimentos-eventos\/#primaryimage"},"thumbnailUrl":"","datePublished":"2020-07-14T03:38:21+00:00","dateModified":"2025-07-26T15:54:18+00:00","breadcrumb":{"@id":"https:\/\/gatodumas.com.co\/barranquilla\/producto\/servicio-de-alimentos-eventos\/#breadcrumb"},"inLanguage":"es","potentialAction":[{"@type":"ReadAction","target":["https:\/\/gatodumas.com.co\/barranquilla\/producto\/servicio-de-alimentos-eventos\/"]}]},{"@type":"ImageObject","inLanguage":"es","@id":"https:\/\/gatodumas.com.co\/barranquilla\/producto\/servicio-de-alimentos-eventos\/#primaryimage","url":"","contentUrl":""},{"@type":"BreadcrumbList","@id":"https:\/\/gatodumas.com.co\/barranquilla\/producto\/servicio-de-alimentos-eventos\/#breadcrumb","itemListElement":[{"@type":"ListItem","position":1,"name":"Portada","item":"https:\/\/gatodumas.com.co\/barranquilla\/"},{"@type":"ListItem","position":2,"name":"Productos","item":"https:\/\/gatodumas.com.co\/barranquilla\/shop\/"},{"@type":"ListItem","position":3,"name":"Servicio de Alimentos &amp; Eventos"}]},{"@type":"WebSite","@id":"https:\/\/gatodumas.com.co\/barranquilla\/#website","url":"https:\/\/gatodumas.com.co\/barranquilla\/","name":"Gato Dumas Barranquilla","description":"","publisher":{"@id":"https:\/\/gatodumas.com.co\/barranquilla\/#organization"},"potentialAction":[{"@type":"SearchAction","target":{"@type":"EntryPoint","urlTemplate":"https:\/\/gatodumas.com.co\/barranquilla\/?s={search_term_string}"},"query-input":{"@type":"PropertyValueSpecification","valueRequired":true,"valueName":"search_term_string"}}],"inLanguage":"es"},{"@type":"Organization","@id":"https:\/\/gatodumas.com.co\/barranquilla\/#organization","name":"Gato Dumas Barranquilla","url":"https:\/\/gatodumas.com.co\/barranquilla\/","logo":{"@type":"ImageObject","inLanguage":"es","@id":"https:\/\/gatodumas.com.co\/barranquilla\/#\/schema\/logo\/image\/","url":"https:\/\/gatodumas.com.co\/barranquilla\/wp-content\/uploads\/sites\/3\/2024\/03\/cropped-dumas-negro-01-1-1.png","contentUrl":"https:\/\/gatodumas.com.co\/barranquilla\/wp-content\/uploads\/sites\/3\/2024\/03\/cropped-dumas-negro-01-1-1.png","width":2496,"height":854,"caption":"Gato Dumas Barranquilla"},"image":{"@id":"https:\/\/gatodumas.com.co\/barranquilla\/#\/schema\/logo\/image\/"}}]}},"_links":{"self":[{"href":"https:\/\/gatodumas.com.co\/barranquilla\/wp-json\/wp\/v2\/product\/11553","targetHints":{"allow":["GET"]}}],"collection":[{"href":"https:\/\/gatodumas.com.co\/barranquilla\/wp-json\/wp\/v2\/product"}],"about":[{"href":"https:\/\/gatodumas.com.co\/barranquilla\/wp-json\/wp\/v2\/types\/product"}],"replies":[{"embeddable":true,"href":"https:\/\/gatodumas.com.co\/barranquilla\/wp-json\/wp\/v2\/comments?post=11553"}],"wp:featuredmedia":[{"embeddable":true,"href":"https:\/\/gatodumas.com.co\/barranquilla\/wp-json\/wp\/v2\/product\/13835"}],"wp:attachment":[{"href":"https:\/\/gatodumas.com.co\/barranquilla\/wp-json\/wp\/v2\/media?parent=11553"}],"wp:term":[{"taxonomy":"product_brand","embeddable":true,"href":"https:\/\/gatodumas.com.co\/barranquilla\/wp-json\/wp\/v2\/product_brand?post=11553"},{"taxonomy":"product_cat","embeddable":true,"href":"https:\/\/gatodumas.com.co\/barranquilla\/wp-json\/wp\/v2\/product_cat?post=11553"},{"taxonomy":"product_tag","embeddable":true,"href":"https:\/\/gatodumas.com.co\/barranquilla\/wp-json\/wp\/v2\/product_tag?post=11553"}],"curies":[{"name":"wp","href":"https:\/\/api.w.org\/{rel}","templated":true}]}}