{"id":13654,"date":"2022-02-03T20:17:13","date_gmt":"2022-02-04T01:17:13","guid":{"rendered":"https:\/\/gatodumas.com.co\/barranquilla\/?post_type=product&amp;p=13654"},"modified":"2022-02-03T20:17:13","modified_gmt":"2022-02-04T01:17:13","slug":"panes-del-mundo-y-colombia","status":"publish","type":"product","link":"https:\/\/gatodumas.com.co\/barranquilla\/producto\/panes-del-mundo-y-colombia\/","title":{"rendered":"Panes del Mundo y Colombia"},"content":{"rendered":"<div class=\"wpb-content-wrapper\"><p>[vc_row full_height=\u00bbyes\u00bb columns_placement=\u00bbtop\u00bb content_placement=\u00bbtop\u00bb css=\u00bb.vc_custom_1594755362047{margin-top: -30px !important;}\u00bb][vc_column][vc_column_text]<\/p>\n<div class=\"tp-event-info\">\n<div class=\"tp-info-box\">\n<div class=\"tp-info-box\">\n<div><strong>Fecha:<\/strong><\/div>\n<div>S\u00e1bado 8 al 29 de junio<\/div>\n<div><\/div>\n<div><strong>Horario: <\/strong><\/div>\n<div>9:00 am a 11:30 pm<\/div>\n<div><\/div>\n<div><strong>Inversi\u00f3n:<\/strong><\/div>\n<div>$725.000 por persona<\/div>\n<\/div>\n<div class=\"tp-info-box\">\n<p><strong>Direcci\u00f3n:<\/strong><\/p>\n<\/div>\n<div class=\"tp-info-box\">\n<p>Cra. 58 #72 &#8211; 110, Barrio El Prado -Barranquilla, Atl\u00e1ntico<\/p>\n<\/div>\n<\/div>\n<\/div>\n<p>[\/vc_column_text][vc_separator style=\u00bbdouble\u00bb border_width=\u00bb3&#8243;][vc_column_text]<\/p>\n<h4 id=\"disponibilidad\"><span style=\"color: #333300\">Nota<\/span><\/h4>\n<ul>\n<li><span style=\"color: #333300\">Se entregan Constancia de asistencia siempre y cuando se asista al 80% de las clases.<\/span><\/li>\n<li><span style=\"color: #333300\">Las clases perdidas por inasistencia del alumno no se recuperan y son personales e intransferibles. En caso de no poder asistir al inicio del curso deber\u00e1 avisar con 48 hs h\u00e1biles de antelaci\u00f3n para canjear el pago por un nuevo curso.<\/span><\/li>\n<li><span style=\"color: #333300\">El plazo para realizar el cambio por un nuevo curso es de 3 meses a partir de la fecha del inicio del curso.<\/span><\/li>\n<li><span style=\"color: #333300\">Para canjear el pago por un nuevo curso se tomar\u00e1 el valor abonado y no el valor actual del curso.<\/span><\/li>\n<li><span style=\"color: #333300\">El colegio se reserva el derecho de suspender el curso con 48 hrs de anticipaci\u00f3n de no cumplir con el cupo m\u00ednimo.<\/span><\/li>\n<li><span style=\"color: #333300\">Los cupos se asignan en el orden en el que sea reportado y confirmado el pago (ya sea presentando en recibo o enviado por mail) de lo contrario la instituci\u00f3n no se har\u00e1 responsable del cupo.<\/span><\/li>\n<\/ul>\n<h4><span style=\"color: #333300\">Departamento Comercial Gato Dumas Colegio de Gastronom\u00eda<\/span><\/h4>\n<p>&nbsp;<\/p>\n<div>Ll\u00e1manos: 3009122262<\/div>\n<div><\/div>\n<div>Escr\u00edbenos: 3205579218<\/div>\n<p><span style=\"color: #333300\">auxiliarcomercial@gatodumas.com<\/span>[\/vc_column_text][\/vc_column][\/vc_row]<\/p>\n<\/div>","protected":false},"excerpt":{"rendered":"<div>\n<h4><strong>S\u00e1bado 8 de junio<\/strong><\/h4>\n<ul>\n<li>Almoj\u00e1banas, pan de yuca, pan de bono<\/li>\n<\/ul>\n<h4><strong>S\u00e1bado 15 de junio<\/strong><\/h4>\n<ul>\n<li>Naan, Focaccia, Pizza<\/li>\n<\/ul>\n<h4><strong>S\u00e1bado 22 de junio<\/strong><\/h4>\n<ul>\n<li>Mojicones, Roscones, Polvorosas, Tortillas<\/li>\n<\/ul>\n<h4><strong>S\u00e1bado 29 de junio<\/strong><\/h4>\n<ul>\n<li>Bao-zi, Cinnamon Rolls, Achiras<\/li>\n<\/ul>\n<\/div>\n<p>&nbsp;<\/p>\n<div>\n<p><a href=\"https:\/\/biz.payulatam.com\/L0cdb3fD1550305\" target=\"_blank\" rel=\"noopener\"><img loading=\"lazy\" decoding=\"async\" class=\"alignnone wp-image-13563\" src=\"https:\/\/gatodumas.com.co\/barranquilla\/wp-content\/uploads\/sites\/8\/2013\/06\/PAGAR-AHORA-300x113.png\" alt=\"\" width=\"151\" height=\"57\" \/><\/a><\/p>\n<\/div>\n<div class=\"popupaoc-shortcode-preview\">\n<div class=\"popupaoc-shortcode-preview\">\n<div class=\"popupaoc-shortcode-preview\">\n<div class=\"popupaoc-shortcode-preview\">\n<div class=\"popupaoc-shortcode-preview\">\n<div><span style=\"color: #ff0000\"><strong><span style=\"color: #ff0000\">**ANTES DE PAGAR POR FAVOR VERIFICAR DISPONIBILIDAD<\/span> <a href=\"#disponibilidad\">Aqu\u00ed<\/a><\/strong><\/span><\/div>\n<div><\/div>\n<div class=\"popupaoc-shortcode-preview\">\n<div class=\"popupaoc-shortcode-preview\">\n<div class=\"popupaoc-shortcode-preview\">\n<div class=\"popupaoc-shortcode-preview\">\n<div class=\"popupaoc-shortcode-preview\">[popup_anything id=\u00bb13657&#8243;]<\/div>\n<\/div>\n<\/div>\n<\/div>\n<\/div>\n<\/div>\n<\/div>\n<\/div>\n<\/div>\n<\/div>\n<p>&nbsp;<\/p>\n<div id=\"gtx-trans\" style=\"position: absolute;left: -5px;top: 636.966px\">\n<div class=\"gtx-trans-icon\"><\/div>\n<\/div>\n","protected":false},"featured_media":14222,"comment_status":"closed","ping_status":"closed","template":"","meta":{"_acf_changed":false},"product_brand":[],"product_cat":[16],"product_tag":[],"class_list":{"0":"post-13654","1":"product","2":"type-product","3":"status-publish","4":"has-post-thumbnail","6":"product_cat-cursos-cortos","8":"first","9":"instock","10":"shipping-taxable","11":"purchasable","12":"product-type-simple"},"acf":[],"yoast_head":"<!-- This site is optimized with the Yoast SEO plugin v25.9 - https:\/\/yoast.com\/wordpress\/plugins\/seo\/ -->\n<title>Panes del Mundo y Colombia - Gato Dumas Barranquilla<\/title>\n<meta name=\"robots\" content=\"index, follow, max-snippet:-1, max-image-preview:large, max-video-preview:-1\" \/>\n<link rel=\"canonical\" href=\"https:\/\/gatodumas.com.co\/barranquilla\/producto\/panes-del-mundo-y-colombia\/\" \/>\n<meta property=\"og:locale\" content=\"es_ES\" \/>\n<meta property=\"og:type\" content=\"article\" \/>\n<meta property=\"og:title\" content=\"Panes del Mundo y Colombia - Gato Dumas Barranquilla\" \/>\n<meta property=\"og:description\" content=\"S\u00e1bado 8 de junio  Almoj\u00e1banas, pan de yuca, pan de bono S\u00e1bado 15 de junio  Naan, Focaccia, Pizza S\u00e1bado 22 de junio  Mojicones, Roscones, Polvorosas, Tortillas S\u00e1bado 29 de junio  Bao-zi, Cinnamon Rolls, Achiras  &nbsp;      **ANTES DE PAGAR POR FAVOR VERIFICAR DISPONIBILIDAD Aqu\u00ed   [popup_anything id=&quot;13657&quot;]     &nbsp;\" \/>\n<meta property=\"og:url\" content=\"https:\/\/gatodumas.com.co\/barranquilla\/producto\/panes-del-mundo-y-colombia\/\" \/>\n<meta property=\"og:site_name\" content=\"Gato Dumas Barranquilla\" \/>\n<meta name=\"twitter:card\" content=\"summary_large_image\" \/>\n<meta name=\"twitter:label1\" content=\"Tiempo de lectura\" \/>\n\t<meta name=\"twitter:data1\" content=\"1 minuto\" \/>\n<script type=\"application\/ld+json\" class=\"yoast-schema-graph\">{\"@context\":\"https:\/\/schema.org\",\"@graph\":[{\"@type\":\"WebPage\",\"@id\":\"https:\/\/gatodumas.com.co\/barranquilla\/producto\/panes-del-mundo-y-colombia\/\",\"url\":\"https:\/\/gatodumas.com.co\/barranquilla\/producto\/panes-del-mundo-y-colombia\/\",\"name\":\"Panes del Mundo y Colombia - Gato Dumas Barranquilla\",\"isPartOf\":{\"@id\":\"https:\/\/gatodumas.com.co\/barranquilla\/#website\"},\"primaryImageOfPage\":{\"@id\":\"https:\/\/gatodumas.com.co\/barranquilla\/producto\/panes-del-mundo-y-colombia\/#primaryimage\"},\"image\":{\"@id\":\"https:\/\/gatodumas.com.co\/barranquilla\/producto\/panes-del-mundo-y-colombia\/#primaryimage\"},\"thumbnailUrl\":\"\",\"datePublished\":\"2022-02-04T01:17:13+00:00\",\"breadcrumb\":{\"@id\":\"https:\/\/gatodumas.com.co\/barranquilla\/producto\/panes-del-mundo-y-colombia\/#breadcrumb\"},\"inLanguage\":\"es\",\"potentialAction\":[{\"@type\":\"ReadAction\",\"target\":[\"https:\/\/gatodumas.com.co\/barranquilla\/producto\/panes-del-mundo-y-colombia\/\"]}]},{\"@type\":\"ImageObject\",\"inLanguage\":\"es\",\"@id\":\"https:\/\/gatodumas.com.co\/barranquilla\/producto\/panes-del-mundo-y-colombia\/#primaryimage\",\"url\":\"\",\"contentUrl\":\"\"},{\"@type\":\"BreadcrumbList\",\"@id\":\"https:\/\/gatodumas.com.co\/barranquilla\/producto\/panes-del-mundo-y-colombia\/#breadcrumb\",\"itemListElement\":[{\"@type\":\"ListItem\",\"position\":1,\"name\":\"Portada\",\"item\":\"https:\/\/gatodumas.com.co\/barranquilla\/\"},{\"@type\":\"ListItem\",\"position\":2,\"name\":\"Productos\",\"item\":\"https:\/\/gatodumas.com.co\/barranquilla\/shop\/\"},{\"@type\":\"ListItem\",\"position\":3,\"name\":\"Panes del Mundo y Colombia\"}]},{\"@type\":\"WebSite\",\"@id\":\"https:\/\/gatodumas.com.co\/barranquilla\/#website\",\"url\":\"https:\/\/gatodumas.com.co\/barranquilla\/\",\"name\":\"Gato Dumas Barranquilla\",\"description\":\"\",\"publisher\":{\"@id\":\"https:\/\/gatodumas.com.co\/barranquilla\/#organization\"},\"potentialAction\":[{\"@type\":\"SearchAction\",\"target\":{\"@type\":\"EntryPoint\",\"urlTemplate\":\"https:\/\/gatodumas.com.co\/barranquilla\/?s={search_term_string}\"},\"query-input\":{\"@type\":\"PropertyValueSpecification\",\"valueRequired\":true,\"valueName\":\"search_term_string\"}}],\"inLanguage\":\"es\"},{\"@type\":\"Organization\",\"@id\":\"https:\/\/gatodumas.com.co\/barranquilla\/#organization\",\"name\":\"Gato Dumas Barranquilla\",\"url\":\"https:\/\/gatodumas.com.co\/barranquilla\/\",\"logo\":{\"@type\":\"ImageObject\",\"inLanguage\":\"es\",\"@id\":\"https:\/\/gatodumas.com.co\/barranquilla\/#\/schema\/logo\/image\/\",\"url\":\"https:\/\/gatodumas.com.co\/barranquilla\/wp-content\/uploads\/sites\/3\/2024\/03\/cropped-dumas-negro-01-1-1.png\",\"contentUrl\":\"https:\/\/gatodumas.com.co\/barranquilla\/wp-content\/uploads\/sites\/3\/2024\/03\/cropped-dumas-negro-01-1-1.png\",\"width\":2496,\"height\":854,\"caption\":\"Gato Dumas Barranquilla\"},\"image\":{\"@id\":\"https:\/\/gatodumas.com.co\/barranquilla\/#\/schema\/logo\/image\/\"}}]}<\/script>\n<!-- \/ Yoast SEO plugin. -->","yoast_head_json":{"title":"Panes del Mundo y Colombia - Gato Dumas Barranquilla","robots":{"index":"index","follow":"follow","max-snippet":"max-snippet:-1","max-image-preview":"max-image-preview:large","max-video-preview":"max-video-preview:-1"},"canonical":"https:\/\/gatodumas.com.co\/barranquilla\/producto\/panes-del-mundo-y-colombia\/","og_locale":"es_ES","og_type":"article","og_title":"Panes del Mundo y Colombia - Gato Dumas Barranquilla","og_description":"S\u00e1bado 8 de junio  Almoj\u00e1banas, pan de yuca, pan de bono S\u00e1bado 15 de junio  Naan, Focaccia, Pizza S\u00e1bado 22 de junio  Mojicones, Roscones, Polvorosas, Tortillas S\u00e1bado 29 de junio  Bao-zi, Cinnamon Rolls, Achiras  &nbsp;      **ANTES DE PAGAR POR FAVOR VERIFICAR DISPONIBILIDAD Aqu\u00ed   [popup_anything id=\"13657\"]     &nbsp;","og_url":"https:\/\/gatodumas.com.co\/barranquilla\/producto\/panes-del-mundo-y-colombia\/","og_site_name":"Gato Dumas Barranquilla","twitter_card":"summary_large_image","twitter_misc":{"Tiempo de lectura":"1 minuto"},"schema":{"@context":"https:\/\/schema.org","@graph":[{"@type":"WebPage","@id":"https:\/\/gatodumas.com.co\/barranquilla\/producto\/panes-del-mundo-y-colombia\/","url":"https:\/\/gatodumas.com.co\/barranquilla\/producto\/panes-del-mundo-y-colombia\/","name":"Panes del Mundo y Colombia - Gato Dumas Barranquilla","isPartOf":{"@id":"https:\/\/gatodumas.com.co\/barranquilla\/#website"},"primaryImageOfPage":{"@id":"https:\/\/gatodumas.com.co\/barranquilla\/producto\/panes-del-mundo-y-colombia\/#primaryimage"},"image":{"@id":"https:\/\/gatodumas.com.co\/barranquilla\/producto\/panes-del-mundo-y-colombia\/#primaryimage"},"thumbnailUrl":"","datePublished":"2022-02-04T01:17:13+00:00","breadcrumb":{"@id":"https:\/\/gatodumas.com.co\/barranquilla\/producto\/panes-del-mundo-y-colombia\/#breadcrumb"},"inLanguage":"es","potentialAction":[{"@type":"ReadAction","target":["https:\/\/gatodumas.com.co\/barranquilla\/producto\/panes-del-mundo-y-colombia\/"]}]},{"@type":"ImageObject","inLanguage":"es","@id":"https:\/\/gatodumas.com.co\/barranquilla\/producto\/panes-del-mundo-y-colombia\/#primaryimage","url":"","contentUrl":""},{"@type":"BreadcrumbList","@id":"https:\/\/gatodumas.com.co\/barranquilla\/producto\/panes-del-mundo-y-colombia\/#breadcrumb","itemListElement":[{"@type":"ListItem","position":1,"name":"Portada","item":"https:\/\/gatodumas.com.co\/barranquilla\/"},{"@type":"ListItem","position":2,"name":"Productos","item":"https:\/\/gatodumas.com.co\/barranquilla\/shop\/"},{"@type":"ListItem","position":3,"name":"Panes del Mundo y Colombia"}]},{"@type":"WebSite","@id":"https:\/\/gatodumas.com.co\/barranquilla\/#website","url":"https:\/\/gatodumas.com.co\/barranquilla\/","name":"Gato Dumas Barranquilla","description":"","publisher":{"@id":"https:\/\/gatodumas.com.co\/barranquilla\/#organization"},"potentialAction":[{"@type":"SearchAction","target":{"@type":"EntryPoint","urlTemplate":"https:\/\/gatodumas.com.co\/barranquilla\/?s={search_term_string}"},"query-input":{"@type":"PropertyValueSpecification","valueRequired":true,"valueName":"search_term_string"}}],"inLanguage":"es"},{"@type":"Organization","@id":"https:\/\/gatodumas.com.co\/barranquilla\/#organization","name":"Gato Dumas Barranquilla","url":"https:\/\/gatodumas.com.co\/barranquilla\/","logo":{"@type":"ImageObject","inLanguage":"es","@id":"https:\/\/gatodumas.com.co\/barranquilla\/#\/schema\/logo\/image\/","url":"https:\/\/gatodumas.com.co\/barranquilla\/wp-content\/uploads\/sites\/3\/2024\/03\/cropped-dumas-negro-01-1-1.png","contentUrl":"https:\/\/gatodumas.com.co\/barranquilla\/wp-content\/uploads\/sites\/3\/2024\/03\/cropped-dumas-negro-01-1-1.png","width":2496,"height":854,"caption":"Gato Dumas Barranquilla"},"image":{"@id":"https:\/\/gatodumas.com.co\/barranquilla\/#\/schema\/logo\/image\/"}}]}},"_links":{"self":[{"href":"https:\/\/gatodumas.com.co\/barranquilla\/wp-json\/wp\/v2\/product\/13654","targetHints":{"allow":["GET"]}}],"collection":[{"href":"https:\/\/gatodumas.com.co\/barranquilla\/wp-json\/wp\/v2\/product"}],"about":[{"href":"https:\/\/gatodumas.com.co\/barranquilla\/wp-json\/wp\/v2\/types\/product"}],"replies":[{"embeddable":true,"href":"https:\/\/gatodumas.com.co\/barranquilla\/wp-json\/wp\/v2\/comments?post=13654"}],"wp:featuredmedia":[{"embeddable":true,"href":"https:\/\/gatodumas.com.co\/barranquilla\/wp-json\/"}],"wp:attachment":[{"href":"https:\/\/gatodumas.com.co\/barranquilla\/wp-json\/wp\/v2\/media?parent=13654"}],"wp:term":[{"taxonomy":"product_brand","embeddable":true,"href":"https:\/\/gatodumas.com.co\/barranquilla\/wp-json\/wp\/v2\/product_brand?post=13654"},{"taxonomy":"product_cat","embeddable":true,"href":"https:\/\/gatodumas.com.co\/barranquilla\/wp-json\/wp\/v2\/product_cat?post=13654"},{"taxonomy":"product_tag","embeddable":true,"href":"https:\/\/gatodumas.com.co\/barranquilla\/wp-json\/wp\/v2\/product_tag?post=13654"}],"curies":[{"name":"wp","href":"https:\/\/api.w.org\/{rel}","templated":true}]}}