{"id":14543,"date":"2023-03-12T13:54:37","date_gmt":"2023-03-12T18:54:37","guid":{"rendered":"https:\/\/gatodumas.com.co\/bogota\/?post_type=product&amp;p=14543"},"modified":"2023-03-12T13:54:37","modified_gmt":"2023-03-12T18:54:37","slug":"panaderia-para-todos-2","status":"publish","type":"product","link":"https:\/\/gatodumas.com.co\/barranquilla\/producto\/panaderia-para-todos-2\/","title":{"rendered":"Panader\u00eda para todos"},"content":{"rendered":"<div class=\"wpb-content-wrapper\"><p>[vc_row full_height=\u00bbyes\u00bb columns_placement=\u00bbtop\u00bb content_placement=\u00bbtop\u00bb css=\u00bb.vc_custom_1594755362047{margin-top: -30px !important;}\u00bb][vc_column][vc_column_text]<\/p>\n<div class=\"tp-event-info\">\n<div class=\"tp-info-box\">\n<div class=\"tp-info-box\">\n<div><strong>Fecha:<\/strong><\/div>\n<div>S\u00e1bado 4 al 25 de mayo<\/div>\n<div>Horario: 10:00 A 12:30 PM<\/div>\n<div><\/div>\n<div><strong>Inversi\u00f3n:<\/strong><\/div>\n<div>$766.000 por persona<\/div>\n<div><\/div>\n<\/div>\n<div class=\"tp-info-box\">\n<p>Direcci\u00f3n<\/p>\n<\/div>\n<div class=\"tp-info-box\">\n<p>Autopista Norte #86 &#8211; 21 Costado Occidental, Bogot\u00e1<\/p>\n<\/div>\n<\/div>\n<\/div>\n<p>[\/vc_column_text][vc_separator style=\u00bbdouble\u00bb border_width=\u00bb3&#8243;][vc_column_text]<\/p>\n<h4 id=\"disponibilidad\"><span style=\"color: #333300\">Nota<\/span><\/h4>\n<ul>\n<li><span style=\"color: #333300\">Se entregan Constancia de asistencia siempre y cuando se asista al 80% de las clases.<\/span><\/li>\n<li>Las clases perdidas por inasistencia del alumno no se recuperan y son personales e intransferibles. En caso de no poder asistir al inicio del curso, deber\u00e1 avisar con 5 d\u00edas h\u00e1biles de antelaci\u00f3n para canjear el pago por un nuevo curso.<\/li>\n<li><span style=\"color: #333300\">El plazo para realizar el cambio por un nuevo curso es de 3 meses a partir de la fecha del inicio del curso.<\/span><\/li>\n<li><span style=\"color: #333300\">Para canjear el pago por un nuevo curso se tomar\u00e1 el valor abonado y no el valor actual del curso.<\/span><\/li>\n<li><span style=\"color: #333300\">El colegio se reserva el derecho de suspender el curso con 48 hrs de anticipaci\u00f3n de no cumplir con el cupo m\u00ednimo.<\/span><\/li>\n<li><span style=\"color: #333300\">Los cupos se asignan en el orden en el que sea reportado y confirmado el pago (ya sea presentando en recibo o enviado por mail) de lo contrario la instituci\u00f3n no se har\u00e1 responsable del cupo.<\/span><\/li>\n<\/ul>\n<h4><span style=\"color: #333300\">Departamento Comercial Gato Dumas Colegio de Gastronom\u00eda.<\/span><\/h4>\n<p>&nbsp;<\/p>\n<div><span style=\"vertical-align: inherit\">LL\u00c1MANOS: <\/span><span style=\"vertical-align: inherit\">3009122262<\/span><\/div>\n<div><\/div>\n<div><\/div>\n<div><span style=\"vertical-align: inherit\">ESCR\u00cdBENOS: <\/span><span style=\"vertical-align: inherit\">3125079157. <\/span><span style=\"vertical-align: inherit\">3125077665<\/span><\/div>\n<p><span style=\"color: #333300\">ventasbogota@gatodumas.com<\/span><\/p>\n<p>bogota@gatodumas.com[\/vc_column_text][\/vc_column][\/vc_row]<\/p>\n<\/div>","protected":false},"excerpt":{"rendered":"<div>\n<h4 style=\"font-weight: 400\"><strong>Sabado 4 de mayo<\/strong><\/h4>\n<ul>\n<li>Baguette.<\/li>\n<li>Ciabatta<\/li>\n<li>Sandwiches de Pesto y Mozzarella.<\/li>\n<\/ul>\n<h4 style=\"font-weight: 400\"><strong>Sabado 11 de mayo<\/strong><\/h4>\n<ul>\n<li>Cinnamon Rolls, Frosting de Queso.<\/li>\n<li>Babka R\u00e1pido.<\/li>\n<\/ul>\n<h4 style=\"font-weight: 400\"><strong>Sabado 18 de mayo<\/strong><\/h4>\n<ul>\n<li>Pizza (Con Pre fermento: Biga).<\/li>\n<li>Focaccia.<\/li>\n<\/ul>\n<h4 style=\"font-weight: 400\"><strong>Sabado 25 de mayo<\/strong><\/h4>\n<ul>\n<li>Naan, Tsatsiki.<\/li>\n<li>Pan \u00c1rabe.<\/li>\n<li>Quesadillas de Birria<\/li>\n<\/ul>\n<p><a href=\"https:\/\/biz.payulatam.com\/L0cdb3f650D75AA\" target=\"_blank\" rel=\"noopener\"><img loading=\"lazy\" decoding=\"async\" class=\"alignnone wp-image-14030\" src=\"https:\/\/gatodumas.com.co\/bogota\/wp-content\/uploads\/sites\/15\/2021\/09\/PAGAR-AHORA-300x113.png\" alt=\"\" width=\"151\" height=\"57\" \/><\/a><\/p>\n<\/div>\n<div class=\"popupaoc-shortcode-preview\">\n<div class=\"popupaoc-shortcode-preview\">\n<div class=\"popupaoc-shortcode-preview\">\n<div class=\"popupaoc-shortcode-preview\">\n<div class=\"popupaoc-shortcode-preview\">\n<div class=\"popupaoc-shortcode-preview\">\n<div><span style=\"color: #ff0000\"><strong><span style=\"color: #ff0000\">**ANTES DE PAGAR POR FAVOR VERIFICAR DISPONIBILIDAD<\/span> <a href=\"#disponibilidad\">Aqui<\/a><\/strong><\/span><\/div>\n<div><\/div>\n<div class=\"popupaoc-shortcode-preview\">\n<div class=\"popupaoc-shortcode-preview\">\n<div class=\"popupaoc-shortcode-preview\">\n<div class=\"popupaoc-shortcode-preview\">\n<div class=\"popupaoc-shortcode-preview\">[popup_anything id=\u00bb14546&#8243;]<\/div>\n<\/div>\n<\/div>\n<\/div>\n<\/div>\n<\/div>\n<\/div>\n<\/div>\n<\/div>\n<\/div>\n<\/div>\n<p>&nbsp;<\/p>\n","protected":false},"featured_media":14913,"comment_status":"closed","ping_status":"closed","template":"","meta":{"_acf_changed":false},"product_brand":[],"product_cat":[15],"product_tag":[],"class_list":{"0":"post-14543","1":"product","2":"type-product","3":"status-publish","4":"has-post-thumbnail","6":"product_cat-sin-categorizar","8":"first","9":"instock","10":"shipping-taxable","11":"purchasable","12":"product-type-simple"},"acf":[],"yoast_head":"<!-- This site is optimized with the Yoast SEO plugin v25.9 - https:\/\/yoast.com\/wordpress\/plugins\/seo\/ -->\n<title>Panader\u00eda para todos - Gato Dumas Barranquilla<\/title>\n<meta name=\"robots\" content=\"index, follow, max-snippet:-1, max-image-preview:large, max-video-preview:-1\" \/>\n<link rel=\"canonical\" href=\"https:\/\/gatodumas.com.co\/barranquilla\/producto\/panaderia-para-todos-2\/\" \/>\n<meta property=\"og:locale\" content=\"es_ES\" \/>\n<meta property=\"og:type\" content=\"article\" \/>\n<meta property=\"og:title\" content=\"Panader\u00eda para todos - Gato Dumas Barranquilla\" \/>\n<meta property=\"og:description\" content=\"Sabado 4 de mayo  Baguette.  Ciabatta  Sandwiches de Pesto y Mozzarella. Sabado 11 de mayo  Cinnamon Rolls, Frosting de Queso.  Babka R\u00e1pido. Sabado 18 de mayo  Pizza (Con Pre fermento: Biga).  Focaccia. Sabado 25 de mayo  Naan, Tsatsiki.  Pan \u00c1rabe.  Quesadillas de Birria      **ANTES DE PAGAR POR FAVOR VERIFICAR DISPONIBILIDAD Aqui   [popup_anything id=&quot;14546&quot;]      &nbsp;\" \/>\n<meta property=\"og:url\" content=\"https:\/\/gatodumas.com.co\/barranquilla\/producto\/panaderia-para-todos-2\/\" \/>\n<meta property=\"og:site_name\" content=\"Gato Dumas Barranquilla\" \/>\n<meta name=\"twitter:card\" content=\"summary_large_image\" \/>\n<meta name=\"twitter:label1\" content=\"Tiempo de lectura\" \/>\n\t<meta name=\"twitter:data1\" content=\"2 minutos\" \/>\n<script type=\"application\/ld+json\" class=\"yoast-schema-graph\">{\"@context\":\"https:\/\/schema.org\",\"@graph\":[{\"@type\":\"WebPage\",\"@id\":\"https:\/\/gatodumas.com.co\/barranquilla\/producto\/panaderia-para-todos-2\/\",\"url\":\"https:\/\/gatodumas.com.co\/barranquilla\/producto\/panaderia-para-todos-2\/\",\"name\":\"Panader\u00eda para todos - Gato Dumas Barranquilla\",\"isPartOf\":{\"@id\":\"https:\/\/gatodumas.com.co\/barranquilla\/#website\"},\"primaryImageOfPage\":{\"@id\":\"https:\/\/gatodumas.com.co\/barranquilla\/producto\/panaderia-para-todos-2\/#primaryimage\"},\"image\":{\"@id\":\"https:\/\/gatodumas.com.co\/barranquilla\/producto\/panaderia-para-todos-2\/#primaryimage\"},\"thumbnailUrl\":\"\",\"datePublished\":\"2023-03-12T18:54:37+00:00\",\"breadcrumb\":{\"@id\":\"https:\/\/gatodumas.com.co\/barranquilla\/producto\/panaderia-para-todos-2\/#breadcrumb\"},\"inLanguage\":\"es\",\"potentialAction\":[{\"@type\":\"ReadAction\",\"target\":[\"https:\/\/gatodumas.com.co\/barranquilla\/producto\/panaderia-para-todos-2\/\"]}]},{\"@type\":\"ImageObject\",\"inLanguage\":\"es\",\"@id\":\"https:\/\/gatodumas.com.co\/barranquilla\/producto\/panaderia-para-todos-2\/#primaryimage\",\"url\":\"\",\"contentUrl\":\"\"},{\"@type\":\"BreadcrumbList\",\"@id\":\"https:\/\/gatodumas.com.co\/barranquilla\/producto\/panaderia-para-todos-2\/#breadcrumb\",\"itemListElement\":[{\"@type\":\"ListItem\",\"position\":1,\"name\":\"Portada\",\"item\":\"https:\/\/gatodumas.com.co\/barranquilla\/\"},{\"@type\":\"ListItem\",\"position\":2,\"name\":\"Productos\",\"item\":\"https:\/\/gatodumas.com.co\/barranquilla\/shop\/\"},{\"@type\":\"ListItem\",\"position\":3,\"name\":\"Panader\u00eda para todos\"}]},{\"@type\":\"WebSite\",\"@id\":\"https:\/\/gatodumas.com.co\/barranquilla\/#website\",\"url\":\"https:\/\/gatodumas.com.co\/barranquilla\/\",\"name\":\"Gato Dumas Barranquilla\",\"description\":\"\",\"publisher\":{\"@id\":\"https:\/\/gatodumas.com.co\/barranquilla\/#organization\"},\"potentialAction\":[{\"@type\":\"SearchAction\",\"target\":{\"@type\":\"EntryPoint\",\"urlTemplate\":\"https:\/\/gatodumas.com.co\/barranquilla\/?s={search_term_string}\"},\"query-input\":{\"@type\":\"PropertyValueSpecification\",\"valueRequired\":true,\"valueName\":\"search_term_string\"}}],\"inLanguage\":\"es\"},{\"@type\":\"Organization\",\"@id\":\"https:\/\/gatodumas.com.co\/barranquilla\/#organization\",\"name\":\"Gato Dumas Barranquilla\",\"url\":\"https:\/\/gatodumas.com.co\/barranquilla\/\",\"logo\":{\"@type\":\"ImageObject\",\"inLanguage\":\"es\",\"@id\":\"https:\/\/gatodumas.com.co\/barranquilla\/#\/schema\/logo\/image\/\",\"url\":\"https:\/\/gatodumas.com.co\/barranquilla\/wp-content\/uploads\/sites\/3\/2024\/03\/cropped-dumas-negro-01-1-1.png\",\"contentUrl\":\"https:\/\/gatodumas.com.co\/barranquilla\/wp-content\/uploads\/sites\/3\/2024\/03\/cropped-dumas-negro-01-1-1.png\",\"width\":2496,\"height\":854,\"caption\":\"Gato Dumas Barranquilla\"},\"image\":{\"@id\":\"https:\/\/gatodumas.com.co\/barranquilla\/#\/schema\/logo\/image\/\"}}]}<\/script>\n<!-- \/ Yoast SEO plugin. -->","yoast_head_json":{"title":"Panader\u00eda para todos - Gato Dumas Barranquilla","robots":{"index":"index","follow":"follow","max-snippet":"max-snippet:-1","max-image-preview":"max-image-preview:large","max-video-preview":"max-video-preview:-1"},"canonical":"https:\/\/gatodumas.com.co\/barranquilla\/producto\/panaderia-para-todos-2\/","og_locale":"es_ES","og_type":"article","og_title":"Panader\u00eda para todos - Gato Dumas Barranquilla","og_description":"Sabado 4 de mayo  Baguette.  Ciabatta  Sandwiches de Pesto y Mozzarella. Sabado 11 de mayo  Cinnamon Rolls, Frosting de Queso.  Babka R\u00e1pido. Sabado 18 de mayo  Pizza (Con Pre fermento: Biga).  Focaccia. Sabado 25 de mayo  Naan, Tsatsiki.  Pan \u00c1rabe.  Quesadillas de Birria      **ANTES DE PAGAR POR FAVOR VERIFICAR DISPONIBILIDAD Aqui   [popup_anything id=\"14546\"]      &nbsp;","og_url":"https:\/\/gatodumas.com.co\/barranquilla\/producto\/panaderia-para-todos-2\/","og_site_name":"Gato Dumas Barranquilla","twitter_card":"summary_large_image","twitter_misc":{"Tiempo de lectura":"2 minutos"},"schema":{"@context":"https:\/\/schema.org","@graph":[{"@type":"WebPage","@id":"https:\/\/gatodumas.com.co\/barranquilla\/producto\/panaderia-para-todos-2\/","url":"https:\/\/gatodumas.com.co\/barranquilla\/producto\/panaderia-para-todos-2\/","name":"Panader\u00eda para todos - Gato Dumas Barranquilla","isPartOf":{"@id":"https:\/\/gatodumas.com.co\/barranquilla\/#website"},"primaryImageOfPage":{"@id":"https:\/\/gatodumas.com.co\/barranquilla\/producto\/panaderia-para-todos-2\/#primaryimage"},"image":{"@id":"https:\/\/gatodumas.com.co\/barranquilla\/producto\/panaderia-para-todos-2\/#primaryimage"},"thumbnailUrl":"","datePublished":"2023-03-12T18:54:37+00:00","breadcrumb":{"@id":"https:\/\/gatodumas.com.co\/barranquilla\/producto\/panaderia-para-todos-2\/#breadcrumb"},"inLanguage":"es","potentialAction":[{"@type":"ReadAction","target":["https:\/\/gatodumas.com.co\/barranquilla\/producto\/panaderia-para-todos-2\/"]}]},{"@type":"ImageObject","inLanguage":"es","@id":"https:\/\/gatodumas.com.co\/barranquilla\/producto\/panaderia-para-todos-2\/#primaryimage","url":"","contentUrl":""},{"@type":"BreadcrumbList","@id":"https:\/\/gatodumas.com.co\/barranquilla\/producto\/panaderia-para-todos-2\/#breadcrumb","itemListElement":[{"@type":"ListItem","position":1,"name":"Portada","item":"https:\/\/gatodumas.com.co\/barranquilla\/"},{"@type":"ListItem","position":2,"name":"Productos","item":"https:\/\/gatodumas.com.co\/barranquilla\/shop\/"},{"@type":"ListItem","position":3,"name":"Panader\u00eda para todos"}]},{"@type":"WebSite","@id":"https:\/\/gatodumas.com.co\/barranquilla\/#website","url":"https:\/\/gatodumas.com.co\/barranquilla\/","name":"Gato Dumas Barranquilla","description":"","publisher":{"@id":"https:\/\/gatodumas.com.co\/barranquilla\/#organization"},"potentialAction":[{"@type":"SearchAction","target":{"@type":"EntryPoint","urlTemplate":"https:\/\/gatodumas.com.co\/barranquilla\/?s={search_term_string}"},"query-input":{"@type":"PropertyValueSpecification","valueRequired":true,"valueName":"search_term_string"}}],"inLanguage":"es"},{"@type":"Organization","@id":"https:\/\/gatodumas.com.co\/barranquilla\/#organization","name":"Gato Dumas Barranquilla","url":"https:\/\/gatodumas.com.co\/barranquilla\/","logo":{"@type":"ImageObject","inLanguage":"es","@id":"https:\/\/gatodumas.com.co\/barranquilla\/#\/schema\/logo\/image\/","url":"https:\/\/gatodumas.com.co\/barranquilla\/wp-content\/uploads\/sites\/3\/2024\/03\/cropped-dumas-negro-01-1-1.png","contentUrl":"https:\/\/gatodumas.com.co\/barranquilla\/wp-content\/uploads\/sites\/3\/2024\/03\/cropped-dumas-negro-01-1-1.png","width":2496,"height":854,"caption":"Gato Dumas Barranquilla"},"image":{"@id":"https:\/\/gatodumas.com.co\/barranquilla\/#\/schema\/logo\/image\/"}}]}},"_links":{"self":[{"href":"https:\/\/gatodumas.com.co\/barranquilla\/wp-json\/wp\/v2\/product\/14543","targetHints":{"allow":["GET"]}}],"collection":[{"href":"https:\/\/gatodumas.com.co\/barranquilla\/wp-json\/wp\/v2\/product"}],"about":[{"href":"https:\/\/gatodumas.com.co\/barranquilla\/wp-json\/wp\/v2\/types\/product"}],"replies":[{"embeddable":true,"href":"https:\/\/gatodumas.com.co\/barranquilla\/wp-json\/wp\/v2\/comments?post=14543"}],"wp:featuredmedia":[{"embeddable":true,"href":"https:\/\/gatodumas.com.co\/barranquilla\/wp-json\/"}],"wp:attachment":[{"href":"https:\/\/gatodumas.com.co\/barranquilla\/wp-json\/wp\/v2\/media?parent=14543"}],"wp:term":[{"taxonomy":"product_brand","embeddable":true,"href":"https:\/\/gatodumas.com.co\/barranquilla\/wp-json\/wp\/v2\/product_brand?post=14543"},{"taxonomy":"product_cat","embeddable":true,"href":"https:\/\/gatodumas.com.co\/barranquilla\/wp-json\/wp\/v2\/product_cat?post=14543"},{"taxonomy":"product_tag","embeddable":true,"href":"https:\/\/gatodumas.com.co\/barranquilla\/wp-json\/wp\/v2\/product_tag?post=14543"}],"curies":[{"name":"wp","href":"https:\/\/api.w.org\/{rel}","templated":true}]}}