{"id":14775,"date":"2023-10-21T09:08:02","date_gmt":"2023-10-21T14:08:02","guid":{"rendered":"https:\/\/gatodumas.com.co\/bogota\/?post_type=product&#038;p=14775"},"modified":"2024-12-14T22:58:28","modified_gmt":"2024-12-14T21:58:28","slug":"cocina-pasteleria-y-panaderia-navidena","status":"publish","type":"product","link":"https:\/\/gatodumas.com.co\/barranquilla\/producto\/cocina-pasteleria-y-panaderia-navidena\/","title":{"rendered":"Cocina, panader\u00eda y pasteler\u00eda navide\u00f1a"},"content":{"rendered":"<div class=\"wpb-content-wrapper\"><p>[vc_row equal_height=\u00bbyes\u00bb el_class=\u00bbinfo-pro\u00bb][vc_column width=\u00bb4\/12&#8243;][vc_raw_html]JTNDaWZyYW1lJTIwd2lkdGglM0QlMjIzMjklMjIlMjBoZWlnaHQlM0QlMjI1ODUlMjIlMjBzcmMlM0QlMjJodHRwcyUzQSUyRiUyRnd3dy55b3V0dWJlLmNvbSUyRmVtYmVkJTJGWGtocXYtek9haFElMjIlMjB0aXRsZSUzRCUyMlNob3J0JTIwY2hvY29sYXRlJTIwcGFyYSUyMHRvZG9zJTIyJTIwZnJhbWVib3JkZXIlM0QlMjIwJTIyJTIwYWxsb3clM0QlMjJhY2NlbGVyb21ldGVyJTNCJTIwYXV0b3BsYXklM0IlMjBjbGlwYm9hcmQtd3JpdGUlM0IlMjBlbmNyeXB0ZWQtbWVkaWElM0IlMjBneXJvc2NvcGUlM0IlMjBwaWN0dXJlLWluLXBpY3R1cmUlM0IlMjB3ZWItc2hhcmUlMjIlMjBhbGxvd2Z1bGxzY3JlZW4lM0UlM0MlMkZpZnJhbWUlM0U=[\/vc_raw_html][\/vc_column][vc_column width=\u00bb8\/12&#8243;][vc_custom_heading text=\u00bbTemario\u00bb use_theme_fonts=\u00bbyes\u00bb el_class=\u00bblinea-titulos-principal mb mt\u00bb][vc_tta_tour][vc_tta_section title=\u00bbClase 1&#8243; tab_id=\u00bb1710444634031-004c214e-2527&#8243; el_class=\u00bbfuente-verde-oscuro\u00bb][vc_column_text]<\/p>\n<div>\n<h4><strong>Clase 1<\/strong><\/h4>\n<ul>\n<li>Bastones de tilapia crujiente con salsa t\u00e1rtara.<\/li>\n<li>Quiche de jam\u00f3n y puerro.<\/li>\n<li>Rollo de cerdo y frutos secos.<\/li>\n<\/ul>\n<\/div>\n<div><\/div>\n<p>[\/vc_column_text][\/vc_tta_section][vc_tta_section title=\u00bbClase 2&#8243; tab_id=\u00bb1710444634039-dcae7553-fa11&#8243; el_class=\u00bbfuente-verde-oscuro\u00bb][vc_column_text]<strong>Clase 2<\/strong><\/p>\n<ul>\n<li>Ensalada de hortalizas y queso de cabra.<\/li>\n<li>Pie de pollo.<\/li>\n<li>Beef Wellington, pur\u00e9 de arvejas y menta.<\/li>\n<\/ul>\n<p>[\/vc_column_text][\/vc_tta_section][vc_tta_section title=\u00bbClase 3&#8243; tab_id=\u00bb1710444700345-7188e7e7-d4fb\u00bb el_class=\u00bbfuente-verde-oscuro\u00bb][vc_column_text]<strong>Clase 3<\/strong><\/p>\n<ul>\n<li>Pan de Jam\u00f3n.<\/li>\n<li>Challah.<\/li>\n<\/ul>\n<p>[\/vc_column_text][\/vc_tta_section][vc_tta_section title=\u00bbClase 4&#8243; tab_id=\u00bb1710445162565-d15f7ff3-64dc\u00bb el_class=\u00bbfuente-verde-oscuro\u00bb][vc_column_text]<strong>Clase 4<\/strong><\/p>\n<ul>\n<li>Pandoro.<\/li>\n<li>Stollen.<\/li>\n<\/ul>\n<p>[\/vc_column_text][\/vc_tta_section][vc_tta_section title=\u00bbClase 5&#8243; tab_id=\u00bb1711493990824-8b93bd51-0c44&#8243; el_class=\u00bbfuente-verde-oscuro\u00bb][vc_column_text]<strong>Clase 5<\/strong><\/p>\n<ul>\n<li>Almendras garrapi\u00f1adas.<\/li>\n<li>Linzer Torte.<\/li>\n<li>Galletas de jengibre.<\/li>\n<\/ul>\n<p>[\/vc_column_text][\/vc_tta_section][vc_tta_section title=\u00bbClase 6&#8243; tab_id=\u00bb1711494022676-711fd5d3-78b0&#8243; el_class=\u00bbfuente-verde-oscuro\u00bb][vc_column_text]<strong>Clase 6<\/strong><\/p>\n<ul>\n<li>Pavlova.<\/li>\n<li>Plum cake.<\/li>\n<li>Natilla de especias dulces.<\/li>\n<\/ul>\n<p>[\/vc_column_text][\/vc_tta_section][\/vc_tta_tour][\/vc_column][\/vc_row][vc_row el_class=\u00bbnotas\u00bb][vc_column]\n\t\t\t<h4 id=\"nota\" class=\"nota\">Nota<\/h4>\n\t\t\t<ul>\n\t\t\t\t<li>Se entregan Constancia de asistencia siempre y cuando se asista al 80% de las clases.<\/li>\n\t\t\t\t<li>Las clases perdidas por inasistencia del alumno no se recuperan y son personales e intransferibles. En caso de no poder asistir al inicio del curso deber\u00e1 avisar con 48 hs h\u00e1biles de antelaci\u00f3n para canjear el pago por un nuevo curso.<\/li>\n\t\t\t\t<li>El plazo para realizar el cambio por un nuevo curso es de 3 meses a partir de la fecha del inicio del curso.<\/li>\n\t\t\t\t<li>Para canjear el pago por un nuevo curso se tomar\u00e1 el valor abonado y no el valor actual del curso.<\/li>\n\t\t\t\t<li>Gato Dumas se reserva el derecho de suspender el curso con 48 hrs de anticipaci\u00f3n de no cumplir con el cupo m\u00ednimo.<\/li>\n\t\t\t\t<li>Los cupos se asignan en el orden en el que sea reportado y confirmado el pago (ya sea presentando en recibo o enviado por mail) de lo contrario la instituci\u00f3n no se har\u00e1 responsable del cupo.<\/li>\n\t\t\t<\/ul>\n\t\t\t<h4>Departamento Comercial Gato Dumas.<\/h4>\n\n\t\t[\/vc_column][\/vc_row][vc_row][vc_column][vc_column_text]<\/p>\n<p>&nbsp;<\/p>\n<p>[\/vc_column_text][\/vc_column][\/vc_row]<\/p>\n<\/div>","protected":false},"excerpt":{"rendered":"<div class=\"descripcion-curso info-programas\">[info-detalles-inversion horario=\"\" clases=\" <strong>Muy Pronto<\/strong>\" dia=\"\" inversion=\"\" direccion=\"Autopista Norte #86 \u2013 21\"]<\/div>\n<p class=\"boton-principal\"><a href=\"#formulario\">Inscr\u00edbete<\/a><\/p>\n","protected":false},"featured_media":16348,"comment_status":"closed","ping_status":"closed","template":"","meta":{"_acf_changed":false},"product_brand":[],"product_cat":[15],"product_tag":[],"class_list":{"0":"post-14775","1":"product","2":"type-product","3":"status-publish","4":"has-post-thumbnail","6":"product_cat-sin-categorizar","8":"first","9":"instock","10":"shipping-taxable","11":"product-type-simple"},"acf":[],"yoast_head":"<!-- This site is optimized with the Yoast SEO plugin v25.9 - https:\/\/yoast.com\/wordpress\/plugins\/seo\/ -->\n<title>Cocina, panader\u00eda y pasteler\u00eda navide\u00f1a - Gato Dumas Barranquilla<\/title>\n<meta name=\"robots\" content=\"index, follow, max-snippet:-1, max-image-preview:large, max-video-preview:-1\" \/>\n<link rel=\"canonical\" href=\"https:\/\/gatodumas.com.co\/barranquilla\/producto\/cocina-pasteleria-y-panaderia-navidena\/\" \/>\n<meta property=\"og:locale\" content=\"es_ES\" \/>\n<meta property=\"og:type\" content=\"article\" \/>\n<meta property=\"og:title\" content=\"Cocina, panader\u00eda y pasteler\u00eda navide\u00f1a - Gato Dumas Barranquilla\" \/>\n<meta property=\"og:description\" content=\"Inscr\u00edbete\" \/>\n<meta property=\"og:url\" content=\"https:\/\/gatodumas.com.co\/barranquilla\/producto\/cocina-pasteleria-y-panaderia-navidena\/\" \/>\n<meta property=\"og:site_name\" content=\"Gato Dumas Barranquilla\" \/>\n<meta property=\"article:modified_time\" content=\"2024-12-14T21:58:28+00:00\" \/>\n<meta property=\"og:image\" content=\"https:\/\/gatodumas.com.co\/barranquilla\/wp-content\/uploads\/sites\/3\/2024\/03\/cocina_panaderia_pasteleria_navidena_12_12_23.jpg\" \/>\n\t<meta property=\"og:image:width\" content=\"1080\" \/>\n\t<meta property=\"og:image:height\" content=\"1080\" \/>\n\t<meta property=\"og:image:type\" content=\"image\/jpeg\" \/>\n<meta name=\"twitter:card\" content=\"summary_large_image\" \/>\n<meta name=\"twitter:label1\" content=\"Tiempo de lectura\" \/>\n\t<meta name=\"twitter:data1\" content=\"2 minutos\" \/>\n<script type=\"application\/ld+json\" class=\"yoast-schema-graph\">{\"@context\":\"https:\/\/schema.org\",\"@graph\":[{\"@type\":\"WebPage\",\"@id\":\"https:\/\/gatodumas.com.co\/barranquilla\/producto\/cocina-pasteleria-y-panaderia-navidena\/\",\"url\":\"https:\/\/gatodumas.com.co\/barranquilla\/producto\/cocina-pasteleria-y-panaderia-navidena\/\",\"name\":\"Cocina, panader\u00eda y pasteler\u00eda navide\u00f1a - Gato Dumas Barranquilla\",\"isPartOf\":{\"@id\":\"https:\/\/gatodumas.com.co\/barranquilla\/#website\"},\"primaryImageOfPage\":{\"@id\":\"https:\/\/gatodumas.com.co\/barranquilla\/producto\/cocina-pasteleria-y-panaderia-navidena\/#primaryimage\"},\"image\":{\"@id\":\"https:\/\/gatodumas.com.co\/barranquilla\/producto\/cocina-pasteleria-y-panaderia-navidena\/#primaryimage\"},\"thumbnailUrl\":\"https:\/\/gatodumas.com.co\/barranquilla\/wp-content\/uploads\/sites\/3\/2024\/03\/cocina_panaderia_pasteleria_navidena_12_12_23.jpg\",\"datePublished\":\"2023-10-21T14:08:02+00:00\",\"dateModified\":\"2024-12-14T21:58:28+00:00\",\"breadcrumb\":{\"@id\":\"https:\/\/gatodumas.com.co\/barranquilla\/producto\/cocina-pasteleria-y-panaderia-navidena\/#breadcrumb\"},\"inLanguage\":\"es\",\"potentialAction\":[{\"@type\":\"ReadAction\",\"target\":[\"https:\/\/gatodumas.com.co\/barranquilla\/producto\/cocina-pasteleria-y-panaderia-navidena\/\"]}]},{\"@type\":\"ImageObject\",\"inLanguage\":\"es\",\"@id\":\"https:\/\/gatodumas.com.co\/barranquilla\/producto\/cocina-pasteleria-y-panaderia-navidena\/#primaryimage\",\"url\":\"https:\/\/gatodumas.com.co\/barranquilla\/wp-content\/uploads\/sites\/3\/2024\/03\/cocina_panaderia_pasteleria_navidena_12_12_23.jpg\",\"contentUrl\":\"https:\/\/gatodumas.com.co\/barranquilla\/wp-content\/uploads\/sites\/3\/2024\/03\/cocina_panaderia_pasteleria_navidena_12_12_23.jpg\",\"width\":1080,\"height\":1080},{\"@type\":\"BreadcrumbList\",\"@id\":\"https:\/\/gatodumas.com.co\/barranquilla\/producto\/cocina-pasteleria-y-panaderia-navidena\/#breadcrumb\",\"itemListElement\":[{\"@type\":\"ListItem\",\"position\":1,\"name\":\"Portada\",\"item\":\"https:\/\/gatodumas.com.co\/barranquilla\/\"},{\"@type\":\"ListItem\",\"position\":2,\"name\":\"Productos\",\"item\":\"https:\/\/gatodumas.com.co\/barranquilla\/shop\/\"},{\"@type\":\"ListItem\",\"position\":3,\"name\":\"Cocina, panader\u00eda y pasteler\u00eda navide\u00f1a\"}]},{\"@type\":\"WebSite\",\"@id\":\"https:\/\/gatodumas.com.co\/barranquilla\/#website\",\"url\":\"https:\/\/gatodumas.com.co\/barranquilla\/\",\"name\":\"Gato Dumas Barranquilla\",\"description\":\"\",\"publisher\":{\"@id\":\"https:\/\/gatodumas.com.co\/barranquilla\/#organization\"},\"potentialAction\":[{\"@type\":\"SearchAction\",\"target\":{\"@type\":\"EntryPoint\",\"urlTemplate\":\"https:\/\/gatodumas.com.co\/barranquilla\/?s={search_term_string}\"},\"query-input\":{\"@type\":\"PropertyValueSpecification\",\"valueRequired\":true,\"valueName\":\"search_term_string\"}}],\"inLanguage\":\"es\"},{\"@type\":\"Organization\",\"@id\":\"https:\/\/gatodumas.com.co\/barranquilla\/#organization\",\"name\":\"Gato Dumas Barranquilla\",\"url\":\"https:\/\/gatodumas.com.co\/barranquilla\/\",\"logo\":{\"@type\":\"ImageObject\",\"inLanguage\":\"es\",\"@id\":\"https:\/\/gatodumas.com.co\/barranquilla\/#\/schema\/logo\/image\/\",\"url\":\"https:\/\/gatodumas.com.co\/barranquilla\/wp-content\/uploads\/sites\/3\/2024\/03\/cropped-dumas-negro-01-1-1.png\",\"contentUrl\":\"https:\/\/gatodumas.com.co\/barranquilla\/wp-content\/uploads\/sites\/3\/2024\/03\/cropped-dumas-negro-01-1-1.png\",\"width\":2496,\"height\":854,\"caption\":\"Gato Dumas Barranquilla\"},\"image\":{\"@id\":\"https:\/\/gatodumas.com.co\/barranquilla\/#\/schema\/logo\/image\/\"}}]}<\/script>\n<!-- \/ Yoast SEO plugin. -->","yoast_head_json":{"title":"Cocina, panader\u00eda y pasteler\u00eda navide\u00f1a - Gato Dumas Barranquilla","robots":{"index":"index","follow":"follow","max-snippet":"max-snippet:-1","max-image-preview":"max-image-preview:large","max-video-preview":"max-video-preview:-1"},"canonical":"https:\/\/gatodumas.com.co\/barranquilla\/producto\/cocina-pasteleria-y-panaderia-navidena\/","og_locale":"es_ES","og_type":"article","og_title":"Cocina, panader\u00eda y pasteler\u00eda navide\u00f1a - Gato Dumas Barranquilla","og_description":"Inscr\u00edbete","og_url":"https:\/\/gatodumas.com.co\/barranquilla\/producto\/cocina-pasteleria-y-panaderia-navidena\/","og_site_name":"Gato Dumas Barranquilla","article_modified_time":"2024-12-14T21:58:28+00:00","og_image":[{"width":1080,"height":1080,"url":"https:\/\/gatodumas.com.co\/barranquilla\/wp-content\/uploads\/sites\/3\/2024\/03\/cocina_panaderia_pasteleria_navidena_12_12_23.jpg","type":"image\/jpeg"}],"twitter_card":"summary_large_image","twitter_misc":{"Tiempo de lectura":"2 minutos"},"schema":{"@context":"https:\/\/schema.org","@graph":[{"@type":"WebPage","@id":"https:\/\/gatodumas.com.co\/barranquilla\/producto\/cocina-pasteleria-y-panaderia-navidena\/","url":"https:\/\/gatodumas.com.co\/barranquilla\/producto\/cocina-pasteleria-y-panaderia-navidena\/","name":"Cocina, panader\u00eda y pasteler\u00eda navide\u00f1a - Gato Dumas Barranquilla","isPartOf":{"@id":"https:\/\/gatodumas.com.co\/barranquilla\/#website"},"primaryImageOfPage":{"@id":"https:\/\/gatodumas.com.co\/barranquilla\/producto\/cocina-pasteleria-y-panaderia-navidena\/#primaryimage"},"image":{"@id":"https:\/\/gatodumas.com.co\/barranquilla\/producto\/cocina-pasteleria-y-panaderia-navidena\/#primaryimage"},"thumbnailUrl":"https:\/\/gatodumas.com.co\/barranquilla\/wp-content\/uploads\/sites\/3\/2024\/03\/cocina_panaderia_pasteleria_navidena_12_12_23.jpg","datePublished":"2023-10-21T14:08:02+00:00","dateModified":"2024-12-14T21:58:28+00:00","breadcrumb":{"@id":"https:\/\/gatodumas.com.co\/barranquilla\/producto\/cocina-pasteleria-y-panaderia-navidena\/#breadcrumb"},"inLanguage":"es","potentialAction":[{"@type":"ReadAction","target":["https:\/\/gatodumas.com.co\/barranquilla\/producto\/cocina-pasteleria-y-panaderia-navidena\/"]}]},{"@type":"ImageObject","inLanguage":"es","@id":"https:\/\/gatodumas.com.co\/barranquilla\/producto\/cocina-pasteleria-y-panaderia-navidena\/#primaryimage","url":"https:\/\/gatodumas.com.co\/barranquilla\/wp-content\/uploads\/sites\/3\/2024\/03\/cocina_panaderia_pasteleria_navidena_12_12_23.jpg","contentUrl":"https:\/\/gatodumas.com.co\/barranquilla\/wp-content\/uploads\/sites\/3\/2024\/03\/cocina_panaderia_pasteleria_navidena_12_12_23.jpg","width":1080,"height":1080},{"@type":"BreadcrumbList","@id":"https:\/\/gatodumas.com.co\/barranquilla\/producto\/cocina-pasteleria-y-panaderia-navidena\/#breadcrumb","itemListElement":[{"@type":"ListItem","position":1,"name":"Portada","item":"https:\/\/gatodumas.com.co\/barranquilla\/"},{"@type":"ListItem","position":2,"name":"Productos","item":"https:\/\/gatodumas.com.co\/barranquilla\/shop\/"},{"@type":"ListItem","position":3,"name":"Cocina, panader\u00eda y pasteler\u00eda navide\u00f1a"}]},{"@type":"WebSite","@id":"https:\/\/gatodumas.com.co\/barranquilla\/#website","url":"https:\/\/gatodumas.com.co\/barranquilla\/","name":"Gato Dumas Barranquilla","description":"","publisher":{"@id":"https:\/\/gatodumas.com.co\/barranquilla\/#organization"},"potentialAction":[{"@type":"SearchAction","target":{"@type":"EntryPoint","urlTemplate":"https:\/\/gatodumas.com.co\/barranquilla\/?s={search_term_string}"},"query-input":{"@type":"PropertyValueSpecification","valueRequired":true,"valueName":"search_term_string"}}],"inLanguage":"es"},{"@type":"Organization","@id":"https:\/\/gatodumas.com.co\/barranquilla\/#organization","name":"Gato Dumas Barranquilla","url":"https:\/\/gatodumas.com.co\/barranquilla\/","logo":{"@type":"ImageObject","inLanguage":"es","@id":"https:\/\/gatodumas.com.co\/barranquilla\/#\/schema\/logo\/image\/","url":"https:\/\/gatodumas.com.co\/barranquilla\/wp-content\/uploads\/sites\/3\/2024\/03\/cropped-dumas-negro-01-1-1.png","contentUrl":"https:\/\/gatodumas.com.co\/barranquilla\/wp-content\/uploads\/sites\/3\/2024\/03\/cropped-dumas-negro-01-1-1.png","width":2496,"height":854,"caption":"Gato Dumas Barranquilla"},"image":{"@id":"https:\/\/gatodumas.com.co\/barranquilla\/#\/schema\/logo\/image\/"}}]}},"_links":{"self":[{"href":"https:\/\/gatodumas.com.co\/barranquilla\/wp-json\/wp\/v2\/product\/14775","targetHints":{"allow":["GET"]}}],"collection":[{"href":"https:\/\/gatodumas.com.co\/barranquilla\/wp-json\/wp\/v2\/product"}],"about":[{"href":"https:\/\/gatodumas.com.co\/barranquilla\/wp-json\/wp\/v2\/types\/product"}],"replies":[{"embeddable":true,"href":"https:\/\/gatodumas.com.co\/barranquilla\/wp-json\/wp\/v2\/comments?post=14775"}],"wp:featuredmedia":[{"embeddable":true,"href":"https:\/\/gatodumas.com.co\/barranquilla\/wp-json\/wp\/v2\/media\/16348"}],"wp:attachment":[{"href":"https:\/\/gatodumas.com.co\/barranquilla\/wp-json\/wp\/v2\/media?parent=14775"}],"wp:term":[{"taxonomy":"product_brand","embeddable":true,"href":"https:\/\/gatodumas.com.co\/barranquilla\/wp-json\/wp\/v2\/product_brand?post=14775"},{"taxonomy":"product_cat","embeddable":true,"href":"https:\/\/gatodumas.com.co\/barranquilla\/wp-json\/wp\/v2\/product_cat?post=14775"},{"taxonomy":"product_tag","embeddable":true,"href":"https:\/\/gatodumas.com.co\/barranquilla\/wp-json\/wp\/v2\/product_tag?post=14775"}],"curies":[{"name":"wp","href":"https:\/\/api.w.org\/{rel}","templated":true}]}}