{"id":15056,"date":"2024-02-06T09:54:57","date_gmt":"2024-02-06T14:54:57","guid":{"rendered":"https:\/\/gatodumas.com.co\/bogota\/?post_type=product&#038;p=14974"},"modified":"2026-02-03T21:34:50","modified_gmt":"2026-02-03T20:34:50","slug":"diplomado-tecnicas-basicas-cocina-pasteleria-y-panaderia","status":"publish","type":"product","link":"https:\/\/gatodumas.com.co\/barranquilla\/producto\/diplomado-tecnicas-basicas-cocina-pasteleria-y-panaderia\/","title":{"rendered":"Diplomado T\u00e9cnicas B\u00e1sicas Cocina, Pasteler\u00eda y Panader\u00eda"},"content":{"rendered":"<div class=\"wpb-content-wrapper\"><p>[vc_row equal_height=\u00bbyes\u00bb content_placement=\u00bbmiddle\u00bb el_class=\u00bbinfo-pro\u00bb][vc_column width=\u00bb4\/12&#8243;][vc_raw_html]JTNDaWZyYW1lJTIwd2lkdGglM0QlMjIzMzYlMjIlMjBoZWlnaHQlM0QlMjI1OTclMjIlMjBzcmMlM0QlMjJodHRwcyUzQSUyRiUyRnd3dy55b3V0dWJlLmNvbSUyRmVtYmVkJTJGdzlPbkVtU3BVOW8lMjIlMjB0aXRsZSUzRCUyMkNvY2luYSUyMiUyMGZyYW1lYm9yZGVyJTNEJTIyMCUyMiUyMGFsbG93JTNEJTIyYWNjZWxlcm9tZXRlciUzQiUyMGF1dG9wbGF5JTNCJTIwY2xpcGJvYXJkLXdyaXRlJTNCJTIwZW5jcnlwdGVkLW1lZGlhJTNCJTIwZ3lyb3Njb3BlJTNCJTIwcGljdHVyZS1pbi1waWN0dXJlJTNCJTIwd2ViLXNoYXJlJTIyJTIwYWxsb3dmdWxsc2NyZWVuJTNFJTNDJTJGaWZyYW1lJTNF[\/vc_raw_html][\/vc_column][vc_column width=\u00bb8\/12&#8243;][vc_custom_heading text=\u00bbTemario\u00bb use_theme_fonts=\u00bbyes\u00bb el_class=\u00bblinea-titulos-principal mb mt\u00bb][vc_tta_tour][vc_tta_section title=\u00bbCocina\u00bb tab_id=\u00bbcocina\u00bb el_class=\u00bbfuente-verde-oscuro\u00bb][vc_column_text css=\u00bb\u00bb]<strong>Res \u2013 Aves<\/strong><\/p>\n<ul>\n<li>Tournedos grillados, croquetas de papa criolla y reducci\u00f3n de bals\u00e1mico.<\/li>\n<li>Suprema de Pollo Rellena con Verduras, Salsa de Queso Azul, y tejas de pl\u00e1tano<\/li>\n<li>Bife de chorizo con Salsa \u00c1cida de Vino Tinto y vegetales calientes<\/li>\n<\/ul>\n<p><strong>Pescado Cerdo<\/strong><\/p>\n<ul>\n<li>Salm\u00f3n Rosado con Sabay\u00f3n de Mandarina y Cous Cous Picante<\/li>\n<li>Solomillo de cerdo con Chinoide, Quim\u00e9ricas y Manzanas Asadas<\/li>\n<li>Bondiola de cerdo con salsa de ciruelas y pimentones asados.<\/li>\n<li>Pastel de espinaca.<\/li>\n<\/ul>\n<p><strong>Arroces<\/strong><\/p>\n<ul>\n<li>Paella tipo Valenciana<\/li>\n<li>Risotto con Hongos y Pollo<\/li>\n<li>Arroz Tipo Orienta . Yakimeshi o Chau-Fan<\/li>\n<\/ul>\n<p><strong>\u00a0<\/strong>[\/vc_column_text][\/vc_tta_section][vc_tta_section title=\u00bbPanader\u00eda\u00bb tab_id=\u00bbpanaderia\u00bb][vc_column_text css=\u00bb\u00bb]<strong>Pizza-Pan \u00c1rabe y Fougasse<\/strong><\/p>\n<p><strong>Brioche \u2013 Pan Molde \u2013 Mojicones<\/strong><\/p>\n<p><strong>Baguette \u2013 Miche<\/strong><\/p>\n<p>[\/vc_column_text][\/vc_tta_section][vc_tta_section title=\u00bbPasteler\u00eda\u00bb tab_id=\u00bbpasteleria\u00bb el_class=\u00bbfuente-verde-oscuro\u00bb][vc_column_text css=\u00bb\u00bb]<strong>Postres de cremas cocidas<\/strong><\/p>\n<ul>\n<li>Flan con crema inglesa y caramelo.<\/li>\n<li>Cr\u00e9me brul\u00e9e de chocolate blanco y pimienta verde.<\/li>\n<li>Pannacotta de mascarpone y lim\u00f3n con salsa de frutos rojos.<\/li>\n<\/ul>\n<p><strong>Postres calientes con chocolate<\/strong><\/p>\n<ul>\n<li>Soffiato de Chocolate y Salsa de Maracuy\u00e1 con Pimienta Rosa.<\/li>\n<li>Souffl\u00e9 de Chocolate y Mango Caramelizado.<\/li>\n<li>Bud\u00edn de Chocolate y Avellanas.<\/li>\n<\/ul>\n<p><strong>Tartas<\/strong><\/p>\n<ul>\n<li>Tarta de Lim\u00f3n y Frambuesas.<\/li>\n<li>Streusel de Manzana y Moras con Salsa de Lulo y Ron<\/li>\n<\/ul>\n<p>[\/vc_column_text][\/vc_tta_section][\/vc_tta_tour][\/vc_column][\/vc_row][vc_row el_class=\u00bbnotas mb mt\u00bb][vc_column]\n\t\t\t<h4 id=\"nota\" class=\"nota\">Nota<\/h4>\n\t\t\t<ul>\n\t\t\t\t<li>Se entregan Constancia de asistencia siempre y cuando se asista al 80% de las clases.<\/li>\n\t\t\t\t<li>Las clases perdidas por inasistencia del alumno no se recuperan y son personales e intransferibles. En caso de no poder asistir al inicio del curso deber\u00e1 avisar con 48 hs h\u00e1biles de antelaci\u00f3n para canjear el pago por un nuevo curso.<\/li>\n\t\t\t\t<li>El plazo para realizar el cambio por un nuevo curso es de 3 meses a partir de la fecha del inicio del curso.<\/li>\n\t\t\t\t<li>Para canjear el pago por un nuevo curso se tomar\u00e1 el valor abonado y no el valor actual del curso.<\/li>\n\t\t\t\t<li>Gato Dumas se reserva el derecho de suspender el curso con 48 hrs de anticipaci\u00f3n de no cumplir con el cupo m\u00ednimo.<\/li>\n\t\t\t\t<li>Los cupos se asignan en el orden en el que sea reportado y confirmado el pago (ya sea presentando en recibo o enviado por mail) de lo contrario la instituci\u00f3n no se har\u00e1 responsable del cupo.<\/li>\n\t\t\t<\/ul>\n\t\t\t<h4>Departamento Comercial Gato Dumas.<\/h4>\n\n\t\t[\/vc_column][\/vc_row]<\/p>\n<\/div>","protected":false},"excerpt":{"rendered":"<p>[vc_row equal_height=\u00bbyes\u00bb content_placement=\u00bbmiddle\u00bb el_class=\u00bbinfo-pro\u00bb][vc_column width=\u00bb4\/12&#8243;][vc_raw_html]JTNDaWZyYW1lJTIwd2lkdGglM0QlMjIzMzYlMjIlMjBoZWlnaHQlM0QlMjI1OTclMjIlMjBzcmMlM0QlMjJodHRwcyUzQSUyRiUyRnd3dy55b3V0dWJlLmNvbSUyRmVtYmVkJTJGdzlPbkVtU3BVOW8lMjIlMjB0aXRsZSUzRCUyMkNvY2luYSUyMiUyMGZyYW1lYm9yZGVyJTNEJTIyMCUyMiUyMGFsbG93JTNEJTIyYWNjZWxlcm9tZXRlciUzQiUyMGF1dG9wbGF5JTNCJTIwY2xpcGJvYXJkLXdyaXRlJTNCJTIwZW5jcnlwdGVkLW1lZGlhJTNCJTIwZ3lyb3Njb3BlJTNCJTIwcGljdHVyZS1pbi1waWN0dXJlJTNCJTIwd2ViLXNoYXJlJTIyJTIwYWxsb3dmdWxsc2NyZWVuJTNFJTNDJTJGaWZyYW1lJTNF[\/vc_raw_html][\/vc_column][vc_column width=\u00bb8\/12&#8243;][vc_custom_heading text=\u00bbTemario\u00bb use_theme_fonts=\u00bbyes\u00bb el_class=\u00bblinea-titulos-principal mb mt\u00bb][vc_tta_tour][vc_tta_section title=\u00bbCocina\u00bb tab_id=\u00bbcocina\u00bb el_class=\u00bbfuente-verde-oscuro\u00bb][vc_column_text css=\u00bb\u00bb]Res \u2013 Aves Tournedos grillados, croquetas de papa criolla y reducci\u00f3n de bals\u00e1mico. Suprema de Pollo Rellena con Verduras, Salsa de Queso Azul, y tejas de pl\u00e1tano Bife de chorizo con Salsa \u00c1cida de Vino Tinto y vegetales calientes Pescado Cerdo &#8230; <a title=\"Diplomado T\u00e9cnicas B\u00e1sicas Cocina, Pasteler\u00eda y Panader\u00eda\" class=\"read-more\" href=\"https:\/\/gatodumas.com.co\/barranquilla\/producto\/diplomado-tecnicas-basicas-cocina-pasteleria-y-panaderia\/\" aria-label=\"Leer m\u00e1s sobre Diplomado T\u00e9cnicas B\u00e1sicas Cocina, Pasteler\u00eda y Panader\u00eda\">Leer m\u00e1s<\/a><\/p>\n","protected":false},"featured_media":16449,"comment_status":"closed","ping_status":"closed","template":"","meta":{"_acf_changed":false},"product_brand":[],"product_cat":[17],"product_tag":[],"class_list":{"0":"post-15056","1":"product","2":"type-product","3":"status-publish","4":"has-post-thumbnail","6":"product_cat-diplomados","8":"first","9":"instock","10":"shipping-taxable","11":"purchasable","12":"product-type-simple"},"acf":[],"yoast_head":"<!-- This site is optimized with the Yoast SEO plugin v25.9 - https:\/\/yoast.com\/wordpress\/plugins\/seo\/ -->\n<title>Diplomado T\u00e9cnicas B\u00e1sicas Cocina, Pasteler\u00eda y Panader\u00eda - Gato Dumas Barranquilla<\/title>\n<meta name=\"robots\" content=\"index, follow, max-snippet:-1, max-image-preview:large, max-video-preview:-1\" \/>\n<link rel=\"canonical\" href=\"https:\/\/gatodumas.com.co\/barranquilla\/producto\/diplomado-tecnicas-basicas-cocina-pasteleria-y-panaderia\/\" \/>\n<meta property=\"og:locale\" content=\"es_ES\" \/>\n<meta property=\"og:type\" content=\"article\" \/>\n<meta property=\"og:title\" content=\"Diplomado T\u00e9cnicas B\u00e1sicas Cocina, Pasteler\u00eda y Panader\u00eda - Gato Dumas Barranquilla\" \/>\n<meta property=\"og:description\" content=\"[vc_row equal_height=\u00bbyes\u00bb content_placement=\u00bbmiddle\u00bb el_class=\u00bbinfo-pro\u00bb][vc_column width=\u00bb4\/12&#8243;][vc_raw_html]JTNDaWZyYW1lJTIwd2lkdGglM0QlMjIzMzYlMjIlMjBoZWlnaHQlM0QlMjI1OTclMjIlMjBzcmMlM0QlMjJodHRwcyUzQSUyRiUyRnd3dy55b3V0dWJlLmNvbSUyRmVtYmVkJTJGdzlPbkVtU3BVOW8lMjIlMjB0aXRsZSUzRCUyMkNvY2luYSUyMiUyMGZyYW1lYm9yZGVyJTNEJTIyMCUyMiUyMGFsbG93JTNEJTIyYWNjZWxlcm9tZXRlciUzQiUyMGF1dG9wbGF5JTNCJTIwY2xpcGJvYXJkLXdyaXRlJTNCJTIwZW5jcnlwdGVkLW1lZGlhJTNCJTIwZ3lyb3Njb3BlJTNCJTIwcGljdHVyZS1pbi1waWN0dXJlJTNCJTIwd2ViLXNoYXJlJTIyJTIwYWxsb3dmdWxsc2NyZWVuJTNFJTNDJTJGaWZyYW1lJTNF[\/vc_raw_html][\/vc_column][vc_column width=\u00bb8\/12&#8243;][vc_custom_heading text=\u00bbTemario\u00bb use_theme_fonts=\u00bbyes\u00bb el_class=\u00bblinea-titulos-principal mb mt\u00bb][vc_tta_tour][vc_tta_section title=\u00bbCocina\u00bb tab_id=\u00bbcocina\u00bb el_class=\u00bbfuente-verde-oscuro\u00bb][vc_column_text css=\u00bb\u00bb]Res \u2013 Aves Tournedos grillados, croquetas de papa criolla y reducci\u00f3n de bals\u00e1mico. Suprema de Pollo Rellena con Verduras, Salsa de Queso Azul, y tejas de pl\u00e1tano Bife de chorizo con Salsa \u00c1cida de Vino Tinto y vegetales calientes Pescado Cerdo ... Leer m\u00e1s\" \/>\n<meta property=\"og:url\" content=\"https:\/\/gatodumas.com.co\/barranquilla\/producto\/diplomado-tecnicas-basicas-cocina-pasteleria-y-panaderia\/\" \/>\n<meta property=\"og:site_name\" content=\"Gato Dumas Barranquilla\" \/>\n<meta property=\"article:modified_time\" content=\"2026-02-03T20:34:50+00:00\" \/>\n<meta property=\"og:image\" content=\"https:\/\/gatodumas.com.co\/barranquilla\/wp-content\/uploads\/sites\/3\/2024\/02\/diplomado_cocina_pasteleria_panaderia_06_02_24-2.jpg\" \/>\n\t<meta property=\"og:image:width\" content=\"1080\" \/>\n\t<meta property=\"og:image:height\" content=\"1080\" \/>\n\t<meta property=\"og:image:type\" content=\"image\/jpeg\" \/>\n<meta name=\"twitter:card\" content=\"summary_large_image\" \/>\n<meta name=\"twitter:label1\" content=\"Tiempo de lectura\" \/>\n\t<meta name=\"twitter:data1\" content=\"2 minutos\" \/>\n<script type=\"application\/ld+json\" class=\"yoast-schema-graph\">{\"@context\":\"https:\/\/schema.org\",\"@graph\":[{\"@type\":\"WebPage\",\"@id\":\"https:\/\/gatodumas.com.co\/barranquilla\/producto\/diplomado-tecnicas-basicas-cocina-pasteleria-y-panaderia\/\",\"url\":\"https:\/\/gatodumas.com.co\/barranquilla\/producto\/diplomado-tecnicas-basicas-cocina-pasteleria-y-panaderia\/\",\"name\":\"Diplomado T\u00e9cnicas B\u00e1sicas Cocina, Pasteler\u00eda y Panader\u00eda - Gato Dumas Barranquilla\",\"isPartOf\":{\"@id\":\"https:\/\/gatodumas.com.co\/barranquilla\/#website\"},\"primaryImageOfPage\":{\"@id\":\"https:\/\/gatodumas.com.co\/barranquilla\/producto\/diplomado-tecnicas-basicas-cocina-pasteleria-y-panaderia\/#primaryimage\"},\"image\":{\"@id\":\"https:\/\/gatodumas.com.co\/barranquilla\/producto\/diplomado-tecnicas-basicas-cocina-pasteleria-y-panaderia\/#primaryimage\"},\"thumbnailUrl\":\"https:\/\/gatodumas.com.co\/barranquilla\/wp-content\/uploads\/sites\/3\/2024\/02\/diplomado_cocina_pasteleria_panaderia_06_02_24-2.jpg\",\"datePublished\":\"2024-02-06T14:54:57+00:00\",\"dateModified\":\"2026-02-03T20:34:50+00:00\",\"breadcrumb\":{\"@id\":\"https:\/\/gatodumas.com.co\/barranquilla\/producto\/diplomado-tecnicas-basicas-cocina-pasteleria-y-panaderia\/#breadcrumb\"},\"inLanguage\":\"es\",\"potentialAction\":[{\"@type\":\"ReadAction\",\"target\":[\"https:\/\/gatodumas.com.co\/barranquilla\/producto\/diplomado-tecnicas-basicas-cocina-pasteleria-y-panaderia\/\"]}]},{\"@type\":\"ImageObject\",\"inLanguage\":\"es\",\"@id\":\"https:\/\/gatodumas.com.co\/barranquilla\/producto\/diplomado-tecnicas-basicas-cocina-pasteleria-y-panaderia\/#primaryimage\",\"url\":\"https:\/\/gatodumas.com.co\/barranquilla\/wp-content\/uploads\/sites\/3\/2024\/02\/diplomado_cocina_pasteleria_panaderia_06_02_24-2.jpg\",\"contentUrl\":\"https:\/\/gatodumas.com.co\/barranquilla\/wp-content\/uploads\/sites\/3\/2024\/02\/diplomado_cocina_pasteleria_panaderia_06_02_24-2.jpg\",\"width\":1080,\"height\":1080},{\"@type\":\"BreadcrumbList\",\"@id\":\"https:\/\/gatodumas.com.co\/barranquilla\/producto\/diplomado-tecnicas-basicas-cocina-pasteleria-y-panaderia\/#breadcrumb\",\"itemListElement\":[{\"@type\":\"ListItem\",\"position\":1,\"name\":\"Portada\",\"item\":\"https:\/\/gatodumas.com.co\/barranquilla\/\"},{\"@type\":\"ListItem\",\"position\":2,\"name\":\"Productos\",\"item\":\"https:\/\/gatodumas.com.co\/barranquilla\/shop\/\"},{\"@type\":\"ListItem\",\"position\":3,\"name\":\"Diplomado T\u00e9cnicas B\u00e1sicas Cocina, Pasteler\u00eda y Panader\u00eda\"}]},{\"@type\":\"WebSite\",\"@id\":\"https:\/\/gatodumas.com.co\/barranquilla\/#website\",\"url\":\"https:\/\/gatodumas.com.co\/barranquilla\/\",\"name\":\"Gato Dumas Barranquilla\",\"description\":\"\",\"publisher\":{\"@id\":\"https:\/\/gatodumas.com.co\/barranquilla\/#organization\"},\"potentialAction\":[{\"@type\":\"SearchAction\",\"target\":{\"@type\":\"EntryPoint\",\"urlTemplate\":\"https:\/\/gatodumas.com.co\/barranquilla\/?s={search_term_string}\"},\"query-input\":{\"@type\":\"PropertyValueSpecification\",\"valueRequired\":true,\"valueName\":\"search_term_string\"}}],\"inLanguage\":\"es\"},{\"@type\":\"Organization\",\"@id\":\"https:\/\/gatodumas.com.co\/barranquilla\/#organization\",\"name\":\"Gato Dumas Barranquilla\",\"url\":\"https:\/\/gatodumas.com.co\/barranquilla\/\",\"logo\":{\"@type\":\"ImageObject\",\"inLanguage\":\"es\",\"@id\":\"https:\/\/gatodumas.com.co\/barranquilla\/#\/schema\/logo\/image\/\",\"url\":\"https:\/\/gatodumas.com.co\/barranquilla\/wp-content\/uploads\/sites\/3\/2024\/03\/cropped-dumas-negro-01-1-1.png\",\"contentUrl\":\"https:\/\/gatodumas.com.co\/barranquilla\/wp-content\/uploads\/sites\/3\/2024\/03\/cropped-dumas-negro-01-1-1.png\",\"width\":2496,\"height\":854,\"caption\":\"Gato Dumas Barranquilla\"},\"image\":{\"@id\":\"https:\/\/gatodumas.com.co\/barranquilla\/#\/schema\/logo\/image\/\"}}]}<\/script>\n<!-- \/ Yoast SEO plugin. -->","yoast_head_json":{"title":"Diplomado T\u00e9cnicas B\u00e1sicas Cocina, Pasteler\u00eda y Panader\u00eda - Gato Dumas Barranquilla","robots":{"index":"index","follow":"follow","max-snippet":"max-snippet:-1","max-image-preview":"max-image-preview:large","max-video-preview":"max-video-preview:-1"},"canonical":"https:\/\/gatodumas.com.co\/barranquilla\/producto\/diplomado-tecnicas-basicas-cocina-pasteleria-y-panaderia\/","og_locale":"es_ES","og_type":"article","og_title":"Diplomado T\u00e9cnicas B\u00e1sicas Cocina, Pasteler\u00eda y Panader\u00eda - Gato Dumas Barranquilla","og_description":"[vc_row equal_height=\u00bbyes\u00bb content_placement=\u00bbmiddle\u00bb el_class=\u00bbinfo-pro\u00bb][vc_column width=\u00bb4\/12&#8243;][vc_raw_html]JTNDaWZyYW1lJTIwd2lkdGglM0QlMjIzMzYlMjIlMjBoZWlnaHQlM0QlMjI1OTclMjIlMjBzcmMlM0QlMjJodHRwcyUzQSUyRiUyRnd3dy55b3V0dWJlLmNvbSUyRmVtYmVkJTJGdzlPbkVtU3BVOW8lMjIlMjB0aXRsZSUzRCUyMkNvY2luYSUyMiUyMGZyYW1lYm9yZGVyJTNEJTIyMCUyMiUyMGFsbG93JTNEJTIyYWNjZWxlcm9tZXRlciUzQiUyMGF1dG9wbGF5JTNCJTIwY2xpcGJvYXJkLXdyaXRlJTNCJTIwZW5jcnlwdGVkLW1lZGlhJTNCJTIwZ3lyb3Njb3BlJTNCJTIwcGljdHVyZS1pbi1waWN0dXJlJTNCJTIwd2ViLXNoYXJlJTIyJTIwYWxsb3dmdWxsc2NyZWVuJTNFJTNDJTJGaWZyYW1lJTNF[\/vc_raw_html][\/vc_column][vc_column width=\u00bb8\/12&#8243;][vc_custom_heading text=\u00bbTemario\u00bb use_theme_fonts=\u00bbyes\u00bb el_class=\u00bblinea-titulos-principal mb mt\u00bb][vc_tta_tour][vc_tta_section title=\u00bbCocina\u00bb tab_id=\u00bbcocina\u00bb el_class=\u00bbfuente-verde-oscuro\u00bb][vc_column_text css=\u00bb\u00bb]Res \u2013 Aves Tournedos grillados, croquetas de papa criolla y reducci\u00f3n de bals\u00e1mico. Suprema de Pollo Rellena con Verduras, Salsa de Queso Azul, y tejas de pl\u00e1tano Bife de chorizo con Salsa \u00c1cida de Vino Tinto y vegetales calientes Pescado Cerdo ... Leer m\u00e1s","og_url":"https:\/\/gatodumas.com.co\/barranquilla\/producto\/diplomado-tecnicas-basicas-cocina-pasteleria-y-panaderia\/","og_site_name":"Gato Dumas Barranquilla","article_modified_time":"2026-02-03T20:34:50+00:00","og_image":[{"width":1080,"height":1080,"url":"https:\/\/gatodumas.com.co\/barranquilla\/wp-content\/uploads\/sites\/3\/2024\/02\/diplomado_cocina_pasteleria_panaderia_06_02_24-2.jpg","type":"image\/jpeg"}],"twitter_card":"summary_large_image","twitter_misc":{"Tiempo de lectura":"2 minutos"},"schema":{"@context":"https:\/\/schema.org","@graph":[{"@type":"WebPage","@id":"https:\/\/gatodumas.com.co\/barranquilla\/producto\/diplomado-tecnicas-basicas-cocina-pasteleria-y-panaderia\/","url":"https:\/\/gatodumas.com.co\/barranquilla\/producto\/diplomado-tecnicas-basicas-cocina-pasteleria-y-panaderia\/","name":"Diplomado T\u00e9cnicas B\u00e1sicas Cocina, Pasteler\u00eda y Panader\u00eda - Gato Dumas Barranquilla","isPartOf":{"@id":"https:\/\/gatodumas.com.co\/barranquilla\/#website"},"primaryImageOfPage":{"@id":"https:\/\/gatodumas.com.co\/barranquilla\/producto\/diplomado-tecnicas-basicas-cocina-pasteleria-y-panaderia\/#primaryimage"},"image":{"@id":"https:\/\/gatodumas.com.co\/barranquilla\/producto\/diplomado-tecnicas-basicas-cocina-pasteleria-y-panaderia\/#primaryimage"},"thumbnailUrl":"https:\/\/gatodumas.com.co\/barranquilla\/wp-content\/uploads\/sites\/3\/2024\/02\/diplomado_cocina_pasteleria_panaderia_06_02_24-2.jpg","datePublished":"2024-02-06T14:54:57+00:00","dateModified":"2026-02-03T20:34:50+00:00","breadcrumb":{"@id":"https:\/\/gatodumas.com.co\/barranquilla\/producto\/diplomado-tecnicas-basicas-cocina-pasteleria-y-panaderia\/#breadcrumb"},"inLanguage":"es","potentialAction":[{"@type":"ReadAction","target":["https:\/\/gatodumas.com.co\/barranquilla\/producto\/diplomado-tecnicas-basicas-cocina-pasteleria-y-panaderia\/"]}]},{"@type":"ImageObject","inLanguage":"es","@id":"https:\/\/gatodumas.com.co\/barranquilla\/producto\/diplomado-tecnicas-basicas-cocina-pasteleria-y-panaderia\/#primaryimage","url":"https:\/\/gatodumas.com.co\/barranquilla\/wp-content\/uploads\/sites\/3\/2024\/02\/diplomado_cocina_pasteleria_panaderia_06_02_24-2.jpg","contentUrl":"https:\/\/gatodumas.com.co\/barranquilla\/wp-content\/uploads\/sites\/3\/2024\/02\/diplomado_cocina_pasteleria_panaderia_06_02_24-2.jpg","width":1080,"height":1080},{"@type":"BreadcrumbList","@id":"https:\/\/gatodumas.com.co\/barranquilla\/producto\/diplomado-tecnicas-basicas-cocina-pasteleria-y-panaderia\/#breadcrumb","itemListElement":[{"@type":"ListItem","position":1,"name":"Portada","item":"https:\/\/gatodumas.com.co\/barranquilla\/"},{"@type":"ListItem","position":2,"name":"Productos","item":"https:\/\/gatodumas.com.co\/barranquilla\/shop\/"},{"@type":"ListItem","position":3,"name":"Diplomado T\u00e9cnicas B\u00e1sicas Cocina, Pasteler\u00eda y Panader\u00eda"}]},{"@type":"WebSite","@id":"https:\/\/gatodumas.com.co\/barranquilla\/#website","url":"https:\/\/gatodumas.com.co\/barranquilla\/","name":"Gato Dumas Barranquilla","description":"","publisher":{"@id":"https:\/\/gatodumas.com.co\/barranquilla\/#organization"},"potentialAction":[{"@type":"SearchAction","target":{"@type":"EntryPoint","urlTemplate":"https:\/\/gatodumas.com.co\/barranquilla\/?s={search_term_string}"},"query-input":{"@type":"PropertyValueSpecification","valueRequired":true,"valueName":"search_term_string"}}],"inLanguage":"es"},{"@type":"Organization","@id":"https:\/\/gatodumas.com.co\/barranquilla\/#organization","name":"Gato Dumas Barranquilla","url":"https:\/\/gatodumas.com.co\/barranquilla\/","logo":{"@type":"ImageObject","inLanguage":"es","@id":"https:\/\/gatodumas.com.co\/barranquilla\/#\/schema\/logo\/image\/","url":"https:\/\/gatodumas.com.co\/barranquilla\/wp-content\/uploads\/sites\/3\/2024\/03\/cropped-dumas-negro-01-1-1.png","contentUrl":"https:\/\/gatodumas.com.co\/barranquilla\/wp-content\/uploads\/sites\/3\/2024\/03\/cropped-dumas-negro-01-1-1.png","width":2496,"height":854,"caption":"Gato Dumas Barranquilla"},"image":{"@id":"https:\/\/gatodumas.com.co\/barranquilla\/#\/schema\/logo\/image\/"}}]}},"_links":{"self":[{"href":"https:\/\/gatodumas.com.co\/barranquilla\/wp-json\/wp\/v2\/product\/15056","targetHints":{"allow":["GET"]}}],"collection":[{"href":"https:\/\/gatodumas.com.co\/barranquilla\/wp-json\/wp\/v2\/product"}],"about":[{"href":"https:\/\/gatodumas.com.co\/barranquilla\/wp-json\/wp\/v2\/types\/product"}],"replies":[{"embeddable":true,"href":"https:\/\/gatodumas.com.co\/barranquilla\/wp-json\/wp\/v2\/comments?post=15056"}],"wp:featuredmedia":[{"embeddable":true,"href":"https:\/\/gatodumas.com.co\/barranquilla\/wp-json\/wp\/v2\/media\/16449"}],"wp:attachment":[{"href":"https:\/\/gatodumas.com.co\/barranquilla\/wp-json\/wp\/v2\/media?parent=15056"}],"wp:term":[{"taxonomy":"product_brand","embeddable":true,"href":"https:\/\/gatodumas.com.co\/barranquilla\/wp-json\/wp\/v2\/product_brand?post=15056"},{"taxonomy":"product_cat","embeddable":true,"href":"https:\/\/gatodumas.com.co\/barranquilla\/wp-json\/wp\/v2\/product_cat?post=15056"},{"taxonomy":"product_tag","embeddable":true,"href":"https:\/\/gatodumas.com.co\/barranquilla\/wp-json\/wp\/v2\/product_tag?post=15056"}],"curies":[{"name":"wp","href":"https:\/\/api.w.org\/{rel}","templated":true}]}}