{"id":15045,"date":"2024-03-07T16:31:50","date_gmt":"2024-03-07T15:31:50","guid":{"rendered":"https:\/\/pruebas.egt.com.co\/gatodumas\/bogota\/carrito\/"},"modified":"2024-03-07T16:31:50","modified_gmt":"2024-03-07T15:31:50","slug":"carrito","status":"publish","type":"page","link":"https:\/\/gatodumas.com.co\/bogota\/carrito\/","title":{"rendered":"Carrito"},"content":{"rendered":"\n<div data-block-name=\"woocommerce\/cart\" class=\"wp-block-woocommerce-cart alignwide is-loading\">\n<div data-block-name=\"woocommerce\/filled-cart-block\" class=\"wp-block-woocommerce-filled-cart-block\">\n<div data-block-name=\"woocommerce\/cart-items-block\" class=\"wp-block-woocommerce-cart-items-block\">\n<div data-block-name=\"woocommerce\/cart-line-items-block\" class=\"wp-block-woocommerce-cart-line-items-block\"><\/div>\n\n\n\n<div data-block-name=\"woocommerce\/cart-cross-sells-block\" class=\"wp-block-woocommerce-cart-cross-sells-block\">\n<h2 class=\"wp-block-heading has-large-font-size\">Puede que te interese\u2026<\/h2>\n\n\n\n<div data-block-name=\"woocommerce\/cart-cross-sells-products-block\" class=\"wp-block-woocommerce-cart-cross-sells-products-block\"><\/div>\n<\/div>\n<\/div>\n\n\n\n<div data-block-name=\"woocommerce\/cart-totals-block\" class=\"wp-block-woocommerce-cart-totals-block\">\n<div data-block-name=\"woocommerce\/cart-order-summary-block\" class=\"wp-block-woocommerce-cart-order-summary-block\">\n<div data-block-name=\"woocommerce\/cart-order-summary-heading-block\" class=\"wp-block-woocommerce-cart-order-summary-heading-block\"><\/div><div data-block-name=\"woocommerce\/cart-order-summary-coupon-form-block\" class=\"wp-block-woocommerce-cart-order-summary-coupon-form-block\"><\/div><div data-block-name=\"woocommerce\/cart-order-summary-totals-block\" class=\"wp-block-woocommerce-cart-order-summary-totals-block\">\n<div data-block-name=\"woocommerce\/cart-order-summary-subtotal-block\" class=\"wp-block-woocommerce-cart-order-summary-subtotal-block\"><\/div>\n<div data-block-name=\"woocommerce\/cart-order-summary-discount-block\" class=\"wp-block-woocommerce-cart-order-summary-discount-block\"><\/div>\n<div data-block-name=\"woocommerce\/cart-order-summary-fee-block\" class=\"wp-block-woocommerce-cart-order-summary-fee-block\"><\/div>\n<div data-block-name=\"woocommerce\/cart-order-summary-shipping-block\" class=\"wp-block-woocommerce-cart-order-summary-shipping-block\"><\/div>\n<div data-block-name=\"woocommerce\/cart-order-summary-taxes-block\" class=\"wp-block-woocommerce-cart-order-summary-taxes-block\"><\/div><\/div>\n<\/div>\n\n\n\n<div data-block-name=\"woocommerce\/cart-express-payment-block\" class=\"wp-block-woocommerce-cart-express-payment-block\"><\/div>\n\n\n\n<div data-block-name=\"woocommerce\/proceed-to-checkout-block\" class=\"wp-block-woocommerce-proceed-to-checkout-block\"><\/div>\n\n\n\n<div data-block-name=\"woocommerce\/cart-accepted-payment-methods-block\" class=\"wp-block-woocommerce-cart-accepted-payment-methods-block\"><\/div>\n<\/div>\n<\/div>\n\n\n\n<div data-block-name=\"woocommerce\/empty-cart-block\" class=\"wp-block-woocommerce-empty-cart-block\">\n<h2 class=\"wp-block-heading has-text-align-center with-empty-cart-icon wc-block-cart__empty-cart__title\">\u00a1Tu carrito est\u00e1 actualmente vac\u00edo!<\/h2>\n\n\n\n<hr class=\"wp-block-separator has-alpha-channel-opacity is-style-dots\"\/>\n\n\n\n<h2 class=\"wp-block-heading has-text-align-center\">Nuevo en la tienda<\/h2>\n\n\n<div data-block-name=\"woocommerce\/product-new\" data-columns=\"4\" data-rows=\"1\" class=\"wc-block-grid wp-block-product-new wp-block-woocommerce-product-new wc-block-product-new has-4-columns\"><ul class=\"wc-block-grid__products\"><li class=\"wc-block-grid__product\">\n\t\t\t\t<a href=\"https:\/\/gatodumas.com.co\/bogota\/producto\/curso-callejeros-colombianos\/\" class=\"wc-block-grid__product-link\">\n\t\t\t\t\t\n\t\t\t\t\t<div class=\"wc-block-grid__product-image\"><img loading=\"lazy\" decoding=\"async\" width=\"300\" height=\"300\" src=\"https:\/\/gatodumas.com.co\/bogota\/wp-content\/uploads\/sites\/2\/2026\/04\/Portada-curso-corto-CALLEJEROS-COLOMBIANOS-300x300.webp\" class=\"attachment-woocommerce_thumbnail size-woocommerce_thumbnail\" alt=\"Callejeros Colombianos\" srcset=\"https:\/\/gatodumas.com.co\/bogota\/wp-content\/uploads\/sites\/2\/2026\/04\/Portada-curso-corto-CALLEJEROS-COLOMBIANOS-300x300.webp 300w, https:\/\/gatodumas.com.co\/bogota\/wp-content\/uploads\/sites\/2\/2026\/04\/Portada-curso-corto-CALLEJEROS-COLOMBIANOS-1024x1024.webp 1024w, https:\/\/gatodumas.com.co\/bogota\/wp-content\/uploads\/sites\/2\/2026\/04\/Portada-curso-corto-CALLEJEROS-COLOMBIANOS-150x150.webp 150w, https:\/\/gatodumas.com.co\/bogota\/wp-content\/uploads\/sites\/2\/2026\/04\/Portada-curso-corto-CALLEJEROS-COLOMBIANOS-768x768.webp 768w, https:\/\/gatodumas.com.co\/bogota\/wp-content\/uploads\/sites\/2\/2026\/04\/Portada-curso-corto-CALLEJEROS-COLOMBIANOS-600x600.webp 600w, https:\/\/gatodumas.com.co\/bogota\/wp-content\/uploads\/sites\/2\/2026\/04\/Portada-curso-corto-CALLEJEROS-COLOMBIANOS-100x100.webp 100w, https:\/\/gatodumas.com.co\/bogota\/wp-content\/uploads\/sites\/2\/2026\/04\/Portada-curso-corto-CALLEJEROS-COLOMBIANOS.webp 1080w\" sizes=\"auto, (max-width: 300px) 100vw, 300px\" \/><\/div>\n\t\t\t\t\t<div class=\"wc-block-grid__product-title\">Callejeros Colombianos<\/div>\n\t\t\t\t<\/a>\n\t\t\t\t<div class=\"wc-block-grid__product-price price\"><span class=\"woocommerce-Price-amount amount\"><span class=\"woocommerce-Price-currencySymbol\">&#036;<\/span>810,000<\/span><\/div>\n\t\t\t\t\n\t\t\t\t<div class=\"wp-block-button wc-block-grid__product-add-to-cart\"><a href=\"\/bogota\/wp-json\/wp\/v2\/pages\/15045?add-to-cart=28181\" aria-label=\"A\u00f1adir al carrito: &ldquo;Callejeros Colombianos&rdquo;\" data-quantity=\"1\" data-product_id=\"28181\" data-product_sku=\"\" data-price=\"810000\" rel=\"nofollow\" class=\"wp-block-button__link  add_to_cart_button ajax_add_to_cart\">A\u00f1adir al carrito<\/a><\/div>\n\t\t\t<\/li><li class=\"wc-block-grid__product\">\n\t\t\t\t<a href=\"https:\/\/gatodumas.com.co\/bogota\/producto\/clase-chef-kids-cocina-juega-y-aprende\/\" class=\"wc-block-grid__product-link\">\n\t\t\t\t\t\n\t\t\t\t\t<div class=\"wc-block-grid__product-image\"><img loading=\"lazy\" decoding=\"async\" width=\"300\" height=\"300\" src=\"https:\/\/gatodumas.com.co\/bogota\/wp-content\/uploads\/sites\/2\/2026\/03\/Portada-curso-corto-CHEF-KIDS-COCINA-JUEGA-Y-APRENDE-300x300.webp\" class=\"attachment-woocommerce_thumbnail size-woocommerce_thumbnail\" alt=\"Chef Kids: cocina, juega y aprende\" srcset=\"https:\/\/gatodumas.com.co\/bogota\/wp-content\/uploads\/sites\/2\/2026\/03\/Portada-curso-corto-CHEF-KIDS-COCINA-JUEGA-Y-APRENDE-300x300.webp 300w, https:\/\/gatodumas.com.co\/bogota\/wp-content\/uploads\/sites\/2\/2026\/03\/Portada-curso-corto-CHEF-KIDS-COCINA-JUEGA-Y-APRENDE-1024x1024.webp 1024w, https:\/\/gatodumas.com.co\/bogota\/wp-content\/uploads\/sites\/2\/2026\/03\/Portada-curso-corto-CHEF-KIDS-COCINA-JUEGA-Y-APRENDE-150x150.webp 150w, https:\/\/gatodumas.com.co\/bogota\/wp-content\/uploads\/sites\/2\/2026\/03\/Portada-curso-corto-CHEF-KIDS-COCINA-JUEGA-Y-APRENDE-768x768.webp 768w, https:\/\/gatodumas.com.co\/bogota\/wp-content\/uploads\/sites\/2\/2026\/03\/Portada-curso-corto-CHEF-KIDS-COCINA-JUEGA-Y-APRENDE-600x600.webp 600w, https:\/\/gatodumas.com.co\/bogota\/wp-content\/uploads\/sites\/2\/2026\/03\/Portada-curso-corto-CHEF-KIDS-COCINA-JUEGA-Y-APRENDE-100x100.webp 100w, https:\/\/gatodumas.com.co\/bogota\/wp-content\/uploads\/sites\/2\/2026\/03\/Portada-curso-corto-CHEF-KIDS-COCINA-JUEGA-Y-APRENDE.webp 1080w\" sizes=\"auto, (max-width: 300px) 100vw, 300px\" \/><\/div>\n\t\t\t\t\t<div class=\"wc-block-grid__product-title\">Chef Kids: cocina, juega y aprende<\/div>\n\t\t\t\t<\/a>\n\t\t\t\t<div class=\"wc-block-grid__product-price price\"><span class=\"woocommerce-Price-amount amount\"><span class=\"woocommerce-Price-currencySymbol\">&#036;<\/span>260,000<\/span><\/div>\n\t\t\t\t\n\t\t\t\t<div class=\"wp-block-button wc-block-grid__product-add-to-cart\"><a href=\"\/bogota\/wp-json\/wp\/v2\/pages\/15045?add-to-cart=27710\" aria-label=\"A\u00f1adir al carrito: &ldquo;Chef Kids: cocina, juega y aprende&rdquo;\" data-quantity=\"1\" data-product_id=\"27710\" data-product_sku=\"\" data-price=\"260000\" rel=\"nofollow\" class=\"wp-block-button__link  add_to_cart_button ajax_add_to_cart\">A\u00f1adir al carrito<\/a><\/div>\n\t\t\t<\/li><li class=\"wc-block-grid__product\">\n\t\t\t\t<a href=\"https:\/\/gatodumas.com.co\/bogota\/producto\/diplomado-de-cocina-pasteleria-panaderia-desde-cero\/\" class=\"wc-block-grid__product-link\">\n\t\t\t\t\t\n\t\t\t\t\t<div class=\"wc-block-grid__product-image\"><img loading=\"lazy\" decoding=\"async\" width=\"300\" height=\"300\" src=\"https:\/\/gatodumas.com.co\/bogota\/wp-content\/uploads\/sites\/2\/2026\/02\/Portada-diplomado-DE-COCINA-PASTELERIA-Y-PANADERIA-DESDE-CERO-300x300.webp\" class=\"attachment-woocommerce_thumbnail size-woocommerce_thumbnail\" alt=\"Diplomado de Cocina, Pasteler\u00eda y Panader\u00eda desde cero\" srcset=\"https:\/\/gatodumas.com.co\/bogota\/wp-content\/uploads\/sites\/2\/2026\/02\/Portada-diplomado-DE-COCINA-PASTELERIA-Y-PANADERIA-DESDE-CERO-300x300.webp 300w, https:\/\/gatodumas.com.co\/bogota\/wp-content\/uploads\/sites\/2\/2026\/02\/Portada-diplomado-DE-COCINA-PASTELERIA-Y-PANADERIA-DESDE-CERO-1024x1024.webp 1024w, https:\/\/gatodumas.com.co\/bogota\/wp-content\/uploads\/sites\/2\/2026\/02\/Portada-diplomado-DE-COCINA-PASTELERIA-Y-PANADERIA-DESDE-CERO-150x150.webp 150w, https:\/\/gatodumas.com.co\/bogota\/wp-content\/uploads\/sites\/2\/2026\/02\/Portada-diplomado-DE-COCINA-PASTELERIA-Y-PANADERIA-DESDE-CERO-768x768.webp 768w, https:\/\/gatodumas.com.co\/bogota\/wp-content\/uploads\/sites\/2\/2026\/02\/Portada-diplomado-DE-COCINA-PASTELERIA-Y-PANADERIA-DESDE-CERO-600x600.webp 600w, https:\/\/gatodumas.com.co\/bogota\/wp-content\/uploads\/sites\/2\/2026\/02\/Portada-diplomado-DE-COCINA-PASTELERIA-Y-PANADERIA-DESDE-CERO-100x100.webp 100w, https:\/\/gatodumas.com.co\/bogota\/wp-content\/uploads\/sites\/2\/2026\/02\/Portada-diplomado-DE-COCINA-PASTELERIA-Y-PANADERIA-DESDE-CERO.webp 1080w\" sizes=\"auto, (max-width: 300px) 100vw, 300px\" \/><\/div>\n\t\t\t\t\t<div class=\"wc-block-grid__product-title\">Diplomado de Cocina, Pasteler\u00eda y Panader\u00eda desde cero<\/div>\n\t\t\t\t<\/a>\n\t\t\t\t<div class=\"wc-block-grid__product-price price\"><span class=\"woocommerce-Price-amount amount\"><span class=\"woocommerce-Price-currencySymbol\">&#036;<\/span>2,000,000<\/span><\/div>\n\t\t\t\t\n\t\t\t\t<div class=\"wp-block-button wc-block-grid__product-add-to-cart\"><a href=\"\/bogota\/wp-json\/wp\/v2\/pages\/15045?add-to-cart=27619\" aria-label=\"A\u00f1adir al carrito: &ldquo;Diplomado de Cocina, Pasteler\u00eda y Panader\u00eda desde cero&rdquo;\" data-quantity=\"1\" data-product_id=\"27619\" data-product_sku=\"\" data-price=\"2000000\" rel=\"nofollow\" class=\"wp-block-button__link  add_to_cart_button ajax_add_to_cart\">A\u00f1adir al carrito<\/a><\/div>\n\t\t\t<\/li><li class=\"wc-block-grid__product\">\n\t\t\t\t<a href=\"https:\/\/gatodumas.com.co\/bogota\/producto\/curso-de-la-intuicion-a-la-estrategia\/\" class=\"wc-block-grid__product-link\">\n\t\t\t\t\t\n\t\t\t\t\t<div class=\"wc-block-grid__product-image\"><img loading=\"lazy\" decoding=\"async\" width=\"300\" height=\"300\" src=\"https:\/\/gatodumas.com.co\/bogota\/wp-content\/uploads\/sites\/2\/2026\/02\/Portada-curso-corto-DE-LA-INTUICION-A-LA-ESTRATEGIA-300x300.webp\" class=\"attachment-woocommerce_thumbnail size-woocommerce_thumbnail\" alt=\"De la intuici\u00f3n a la Estrategia: Aceleraci\u00f3n de Negocios Gastron\u00f3micos.\" srcset=\"https:\/\/gatodumas.com.co\/bogota\/wp-content\/uploads\/sites\/2\/2026\/02\/Portada-curso-corto-DE-LA-INTUICION-A-LA-ESTRATEGIA-300x300.webp 300w, https:\/\/gatodumas.com.co\/bogota\/wp-content\/uploads\/sites\/2\/2026\/02\/Portada-curso-corto-DE-LA-INTUICION-A-LA-ESTRATEGIA-1024x1024.webp 1024w, https:\/\/gatodumas.com.co\/bogota\/wp-content\/uploads\/sites\/2\/2026\/02\/Portada-curso-corto-DE-LA-INTUICION-A-LA-ESTRATEGIA-150x150.webp 150w, https:\/\/gatodumas.com.co\/bogota\/wp-content\/uploads\/sites\/2\/2026\/02\/Portada-curso-corto-DE-LA-INTUICION-A-LA-ESTRATEGIA-768x768.webp 768w, https:\/\/gatodumas.com.co\/bogota\/wp-content\/uploads\/sites\/2\/2026\/02\/Portada-curso-corto-DE-LA-INTUICION-A-LA-ESTRATEGIA-600x600.webp 600w, https:\/\/gatodumas.com.co\/bogota\/wp-content\/uploads\/sites\/2\/2026\/02\/Portada-curso-corto-DE-LA-INTUICION-A-LA-ESTRATEGIA-100x100.webp 100w, https:\/\/gatodumas.com.co\/bogota\/wp-content\/uploads\/sites\/2\/2026\/02\/Portada-curso-corto-DE-LA-INTUICION-A-LA-ESTRATEGIA.webp 1080w\" sizes=\"auto, (max-width: 300px) 100vw, 300px\" \/><\/div>\n\t\t\t\t\t<div class=\"wc-block-grid__product-title\">De la intuici\u00f3n a la Estrategia: Aceleraci\u00f3n de Negocios Gastron\u00f3micos.<\/div>\n\t\t\t\t<\/a>\n\t\t\t\t<div class=\"wc-block-grid__product-price price\"><span class=\"woocommerce-Price-amount amount\"><span class=\"woocommerce-Price-currencySymbol\">&#036;<\/span>950,000<\/span><\/div>\n\t\t\t\t\n\t\t\t\t<div class=\"wp-block-button wc-block-grid__product-add-to-cart\"><a href=\"\/bogota\/wp-json\/wp\/v2\/pages\/15045?add-to-cart=27427\" aria-label=\"A\u00f1adir al carrito: &ldquo;De la intuici\u00f3n a la Estrategia: Aceleraci\u00f3n de Negocios Gastron\u00f3micos.&rdquo;\" data-quantity=\"1\" data-product_id=\"27427\" data-product_sku=\"\" data-price=\"950000\" rel=\"nofollow\" class=\"wp-block-button__link  add_to_cart_button ajax_add_to_cart\">A\u00f1adir al carrito<\/a><\/div>\n\t\t\t<\/li><\/ul><\/div><\/div>\n<\/div>\n","protected":false},"excerpt":{"rendered":"Puede que te interese\u2026 \u00a1Tu carrito est\u00e1 actualmente vac\u00edo! Nuevo en la tienda","protected":false},"author":1,"featured_media":0,"parent":0,"menu_order":0,"comment_status":"closed","ping_status":"closed","template":"","meta":{"_acf_changed":false,"footnotes":""},"class_list":["post-15045","page","type-page","status-publish"],"acf":[],"yoast_head":"<!-- This site is optimized with the Yoast SEO plugin v25.9 - https:\/\/yoast.com\/wordpress\/plugins\/seo\/ -->\n<title>Carrito - Gato Dumas Bogot\u00e1<\/title>\n<meta name=\"robots\" content=\"index, follow, max-snippet:-1, max-image-preview:large, max-video-preview:-1\" \/>\n<link rel=\"canonical\" href=\"https:\/\/gatodumas.com.co\/bogota\/carrito\/\" \/>\n<meta property=\"og:locale\" content=\"es_ES\" \/>\n<meta property=\"og:type\" content=\"article\" \/>\n<meta property=\"og:title\" content=\"Carrito - Gato Dumas Bogot\u00e1\" \/>\n<meta property=\"og:url\" content=\"https:\/\/gatodumas.com.co\/bogota\/carrito\/\" \/>\n<meta property=\"og:site_name\" content=\"Gato Dumas Bogot\u00e1\" \/>\n<meta name=\"twitter:card\" content=\"summary_large_image\" \/>\n<script type=\"application\/ld+json\" class=\"yoast-schema-graph\">{\"@context\":\"https:\/\/schema.org\",\"@graph\":[{\"@type\":\"WebPage\",\"@id\":\"https:\/\/gatodumas.com.co\/bogota\/carrito\/\",\"url\":\"https:\/\/gatodumas.com.co\/bogota\/carrito\/\",\"name\":\"Carrito - Gato Dumas Bogot\u00e1\",\"isPartOf\":{\"@id\":\"https:\/\/gatodumas.com.co\/bogota\/#website\"},\"datePublished\":\"2024-03-07T15:31:50+00:00\",\"breadcrumb\":{\"@id\":\"https:\/\/gatodumas.com.co\/bogota\/carrito\/#breadcrumb\"},\"inLanguage\":\"es\",\"potentialAction\":[{\"@type\":\"ReadAction\",\"target\":[\"https:\/\/gatodumas.com.co\/bogota\/carrito\/\"]}]},{\"@type\":\"BreadcrumbList\",\"@id\":\"https:\/\/gatodumas.com.co\/bogota\/carrito\/#breadcrumb\",\"itemListElement\":[{\"@type\":\"ListItem\",\"position\":1,\"name\":\"Portada\",\"item\":\"https:\/\/gatodumas.com.co\/bogota\/\"},{\"@type\":\"ListItem\",\"position\":2,\"name\":\"Carrito\"}]},{\"@type\":\"WebSite\",\"@id\":\"https:\/\/gatodumas.com.co\/bogota\/#website\",\"url\":\"https:\/\/gatodumas.com.co\/bogota\/\",\"name\":\"Gato Dumas Bogot\u00e1\",\"description\":\"bogota\",\"publisher\":{\"@id\":\"https:\/\/gatodumas.com.co\/bogota\/#organization\"},\"potentialAction\":[{\"@type\":\"SearchAction\",\"target\":{\"@type\":\"EntryPoint\",\"urlTemplate\":\"https:\/\/gatodumas.com.co\/bogota\/?s={search_term_string}\"},\"query-input\":{\"@type\":\"PropertyValueSpecification\",\"valueRequired\":true,\"valueName\":\"search_term_string\"}}],\"inLanguage\":\"es\"},{\"@type\":\"Organization\",\"@id\":\"https:\/\/gatodumas.com.co\/bogota\/#organization\",\"name\":\"Gato Dumas Bogot\u00e1\",\"url\":\"https:\/\/gatodumas.com.co\/bogota\/\",\"logo\":{\"@type\":\"ImageObject\",\"inLanguage\":\"es\",\"@id\":\"https:\/\/gatodumas.com.co\/bogota\/#\/schema\/logo\/image\/\",\"url\":\"https:\/\/gatodumas.com.co\/bogota\/wp-content\/uploads\/sites\/2\/2024\/02\/cropped-dumas-negro-01-1.png\",\"contentUrl\":\"https:\/\/gatodumas.com.co\/bogota\/wp-content\/uploads\/sites\/2\/2024\/02\/cropped-dumas-negro-01-1.png\",\"width\":2497,\"height\":956,\"caption\":\"Gato Dumas Bogot\u00e1\"},\"image\":{\"@id\":\"https:\/\/gatodumas.com.co\/bogota\/#\/schema\/logo\/image\/\"}}]}<\/script>\n<!-- \/ Yoast SEO plugin. -->","yoast_head_json":{"title":"Carrito - Gato Dumas Bogot\u00e1","robots":{"index":"index","follow":"follow","max-snippet":"max-snippet:-1","max-image-preview":"max-image-preview:large","max-video-preview":"max-video-preview:-1"},"canonical":"https:\/\/gatodumas.com.co\/bogota\/carrito\/","og_locale":"es_ES","og_type":"article","og_title":"Carrito - Gato Dumas Bogot\u00e1","og_url":"https:\/\/gatodumas.com.co\/bogota\/carrito\/","og_site_name":"Gato Dumas Bogot\u00e1","twitter_card":"summary_large_image","schema":{"@context":"https:\/\/schema.org","@graph":[{"@type":"WebPage","@id":"https:\/\/gatodumas.com.co\/bogota\/carrito\/","url":"https:\/\/gatodumas.com.co\/bogota\/carrito\/","name":"Carrito - Gato Dumas Bogot\u00e1","isPartOf":{"@id":"https:\/\/gatodumas.com.co\/bogota\/#website"},"datePublished":"2024-03-07T15:31:50+00:00","breadcrumb":{"@id":"https:\/\/gatodumas.com.co\/bogota\/carrito\/#breadcrumb"},"inLanguage":"es","potentialAction":[{"@type":"ReadAction","target":["https:\/\/gatodumas.com.co\/bogota\/carrito\/"]}]},{"@type":"BreadcrumbList","@id":"https:\/\/gatodumas.com.co\/bogota\/carrito\/#breadcrumb","itemListElement":[{"@type":"ListItem","position":1,"name":"Portada","item":"https:\/\/gatodumas.com.co\/bogota\/"},{"@type":"ListItem","position":2,"name":"Carrito"}]},{"@type":"WebSite","@id":"https:\/\/gatodumas.com.co\/bogota\/#website","url":"https:\/\/gatodumas.com.co\/bogota\/","name":"Gato Dumas Bogot\u00e1","description":"bogota","publisher":{"@id":"https:\/\/gatodumas.com.co\/bogota\/#organization"},"potentialAction":[{"@type":"SearchAction","target":{"@type":"EntryPoint","urlTemplate":"https:\/\/gatodumas.com.co\/bogota\/?s={search_term_string}"},"query-input":{"@type":"PropertyValueSpecification","valueRequired":true,"valueName":"search_term_string"}}],"inLanguage":"es"},{"@type":"Organization","@id":"https:\/\/gatodumas.com.co\/bogota\/#organization","name":"Gato Dumas Bogot\u00e1","url":"https:\/\/gatodumas.com.co\/bogota\/","logo":{"@type":"ImageObject","inLanguage":"es","@id":"https:\/\/gatodumas.com.co\/bogota\/#\/schema\/logo\/image\/","url":"https:\/\/gatodumas.com.co\/bogota\/wp-content\/uploads\/sites\/2\/2024\/02\/cropped-dumas-negro-01-1.png","contentUrl":"https:\/\/gatodumas.com.co\/bogota\/wp-content\/uploads\/sites\/2\/2024\/02\/cropped-dumas-negro-01-1.png","width":2497,"height":956,"caption":"Gato Dumas Bogot\u00e1"},"image":{"@id":"https:\/\/gatodumas.com.co\/bogota\/#\/schema\/logo\/image\/"}}]}},"_links":{"self":[{"href":"https:\/\/gatodumas.com.co\/bogota\/wp-json\/wp\/v2\/pages\/15045","targetHints":{"allow":["GET"]}}],"collection":[{"href":"https:\/\/gatodumas.com.co\/bogota\/wp-json\/wp\/v2\/pages"}],"about":[{"href":"https:\/\/gatodumas.com.co\/bogota\/wp-json\/wp\/v2\/types\/page"}],"author":[{"embeddable":true,"href":"https:\/\/gatodumas.com.co\/bogota\/wp-json\/wp\/v2\/users\/1"}],"replies":[{"embeddable":true,"href":"https:\/\/gatodumas.com.co\/bogota\/wp-json\/wp\/v2\/comments?post=15045"}],"version-history":[{"count":0,"href":"https:\/\/gatodumas.com.co\/bogota\/wp-json\/wp\/v2\/pages\/15045\/revisions"}],"wp:attachment":[{"href":"https:\/\/gatodumas.com.co\/bogota\/wp-json\/wp\/v2\/media?parent=15045"}],"curies":[{"name":"wp","href":"https:\/\/api.w.org\/{rel}","templated":true}]}}