{"id":24979,"date":"2025-08-03T17:09:17","date_gmt":"2025-08-03T15:09:17","guid":{"rendered":"https:\/\/gatodumas.com.co\/bogota\/?page_id=24979"},"modified":"2025-12-05T16:49:38","modified_gmt":"2025-12-05T15:49:38","slug":"clases-practicas-con-thermomix","status":"publish","type":"page","link":"https:\/\/gatodumas.com.co\/bogota\/cursos-y-diplomados\/clases-practicas-con-thermomix\/","title":{"rendered":"Clases Pr\u00e1cticas con Thermomix"},"content":{"rendered":"<div class=\"wpb-content-wrapper\"><p>[vc_row][vc_column][vc_custom_heading text=\u00bbClases Pr\u00e1cticas con Thermomix\u00bb use_theme_fonts=\u00bbyes\u00bb css=\u00bb\u00bb el_class=\u00bblinea-titulos-principal\u00bb][vc_empty_space height=\u00bb15px\u00bb]<div class=\"products-listado woocommerceold  \">\r\n\t\t\t\t\t\t<ul class=\"productos \"><\/ul><\/div>[\/vc_column][\/vc_row]<\/p>\n<\/div>","protected":false},"excerpt":{"rendered":"<p>[vc_row][vc_column][vc_custom_heading text=\u00bbClases Pr\u00e1cticas con Thermomix\u00bb use_theme_fonts=\u00bbyes\u00bb css=\u00bb\u00bb el_class=\u00bblinea-titulos-principal\u00bb][vc_empty_space height=\u00bb15px\u00bb][\/vc_column][\/vc_row]<\/p>\n","protected":false},"author":4,"featured_media":0,"parent":47,"menu_order":0,"comment_status":"closed","ping_status":"closed","template":"","meta":{"_acf_changed":false,"footnotes":""},"class_list":["post-24979","page","type-page","status-publish"],"acf":[],"yoast_head":"<!-- This site is optimized with the Yoast SEO plugin v25.9 - https:\/\/yoast.com\/wordpress\/plugins\/seo\/ -->\n<title>Clases Practicas Con Thermomix en Bogot\u00e1 | Gato Dumas<\/title>\n<meta name=\"description\" content=\"Clases Pr\u00e1cticas con Thermomix y Gato Dumas Colombia. Clases Practicas Con Thermomix en Bogot\u00e1 en Gato Dumas. Programas, cursos y formaci\u00f3n profesional con instructores expertos.\" \/>\n<meta name=\"robots\" content=\"index, follow, max-snippet:-1, max-image-preview:large, max-video-preview:-1\" \/>\n<link rel=\"canonical\" href=\"https:\/\/gatodumas.com.co\/bogota\/cursos-y-diplomados\/clases-practicas-con-thermomix\/\" \/>\n<meta property=\"og:locale\" content=\"es_ES\" \/>\n<meta property=\"og:type\" content=\"article\" \/>\n<meta property=\"og:title\" content=\"Clases Practicas Con Thermomix en Bogot\u00e1 | Gato Dumas\" \/>\n<meta property=\"og:description\" content=\"Clases Pr\u00e1cticas con Thermomix y Gato Dumas Colombia. Clases Practicas Con Thermomix en Bogot\u00e1 en Gato Dumas. Programas, cursos y formaci\u00f3n profesional con instructores expertos.\" \/>\n<meta property=\"og:url\" content=\"https:\/\/gatodumas.com.co\/bogota\/cursos-y-diplomados\/clases-practicas-con-thermomix\/\" \/>\n<meta property=\"og:site_name\" content=\"Gato Dumas Bogot\u00e1\" \/>\n<meta property=\"article:modified_time\" content=\"2025-12-05T15:49:38+00:00\" \/>\n<meta name=\"twitter:card\" content=\"summary_large_image\" \/>\n<meta name=\"twitter:label1\" content=\"Tiempo de lectura\" \/>\n\t<meta name=\"twitter:data1\" content=\"1 minuto\" \/>\n<script type=\"application\/ld+json\" class=\"yoast-schema-graph\">{\"@context\":\"https:\/\/schema.org\",\"@graph\":[{\"@type\":\"WebPage\",\"@id\":\"https:\/\/gatodumas.com.co\/bogota\/cursos-y-diplomados\/clases-practicas-con-thermomix\/\",\"url\":\"https:\/\/gatodumas.com.co\/bogota\/cursos-y-diplomados\/clases-practicas-con-thermomix\/\",\"name\":\"Clases Practicas Con Thermomix en Bogot\u00e1 | Gato Dumas\",\"isPartOf\":{\"@id\":\"https:\/\/gatodumas.com.co\/bogota\/#website\"},\"datePublished\":\"2025-08-03T15:09:17+00:00\",\"dateModified\":\"2025-12-05T15:49:38+00:00\",\"description\":\"Clases Pr\u00e1cticas con Thermomix y Gato Dumas Colombia. Clases Practicas Con Thermomix en Bogot\u00e1 en Gato Dumas. Programas, cursos y formaci\u00f3n profesional con instructores expertos.\",\"breadcrumb\":{\"@id\":\"https:\/\/gatodumas.com.co\/bogota\/cursos-y-diplomados\/clases-practicas-con-thermomix\/#breadcrumb\"},\"inLanguage\":\"es\",\"potentialAction\":[{\"@type\":\"ReadAction\",\"target\":[\"https:\/\/gatodumas.com.co\/bogota\/cursos-y-diplomados\/clases-practicas-con-thermomix\/\"]}]},{\"@type\":\"BreadcrumbList\",\"@id\":\"https:\/\/gatodumas.com.co\/bogota\/cursos-y-diplomados\/clases-practicas-con-thermomix\/#breadcrumb\",\"itemListElement\":[{\"@type\":\"ListItem\",\"position\":1,\"name\":\"Portada\",\"item\":\"https:\/\/gatodumas.com.co\/bogota\/\"},{\"@type\":\"ListItem\",\"position\":2,\"name\":\"Cursos y Diplomados\",\"item\":\"https:\/\/gatodumas.com.co\/bogota\/cursos-y-diplomados\/\"},{\"@type\":\"ListItem\",\"position\":3,\"name\":\"Clases Pr\u00e1cticas con Thermomix\"}]},{\"@type\":\"WebSite\",\"@id\":\"https:\/\/gatodumas.com.co\/bogota\/#website\",\"url\":\"https:\/\/gatodumas.com.co\/bogota\/\",\"name\":\"Gato Dumas Bogot\u00e1\",\"description\":\"bogota\",\"publisher\":{\"@id\":\"https:\/\/gatodumas.com.co\/bogota\/#organization\"},\"potentialAction\":[{\"@type\":\"SearchAction\",\"target\":{\"@type\":\"EntryPoint\",\"urlTemplate\":\"https:\/\/gatodumas.com.co\/bogota\/?s={search_term_string}\"},\"query-input\":{\"@type\":\"PropertyValueSpecification\",\"valueRequired\":true,\"valueName\":\"search_term_string\"}}],\"inLanguage\":\"es\"},{\"@type\":\"Organization\",\"@id\":\"https:\/\/gatodumas.com.co\/bogota\/#organization\",\"name\":\"Gato Dumas Bogot\u00e1\",\"url\":\"https:\/\/gatodumas.com.co\/bogota\/\",\"logo\":{\"@type\":\"ImageObject\",\"inLanguage\":\"es\",\"@id\":\"https:\/\/gatodumas.com.co\/bogota\/#\/schema\/logo\/image\/\",\"url\":\"https:\/\/gatodumas.com.co\/bogota\/wp-content\/uploads\/sites\/2\/2024\/02\/cropped-dumas-negro-01-1.png\",\"contentUrl\":\"https:\/\/gatodumas.com.co\/bogota\/wp-content\/uploads\/sites\/2\/2024\/02\/cropped-dumas-negro-01-1.png\",\"width\":2497,\"height\":956,\"caption\":\"Gato Dumas Bogot\u00e1\"},\"image\":{\"@id\":\"https:\/\/gatodumas.com.co\/bogota\/#\/schema\/logo\/image\/\"}}]}<\/script>\n<!-- \/ Yoast SEO plugin. -->","yoast_head_json":{"title":"Clases Practicas Con Thermomix en Bogot\u00e1 | Gato Dumas","description":"Clases Pr\u00e1cticas con Thermomix y Gato Dumas Colombia. Clases Practicas Con Thermomix en Bogot\u00e1 en Gato Dumas. Programas, cursos y formaci\u00f3n profesional con instructores expertos.","robots":{"index":"index","follow":"follow","max-snippet":"max-snippet:-1","max-image-preview":"max-image-preview:large","max-video-preview":"max-video-preview:-1"},"canonical":"https:\/\/gatodumas.com.co\/bogota\/cursos-y-diplomados\/clases-practicas-con-thermomix\/","og_locale":"es_ES","og_type":"article","og_title":"Clases Practicas Con Thermomix en Bogot\u00e1 | Gato Dumas","og_description":"Clases Pr\u00e1cticas con Thermomix y Gato Dumas Colombia. Clases Practicas Con Thermomix en Bogot\u00e1 en Gato Dumas. Programas, cursos y formaci\u00f3n profesional con instructores expertos.","og_url":"https:\/\/gatodumas.com.co\/bogota\/cursos-y-diplomados\/clases-practicas-con-thermomix\/","og_site_name":"Gato Dumas Bogot\u00e1","article_modified_time":"2025-12-05T15:49:38+00:00","twitter_card":"summary_large_image","twitter_misc":{"Tiempo de lectura":"1 minuto"},"schema":{"@context":"https:\/\/schema.org","@graph":[{"@type":"WebPage","@id":"https:\/\/gatodumas.com.co\/bogota\/cursos-y-diplomados\/clases-practicas-con-thermomix\/","url":"https:\/\/gatodumas.com.co\/bogota\/cursos-y-diplomados\/clases-practicas-con-thermomix\/","name":"Clases Practicas Con Thermomix en Bogot\u00e1 | Gato Dumas","isPartOf":{"@id":"https:\/\/gatodumas.com.co\/bogota\/#website"},"datePublished":"2025-08-03T15:09:17+00:00","dateModified":"2025-12-05T15:49:38+00:00","description":"Clases Pr\u00e1cticas con Thermomix y Gato Dumas Colombia. Clases Practicas Con Thermomix en Bogot\u00e1 en Gato Dumas. Programas, cursos y formaci\u00f3n profesional con instructores expertos.","breadcrumb":{"@id":"https:\/\/gatodumas.com.co\/bogota\/cursos-y-diplomados\/clases-practicas-con-thermomix\/#breadcrumb"},"inLanguage":"es","potentialAction":[{"@type":"ReadAction","target":["https:\/\/gatodumas.com.co\/bogota\/cursos-y-diplomados\/clases-practicas-con-thermomix\/"]}]},{"@type":"BreadcrumbList","@id":"https:\/\/gatodumas.com.co\/bogota\/cursos-y-diplomados\/clases-practicas-con-thermomix\/#breadcrumb","itemListElement":[{"@type":"ListItem","position":1,"name":"Portada","item":"https:\/\/gatodumas.com.co\/bogota\/"},{"@type":"ListItem","position":2,"name":"Cursos y Diplomados","item":"https:\/\/gatodumas.com.co\/bogota\/cursos-y-diplomados\/"},{"@type":"ListItem","position":3,"name":"Clases Pr\u00e1cticas con Thermomix"}]},{"@type":"WebSite","@id":"https:\/\/gatodumas.com.co\/bogota\/#website","url":"https:\/\/gatodumas.com.co\/bogota\/","name":"Gato Dumas Bogot\u00e1","description":"bogota","publisher":{"@id":"https:\/\/gatodumas.com.co\/bogota\/#organization"},"potentialAction":[{"@type":"SearchAction","target":{"@type":"EntryPoint","urlTemplate":"https:\/\/gatodumas.com.co\/bogota\/?s={search_term_string}"},"query-input":{"@type":"PropertyValueSpecification","valueRequired":true,"valueName":"search_term_string"}}],"inLanguage":"es"},{"@type":"Organization","@id":"https:\/\/gatodumas.com.co\/bogota\/#organization","name":"Gato Dumas Bogot\u00e1","url":"https:\/\/gatodumas.com.co\/bogota\/","logo":{"@type":"ImageObject","inLanguage":"es","@id":"https:\/\/gatodumas.com.co\/bogota\/#\/schema\/logo\/image\/","url":"https:\/\/gatodumas.com.co\/bogota\/wp-content\/uploads\/sites\/2\/2024\/02\/cropped-dumas-negro-01-1.png","contentUrl":"https:\/\/gatodumas.com.co\/bogota\/wp-content\/uploads\/sites\/2\/2024\/02\/cropped-dumas-negro-01-1.png","width":2497,"height":956,"caption":"Gato Dumas Bogot\u00e1"},"image":{"@id":"https:\/\/gatodumas.com.co\/bogota\/#\/schema\/logo\/image\/"}}]}},"_links":{"self":[{"href":"https:\/\/gatodumas.com.co\/bogota\/wp-json\/wp\/v2\/pages\/24979","targetHints":{"allow":["GET"]}}],"collection":[{"href":"https:\/\/gatodumas.com.co\/bogota\/wp-json\/wp\/v2\/pages"}],"about":[{"href":"https:\/\/gatodumas.com.co\/bogota\/wp-json\/wp\/v2\/types\/page"}],"author":[{"embeddable":true,"href":"https:\/\/gatodumas.com.co\/bogota\/wp-json\/wp\/v2\/users\/4"}],"replies":[{"embeddable":true,"href":"https:\/\/gatodumas.com.co\/bogota\/wp-json\/wp\/v2\/comments?post=24979"}],"version-history":[{"count":4,"href":"https:\/\/gatodumas.com.co\/bogota\/wp-json\/wp\/v2\/pages\/24979\/revisions"}],"predecessor-version":[{"id":26417,"href":"https:\/\/gatodumas.com.co\/bogota\/wp-json\/wp\/v2\/pages\/24979\/revisions\/26417"}],"up":[{"embeddable":true,"href":"https:\/\/gatodumas.com.co\/bogota\/wp-json\/wp\/v2\/pages\/47"}],"wp:attachment":[{"href":"https:\/\/gatodumas.com.co\/bogota\/wp-json\/wp\/v2\/media?parent=24979"}],"curies":[{"name":"wp","href":"https:\/\/api.w.org\/{rel}","templated":true}]}}