{"id":29,"date":"2024-02-28T22:25:44","date_gmt":"2024-02-28T21:25:44","guid":{"rendered":"https:\/\/pruebas.egt.com.co\/gatodumas\/bogota\/?page_id=29"},"modified":"2025-12-05T17:05:41","modified_gmt":"2025-12-05T16:05:41","slug":"noticias","status":"publish","type":"page","link":"https:\/\/gatodumas.com.co\/bogota\/noticias\/","title":{"rendered":"Noticias"},"content":{"rendered":"<div class=\"wpb-content-wrapper\"><p>[vc_row el_class=\u00bbtitulos-c\u00bb][vc_column][vc_custom_heading text=\u00bbNoticias Gastron\u00f3micas\u00bb use_theme_fonts=\u00bbyes\u00bb el_class=\u00bblinea-titulos-principal mt mb\u00bb][vc_basic_grid post_type=\u00bbpost\u00bb max_items=\u00bb30&#8243; style=\u00bbpagination\u00bb items_per_page=\u00bb12&#8243; element_width=\u00bb3&#8243; grid_id=\u00bbvc_gid:1712150838300-8ee56af9-4346-8&#8243; el_class=\u00bbmt mb\u00bb][\/vc_column][\/vc_row]<\/p>\n<\/div>","protected":false},"excerpt":{"rendered":"<p>[vc_row el_class=\u00bbtitulos-c\u00bb][vc_column][vc_custom_heading text=\u00bbNoticias Gastron\u00f3micas\u00bb use_theme_fonts=\u00bbyes\u00bb el_class=\u00bblinea-titulos-principal mt mb\u00bb][vc_basic_grid post_type=\u00bbpost\u00bb max_items=\u00bb30&#8243; style=\u00bbpagination\u00bb items_per_page=\u00bb12&#8243; element_width=\u00bb3&#8243; grid_id=\u00bbvc_gid:1712150838300-8ee56af9-4346-8&#8243; el_class=\u00bbmt mb\u00bb][\/vc_column][\/vc_row]<\/p>\n","protected":false},"author":2,"featured_media":0,"parent":0,"menu_order":0,"comment_status":"closed","ping_status":"closed","template":"","meta":{"_acf_changed":false,"footnotes":""},"class_list":["post-29","page","type-page","status-publish"],"acf":[],"yoast_head":"<!-- This site is optimized with the Yoast SEO plugin v25.9 - https:\/\/yoast.com\/wordpress\/plugins\/seo\/ -->\n<title>Noticias del Mundo de la Gastronom\u00eda | Gato Dumas<\/title>\n<meta name=\"description\" content=\"Noticias en Gastron\u00f3micas en Gato Dumas. Programas, cursos y formaci\u00f3n profesional con instructores expertos.\" \/>\n<meta name=\"robots\" content=\"index, follow, max-snippet:-1, max-image-preview:large, max-video-preview:-1\" \/>\n<link rel=\"canonical\" href=\"https:\/\/gatodumas.com.co\/bogota\/noticias\/\" \/>\n<meta property=\"og:locale\" content=\"es_ES\" \/>\n<meta property=\"og:type\" content=\"article\" \/>\n<meta property=\"og:title\" content=\"Noticias del Mundo de la Gastronom\u00eda | Gato Dumas\" \/>\n<meta property=\"og:description\" content=\"Noticias en Gastron\u00f3micas en Gato Dumas. Programas, cursos y formaci\u00f3n profesional con instructores expertos.\" \/>\n<meta property=\"og:url\" content=\"https:\/\/gatodumas.com.co\/bogota\/noticias\/\" \/>\n<meta property=\"og:site_name\" content=\"Gato Dumas Bogot\u00e1\" \/>\n<meta property=\"article:modified_time\" content=\"2025-12-05T16:05:41+00:00\" \/>\n<meta name=\"twitter:card\" content=\"summary_large_image\" \/>\n<meta name=\"twitter:label1\" content=\"Tiempo de lectura\" \/>\n\t<meta name=\"twitter:data1\" content=\"1 minuto\" \/>\n<script type=\"application\/ld+json\" class=\"yoast-schema-graph\">{\"@context\":\"https:\/\/schema.org\",\"@graph\":[{\"@type\":\"WebPage\",\"@id\":\"https:\/\/gatodumas.com.co\/bogota\/noticias\/\",\"url\":\"https:\/\/gatodumas.com.co\/bogota\/noticias\/\",\"name\":\"Noticias del Mundo de la Gastronom\u00eda | Gato Dumas\",\"isPartOf\":{\"@id\":\"https:\/\/gatodumas.com.co\/bogota\/#website\"},\"datePublished\":\"2024-02-28T21:25:44+00:00\",\"dateModified\":\"2025-12-05T16:05:41+00:00\",\"description\":\"Noticias en Gastron\u00f3micas en Gato Dumas. Programas, cursos y formaci\u00f3n profesional con instructores expertos.\",\"breadcrumb\":{\"@id\":\"https:\/\/gatodumas.com.co\/bogota\/noticias\/#breadcrumb\"},\"inLanguage\":\"es\",\"potentialAction\":[{\"@type\":\"ReadAction\",\"target\":[\"https:\/\/gatodumas.com.co\/bogota\/noticias\/\"]}]},{\"@type\":\"BreadcrumbList\",\"@id\":\"https:\/\/gatodumas.com.co\/bogota\/noticias\/#breadcrumb\",\"itemListElement\":[{\"@type\":\"ListItem\",\"position\":1,\"name\":\"Portada\",\"item\":\"https:\/\/gatodumas.com.co\/bogota\/\"},{\"@type\":\"ListItem\",\"position\":2,\"name\":\"Noticias\"}]},{\"@type\":\"WebSite\",\"@id\":\"https:\/\/gatodumas.com.co\/bogota\/#website\",\"url\":\"https:\/\/gatodumas.com.co\/bogota\/\",\"name\":\"Gato Dumas Bogot\u00e1\",\"description\":\"bogota\",\"publisher\":{\"@id\":\"https:\/\/gatodumas.com.co\/bogota\/#organization\"},\"potentialAction\":[{\"@type\":\"SearchAction\",\"target\":{\"@type\":\"EntryPoint\",\"urlTemplate\":\"https:\/\/gatodumas.com.co\/bogota\/?s={search_term_string}\"},\"query-input\":{\"@type\":\"PropertyValueSpecification\",\"valueRequired\":true,\"valueName\":\"search_term_string\"}}],\"inLanguage\":\"es\"},{\"@type\":\"Organization\",\"@id\":\"https:\/\/gatodumas.com.co\/bogota\/#organization\",\"name\":\"Gato Dumas Bogot\u00e1\",\"url\":\"https:\/\/gatodumas.com.co\/bogota\/\",\"logo\":{\"@type\":\"ImageObject\",\"inLanguage\":\"es\",\"@id\":\"https:\/\/gatodumas.com.co\/bogota\/#\/schema\/logo\/image\/\",\"url\":\"https:\/\/gatodumas.com.co\/bogota\/wp-content\/uploads\/sites\/2\/2024\/02\/cropped-dumas-negro-01-1.png\",\"contentUrl\":\"https:\/\/gatodumas.com.co\/bogota\/wp-content\/uploads\/sites\/2\/2024\/02\/cropped-dumas-negro-01-1.png\",\"width\":2497,\"height\":956,\"caption\":\"Gato Dumas Bogot\u00e1\"},\"image\":{\"@id\":\"https:\/\/gatodumas.com.co\/bogota\/#\/schema\/logo\/image\/\"}}]}<\/script>\n<!-- \/ Yoast SEO plugin. -->","yoast_head_json":{"title":"Noticias del Mundo de la Gastronom\u00eda | Gato Dumas","description":"Noticias en Gastron\u00f3micas en Gato Dumas. Programas, cursos y formaci\u00f3n profesional con instructores expertos.","robots":{"index":"index","follow":"follow","max-snippet":"max-snippet:-1","max-image-preview":"max-image-preview:large","max-video-preview":"max-video-preview:-1"},"canonical":"https:\/\/gatodumas.com.co\/bogota\/noticias\/","og_locale":"es_ES","og_type":"article","og_title":"Noticias del Mundo de la Gastronom\u00eda | Gato Dumas","og_description":"Noticias en Gastron\u00f3micas en Gato Dumas. Programas, cursos y formaci\u00f3n profesional con instructores expertos.","og_url":"https:\/\/gatodumas.com.co\/bogota\/noticias\/","og_site_name":"Gato Dumas Bogot\u00e1","article_modified_time":"2025-12-05T16:05:41+00:00","twitter_card":"summary_large_image","twitter_misc":{"Tiempo de lectura":"1 minuto"},"schema":{"@context":"https:\/\/schema.org","@graph":[{"@type":"WebPage","@id":"https:\/\/gatodumas.com.co\/bogota\/noticias\/","url":"https:\/\/gatodumas.com.co\/bogota\/noticias\/","name":"Noticias del Mundo de la Gastronom\u00eda | Gato Dumas","isPartOf":{"@id":"https:\/\/gatodumas.com.co\/bogota\/#website"},"datePublished":"2024-02-28T21:25:44+00:00","dateModified":"2025-12-05T16:05:41+00:00","description":"Noticias en Gastron\u00f3micas en Gato Dumas. Programas, cursos y formaci\u00f3n profesional con instructores expertos.","breadcrumb":{"@id":"https:\/\/gatodumas.com.co\/bogota\/noticias\/#breadcrumb"},"inLanguage":"es","potentialAction":[{"@type":"ReadAction","target":["https:\/\/gatodumas.com.co\/bogota\/noticias\/"]}]},{"@type":"BreadcrumbList","@id":"https:\/\/gatodumas.com.co\/bogota\/noticias\/#breadcrumb","itemListElement":[{"@type":"ListItem","position":1,"name":"Portada","item":"https:\/\/gatodumas.com.co\/bogota\/"},{"@type":"ListItem","position":2,"name":"Noticias"}]},{"@type":"WebSite","@id":"https:\/\/gatodumas.com.co\/bogota\/#website","url":"https:\/\/gatodumas.com.co\/bogota\/","name":"Gato Dumas Bogot\u00e1","description":"bogota","publisher":{"@id":"https:\/\/gatodumas.com.co\/bogota\/#organization"},"potentialAction":[{"@type":"SearchAction","target":{"@type":"EntryPoint","urlTemplate":"https:\/\/gatodumas.com.co\/bogota\/?s={search_term_string}"},"query-input":{"@type":"PropertyValueSpecification","valueRequired":true,"valueName":"search_term_string"}}],"inLanguage":"es"},{"@type":"Organization","@id":"https:\/\/gatodumas.com.co\/bogota\/#organization","name":"Gato Dumas Bogot\u00e1","url":"https:\/\/gatodumas.com.co\/bogota\/","logo":{"@type":"ImageObject","inLanguage":"es","@id":"https:\/\/gatodumas.com.co\/bogota\/#\/schema\/logo\/image\/","url":"https:\/\/gatodumas.com.co\/bogota\/wp-content\/uploads\/sites\/2\/2024\/02\/cropped-dumas-negro-01-1.png","contentUrl":"https:\/\/gatodumas.com.co\/bogota\/wp-content\/uploads\/sites\/2\/2024\/02\/cropped-dumas-negro-01-1.png","width":2497,"height":956,"caption":"Gato Dumas Bogot\u00e1"},"image":{"@id":"https:\/\/gatodumas.com.co\/bogota\/#\/schema\/logo\/image\/"}}]}},"_links":{"self":[{"href":"https:\/\/gatodumas.com.co\/bogota\/wp-json\/wp\/v2\/pages\/29","targetHints":{"allow":["GET"]}}],"collection":[{"href":"https:\/\/gatodumas.com.co\/bogota\/wp-json\/wp\/v2\/pages"}],"about":[{"href":"https:\/\/gatodumas.com.co\/bogota\/wp-json\/wp\/v2\/types\/page"}],"author":[{"embeddable":true,"href":"https:\/\/gatodumas.com.co\/bogota\/wp-json\/wp\/v2\/users\/2"}],"replies":[{"embeddable":true,"href":"https:\/\/gatodumas.com.co\/bogota\/wp-json\/wp\/v2\/comments?post=29"}],"version-history":[{"count":16,"href":"https:\/\/gatodumas.com.co\/bogota\/wp-json\/wp\/v2\/pages\/29\/revisions"}],"predecessor-version":[{"id":16128,"href":"https:\/\/gatodumas.com.co\/bogota\/wp-json\/wp\/v2\/pages\/29\/revisions\/16128"}],"wp:attachment":[{"href":"https:\/\/gatodumas.com.co\/bogota\/wp-json\/wp\/v2\/media?parent=29"}],"curies":[{"name":"wp","href":"https:\/\/api.w.org\/{rel}","templated":true}]}}