{"id":49,"date":"2024-02-28T22:34:35","date_gmt":"2024-02-28T21:34:35","guid":{"rendered":"https:\/\/pruebas.egt.com.co\/gatodumas\/bogota\/?page_id=49"},"modified":"2025-12-05T16:53:28","modified_gmt":"2025-12-05T15:53:28","slug":"cursos-cortos-presenciales-y-clases-unicas","status":"publish","type":"page","link":"https:\/\/gatodumas.com.co\/bogota\/cursos-y-diplomados\/cursos-cortos-presenciales-y-clases-unicas\/","title":{"rendered":"Cursos Cortos Presenciales y Clases \u00danicas"},"content":{"rendered":"<div class=\"wpb-content-wrapper\"><p>[vc_row][vc_column][vc_custom_heading text=\u00bbFiltra por\u00bb font_container=\u00bbtag:h3|text_align:left\u00bb use_theme_fonts=\u00bbyes\u00bb][\/vc_column][\/vc_row][vc_row][vc_column offset=\u00bbvc_hidden-sm vc_hidden-xs\u00bb][vc_tta_tabs color=\u00bbwhite\u00bb spacing=\u00bb10&#8243; alignment=\u00bbcenter\u00bb active_section=\u00bb1&#8243; no_fill_content_area=\u00bbtrue\u00bb el_class=\u00bbcursos-cortos-int\u00bb][vc_tta_section i_position=\u00bbright\u00bb i_type=\u00bbtypicons\u00bb i_icon_typicons=\u00bbtypcn typcn-arrow-sorted-down\u00bb add_icon=\u00bbtrue\u00bb title=\u00bbCursos de Cocina\u00bb tab_id=\u00bbCursos-de-Cocina\u00bb]<div class=\"products-listado woocommerceold  \">\r\n\t\t\t\t\t\t<ul class=\"productos \"><li class=\"producto-listado prod-actual\">\r\n\t<a href=\"https:\/\/gatodumas.com.co\/bogota\/producto\/curso-cocina-internacional\/\">\r\n\t\t<div class=\"product-img\">\r\n\t\t\t<img decoding=\"async\" src=\"https:\/\/gatodumas.com.co\/bogota\/wp-content\/uploads\/sites\/2\/2021\/08\/cocina_internacional_15_12_23-1.jpg\" alt=\"Cocina Internacional\">\r\n\t\t<\/div>\r\n\t\t<div class=\"product-detail\">\r\n\t\t\t<h2 class=\"woocommerce-loop-product__title\">Cocina Internacional<\/h2>\r\n\t\t\t<div>\r\n\t\t\t\t<span class=\"mes\"> 8 de May<\/span>\r\n\t\t\t\t<span class=\"price\"><span class=\"woocommerce-Price-amount amount\"><bdi><span class=\"woocommerce-Price-currencySymbol\">&#36;<\/span>810,000<\/bdi><\/span><\/span>\r\n\t\t\t<\/div>\r\n\t\t<\/div>\r\n    <\/a>\r\n<\/li><li class=\"producto-listado prod-actual\">\r\n\t<a href=\"https:\/\/gatodumas.com.co\/bogota\/producto\/curso-pizzas-a-la-parrilla-y-cervezas-artesanales\/\">\r\n\t\t<div class=\"product-img\">\r\n\t\t\t<img decoding=\"async\" src=\"https:\/\/gatodumas.com.co\/bogota\/wp-content\/uploads\/sites\/2\/2026\/04\/Portada-experiencia-PIZZAS-A-LA-PARRILLA-Y-CERVEZA.webp\" alt=\"Pizzas a la parrilla y cervezas artesanales *experiencia*\">\r\n\t\t<\/div>\r\n\t\t<div class=\"product-detail\">\r\n\t\t\t<h2 class=\"woocommerce-loop-product__title\">Pizzas a la parrilla y cervezas artesanales *experiencia*<\/h2>\r\n\t\t\t<div>\r\n\t\t\t\t<span class=\"mes\"> 9 de May<\/span>\r\n\t\t\t\t<span class=\"price\"><span class=\"woocommerce-Price-amount amount\"><bdi><span class=\"woocommerce-Price-currencySymbol\">&#36;<\/span>810,000<\/bdi><\/span><\/span>\r\n\t\t\t<\/div>\r\n\t\t<\/div>\r\n    <\/a>\r\n<\/li><li class=\"producto-listado prod-actual\">\r\n\t<a href=\"https:\/\/gatodumas.com.co\/bogota\/producto\/curso-callejeros-colombianos\/\">\r\n\t\t<div class=\"product-img\">\r\n\t\t\t<img decoding=\"async\" src=\"https:\/\/gatodumas.com.co\/bogota\/wp-content\/uploads\/sites\/2\/2026\/04\/Portada-curso-corto-CALLEJEROS-COLOMBIANOS.webp\" alt=\"Callejeros Colombianos\">\r\n\t\t<\/div>\r\n\t\t<div class=\"product-detail\">\r\n\t\t\t<h2 class=\"woocommerce-loop-product__title\">Callejeros Colombianos<\/h2>\r\n\t\t\t<div>\r\n\t\t\t\t<span class=\"mes\"> 9 de May<\/span>\r\n\t\t\t\t<span class=\"price\"><span class=\"woocommerce-Price-amount amount\"><bdi><span class=\"woocommerce-Price-currencySymbol\">&#36;<\/span>810,000<\/bdi><\/span><\/span>\r\n\t\t\t<\/div>\r\n\t\t<\/div>\r\n    <\/a>\r\n<\/li><li class=\"producto-listado prod-actual\">\r\n\t<a href=\"https:\/\/gatodumas.com.co\/bogota\/producto\/clase-duo-de-sabores\/\">\r\n\t\t<div class=\"product-img\">\r\n\t\t\t<img decoding=\"async\" src=\"https:\/\/gatodumas.com.co\/bogota\/wp-content\/uploads\/sites\/2\/2026\/04\/Portada-clase-unica-DUO-DE-SABORES-MAMA-Y-YO-EN-LA-COCINA.webp\" alt=\"D\u00fao de Sabores: Mam\u00e1 y Yo en la Cocina\">\r\n\t\t<\/div>\r\n\t\t<div class=\"product-detail\">\r\n\t\t\t<h2 class=\"woocommerce-loop-product__title\">D\u00fao de Sabores: Mam\u00e1 y Yo en la Cocina<\/h2>\r\n\t\t\t<div>\r\n\t\t\t\t<span class=\"mes\">15 de May<\/span>\r\n\t\t\t\t<span class=\"price\"><span class=\"woocommerce-Price-amount amount\"><bdi><span class=\"woocommerce-Price-currencySymbol\">&#36;<\/span>520,000<\/bdi><\/span><\/span>\r\n\t\t\t<\/div>\r\n\t\t<\/div>\r\n    <\/a>\r\n<\/li><\/ul><\/div>[\/vc_tta_section][vc_tta_section i_position=\u00bbright\u00bb i_type=\u00bbtypicons\u00bb i_icon_typicons=\u00bbtypcn typcn-arrow-sorted-down\u00bb add_icon=\u00bbtrue\u00bb title=\u00bbCursos de Pasteler\u00eda &amp; Panader\u00eda\u00bb tab_id=\u00bbCursos-Pasteler\u00eda-Panader\u00eda\u00bb]<div class=\"products-listado woocommerceold  \">\r\n\t\t\t\t\t\t<ul class=\"productos \"><li class=\"producto-listado prod-actual\">\r\n\t<a href=\"https:\/\/gatodumas.com.co\/bogota\/producto\/curso-clasicos-de-la-pasteleria\/\">\r\n\t\t<div class=\"product-img\">\r\n\t\t\t<img decoding=\"async\" src=\"https:\/\/gatodumas.com.co\/bogota\/wp-content\/uploads\/sites\/2\/2026\/04\/Portada-curso-corto-CLASICOS-DE-LA-PASTELERIA-MAY26.webp\" alt=\"Cl\u00e1sicos de la Pasteler\u00eda\">\r\n\t\t<\/div>\r\n\t\t<div class=\"product-detail\">\r\n\t\t\t<h2 class=\"woocommerce-loop-product__title\">Cl\u00e1sicos de la Pasteler\u00eda<\/h2>\r\n\t\t\t<div>\r\n\t\t\t\t<span class=\"mes\">19 de May<\/span>\r\n\t\t\t\t<span class=\"price\"><span class=\"woocommerce-Price-amount amount\"><bdi><span class=\"woocommerce-Price-currencySymbol\">&#36;<\/span>810,000<\/bdi><\/span><\/span>\r\n\t\t\t<\/div>\r\n\t\t<\/div>\r\n    <\/a>\r\n<\/li><li class=\"producto-listado prod-proximamente\">\r\n\t<a href=\"https:\/\/gatodumas.com.co\/bogota\/producto\/clase-chef-kids-cocina-juega-y-aprende\/\">\r\n\t\t<div class=\"product-img\">\r\n\t\t\t<img decoding=\"async\" src=\"https:\/\/gatodumas.com.co\/bogota\/wp-content\/uploads\/sites\/2\/2026\/03\/Portada-curso-corto-CHEF-KIDS-COCINA-JUEGA-Y-APRENDE.webp\" alt=\"Chef Kids: cocina, juega y aprende\">\r\n\t\t<\/div>\r\n\t\t<div class=\"product-detail\">\r\n\t\t\t<h2 class=\"woocommerce-loop-product__title\">Chef Kids: cocina, juega y aprende<\/h2>\r\n\t\t\t<div>\r\n\t\t\t\t<span class=\"mes\">Pr\u00f3ximamente<\/span>\r\n\t\t\t\t<span class=\"price\"><\/span>\r\n\t\t\t<\/div>\r\n\t\t<\/div>\r\n    <\/a>\r\n<\/li><\/ul><\/div>[\/vc_tta_section][vc_tta_section i_position=\u00bbright\u00bb i_type=\u00bbtypicons\u00bb i_icon_typicons=\u00bbtypcn typcn-arrow-sorted-down\u00bb add_icon=\u00bbtrue\u00bb title=\u00bbCursos de Bebidas\u00bb tab_id=\u00bbCursos-Bebidas\u00bb]<div class=\"products-listado woocommerceold  \">\r\n\t\t\t\t\t\t<ul class=\"productos \"><\/ul><\/div>[\/vc_tta_section][vc_tta_section i_position=\u00bbright\u00bb i_type=\u00bbtypicons\u00bb i_icon_typicons=\u00bbtypcn typcn-arrow-sorted-down\u00bb add_icon=\u00bbtrue\u00bb title=\u00bbCursos de Administraci\u00f3n y Eventos\u00bb tab_id=\u00bbCursos-Administraci\u00f3n-Eventos\u00bb]<div class=\"products-listado woocommerceold  \">\r\n\t\t\t\t\t\t<ul class=\"productos \"><\/ul><\/div>[\/vc_tta_section][\/vc_tta_tabs][\/vc_column][\/vc_row][vc_row][vc_column offset=\u00bbvc_hidden-lg vc_hidden-md\u00bb][vc_tta_accordion color=\u00bbwhite\u00bb c_icon=\u00bbtriangle\u00bb c_position=\u00bbright\u00bb active_section=\u00bb100000&#8243; collapsible_all=\u00bbtrue\u00bb][vc_tta_section title=\u00bbCursos de Cocina\u00bb tab_id=\u00bbCursos-de-Cocina\u00bb]<div class=\"products-listado woocommerceold  \">\r\n\t\t\t\t\t\t<ul class=\"productos \"><li class=\"producto-listado prod-actual\">\r\n\t<a href=\"https:\/\/gatodumas.com.co\/bogota\/producto\/curso-cocina-internacional\/\">\r\n\t\t<div class=\"product-img\">\r\n\t\t\t<img decoding=\"async\" src=\"https:\/\/gatodumas.com.co\/bogota\/wp-content\/uploads\/sites\/2\/2021\/08\/cocina_internacional_15_12_23-1.jpg\" alt=\"Cocina Internacional\">\r\n\t\t<\/div>\r\n\t\t<div class=\"product-detail\">\r\n\t\t\t<h2 class=\"woocommerce-loop-product__title\">Cocina Internacional<\/h2>\r\n\t\t\t<div>\r\n\t\t\t\t<span class=\"mes\"> 8 de May<\/span>\r\n\t\t\t\t<span class=\"price\"><span class=\"woocommerce-Price-amount amount\"><bdi><span class=\"woocommerce-Price-currencySymbol\">&#36;<\/span>810,000<\/bdi><\/span><\/span>\r\n\t\t\t<\/div>\r\n\t\t<\/div>\r\n    <\/a>\r\n<\/li><li class=\"producto-listado prod-actual\">\r\n\t<a href=\"https:\/\/gatodumas.com.co\/bogota\/producto\/curso-pizzas-a-la-parrilla-y-cervezas-artesanales\/\">\r\n\t\t<div class=\"product-img\">\r\n\t\t\t<img decoding=\"async\" src=\"https:\/\/gatodumas.com.co\/bogota\/wp-content\/uploads\/sites\/2\/2026\/04\/Portada-experiencia-PIZZAS-A-LA-PARRILLA-Y-CERVEZA.webp\" alt=\"Pizzas a la parrilla y cervezas artesanales *experiencia*\">\r\n\t\t<\/div>\r\n\t\t<div class=\"product-detail\">\r\n\t\t\t<h2 class=\"woocommerce-loop-product__title\">Pizzas a la parrilla y cervezas artesanales *experiencia*<\/h2>\r\n\t\t\t<div>\r\n\t\t\t\t<span class=\"mes\"> 9 de May<\/span>\r\n\t\t\t\t<span class=\"price\"><span class=\"woocommerce-Price-amount amount\"><bdi><span class=\"woocommerce-Price-currencySymbol\">&#36;<\/span>810,000<\/bdi><\/span><\/span>\r\n\t\t\t<\/div>\r\n\t\t<\/div>\r\n    <\/a>\r\n<\/li><li class=\"producto-listado prod-actual\">\r\n\t<a href=\"https:\/\/gatodumas.com.co\/bogota\/producto\/curso-callejeros-colombianos\/\">\r\n\t\t<div class=\"product-img\">\r\n\t\t\t<img decoding=\"async\" src=\"https:\/\/gatodumas.com.co\/bogota\/wp-content\/uploads\/sites\/2\/2026\/04\/Portada-curso-corto-CALLEJEROS-COLOMBIANOS.webp\" alt=\"Callejeros Colombianos\">\r\n\t\t<\/div>\r\n\t\t<div class=\"product-detail\">\r\n\t\t\t<h2 class=\"woocommerce-loop-product__title\">Callejeros Colombianos<\/h2>\r\n\t\t\t<div>\r\n\t\t\t\t<span class=\"mes\"> 9 de May<\/span>\r\n\t\t\t\t<span class=\"price\"><span class=\"woocommerce-Price-amount amount\"><bdi><span class=\"woocommerce-Price-currencySymbol\">&#36;<\/span>810,000<\/bdi><\/span><\/span>\r\n\t\t\t<\/div>\r\n\t\t<\/div>\r\n    <\/a>\r\n<\/li><li class=\"producto-listado prod-actual\">\r\n\t<a href=\"https:\/\/gatodumas.com.co\/bogota\/producto\/clase-duo-de-sabores\/\">\r\n\t\t<div class=\"product-img\">\r\n\t\t\t<img decoding=\"async\" src=\"https:\/\/gatodumas.com.co\/bogota\/wp-content\/uploads\/sites\/2\/2026\/04\/Portada-clase-unica-DUO-DE-SABORES-MAMA-Y-YO-EN-LA-COCINA.webp\" alt=\"D\u00fao de Sabores: Mam\u00e1 y Yo en la Cocina\">\r\n\t\t<\/div>\r\n\t\t<div class=\"product-detail\">\r\n\t\t\t<h2 class=\"woocommerce-loop-product__title\">D\u00fao de Sabores: Mam\u00e1 y Yo en la Cocina<\/h2>\r\n\t\t\t<div>\r\n\t\t\t\t<span class=\"mes\">15 de May<\/span>\r\n\t\t\t\t<span class=\"price\"><span class=\"woocommerce-Price-amount amount\"><bdi><span class=\"woocommerce-Price-currencySymbol\">&#36;<\/span>520,000<\/bdi><\/span><\/span>\r\n\t\t\t<\/div>\r\n\t\t<\/div>\r\n    <\/a>\r\n<\/li><\/ul><\/div>[\/vc_tta_section][vc_tta_section title=\u00bbCursos de Pasteler\u00eda &amp; Panader\u00eda\u00bb tab_id=\u00bbCursos-de-Pasteleria-Panaderia\u00bb]<div class=\"products-listado woocommerceold  \">\r\n\t\t\t\t\t\t<ul class=\"productos \"><li class=\"producto-listado prod-actual\">\r\n\t<a href=\"https:\/\/gatodumas.com.co\/bogota\/producto\/curso-clasicos-de-la-pasteleria\/\">\r\n\t\t<div class=\"product-img\">\r\n\t\t\t<img decoding=\"async\" src=\"https:\/\/gatodumas.com.co\/bogota\/wp-content\/uploads\/sites\/2\/2026\/04\/Portada-curso-corto-CLASICOS-DE-LA-PASTELERIA-MAY26.webp\" alt=\"Cl\u00e1sicos de la Pasteler\u00eda\">\r\n\t\t<\/div>\r\n\t\t<div class=\"product-detail\">\r\n\t\t\t<h2 class=\"woocommerce-loop-product__title\">Cl\u00e1sicos de la Pasteler\u00eda<\/h2>\r\n\t\t\t<div>\r\n\t\t\t\t<span class=\"mes\">19 de May<\/span>\r\n\t\t\t\t<span class=\"price\"><span class=\"woocommerce-Price-amount amount\"><bdi><span class=\"woocommerce-Price-currencySymbol\">&#36;<\/span>810,000<\/bdi><\/span><\/span>\r\n\t\t\t<\/div>\r\n\t\t<\/div>\r\n    <\/a>\r\n<\/li><li class=\"producto-listado prod-proximamente\">\r\n\t<a href=\"https:\/\/gatodumas.com.co\/bogota\/producto\/clase-chef-kids-cocina-juega-y-aprende\/\">\r\n\t\t<div class=\"product-img\">\r\n\t\t\t<img decoding=\"async\" src=\"https:\/\/gatodumas.com.co\/bogota\/wp-content\/uploads\/sites\/2\/2026\/03\/Portada-curso-corto-CHEF-KIDS-COCINA-JUEGA-Y-APRENDE.webp\" alt=\"Chef Kids: cocina, juega y aprende\">\r\n\t\t<\/div>\r\n\t\t<div class=\"product-detail\">\r\n\t\t\t<h2 class=\"woocommerce-loop-product__title\">Chef Kids: cocina, juega y aprende<\/h2>\r\n\t\t\t<div>\r\n\t\t\t\t<span class=\"mes\">Pr\u00f3ximamente<\/span>\r\n\t\t\t\t<span class=\"price\"><\/span>\r\n\t\t\t<\/div>\r\n\t\t<\/div>\r\n    <\/a>\r\n<\/li><\/ul><\/div>[\/vc_tta_section][vc_tta_section title=\u00bbCursos de Bebidas\u00bb tab_id=\u00bbCursos-de-Bebidas\u00bb]<div class=\"products-listado woocommerceold  \">\r\n\t\t\t\t\t\t<ul class=\"productos \"><\/ul><\/div>[\/vc_tta_section][vc_tta_section title=\u00bbCursos de Administraci\u00f3n y Eventos\u00bb tab_id=\u00bbCursos-de-Administracion-y-Eventos\u00bb]<div class=\"products-listado woocommerceold  \">\r\n\t\t\t\t\t\t<ul class=\"productos \"><\/ul><\/div>[\/vc_tta_section][\/vc_tta_accordion][\/vc_column][\/vc_row]<\/p>\n<\/div>","protected":false},"excerpt":{"rendered":"<p>[vc_row][vc_column][vc_custom_heading text=\u00bbFiltra por\u00bb font_container=\u00bbtag:h3|text_align:left\u00bb use_theme_fonts=\u00bbyes\u00bb][\/vc_column][\/vc_row][vc_row][vc_column offset=\u00bbvc_hidden-sm vc_hidden-xs\u00bb][vc_tta_tabs color=\u00bbwhite\u00bb spacing=\u00bb10&#8243; alignment=\u00bbcenter\u00bb active_section=\u00bb1&#8243; no_fill_content_area=\u00bbtrue\u00bb el_class=\u00bbcursos-cortos-int\u00bb][vc_tta_section i_position=\u00bbright\u00bb i_type=\u00bbtypicons\u00bb i_icon_typicons=\u00bbtypcn typcn-arrow-sorted-down\u00bb add_icon=\u00bbtrue\u00bb title=\u00bbCursos de Cocina\u00bb tab_id=\u00bbCursos-de-Cocina\u00bb][\/vc_tta_section][vc_tta_section i_position=\u00bbright\u00bb i_type=\u00bbtypicons\u00bb i_icon_typicons=\u00bbtypcn typcn-arrow-sorted-down\u00bb add_icon=\u00bbtrue\u00bb title=\u00bbCursos de Pasteler\u00eda &amp; Panader\u00eda\u00bb tab_id=\u00bbCursos-Pasteler\u00eda-Panader\u00eda\u00bb][\/vc_tta_section][vc_tta_section i_position=\u00bbright\u00bb i_type=\u00bbtypicons\u00bb i_icon_typicons=\u00bbtypcn typcn-arrow-sorted-down\u00bb add_icon=\u00bbtrue\u00bb title=\u00bbCursos de Bebidas\u00bb tab_id=\u00bbCursos-Bebidas\u00bb][\/vc_tta_section][vc_tta_section i_position=\u00bbright\u00bb i_type=\u00bbtypicons\u00bb i_icon_typicons=\u00bbtypcn typcn-arrow-sorted-down\u00bb add_icon=\u00bbtrue\u00bb title=\u00bbCursos de Administraci\u00f3n y Eventos\u00bb tab_id=\u00bbCursos-Administraci\u00f3n-Eventos\u00bb][\/vc_tta_section][\/vc_tta_tabs][\/vc_column][\/vc_row][vc_row][vc_column offset=\u00bbvc_hidden-lg vc_hidden-md\u00bb][vc_tta_accordion &#8230; <a title=\"Cl\u00e1sicos de la Pasteler\u00eda\" class=\"read-more\" href=\"https:\/\/gatodumas.com.co\/bogota\/producto\/curso-clasicos-de-la-pasteleria\/\" aria-label=\"Leer m\u00e1s sobre Cl\u00e1sicos de la Pasteler\u00eda\">Leer m\u00e1s<\/a><\/p>\n","protected":false},"author":2,"featured_media":0,"parent":47,"menu_order":0,"comment_status":"closed","ping_status":"closed","template":"","meta":{"_acf_changed":false,"footnotes":""},"class_list":["post-49","page","type-page","status-publish","hentry"],"acf":[],"yoast_head":"<!-- This site is optimized with the Yoast SEO plugin v25.9 - https:\/\/yoast.com\/wordpress\/plugins\/seo\/ -->\n<title>Cursos Cortos en Pasteler\u00eda, Panader\u00eda y Bebidas | Gato Dumas<\/title>\n<meta name=\"description\" content=\"Cursos Cortos de gastronom\u00eda, presenciales, clases \u00fanicas en Bogot\u00e1 en Gato Dumas. Programas, cursos y formaci\u00f3n profesional.\" \/>\n<meta name=\"robots\" content=\"index, follow, max-snippet:-1, max-image-preview:large, max-video-preview:-1\" \/>\n<link rel=\"canonical\" href=\"https:\/\/gatodumas.com.co\/bogota\/cursos-y-diplomados\/cursos-cortos-presenciales-y-clases-unicas\/\" \/>\n<meta property=\"og:locale\" content=\"es_ES\" \/>\n<meta property=\"og:type\" content=\"article\" \/>\n<meta property=\"og:title\" content=\"Cursos Cortos en Pasteler\u00eda, Panader\u00eda y Bebidas | Gato Dumas\" \/>\n<meta property=\"og:description\" content=\"Cursos Cortos de gastronom\u00eda, presenciales, clases \u00fanicas en Bogot\u00e1 en Gato Dumas. Programas, cursos y formaci\u00f3n profesional.\" \/>\n<meta property=\"og:url\" content=\"https:\/\/gatodumas.com.co\/bogota\/cursos-y-diplomados\/cursos-cortos-presenciales-y-clases-unicas\/\" \/>\n<meta property=\"og:site_name\" content=\"Gato Dumas Bogot\u00e1\" \/>\n<meta property=\"article:modified_time\" content=\"2025-12-05T15:53:28+00:00\" \/>\n<meta name=\"twitter:card\" content=\"summary_large_image\" \/>\n<meta name=\"twitter:label1\" content=\"Tiempo de lectura\" \/>\n\t<meta name=\"twitter:data1\" content=\"1 minuto\" \/>\n<script type=\"application\/ld+json\" class=\"yoast-schema-graph\">{\"@context\":\"https:\/\/schema.org\",\"@graph\":[{\"@type\":\"WebPage\",\"@id\":\"https:\/\/gatodumas.com.co\/bogota\/cursos-y-diplomados\/cursos-cortos-presenciales-y-clases-unicas\/\",\"url\":\"https:\/\/gatodumas.com.co\/bogota\/cursos-y-diplomados\/cursos-cortos-presenciales-y-clases-unicas\/\",\"name\":\"Cursos Cortos en Pasteler\u00eda, Panader\u00eda y Bebidas | Gato Dumas\",\"isPartOf\":{\"@id\":\"https:\/\/gatodumas.com.co\/bogota\/#website\"},\"datePublished\":\"2024-02-28T21:34:35+00:00\",\"dateModified\":\"2025-12-05T15:53:28+00:00\",\"description\":\"Cursos Cortos de gastronom\u00eda, presenciales, clases \u00fanicas en Bogot\u00e1 en Gato Dumas. Programas, cursos y formaci\u00f3n profesional.\",\"breadcrumb\":{\"@id\":\"https:\/\/gatodumas.com.co\/bogota\/cursos-y-diplomados\/cursos-cortos-presenciales-y-clases-unicas\/#breadcrumb\"},\"inLanguage\":\"es\",\"potentialAction\":[{\"@type\":\"ReadAction\",\"target\":[\"https:\/\/gatodumas.com.co\/bogota\/cursos-y-diplomados\/cursos-cortos-presenciales-y-clases-unicas\/\"]}]},{\"@type\":\"BreadcrumbList\",\"@id\":\"https:\/\/gatodumas.com.co\/bogota\/cursos-y-diplomados\/cursos-cortos-presenciales-y-clases-unicas\/#breadcrumb\",\"itemListElement\":[{\"@type\":\"ListItem\",\"position\":1,\"name\":\"Portada\",\"item\":\"https:\/\/gatodumas.com.co\/bogota\/\"},{\"@type\":\"ListItem\",\"position\":2,\"name\":\"Cursos y Diplomados\",\"item\":\"https:\/\/gatodumas.com.co\/bogota\/cursos-y-diplomados\/\"},{\"@type\":\"ListItem\",\"position\":3,\"name\":\"Cursos Cortos Presenciales y Clases \u00danicas\"}]},{\"@type\":\"WebSite\",\"@id\":\"https:\/\/gatodumas.com.co\/bogota\/#website\",\"url\":\"https:\/\/gatodumas.com.co\/bogota\/\",\"name\":\"Gato Dumas Bogot\u00e1\",\"description\":\"bogota\",\"publisher\":{\"@id\":\"https:\/\/gatodumas.com.co\/bogota\/#organization\"},\"potentialAction\":[{\"@type\":\"SearchAction\",\"target\":{\"@type\":\"EntryPoint\",\"urlTemplate\":\"https:\/\/gatodumas.com.co\/bogota\/?s={search_term_string}\"},\"query-input\":{\"@type\":\"PropertyValueSpecification\",\"valueRequired\":true,\"valueName\":\"search_term_string\"}}],\"inLanguage\":\"es\"},{\"@type\":\"Organization\",\"@id\":\"https:\/\/gatodumas.com.co\/bogota\/#organization\",\"name\":\"Gato Dumas Bogot\u00e1\",\"url\":\"https:\/\/gatodumas.com.co\/bogota\/\",\"logo\":{\"@type\":\"ImageObject\",\"inLanguage\":\"es\",\"@id\":\"https:\/\/gatodumas.com.co\/bogota\/#\/schema\/logo\/image\/\",\"url\":\"https:\/\/gatodumas.com.co\/bogota\/wp-content\/uploads\/sites\/2\/2024\/02\/cropped-dumas-negro-01-1.png\",\"contentUrl\":\"https:\/\/gatodumas.com.co\/bogota\/wp-content\/uploads\/sites\/2\/2024\/02\/cropped-dumas-negro-01-1.png\",\"width\":2497,\"height\":956,\"caption\":\"Gato Dumas Bogot\u00e1\"},\"image\":{\"@id\":\"https:\/\/gatodumas.com.co\/bogota\/#\/schema\/logo\/image\/\"}}]}<\/script>\n<!-- \/ Yoast SEO plugin. -->","yoast_head_json":{"title":"Cursos Cortos en Pasteler\u00eda, Panader\u00eda y Bebidas | Gato Dumas","description":"Cursos Cortos de gastronom\u00eda, presenciales, clases \u00fanicas en Bogot\u00e1 en Gato Dumas. Programas, cursos y formaci\u00f3n profesional.","robots":{"index":"index","follow":"follow","max-snippet":"max-snippet:-1","max-image-preview":"max-image-preview:large","max-video-preview":"max-video-preview:-1"},"canonical":"https:\/\/gatodumas.com.co\/bogota\/cursos-y-diplomados\/cursos-cortos-presenciales-y-clases-unicas\/","og_locale":"es_ES","og_type":"article","og_title":"Cursos Cortos en Pasteler\u00eda, Panader\u00eda y Bebidas | Gato Dumas","og_description":"Cursos Cortos de gastronom\u00eda, presenciales, clases \u00fanicas en Bogot\u00e1 en Gato Dumas. Programas, cursos y formaci\u00f3n profesional.","og_url":"https:\/\/gatodumas.com.co\/bogota\/cursos-y-diplomados\/cursos-cortos-presenciales-y-clases-unicas\/","og_site_name":"Gato Dumas Bogot\u00e1","article_modified_time":"2025-12-05T15:53:28+00:00","twitter_card":"summary_large_image","twitter_misc":{"Tiempo de lectura":"1 minuto"},"schema":{"@context":"https:\/\/schema.org","@graph":[{"@type":"WebPage","@id":"https:\/\/gatodumas.com.co\/bogota\/cursos-y-diplomados\/cursos-cortos-presenciales-y-clases-unicas\/","url":"https:\/\/gatodumas.com.co\/bogota\/cursos-y-diplomados\/cursos-cortos-presenciales-y-clases-unicas\/","name":"Cursos Cortos en Pasteler\u00eda, Panader\u00eda y Bebidas | Gato Dumas","isPartOf":{"@id":"https:\/\/gatodumas.com.co\/bogota\/#website"},"datePublished":"2024-02-28T21:34:35+00:00","dateModified":"2025-12-05T15:53:28+00:00","description":"Cursos Cortos de gastronom\u00eda, presenciales, clases \u00fanicas en Bogot\u00e1 en Gato Dumas. Programas, cursos y formaci\u00f3n profesional.","breadcrumb":{"@id":"https:\/\/gatodumas.com.co\/bogota\/cursos-y-diplomados\/cursos-cortos-presenciales-y-clases-unicas\/#breadcrumb"},"inLanguage":"es","potentialAction":[{"@type":"ReadAction","target":["https:\/\/gatodumas.com.co\/bogota\/cursos-y-diplomados\/cursos-cortos-presenciales-y-clases-unicas\/"]}]},{"@type":"BreadcrumbList","@id":"https:\/\/gatodumas.com.co\/bogota\/cursos-y-diplomados\/cursos-cortos-presenciales-y-clases-unicas\/#breadcrumb","itemListElement":[{"@type":"ListItem","position":1,"name":"Portada","item":"https:\/\/gatodumas.com.co\/bogota\/"},{"@type":"ListItem","position":2,"name":"Cursos y Diplomados","item":"https:\/\/gatodumas.com.co\/bogota\/cursos-y-diplomados\/"},{"@type":"ListItem","position":3,"name":"Cursos Cortos Presenciales y Clases \u00danicas"}]},{"@type":"WebSite","@id":"https:\/\/gatodumas.com.co\/bogota\/#website","url":"https:\/\/gatodumas.com.co\/bogota\/","name":"Gato Dumas Bogot\u00e1","description":"bogota","publisher":{"@id":"https:\/\/gatodumas.com.co\/bogota\/#organization"},"potentialAction":[{"@type":"SearchAction","target":{"@type":"EntryPoint","urlTemplate":"https:\/\/gatodumas.com.co\/bogota\/?s={search_term_string}"},"query-input":{"@type":"PropertyValueSpecification","valueRequired":true,"valueName":"search_term_string"}}],"inLanguage":"es"},{"@type":"Organization","@id":"https:\/\/gatodumas.com.co\/bogota\/#organization","name":"Gato Dumas Bogot\u00e1","url":"https:\/\/gatodumas.com.co\/bogota\/","logo":{"@type":"ImageObject","inLanguage":"es","@id":"https:\/\/gatodumas.com.co\/bogota\/#\/schema\/logo\/image\/","url":"https:\/\/gatodumas.com.co\/bogota\/wp-content\/uploads\/sites\/2\/2024\/02\/cropped-dumas-negro-01-1.png","contentUrl":"https:\/\/gatodumas.com.co\/bogota\/wp-content\/uploads\/sites\/2\/2024\/02\/cropped-dumas-negro-01-1.png","width":2497,"height":956,"caption":"Gato Dumas Bogot\u00e1"},"image":{"@id":"https:\/\/gatodumas.com.co\/bogota\/#\/schema\/logo\/image\/"}}]}},"_links":{"self":[{"href":"https:\/\/gatodumas.com.co\/bogota\/wp-json\/wp\/v2\/pages\/49","targetHints":{"allow":["GET"]}}],"collection":[{"href":"https:\/\/gatodumas.com.co\/bogota\/wp-json\/wp\/v2\/pages"}],"about":[{"href":"https:\/\/gatodumas.com.co\/bogota\/wp-json\/wp\/v2\/types\/page"}],"author":[{"embeddable":true,"href":"https:\/\/gatodumas.com.co\/bogota\/wp-json\/wp\/v2\/users\/2"}],"replies":[{"embeddable":true,"href":"https:\/\/gatodumas.com.co\/bogota\/wp-json\/wp\/v2\/comments?post=49"}],"version-history":[{"count":71,"href":"https:\/\/gatodumas.com.co\/bogota\/wp-json\/wp\/v2\/pages\/49\/revisions"}],"predecessor-version":[{"id":20461,"href":"https:\/\/gatodumas.com.co\/bogota\/wp-json\/wp\/v2\/pages\/49\/revisions\/20461"}],"up":[{"embeddable":true,"href":"https:\/\/gatodumas.com.co\/bogota\/wp-json\/wp\/v2\/pages\/47"}],"wp:attachment":[{"href":"https:\/\/gatodumas.com.co\/bogota\/wp-json\/wp\/v2\/media?parent=49"}],"curies":[{"name":"wp","href":"https:\/\/api.w.org\/{rel}","templated":true}]}}