{"id":56,"date":"2024-02-28T22:35:54","date_gmt":"2024-02-28T21:35:54","guid":{"rendered":"https:\/\/pruebas.egt.com.co\/gatodumas\/bogota\/?page_id=56"},"modified":"2025-03-04T17:15:11","modified_gmt":"2025-03-04T16:15:11","slug":"eventos-corporativos-old","status":"publish","type":"page","link":"https:\/\/gatodumas.com.co\/bogota\/cursos-y-diplomados\/eventos-corporativos-old\/","title":{"rendered":"Eventos Corporativos (Old)"},"content":{"rendered":"<div class=\"wpb-content-wrapper\"><p>[vc_row equal_height=\u00bbyes\u00bb content_placement=\u00bbmiddle\u00bb el_class=\u00bbtitulos-c\u00bb][vc_column][vc_custom_heading text=\u00bbClases de Cocina para Grupos y Cenas Interactivas\u00bb use_theme_fonts=\u00bbyes\u00bb el_class=\u00bblinea-titulos-principal mb mt\u00bb][\/vc_column][vc_column width=\u00bb1\/2&#8243;][vc_row_inner equal_height=\u00bbyes\u00bb content_placement=\u00bbmiddle\u00bb el_class=\u00bbmt mb textos-left-a\u00bb][vc_column_inner width=\u00bb1\/3&#8243;][vc_single_image image=\u00bb16024&#8243; img_size=\u00bbfull\u00bb alignment=\u00bbcenter\u00bb el_class=\u00bbeventos\u00bb][\/vc_column_inner][vc_column_inner el_class=\u00bbnotas\u00bb width=\u00bb2\/3&#8243;][vc_column_text]Gato Dumas cuenta con espacios propicios para desarrollar clases de cocina para grupos, ya sea de amigos, para ocasiones especiales, lanzamientos de productos, invitaciones para clientes, despedidas de a\u00f1o, integraciones de \u00e1reas, cumplea\u00f1os para adultos o infantiles.[\/vc_column_text][\/vc_column_inner][\/vc_row_inner][\/vc_column][vc_column width=\u00bb1\/2&#8243;][vc_row_inner equal_height=\u00bbyes\u00bb content_placement=\u00bbmiddle\u00bb el_class=\u00bbmt mb textos-left-a\u00bb][vc_column_inner width=\u00bb1\/3&#8243;][vc_single_image image=\u00bb16034&#8243; img_size=\u00bbfull\u00bb el_class=\u00bbeventos\u00bb][\/vc_column_inner][vc_column_inner el_class=\u00bbnotas\u00bb width=\u00bb2\/3&#8243;][vc_column_text]Los participantes vivencian distintos tipos de clases de cocina te\u00f3rico-demostrativas y pr\u00e1cticas a trav\u00e9s de la cual desarrollan una receta de un men\u00fa completo, entrada, plato fuerte y postre.<\/p>\n<p>&nbsp;<\/p>\n<p>[\/vc_column_text][\/vc_column_inner][\/vc_row_inner][\/vc_column][\/vc_row][vc_row equal_height=\u00bbyes\u00bb content_placement=\u00bbmiddle\u00bb][vc_column width=\u00bb1\/2&#8243;][vc_row_inner equal_height=\u00bbyes\u00bb content_placement=\u00bbmiddle\u00bb][vc_column_inner width=\u00bb1\/3&#8243;][vc_single_image image=\u00bb16029&#8243; img_size=\u00bbmedium\u00bb][\/vc_column_inner][vc_column_inner el_class=\u00bbnotas\u00bb width=\u00bb2\/3&#8243;][vc_column_text]Contamos con un sinn\u00famero de recetas de todas partes del mundo, perfectas para todos los gustos.[\/vc_column_text][\/vc_column_inner][\/vc_row_inner][\/vc_column][vc_column width=\u00bb1\/2&#8243;][vc_row_inner equal_height=\u00bbyes\u00bb content_placement=\u00bbmiddle\u00bb][vc_column_inner width=\u00bb1\/3&#8243;][vc_single_image image=\u00bb16033&#8243; img_size=\u00bbfull\u00bb][\/vc_column_inner][vc_column_inner el_class=\u00bbnotas\u00bb width=\u00bb2\/3&#8243;][vc_column_text]Esta actividad de tres horas termina en un sal\u00f3n adecuado como restaurante para que terminen disfrutando, servidos por un mesero, de los platos que acaban de preparar.[\/vc_column_text][\/vc_column_inner][\/vc_row_inner][\/vc_column][\/vc_row]<\/p>\n<\/div>","protected":false},"excerpt":{"rendered":"<p>[vc_row equal_height=\u00bbyes\u00bb content_placement=\u00bbmiddle\u00bb el_class=\u00bbtitulos-c\u00bb][vc_column][vc_custom_heading text=\u00bbClases de Cocina para Grupos y Cenas Interactivas\u00bb use_theme_fonts=\u00bbyes\u00bb el_class=\u00bblinea-titulos-principal mb mt\u00bb][\/vc_column][vc_column width=\u00bb1\/2&#8243;][vc_row_inner equal_height=\u00bbyes\u00bb content_placement=\u00bbmiddle\u00bb el_class=\u00bbmt mb textos-left-a\u00bb][vc_column_inner width=\u00bb1\/3&#8243;][vc_single_image image=\u00bb16024&#8243; img_size=\u00bbfull\u00bb alignment=\u00bbcenter\u00bb el_class=\u00bbeventos\u00bb][\/vc_column_inner][vc_column_inner el_class=\u00bbnotas\u00bb width=\u00bb2\/3&#8243;][vc_column_text]Gato Dumas cuenta con espacios propicios para desarrollar clases de cocina para grupos, ya sea de amigos, para ocasiones especiales, lanzamientos de productos, invitaciones para clientes, despedidas &#8230; <a title=\"Eventos Corporativos (Old)\" class=\"read-more\" href=\"https:\/\/gatodumas.com.co\/bogota\/cursos-y-diplomados\/eventos-corporativos-old\/\" aria-label=\"Leer m\u00e1s sobre Eventos Corporativos (Old)\">Leer m\u00e1s<\/a><\/p>\n","protected":false},"author":2,"featured_media":0,"parent":47,"menu_order":0,"comment_status":"closed","ping_status":"closed","template":"","meta":{"_acf_changed":false,"footnotes":""},"class_list":["post-56","page","type-page","status-publish"],"acf":[],"yoast_head":"<!-- This site is optimized with the Yoast SEO plugin v25.9 - https:\/\/yoast.com\/wordpress\/plugins\/seo\/ -->\n<title>Eventos Corporativos (Old) - Gato Dumas Bogot\u00e1<\/title>\n<meta name=\"robots\" content=\"index, follow, max-snippet:-1, max-image-preview:large, max-video-preview:-1\" \/>\n<link rel=\"canonical\" href=\"https:\/\/gatodumas.com.co\/bogota\/cursos-y-diplomados\/eventos-corporativos-old\/\" \/>\n<meta property=\"og:locale\" content=\"es_ES\" \/>\n<meta property=\"og:type\" content=\"article\" \/>\n<meta property=\"og:title\" content=\"Eventos Corporativos (Old) - Gato Dumas Bogot\u00e1\" \/>\n<meta property=\"og:description\" content=\"[vc_row equal_height=\u00bbyes\u00bb content_placement=\u00bbmiddle\u00bb el_class=\u00bbtitulos-c\u00bb][vc_column][vc_custom_heading text=\u00bbClases de Cocina para Grupos y Cenas Interactivas\u00bb use_theme_fonts=\u00bbyes\u00bb el_class=\u00bblinea-titulos-principal mb mt\u00bb][\/vc_column][vc_column width=\u00bb1\/2&#8243;][vc_row_inner equal_height=\u00bbyes\u00bb content_placement=\u00bbmiddle\u00bb el_class=\u00bbmt mb textos-left-a\u00bb][vc_column_inner width=\u00bb1\/3&#8243;][vc_single_image image=\u00bb16024&#8243; img_size=\u00bbfull\u00bb alignment=\u00bbcenter\u00bb el_class=\u00bbeventos\u00bb][\/vc_column_inner][vc_column_inner el_class=\u00bbnotas\u00bb width=\u00bb2\/3&#8243;][vc_column_text]Gato Dumas cuenta con espacios propicios para desarrollar clases de cocina para grupos, ya sea de amigos, para ocasiones especiales, lanzamientos de productos, invitaciones para clientes, despedidas ... Leer m\u00e1s\" \/>\n<meta property=\"og:url\" content=\"https:\/\/gatodumas.com.co\/bogota\/cursos-y-diplomados\/eventos-corporativos-old\/\" \/>\n<meta property=\"og:site_name\" content=\"Gato Dumas Bogot\u00e1\" \/>\n<meta property=\"article:modified_time\" content=\"2025-03-04T16:15:11+00:00\" \/>\n<meta name=\"twitter:card\" content=\"summary_large_image\" \/>\n<meta name=\"twitter:label1\" content=\"Tiempo de lectura\" \/>\n\t<meta name=\"twitter:data1\" content=\"2 minutos\" \/>\n<script type=\"application\/ld+json\" class=\"yoast-schema-graph\">{\"@context\":\"https:\/\/schema.org\",\"@graph\":[{\"@type\":\"WebPage\",\"@id\":\"https:\/\/gatodumas.com.co\/bogota\/cursos-y-diplomados\/eventos-corporativos-old\/\",\"url\":\"https:\/\/gatodumas.com.co\/bogota\/cursos-y-diplomados\/eventos-corporativos-old\/\",\"name\":\"Eventos Corporativos (Old) - Gato Dumas Bogot\u00e1\",\"isPartOf\":{\"@id\":\"https:\/\/gatodumas.com.co\/bogota\/#website\"},\"datePublished\":\"2024-02-28T21:35:54+00:00\",\"dateModified\":\"2025-03-04T16:15:11+00:00\",\"breadcrumb\":{\"@id\":\"https:\/\/gatodumas.com.co\/bogota\/cursos-y-diplomados\/eventos-corporativos-old\/#breadcrumb\"},\"inLanguage\":\"es\",\"potentialAction\":[{\"@type\":\"ReadAction\",\"target\":[\"https:\/\/gatodumas.com.co\/bogota\/cursos-y-diplomados\/eventos-corporativos-old\/\"]}]},{\"@type\":\"BreadcrumbList\",\"@id\":\"https:\/\/gatodumas.com.co\/bogota\/cursos-y-diplomados\/eventos-corporativos-old\/#breadcrumb\",\"itemListElement\":[{\"@type\":\"ListItem\",\"position\":1,\"name\":\"Portada\",\"item\":\"https:\/\/gatodumas.com.co\/bogota\/\"},{\"@type\":\"ListItem\",\"position\":2,\"name\":\"Cursos y Diplomados\",\"item\":\"https:\/\/gatodumas.com.co\/bogota\/cursos-y-diplomados\/\"},{\"@type\":\"ListItem\",\"position\":3,\"name\":\"Eventos Corporativos (Old)\"}]},{\"@type\":\"WebSite\",\"@id\":\"https:\/\/gatodumas.com.co\/bogota\/#website\",\"url\":\"https:\/\/gatodumas.com.co\/bogota\/\",\"name\":\"Gato Dumas Bogot\u00e1\",\"description\":\"bogota\",\"publisher\":{\"@id\":\"https:\/\/gatodumas.com.co\/bogota\/#organization\"},\"potentialAction\":[{\"@type\":\"SearchAction\",\"target\":{\"@type\":\"EntryPoint\",\"urlTemplate\":\"https:\/\/gatodumas.com.co\/bogota\/?s={search_term_string}\"},\"query-input\":{\"@type\":\"PropertyValueSpecification\",\"valueRequired\":true,\"valueName\":\"search_term_string\"}}],\"inLanguage\":\"es\"},{\"@type\":\"Organization\",\"@id\":\"https:\/\/gatodumas.com.co\/bogota\/#organization\",\"name\":\"Gato Dumas Bogot\u00e1\",\"url\":\"https:\/\/gatodumas.com.co\/bogota\/\",\"logo\":{\"@type\":\"ImageObject\",\"inLanguage\":\"es\",\"@id\":\"https:\/\/gatodumas.com.co\/bogota\/#\/schema\/logo\/image\/\",\"url\":\"https:\/\/gatodumas.com.co\/bogota\/wp-content\/uploads\/sites\/2\/2024\/02\/cropped-dumas-negro-01-1.png\",\"contentUrl\":\"https:\/\/gatodumas.com.co\/bogota\/wp-content\/uploads\/sites\/2\/2024\/02\/cropped-dumas-negro-01-1.png\",\"width\":2497,\"height\":956,\"caption\":\"Gato Dumas Bogot\u00e1\"},\"image\":{\"@id\":\"https:\/\/gatodumas.com.co\/bogota\/#\/schema\/logo\/image\/\"}}]}<\/script>\n<!-- \/ Yoast SEO plugin. -->","yoast_head_json":{"title":"Eventos Corporativos (Old) - Gato Dumas Bogot\u00e1","robots":{"index":"index","follow":"follow","max-snippet":"max-snippet:-1","max-image-preview":"max-image-preview:large","max-video-preview":"max-video-preview:-1"},"canonical":"https:\/\/gatodumas.com.co\/bogota\/cursos-y-diplomados\/eventos-corporativos-old\/","og_locale":"es_ES","og_type":"article","og_title":"Eventos Corporativos (Old) - Gato Dumas Bogot\u00e1","og_description":"[vc_row equal_height=\u00bbyes\u00bb content_placement=\u00bbmiddle\u00bb el_class=\u00bbtitulos-c\u00bb][vc_column][vc_custom_heading text=\u00bbClases de Cocina para Grupos y Cenas Interactivas\u00bb use_theme_fonts=\u00bbyes\u00bb el_class=\u00bblinea-titulos-principal mb mt\u00bb][\/vc_column][vc_column width=\u00bb1\/2&#8243;][vc_row_inner equal_height=\u00bbyes\u00bb content_placement=\u00bbmiddle\u00bb el_class=\u00bbmt mb textos-left-a\u00bb][vc_column_inner width=\u00bb1\/3&#8243;][vc_single_image image=\u00bb16024&#8243; img_size=\u00bbfull\u00bb alignment=\u00bbcenter\u00bb el_class=\u00bbeventos\u00bb][\/vc_column_inner][vc_column_inner el_class=\u00bbnotas\u00bb width=\u00bb2\/3&#8243;][vc_column_text]Gato Dumas cuenta con espacios propicios para desarrollar clases de cocina para grupos, ya sea de amigos, para ocasiones especiales, lanzamientos de productos, invitaciones para clientes, despedidas ... Leer m\u00e1s","og_url":"https:\/\/gatodumas.com.co\/bogota\/cursos-y-diplomados\/eventos-corporativos-old\/","og_site_name":"Gato Dumas Bogot\u00e1","article_modified_time":"2025-03-04T16:15:11+00:00","twitter_card":"summary_large_image","twitter_misc":{"Tiempo de lectura":"2 minutos"},"schema":{"@context":"https:\/\/schema.org","@graph":[{"@type":"WebPage","@id":"https:\/\/gatodumas.com.co\/bogota\/cursos-y-diplomados\/eventos-corporativos-old\/","url":"https:\/\/gatodumas.com.co\/bogota\/cursos-y-diplomados\/eventos-corporativos-old\/","name":"Eventos Corporativos (Old) - Gato Dumas Bogot\u00e1","isPartOf":{"@id":"https:\/\/gatodumas.com.co\/bogota\/#website"},"datePublished":"2024-02-28T21:35:54+00:00","dateModified":"2025-03-04T16:15:11+00:00","breadcrumb":{"@id":"https:\/\/gatodumas.com.co\/bogota\/cursos-y-diplomados\/eventos-corporativos-old\/#breadcrumb"},"inLanguage":"es","potentialAction":[{"@type":"ReadAction","target":["https:\/\/gatodumas.com.co\/bogota\/cursos-y-diplomados\/eventos-corporativos-old\/"]}]},{"@type":"BreadcrumbList","@id":"https:\/\/gatodumas.com.co\/bogota\/cursos-y-diplomados\/eventos-corporativos-old\/#breadcrumb","itemListElement":[{"@type":"ListItem","position":1,"name":"Portada","item":"https:\/\/gatodumas.com.co\/bogota\/"},{"@type":"ListItem","position":2,"name":"Cursos y Diplomados","item":"https:\/\/gatodumas.com.co\/bogota\/cursos-y-diplomados\/"},{"@type":"ListItem","position":3,"name":"Eventos Corporativos (Old)"}]},{"@type":"WebSite","@id":"https:\/\/gatodumas.com.co\/bogota\/#website","url":"https:\/\/gatodumas.com.co\/bogota\/","name":"Gato Dumas Bogot\u00e1","description":"bogota","publisher":{"@id":"https:\/\/gatodumas.com.co\/bogota\/#organization"},"potentialAction":[{"@type":"SearchAction","target":{"@type":"EntryPoint","urlTemplate":"https:\/\/gatodumas.com.co\/bogota\/?s={search_term_string}"},"query-input":{"@type":"PropertyValueSpecification","valueRequired":true,"valueName":"search_term_string"}}],"inLanguage":"es"},{"@type":"Organization","@id":"https:\/\/gatodumas.com.co\/bogota\/#organization","name":"Gato Dumas Bogot\u00e1","url":"https:\/\/gatodumas.com.co\/bogota\/","logo":{"@type":"ImageObject","inLanguage":"es","@id":"https:\/\/gatodumas.com.co\/bogota\/#\/schema\/logo\/image\/","url":"https:\/\/gatodumas.com.co\/bogota\/wp-content\/uploads\/sites\/2\/2024\/02\/cropped-dumas-negro-01-1.png","contentUrl":"https:\/\/gatodumas.com.co\/bogota\/wp-content\/uploads\/sites\/2\/2024\/02\/cropped-dumas-negro-01-1.png","width":2497,"height":956,"caption":"Gato Dumas Bogot\u00e1"},"image":{"@id":"https:\/\/gatodumas.com.co\/bogota\/#\/schema\/logo\/image\/"}}]}},"_links":{"self":[{"href":"https:\/\/gatodumas.com.co\/bogota\/wp-json\/wp\/v2\/pages\/56","targetHints":{"allow":["GET"]}}],"collection":[{"href":"https:\/\/gatodumas.com.co\/bogota\/wp-json\/wp\/v2\/pages"}],"about":[{"href":"https:\/\/gatodumas.com.co\/bogota\/wp-json\/wp\/v2\/types\/page"}],"author":[{"embeddable":true,"href":"https:\/\/gatodumas.com.co\/bogota\/wp-json\/wp\/v2\/users\/2"}],"replies":[{"embeddable":true,"href":"https:\/\/gatodumas.com.co\/bogota\/wp-json\/wp\/v2\/comments?post=56"}],"version-history":[{"count":39,"href":"https:\/\/gatodumas.com.co\/bogota\/wp-json\/wp\/v2\/pages\/56\/revisions"}],"predecessor-version":[{"id":22804,"href":"https:\/\/gatodumas.com.co\/bogota\/wp-json\/wp\/v2\/pages\/56\/revisions\/22804"}],"up":[{"embeddable":true,"href":"https:\/\/gatodumas.com.co\/bogota\/wp-json\/wp\/v2\/pages\/47"}],"wp:attachment":[{"href":"https:\/\/gatodumas.com.co\/bogota\/wp-json\/wp\/v2\/media?parent=56"}],"curies":[{"name":"wp","href":"https:\/\/api.w.org\/{rel}","templated":true}]}}