{"id":12938,"date":"2020-12-29T09:46:29","date_gmt":"2020-12-29T14:46:29","guid":{"rendered":"https:\/\/gatodumas.com.co\/bogota\/?post_type=product&#038;p=12938"},"modified":"2024-12-14T20:58:52","modified_gmt":"2024-12-14T19:58:52","slug":"abc-de-la-pasteleria","status":"publish","type":"product","link":"https:\/\/gatodumas.com.co\/bogota\/producto\/abc-de-la-pasteleria\/","title":{"rendered":"ABC de la Pasteler\u00eda"},"content":{"rendered":"<div class=\"wpb-content-wrapper\"><p>[vc_row equal_height=\u00bbyes\u00bb el_class=\u00bbinfo-pro\u00bb][vc_column width=\u00bb3\/12&#8243;][vc_raw_html el_class=\u00bbmt\u00bb]JTNDaWZyYW1lJTIwd2lkdGglM0QlMjIzMjklMjIlMjBoZWlnaHQlM0QlMjI1ODUlMjIlMjBzcmMlM0QlMjJodHRwcyUzQSUyRiUyRnd3dy55b3V0dWJlLmNvbSUyRmVtYmVkJTJGOWk4dmI3STgxemslM0ZyZWwlM0QwJTI2bG9vcCUzRDElMjYlMjIlMjB0aXRsZSUzRCUyMkFCQyUyMGRlJTIwbGElMjBQYXN0ZWxlciVDMyVBRGElMjIlMjBmcmFtZWJvcmRlciUzRCUyMjAlMjIlMjBhbGxvdyUzRCUyMmFjY2VsZXJvbWV0ZXIlM0IlMjBhdXRvcGxheSUzQiUyMGNsaXBib2FyZC13cml0ZSUzQiUyMGVuY3J5cHRlZC1tZWRpYSUzQiUyMGd5cm9zY29wZSUzQiUyMHBpY3R1cmUtaW4tcGljdHVyZSUzQiUyMHdlYi1zaGFyZSUyMiUyMHJlZmVycmVycG9saWN5JTNEJTIyc3RyaWN0LW9yaWdpbi13aGVuLWNyb3NzLW9yaWdpbiUyMiUyMGFsbG93ZnVsbHNjcmVlbiUzRSUzQyUyRmlmcmFtZSUzRQ==[\/vc_raw_html][\/vc_column][vc_column width=\u00bb9\/12&#8243;][vc_custom_heading text=\u00bbTemario\u00bb use_theme_fonts=\u00bbyes\u00bb el_class=\u00bblinea-titulos-principal mb mt\u00bb][vc_tta_tour][vc_tta_section title=\u00bbClase 1&#8243; tab_id=\u00bb1710444634031-004c214e-2527&#8243; el_class=\u00bbfuente-verde-oscuro\u00bb][vc_column_text]<\/p>\n<h4><strong>Clase 1<\/strong><\/h4>\n<ul>\n<li class=\"li1\">Pate sabl\u00e9e \u2013 masa sabl\u00e9e de vainilla<\/li>\n<li class=\"li1\">Tarta de frutas de estaci\u00f3n y crema ligera de vainilla<\/li>\n<li class=\"li1\">Galletas de mantequilla de man\u00ed y chocolate<\/li>\n<\/ul>\n<p>[\/vc_column_text][\/vc_tta_section][vc_tta_section title=\u00bbClase 2&#8243; tab_id=\u00bb1710444634039-dcae7553-fa11&#8243; el_class=\u00bbfuente-verde-oscuro\u00bb][vc_column_text]<\/p>\n<h4><strong>Clase 2<\/strong><\/h4>\n<ul>\n<li class=\"li1\">Bizcochuelo<\/li>\n<li class=\"li1\">bizcochuelo de naranja<\/li>\n<li class=\"li1\">Torta tres leches \u2013 genovesa<\/li>\n<li class=\"li1\">Arrollado de cacao y fresas<\/li>\n<\/ul>\n<p>[\/vc_column_text][\/vc_tta_section][vc_tta_section title=\u00bbClase 3&#8243; tab_id=\u00bb1710444700345-7188e7e7-d4fb\u00bb el_class=\u00bbfuente-verde-oscuro\u00bb][vc_column_text]<\/p>\n<h4><strong>Clase 3<\/strong><\/h4>\n<ul>\n<li class=\"li1\">Bud\u00edn marmolado.<\/li>\n<li class=\"li1\">cuatro cuartos.<\/li>\n<li class=\"li1\">Muffins de banano y chocolate.<\/li>\n<li class=\"li1\">Muffins de jam\u00f3n y queso.<\/li>\n<\/ul>\n<p>[\/vc_column_text][\/vc_tta_section][vc_tta_section title=\u00bbClase 4&#8243; tab_id=\u00bb1710445162565-d15f7ff3-64dc\u00bb el_class=\u00bbfuente-verde-oscuro\u00bb][vc_column_text]<\/p>\n<h4><strong>Clase 4<\/strong><\/h4>\n<ul>\n<li class=\"li1\">Postre de tres chocolates.<\/li>\n<li class=\"li1\">Bavarois de mango y maracuy\u00e1.<\/li>\n<\/ul>\n<p>[\/vc_column_text][\/vc_tta_section][\/vc_tta_tour][\/vc_column][\/vc_row][vc_row el_class=\u00bbnotas\u00bb][vc_column]\n\t\t\t<h4 id=\"nota\" class=\"nota\">Nota<\/h4>\n\t\t\t<ul>\n\t\t\t\t<li>Se entregan Constancia de asistencia siempre y cuando se asista al 80% de las clases.<\/li>\n\t\t\t\t<li>Las clases perdidas por inasistencia del alumno no se recuperan y son personales e intransferibles. En caso de no poder asistir al inicio del curso deber\u00e1 avisar con 48 hs h\u00e1biles de antelaci\u00f3n para canjear el pago por un nuevo curso.<\/li>\n\t\t\t\t<li>El plazo para realizar el cambio por un nuevo curso es de 3 meses a partir de la fecha del inicio del curso.<\/li>\n\t\t\t\t<li>Para canjear el pago por un nuevo curso se tomar\u00e1 el valor abonado y no el valor actual del curso.<\/li>\n\t\t\t\t<li>Gato Dumas se reserva el derecho de suspender el curso con 48 hrs de anticipaci\u00f3n de no cumplir con el cupo m\u00ednimo.<\/li>\n\t\t\t\t<li>Los cupos se asignan en el orden en el que sea reportado y confirmado el pago (ya sea presentando en recibo o enviado por mail) de lo contrario la instituci\u00f3n no se har\u00e1 responsable del cupo.<\/li>\n\t\t\t<\/ul>\n\t\t\t<h4>Departamento Comercial Gato Dumas.<\/h4>\n\n\t\t[\/vc_column][\/vc_row]<\/p>\n<\/div>","protected":false},"excerpt":{"rendered":"<p>[vc_row equal_height=\u00bbyes\u00bb el_class=\u00bbinfo-pro\u00bb][vc_column width=\u00bb3\/12&#8243;][vc_raw_html el_class=\u00bbmt\u00bb]JTNDaWZyYW1lJTIwd2lkdGglM0QlMjIzMjklMjIlMjBoZWlnaHQlM0QlMjI1ODUlMjIlMjBzcmMlM0QlMjJodHRwcyUzQSUyRiUyRnd3dy55b3V0dWJlLmNvbSUyRmVtYmVkJTJGOWk4dmI3STgxemslM0ZyZWwlM0QwJTI2bG9vcCUzRDElMjYlMjIlMjB0aXRsZSUzRCUyMkFCQyUyMGRlJTIwbGElMjBQYXN0ZWxlciVDMyVBRGElMjIlMjBmcmFtZWJvcmRlciUzRCUyMjAlMjIlMjBhbGxvdyUzRCUyMmFjY2VsZXJvbWV0ZXIlM0IlMjBhdXRvcGxheSUzQiUyMGNsaXBib2FyZC13cml0ZSUzQiUyMGVuY3J5cHRlZC1tZWRpYSUzQiUyMGd5cm9zY29wZSUzQiUyMHBpY3R1cmUtaW4tcGljdHVyZSUzQiUyMHdlYi1zaGFyZSUyMiUyMHJlZmVycmVycG9saWN5JTNEJTIyc3RyaWN0LW9yaWdpbi13aGVuLWNyb3NzLW9yaWdpbiUyMiUyMGFsbG93ZnVsbHNjcmVlbiUzRSUzQyUyRmlmcmFtZSUzRQ==[\/vc_raw_html][\/vc_column][vc_column width=\u00bb9\/12&#8243;][vc_custom_heading text=\u00bbTemario\u00bb use_theme_fonts=\u00bbyes\u00bb el_class=\u00bblinea-titulos-principal mb mt\u00bb][vc_tta_tour][vc_tta_section title=\u00bbClase 1&#8243; tab_id=\u00bb1710444634031-004c214e-2527&#8243; el_class=\u00bbfuente-verde-oscuro\u00bb][vc_column_text] Clase 1 Pate sabl\u00e9e \u2013 masa sabl\u00e9e de vainilla Tarta de frutas de estaci\u00f3n y crema ligera de vainilla Galletas de mantequilla de man\u00ed y chocolate [\/vc_column_text][\/vc_tta_section][vc_tta_section title=\u00bbClase 2&#8243; tab_id=\u00bb1710444634039-dcae7553-fa11&#8243; el_class=\u00bbfuente-verde-oscuro\u00bb][vc_column_text] Clase 2 Bizcochuelo bizcochuelo de naranja Torta tres leches &#8230; <a title=\"ABC de la Pasteler\u00eda\" class=\"read-more\" href=\"https:\/\/gatodumas.com.co\/bogota\/producto\/abc-de-la-pasteleria\/\" aria-label=\"Leer m\u00e1s sobre ABC de la Pasteler\u00eda\">Leer m\u00e1s<\/a><\/p>\n","protected":false},"featured_media":16247,"template":"","meta":{"_acf_changed":false},"product_brand":[],"product_cat":[88],"product_tag":[],"class_list":{"0":"post-12938","1":"product","2":"type-product","3":"status-publish","4":"has-post-thumbnail","6":"product_cat-sin-categorizar","8":"first","9":"instock","10":"shipping-taxable","11":"product-type-simple"},"acf":[],"yoast_head":"<!-- This site is optimized with the Yoast SEO plugin v25.9 - https:\/\/yoast.com\/wordpress\/plugins\/seo\/ -->\n<title>ABC de la Pasteler\u00eda - Gato Dumas Bogot\u00e1<\/title>\n<meta name=\"robots\" content=\"index, follow, max-snippet:-1, max-image-preview:large, max-video-preview:-1\" \/>\n<link rel=\"canonical\" href=\"https:\/\/gatodumas.com.co\/bogota\/producto\/abc-de-la-pasteleria\/\" \/>\n<meta property=\"og:locale\" content=\"es_ES\" \/>\n<meta property=\"og:type\" content=\"article\" \/>\n<meta property=\"og:title\" content=\"ABC de la Pasteler\u00eda - Gato Dumas Bogot\u00e1\" \/>\n<meta property=\"og:description\" content=\"[vc_row equal_height=\u00bbyes\u00bb el_class=\u00bbinfo-pro\u00bb][vc_column width=\u00bb3\/12&#8243;][vc_raw_html el_class=\u00bbmt\u00bb]JTNDaWZyYW1lJTIwd2lkdGglM0QlMjIzMjklMjIlMjBoZWlnaHQlM0QlMjI1ODUlMjIlMjBzcmMlM0QlMjJodHRwcyUzQSUyRiUyRnd3dy55b3V0dWJlLmNvbSUyRmVtYmVkJTJGOWk4dmI3STgxemslM0ZyZWwlM0QwJTI2bG9vcCUzRDElMjYlMjIlMjB0aXRsZSUzRCUyMkFCQyUyMGRlJTIwbGElMjBQYXN0ZWxlciVDMyVBRGElMjIlMjBmcmFtZWJvcmRlciUzRCUyMjAlMjIlMjBhbGxvdyUzRCUyMmFjY2VsZXJvbWV0ZXIlM0IlMjBhdXRvcGxheSUzQiUyMGNsaXBib2FyZC13cml0ZSUzQiUyMGVuY3J5cHRlZC1tZWRpYSUzQiUyMGd5cm9zY29wZSUzQiUyMHBpY3R1cmUtaW4tcGljdHVyZSUzQiUyMHdlYi1zaGFyZSUyMiUyMHJlZmVycmVycG9saWN5JTNEJTIyc3RyaWN0LW9yaWdpbi13aGVuLWNyb3NzLW9yaWdpbiUyMiUyMGFsbG93ZnVsbHNjcmVlbiUzRSUzQyUyRmlmcmFtZSUzRQ==[\/vc_raw_html][\/vc_column][vc_column width=\u00bb9\/12&#8243;][vc_custom_heading text=\u00bbTemario\u00bb use_theme_fonts=\u00bbyes\u00bb el_class=\u00bblinea-titulos-principal mb mt\u00bb][vc_tta_tour][vc_tta_section title=\u00bbClase 1&#8243; tab_id=\u00bb1710444634031-004c214e-2527&#8243; el_class=\u00bbfuente-verde-oscuro\u00bb][vc_column_text] Clase 1 Pate sabl\u00e9e \u2013 masa sabl\u00e9e de vainilla Tarta de frutas de estaci\u00f3n y crema ligera de vainilla Galletas de mantequilla de man\u00ed y chocolate [\/vc_column_text][\/vc_tta_section][vc_tta_section title=\u00bbClase 2&#8243; tab_id=\u00bb1710444634039-dcae7553-fa11&#8243; el_class=\u00bbfuente-verde-oscuro\u00bb][vc_column_text] Clase 2 Bizcochuelo bizcochuelo de naranja Torta tres leches ... Leer m\u00e1s\" \/>\n<meta property=\"og:url\" content=\"https:\/\/gatodumas.com.co\/bogota\/producto\/abc-de-la-pasteleria\/\" \/>\n<meta property=\"og:site_name\" content=\"Gato Dumas Bogot\u00e1\" \/>\n<meta property=\"article:modified_time\" content=\"2024-12-14T19:58:52+00:00\" \/>\n<meta property=\"og:image\" content=\"https:\/\/gatodumas.com.co\/bogota\/wp-content\/uploads\/sites\/2\/2020\/12\/abc_pasteleria_15_12_23.jpg\" \/>\n\t<meta property=\"og:image:width\" content=\"1080\" \/>\n\t<meta property=\"og:image:height\" content=\"1080\" \/>\n\t<meta property=\"og:image:type\" content=\"image\/jpeg\" \/>\n<meta name=\"twitter:card\" content=\"summary_large_image\" \/>\n<meta name=\"twitter:label1\" content=\"Tiempo de lectura\" \/>\n\t<meta name=\"twitter:data1\" content=\"1 minuto\" \/>\n<script type=\"application\/ld+json\" class=\"yoast-schema-graph\">{\"@context\":\"https:\/\/schema.org\",\"@graph\":[{\"@type\":\"WebPage\",\"@id\":\"https:\/\/gatodumas.com.co\/bogota\/producto\/abc-de-la-pasteleria\/\",\"url\":\"https:\/\/gatodumas.com.co\/bogota\/producto\/abc-de-la-pasteleria\/\",\"name\":\"ABC de la Pasteler\u00eda - Gato Dumas Bogot\u00e1\",\"isPartOf\":{\"@id\":\"https:\/\/gatodumas.com.co\/bogota\/#website\"},\"primaryImageOfPage\":{\"@id\":\"https:\/\/gatodumas.com.co\/bogota\/producto\/abc-de-la-pasteleria\/#primaryimage\"},\"image\":{\"@id\":\"https:\/\/gatodumas.com.co\/bogota\/producto\/abc-de-la-pasteleria\/#primaryimage\"},\"thumbnailUrl\":\"https:\/\/gatodumas.com.co\/bogota\/wp-content\/uploads\/sites\/2\/2020\/12\/abc_pasteleria_15_12_23.jpg\",\"datePublished\":\"2020-12-29T14:46:29+00:00\",\"dateModified\":\"2024-12-14T19:58:52+00:00\",\"breadcrumb\":{\"@id\":\"https:\/\/gatodumas.com.co\/bogota\/producto\/abc-de-la-pasteleria\/#breadcrumb\"},\"inLanguage\":\"es\",\"potentialAction\":[{\"@type\":\"ReadAction\",\"target\":[\"https:\/\/gatodumas.com.co\/bogota\/producto\/abc-de-la-pasteleria\/\"]}]},{\"@type\":\"ImageObject\",\"inLanguage\":\"es\",\"@id\":\"https:\/\/gatodumas.com.co\/bogota\/producto\/abc-de-la-pasteleria\/#primaryimage\",\"url\":\"https:\/\/gatodumas.com.co\/bogota\/wp-content\/uploads\/sites\/2\/2020\/12\/abc_pasteleria_15_12_23.jpg\",\"contentUrl\":\"https:\/\/gatodumas.com.co\/bogota\/wp-content\/uploads\/sites\/2\/2020\/12\/abc_pasteleria_15_12_23.jpg\",\"width\":1080,\"height\":1080},{\"@type\":\"BreadcrumbList\",\"@id\":\"https:\/\/gatodumas.com.co\/bogota\/producto\/abc-de-la-pasteleria\/#breadcrumb\",\"itemListElement\":[{\"@type\":\"ListItem\",\"position\":1,\"name\":\"Portada\",\"item\":\"https:\/\/gatodumas.com.co\/bogota\/\"},{\"@type\":\"ListItem\",\"position\":2,\"name\":\"Tienda\",\"item\":\"https:\/\/gatodumas.com.co\/bogota\/tienda\/\"},{\"@type\":\"ListItem\",\"position\":3,\"name\":\"ABC de la Pasteler\u00eda\"}]},{\"@type\":\"WebSite\",\"@id\":\"https:\/\/gatodumas.com.co\/bogota\/#website\",\"url\":\"https:\/\/gatodumas.com.co\/bogota\/\",\"name\":\"Gato Dumas Bogot\u00e1\",\"description\":\"bogota\",\"publisher\":{\"@id\":\"https:\/\/gatodumas.com.co\/bogota\/#organization\"},\"potentialAction\":[{\"@type\":\"SearchAction\",\"target\":{\"@type\":\"EntryPoint\",\"urlTemplate\":\"https:\/\/gatodumas.com.co\/bogota\/?s={search_term_string}\"},\"query-input\":{\"@type\":\"PropertyValueSpecification\",\"valueRequired\":true,\"valueName\":\"search_term_string\"}}],\"inLanguage\":\"es\"},{\"@type\":\"Organization\",\"@id\":\"https:\/\/gatodumas.com.co\/bogota\/#organization\",\"name\":\"Gato Dumas Bogot\u00e1\",\"url\":\"https:\/\/gatodumas.com.co\/bogota\/\",\"logo\":{\"@type\":\"ImageObject\",\"inLanguage\":\"es\",\"@id\":\"https:\/\/gatodumas.com.co\/bogota\/#\/schema\/logo\/image\/\",\"url\":\"https:\/\/gatodumas.com.co\/bogota\/wp-content\/uploads\/sites\/2\/2024\/02\/cropped-dumas-negro-01-1.png\",\"contentUrl\":\"https:\/\/gatodumas.com.co\/bogota\/wp-content\/uploads\/sites\/2\/2024\/02\/cropped-dumas-negro-01-1.png\",\"width\":2497,\"height\":956,\"caption\":\"Gato Dumas Bogot\u00e1\"},\"image\":{\"@id\":\"https:\/\/gatodumas.com.co\/bogota\/#\/schema\/logo\/image\/\"}}]}<\/script>\n<!-- \/ Yoast SEO plugin. -->","yoast_head_json":{"title":"ABC de la Pasteler\u00eda - Gato Dumas Bogot\u00e1","robots":{"index":"index","follow":"follow","max-snippet":"max-snippet:-1","max-image-preview":"max-image-preview:large","max-video-preview":"max-video-preview:-1"},"canonical":"https:\/\/gatodumas.com.co\/bogota\/producto\/abc-de-la-pasteleria\/","og_locale":"es_ES","og_type":"article","og_title":"ABC de la Pasteler\u00eda - Gato Dumas Bogot\u00e1","og_description":"[vc_row equal_height=\u00bbyes\u00bb el_class=\u00bbinfo-pro\u00bb][vc_column width=\u00bb3\/12&#8243;][vc_raw_html el_class=\u00bbmt\u00bb]JTNDaWZyYW1lJTIwd2lkdGglM0QlMjIzMjklMjIlMjBoZWlnaHQlM0QlMjI1ODUlMjIlMjBzcmMlM0QlMjJodHRwcyUzQSUyRiUyRnd3dy55b3V0dWJlLmNvbSUyRmVtYmVkJTJGOWk4dmI3STgxemslM0ZyZWwlM0QwJTI2bG9vcCUzRDElMjYlMjIlMjB0aXRsZSUzRCUyMkFCQyUyMGRlJTIwbGElMjBQYXN0ZWxlciVDMyVBRGElMjIlMjBmcmFtZWJvcmRlciUzRCUyMjAlMjIlMjBhbGxvdyUzRCUyMmFjY2VsZXJvbWV0ZXIlM0IlMjBhdXRvcGxheSUzQiUyMGNsaXBib2FyZC13cml0ZSUzQiUyMGVuY3J5cHRlZC1tZWRpYSUzQiUyMGd5cm9zY29wZSUzQiUyMHBpY3R1cmUtaW4tcGljdHVyZSUzQiUyMHdlYi1zaGFyZSUyMiUyMHJlZmVycmVycG9saWN5JTNEJTIyc3RyaWN0LW9yaWdpbi13aGVuLWNyb3NzLW9yaWdpbiUyMiUyMGFsbG93ZnVsbHNjcmVlbiUzRSUzQyUyRmlmcmFtZSUzRQ==[\/vc_raw_html][\/vc_column][vc_column width=\u00bb9\/12&#8243;][vc_custom_heading text=\u00bbTemario\u00bb use_theme_fonts=\u00bbyes\u00bb el_class=\u00bblinea-titulos-principal mb mt\u00bb][vc_tta_tour][vc_tta_section title=\u00bbClase 1&#8243; tab_id=\u00bb1710444634031-004c214e-2527&#8243; el_class=\u00bbfuente-verde-oscuro\u00bb][vc_column_text] Clase 1 Pate sabl\u00e9e \u2013 masa sabl\u00e9e de vainilla Tarta de frutas de estaci\u00f3n y crema ligera de vainilla Galletas de mantequilla de man\u00ed y chocolate [\/vc_column_text][\/vc_tta_section][vc_tta_section title=\u00bbClase 2&#8243; tab_id=\u00bb1710444634039-dcae7553-fa11&#8243; el_class=\u00bbfuente-verde-oscuro\u00bb][vc_column_text] Clase 2 Bizcochuelo bizcochuelo de naranja Torta tres leches ... Leer m\u00e1s","og_url":"https:\/\/gatodumas.com.co\/bogota\/producto\/abc-de-la-pasteleria\/","og_site_name":"Gato Dumas Bogot\u00e1","article_modified_time":"2024-12-14T19:58:52+00:00","og_image":[{"width":1080,"height":1080,"url":"https:\/\/gatodumas.com.co\/bogota\/wp-content\/uploads\/sites\/2\/2020\/12\/abc_pasteleria_15_12_23.jpg","type":"image\/jpeg"}],"twitter_card":"summary_large_image","twitter_misc":{"Tiempo de lectura":"1 minuto"},"schema":{"@context":"https:\/\/schema.org","@graph":[{"@type":"WebPage","@id":"https:\/\/gatodumas.com.co\/bogota\/producto\/abc-de-la-pasteleria\/","url":"https:\/\/gatodumas.com.co\/bogota\/producto\/abc-de-la-pasteleria\/","name":"ABC de la Pasteler\u00eda - Gato Dumas Bogot\u00e1","isPartOf":{"@id":"https:\/\/gatodumas.com.co\/bogota\/#website"},"primaryImageOfPage":{"@id":"https:\/\/gatodumas.com.co\/bogota\/producto\/abc-de-la-pasteleria\/#primaryimage"},"image":{"@id":"https:\/\/gatodumas.com.co\/bogota\/producto\/abc-de-la-pasteleria\/#primaryimage"},"thumbnailUrl":"https:\/\/gatodumas.com.co\/bogota\/wp-content\/uploads\/sites\/2\/2020\/12\/abc_pasteleria_15_12_23.jpg","datePublished":"2020-12-29T14:46:29+00:00","dateModified":"2024-12-14T19:58:52+00:00","breadcrumb":{"@id":"https:\/\/gatodumas.com.co\/bogota\/producto\/abc-de-la-pasteleria\/#breadcrumb"},"inLanguage":"es","potentialAction":[{"@type":"ReadAction","target":["https:\/\/gatodumas.com.co\/bogota\/producto\/abc-de-la-pasteleria\/"]}]},{"@type":"ImageObject","inLanguage":"es","@id":"https:\/\/gatodumas.com.co\/bogota\/producto\/abc-de-la-pasteleria\/#primaryimage","url":"https:\/\/gatodumas.com.co\/bogota\/wp-content\/uploads\/sites\/2\/2020\/12\/abc_pasteleria_15_12_23.jpg","contentUrl":"https:\/\/gatodumas.com.co\/bogota\/wp-content\/uploads\/sites\/2\/2020\/12\/abc_pasteleria_15_12_23.jpg","width":1080,"height":1080},{"@type":"BreadcrumbList","@id":"https:\/\/gatodumas.com.co\/bogota\/producto\/abc-de-la-pasteleria\/#breadcrumb","itemListElement":[{"@type":"ListItem","position":1,"name":"Portada","item":"https:\/\/gatodumas.com.co\/bogota\/"},{"@type":"ListItem","position":2,"name":"Tienda","item":"https:\/\/gatodumas.com.co\/bogota\/tienda\/"},{"@type":"ListItem","position":3,"name":"ABC de la Pasteler\u00eda"}]},{"@type":"WebSite","@id":"https:\/\/gatodumas.com.co\/bogota\/#website","url":"https:\/\/gatodumas.com.co\/bogota\/","name":"Gato Dumas Bogot\u00e1","description":"bogota","publisher":{"@id":"https:\/\/gatodumas.com.co\/bogota\/#organization"},"potentialAction":[{"@type":"SearchAction","target":{"@type":"EntryPoint","urlTemplate":"https:\/\/gatodumas.com.co\/bogota\/?s={search_term_string}"},"query-input":{"@type":"PropertyValueSpecification","valueRequired":true,"valueName":"search_term_string"}}],"inLanguage":"es"},{"@type":"Organization","@id":"https:\/\/gatodumas.com.co\/bogota\/#organization","name":"Gato Dumas Bogot\u00e1","url":"https:\/\/gatodumas.com.co\/bogota\/","logo":{"@type":"ImageObject","inLanguage":"es","@id":"https:\/\/gatodumas.com.co\/bogota\/#\/schema\/logo\/image\/","url":"https:\/\/gatodumas.com.co\/bogota\/wp-content\/uploads\/sites\/2\/2024\/02\/cropped-dumas-negro-01-1.png","contentUrl":"https:\/\/gatodumas.com.co\/bogota\/wp-content\/uploads\/sites\/2\/2024\/02\/cropped-dumas-negro-01-1.png","width":2497,"height":956,"caption":"Gato Dumas Bogot\u00e1"},"image":{"@id":"https:\/\/gatodumas.com.co\/bogota\/#\/schema\/logo\/image\/"}}]}},"_links":{"self":[{"href":"https:\/\/gatodumas.com.co\/bogota\/wp-json\/wp\/v2\/product\/12938","targetHints":{"allow":["GET"]}}],"collection":[{"href":"https:\/\/gatodumas.com.co\/bogota\/wp-json\/wp\/v2\/product"}],"about":[{"href":"https:\/\/gatodumas.com.co\/bogota\/wp-json\/wp\/v2\/types\/product"}],"wp:featuredmedia":[{"embeddable":true,"href":"https:\/\/gatodumas.com.co\/bogota\/wp-json\/wp\/v2\/media\/16247"}],"wp:attachment":[{"href":"https:\/\/gatodumas.com.co\/bogota\/wp-json\/wp\/v2\/media?parent=12938"}],"wp:term":[{"taxonomy":"product_brand","embeddable":true,"href":"https:\/\/gatodumas.com.co\/bogota\/wp-json\/wp\/v2\/product_brand?post=12938"},{"taxonomy":"product_cat","embeddable":true,"href":"https:\/\/gatodumas.com.co\/bogota\/wp-json\/wp\/v2\/product_cat?post=12938"},{"taxonomy":"product_tag","embeddable":true,"href":"https:\/\/gatodumas.com.co\/bogota\/wp-json\/wp\/v2\/product_tag?post=12938"}],"curies":[{"name":"wp","href":"https:\/\/api.w.org\/{rel}","templated":true}]}}