{"id":13457,"date":"2023-04-03T01:11:45","date_gmt":"2023-04-03T06:11:45","guid":{"rendered":"https:\/\/gatodumas.com.co\/bogota\/?post_type=product&#038;p=13457"},"modified":"2024-03-13T21:12:54","modified_gmt":"2024-03-13T20:12:54","slug":"cocina-vegana","status":"publish","type":"product","link":"https:\/\/gatodumas.com.co\/bogota\/producto\/cocina-vegana\/","title":{"rendered":"Cocina Vegana"},"content":{"rendered":"<div class=\"wpb-content-wrapper\"><p>[vc_row full_height=\u00bbyes\u00bb columns_placement=\u00bbtop\u00bb content_placement=\u00bbtop\u00bb css=\u00bb.vc_custom_1594755362047{margin-top: -30px !important;}\u00bb][vc_column][vc_column_text]<\/p>\n<div class=\"tp-event-info\">\n<div class=\"tp-info-box\">\n<div class=\"tp-info-box\">\n<div><strong>Fecha:<\/strong><\/div>\n<div>Jueves 7 al 28 de mayo<\/div>\n<div>Horario: 06:00 pm a 08:30 pm<\/div>\n<div><\/div>\n<div><strong>Inversi\u00f3n:<\/strong><\/div>\n<div>$766.000 por persona<\/div>\n<div><\/div>\n<\/div>\n<div class=\"tp-info-box\">\n<p>Direcci\u00f3n<\/p>\n<\/div>\n<div class=\"tp-info-box\">\n<p>Autopista Norte #86 &#8211; 21 Costado Occidental, Bogot\u00e1<\/p>\n<\/div>\n<\/div>\n<\/div>\n<p>[\/vc_column_text][vc_separator style=\u00bbdouble\u00bb border_width=\u00bb3&#8243;][vc_column_text]<\/p>\n<h4><span style=\"color: #333300;\">Nota<\/span><\/h4>\n<ul>\n<li><span style=\"color: #333300;\">Se entregan Constancia de asistencia siempre y cuando se asista al 80% de las clases.<\/span><\/li>\n<li><span style=\"color: #333300;\">Las clases perdidas por inasistencia del alumno no se recuperan y son personales e intransferibles. En caso de no poder asistir al inicio del curso deber\u00e1 avisar con 48 hs h\u00e1biles de antelaci\u00f3n para canjear el pago por un nuevo curso.<\/span><\/li>\n<li><span style=\"color: #333300;\">El plazo para realizar el cambio por un nuevo curso es de 3 meses a partir de la fecha del inicio del curso.<\/span><\/li>\n<li><span style=\"color: #333300;\">Para canjear el pago por un nuevo curso se tomar\u00e1 el valor abonado y no el valor actual del curso.<\/span><\/li>\n<li><span style=\"color: #333300;\">El colegio se reserva el derecho de suspender el curso con 48 hrs de anticipaci\u00f3n de no cumplir con el cupo m\u00ednimo.<\/span><\/li>\n<li><span style=\"color: #333300;\">Los cupos se asignan en el orden en el que sea reportado y confirmado el pago (ya sea presentando en recibo o enviado por mail) de lo contrario la instituci\u00f3n no se har\u00e1 responsable del cupo.<\/span><\/li>\n<\/ul>\n<h4><span style=\"color: #333300;\">Departamento Comercial Gato Dumas Colegio de Gastronom\u00eda<\/span><\/h4>\n<p>&nbsp;<\/p>\n<p><span style=\"color: #333300;\">Bogot\u00e1<\/span><\/p>\n<p><span style=\"color: #333300;\">Cel: 312 507 7665\/ 312 507 9157\/ 3205579218<\/span><\/p>\n<p><span style=\"color: #333300;\">ventasbogot\u00e1@gatodumas.com<\/span><\/p>\n<p><span style=\"color: #333300;\">bogota@gatodumas.com<\/span><\/p>\n<p>barranquilla@gatodumas.com[\/vc_column_text][\/vc_column][\/vc_row]<\/p>\n<\/div>","protected":false},"excerpt":{"rendered":"<div class=\"tp-info-box\">\n<div class=\"tp-event-info\">\n<div class=\"tp-info-box\">\n<div class=\"tp-event-info\">\n<div class=\"tp-info-box\">\n<div class=\"tp-event-info\">\n<div class=\"tp-info-box\">\n<div class=\"tp-event-info\">\n<div class=\"tp-info-box\">\n<div>\n<h4><strong>Martes 7 de mayo<\/strong><\/h4>\n<ul>\n<li>Ensalada de fideos de soba<\/li>\n<li>Caneloni de zucchini crudivegano<\/li>\n<\/ul>\n<h4><strong>Martes 14 de mayo<\/strong><\/h4>\n<ul>\n<li>Curry Verde thai de tempeh con coco y pi\u00f1a,<\/li>\n<li>Steak de coliflor con salsa de hongos<\/li>\n<\/ul>\n<h4><strong>Martes 21 de mayo<\/strong><\/h4>\n<ul>\n<li>Arroz caribe\u00f1o con lentejas con salsa de tamarindo<\/li>\n<li>Sopa de miso<\/li>\n<\/ul>\n<h4><strong>Martes 28 de mayo<\/strong><\/h4>\n<ul>\n<li>Pie de pastor vegano<\/li>\n<li>Papardele de calabacin con cebolla y pimientos caramelizados<\/li>\n<\/ul>\n<p>&nbsp;<\/p>\n<p><a href=\"https:\/\/biz.payulatam.com\/L0cdb3f650D75AA\" target=\"_blank\" rel=\"noopener\"><img loading=\"lazy\" decoding=\"async\" class=\"alignnone wp-image-14030\" src=\"https:\/\/gatodumas.com.co\/bogota\/wp-content\/uploads\/sites\/15\/2021\/09\/PAGAR-AHORA-300x113.png\" alt=\"\" width=\"151\" height=\"57\" \/><\/a><\/p>\n<\/div>\n<div class=\"popupaoc-shortcode-preview\">\n<div class=\"popupaoc-shortcode-preview\">\n<div class=\"popupaoc-shortcode-preview\">\n<div class=\"popupaoc-shortcode-preview\">\n<div class=\"popupaoc-shortcode-preview\">\n<div class=\"popupaoc-shortcode-preview\">\n<div><span style=\"color: #ff0000;\"><strong>**ANTES DE PAGAR POR FAVOR VERIFICAR DISPONIBILIDAD <a href=\"#disponibilidad\">Aqui<\/a><\/strong><\/span><\/div>\n<div><\/div>\n<\/div>\n<\/div>\n<\/div>\n<\/div>\n<\/div>\n<\/div>\n<\/div>\n<\/div>\n<div class=\"popupaoc-shortcode-preview\">\n<div class=\"popupaoc-shortcode-preview\">\n<div class=\"popupaoc-shortcode-preview\">[popup_anything id=\u00bb13476&#8243;]<\/div>\n<\/div>\n<\/div>\n<\/div>\n<\/div>\n<\/div>\n<\/div>\n<\/div>\n<\/div>\n<\/div>\n","protected":false},"featured_media":15517,"template":"","meta":{"_acf_changed":false},"product_brand":[],"product_cat":[88],"product_tag":[],"class_list":{"0":"post-13457","1":"product","2":"type-product","3":"status-publish","4":"has-post-thumbnail","6":"product_cat-sin-categorizar","8":"first","9":"instock","10":"shipping-taxable","11":"purchasable","12":"product-type-simple"},"acf":[],"yoast_head":"<!-- This site is optimized with the Yoast SEO plugin v25.9 - https:\/\/yoast.com\/wordpress\/plugins\/seo\/ -->\n<title>Cocina Vegana - Gato Dumas Bogot\u00e1<\/title>\n<meta name=\"robots\" content=\"index, follow, max-snippet:-1, max-image-preview:large, max-video-preview:-1\" \/>\n<link rel=\"canonical\" href=\"https:\/\/gatodumas.com.co\/bogota\/producto\/cocina-vegana\/\" \/>\n<meta property=\"og:locale\" content=\"es_ES\" \/>\n<meta property=\"og:type\" content=\"article\" \/>\n<meta property=\"og:title\" content=\"Cocina Vegana - Gato Dumas Bogot\u00e1\" \/>\n<meta property=\"og:description\" content=\"Martes 7 de mayo   Ensalada de fideos de soba  Caneloni de zucchini crudivegano  Martes 14 de mayo   Curry Verde thai de tempeh con coco y pi\u00f1a,  Steak de coliflor con salsa de hongos  Martes 21 de mayo   Arroz caribe\u00f1o con lentejas con salsa de tamarindo  Sopa de miso  Martes 28 de mayo   Pie de pastor vegano  Papardele de calabacin con cebolla y pimientos caramelizados  &nbsp;           **ANTES DE PAGAR POR FAVOR VERIFICAR DISPONIBILIDAD Aqui            [popup_anything id=&quot;13476&quot;]\" \/>\n<meta property=\"og:url\" content=\"https:\/\/gatodumas.com.co\/bogota\/producto\/cocina-vegana\/\" \/>\n<meta property=\"og:site_name\" content=\"Gato Dumas Bogot\u00e1\" \/>\n<meta property=\"article:modified_time\" content=\"2024-03-13T20:12:54+00:00\" \/>\n<meta property=\"og:image\" content=\"https:\/\/gatodumas.com.co\/bogota\/wp-content\/uploads\/sites\/2\/2023\/04\/cocina_vegetariana_12_12_23_1.webp\" \/>\n\t<meta property=\"og:image:width\" content=\"1080\" \/>\n\t<meta property=\"og:image:height\" content=\"1080\" \/>\n\t<meta property=\"og:image:type\" content=\"image\/webp\" \/>\n<meta name=\"twitter:card\" content=\"summary_large_image\" \/>\n<meta name=\"twitter:label1\" content=\"Tiempo de lectura\" \/>\n\t<meta name=\"twitter:data1\" content=\"2 minutos\" \/>\n<script type=\"application\/ld+json\" class=\"yoast-schema-graph\">{\"@context\":\"https:\/\/schema.org\",\"@graph\":[{\"@type\":\"WebPage\",\"@id\":\"https:\/\/gatodumas.com.co\/bogota\/producto\/cocina-vegana\/\",\"url\":\"https:\/\/gatodumas.com.co\/bogota\/producto\/cocina-vegana\/\",\"name\":\"Cocina Vegana - Gato Dumas Bogot\u00e1\",\"isPartOf\":{\"@id\":\"https:\/\/gatodumas.com.co\/bogota\/#website\"},\"primaryImageOfPage\":{\"@id\":\"https:\/\/gatodumas.com.co\/bogota\/producto\/cocina-vegana\/#primaryimage\"},\"image\":{\"@id\":\"https:\/\/gatodumas.com.co\/bogota\/producto\/cocina-vegana\/#primaryimage\"},\"thumbnailUrl\":\"https:\/\/gatodumas.com.co\/bogota\/wp-content\/uploads\/sites\/2\/2023\/04\/cocina_vegetariana_12_12_23_1.webp\",\"datePublished\":\"2023-04-03T06:11:45+00:00\",\"dateModified\":\"2024-03-13T20:12:54+00:00\",\"breadcrumb\":{\"@id\":\"https:\/\/gatodumas.com.co\/bogota\/producto\/cocina-vegana\/#breadcrumb\"},\"inLanguage\":\"es\",\"potentialAction\":[{\"@type\":\"ReadAction\",\"target\":[\"https:\/\/gatodumas.com.co\/bogota\/producto\/cocina-vegana\/\"]}]},{\"@type\":\"ImageObject\",\"inLanguage\":\"es\",\"@id\":\"https:\/\/gatodumas.com.co\/bogota\/producto\/cocina-vegana\/#primaryimage\",\"url\":\"https:\/\/gatodumas.com.co\/bogota\/wp-content\/uploads\/sites\/2\/2023\/04\/cocina_vegetariana_12_12_23_1.webp\",\"contentUrl\":\"https:\/\/gatodumas.com.co\/bogota\/wp-content\/uploads\/sites\/2\/2023\/04\/cocina_vegetariana_12_12_23_1.webp\",\"width\":1080,\"height\":1080},{\"@type\":\"BreadcrumbList\",\"@id\":\"https:\/\/gatodumas.com.co\/bogota\/producto\/cocina-vegana\/#breadcrumb\",\"itemListElement\":[{\"@type\":\"ListItem\",\"position\":1,\"name\":\"Portada\",\"item\":\"https:\/\/gatodumas.com.co\/bogota\/\"},{\"@type\":\"ListItem\",\"position\":2,\"name\":\"Tienda\",\"item\":\"https:\/\/gatodumas.com.co\/bogota\/tienda\/\"},{\"@type\":\"ListItem\",\"position\":3,\"name\":\"Cocina Vegana\"}]},{\"@type\":\"WebSite\",\"@id\":\"https:\/\/gatodumas.com.co\/bogota\/#website\",\"url\":\"https:\/\/gatodumas.com.co\/bogota\/\",\"name\":\"Gato Dumas Bogot\u00e1\",\"description\":\"bogota\",\"publisher\":{\"@id\":\"https:\/\/gatodumas.com.co\/bogota\/#organization\"},\"potentialAction\":[{\"@type\":\"SearchAction\",\"target\":{\"@type\":\"EntryPoint\",\"urlTemplate\":\"https:\/\/gatodumas.com.co\/bogota\/?s={search_term_string}\"},\"query-input\":{\"@type\":\"PropertyValueSpecification\",\"valueRequired\":true,\"valueName\":\"search_term_string\"}}],\"inLanguage\":\"es\"},{\"@type\":\"Organization\",\"@id\":\"https:\/\/gatodumas.com.co\/bogota\/#organization\",\"name\":\"Gato Dumas Bogot\u00e1\",\"url\":\"https:\/\/gatodumas.com.co\/bogota\/\",\"logo\":{\"@type\":\"ImageObject\",\"inLanguage\":\"es\",\"@id\":\"https:\/\/gatodumas.com.co\/bogota\/#\/schema\/logo\/image\/\",\"url\":\"https:\/\/gatodumas.com.co\/bogota\/wp-content\/uploads\/sites\/2\/2024\/02\/cropped-dumas-negro-01-1.png\",\"contentUrl\":\"https:\/\/gatodumas.com.co\/bogota\/wp-content\/uploads\/sites\/2\/2024\/02\/cropped-dumas-negro-01-1.png\",\"width\":2497,\"height\":956,\"caption\":\"Gato Dumas Bogot\u00e1\"},\"image\":{\"@id\":\"https:\/\/gatodumas.com.co\/bogota\/#\/schema\/logo\/image\/\"}}]}<\/script>\n<!-- \/ Yoast SEO plugin. -->","yoast_head_json":{"title":"Cocina Vegana - Gato Dumas Bogot\u00e1","robots":{"index":"index","follow":"follow","max-snippet":"max-snippet:-1","max-image-preview":"max-image-preview:large","max-video-preview":"max-video-preview:-1"},"canonical":"https:\/\/gatodumas.com.co\/bogota\/producto\/cocina-vegana\/","og_locale":"es_ES","og_type":"article","og_title":"Cocina Vegana - Gato Dumas Bogot\u00e1","og_description":"Martes 7 de mayo   Ensalada de fideos de soba  Caneloni de zucchini crudivegano  Martes 14 de mayo   Curry Verde thai de tempeh con coco y pi\u00f1a,  Steak de coliflor con salsa de hongos  Martes 21 de mayo   Arroz caribe\u00f1o con lentejas con salsa de tamarindo  Sopa de miso  Martes 28 de mayo   Pie de pastor vegano  Papardele de calabacin con cebolla y pimientos caramelizados  &nbsp;           **ANTES DE PAGAR POR FAVOR VERIFICAR DISPONIBILIDAD Aqui            [popup_anything id=\"13476\"]","og_url":"https:\/\/gatodumas.com.co\/bogota\/producto\/cocina-vegana\/","og_site_name":"Gato Dumas Bogot\u00e1","article_modified_time":"2024-03-13T20:12:54+00:00","og_image":[{"width":1080,"height":1080,"url":"https:\/\/gatodumas.com.co\/bogota\/wp-content\/uploads\/sites\/2\/2023\/04\/cocina_vegetariana_12_12_23_1.webp","type":"image\/webp"}],"twitter_card":"summary_large_image","twitter_misc":{"Tiempo de lectura":"2 minutos"},"schema":{"@context":"https:\/\/schema.org","@graph":[{"@type":"WebPage","@id":"https:\/\/gatodumas.com.co\/bogota\/producto\/cocina-vegana\/","url":"https:\/\/gatodumas.com.co\/bogota\/producto\/cocina-vegana\/","name":"Cocina Vegana - Gato Dumas Bogot\u00e1","isPartOf":{"@id":"https:\/\/gatodumas.com.co\/bogota\/#website"},"primaryImageOfPage":{"@id":"https:\/\/gatodumas.com.co\/bogota\/producto\/cocina-vegana\/#primaryimage"},"image":{"@id":"https:\/\/gatodumas.com.co\/bogota\/producto\/cocina-vegana\/#primaryimage"},"thumbnailUrl":"https:\/\/gatodumas.com.co\/bogota\/wp-content\/uploads\/sites\/2\/2023\/04\/cocina_vegetariana_12_12_23_1.webp","datePublished":"2023-04-03T06:11:45+00:00","dateModified":"2024-03-13T20:12:54+00:00","breadcrumb":{"@id":"https:\/\/gatodumas.com.co\/bogota\/producto\/cocina-vegana\/#breadcrumb"},"inLanguage":"es","potentialAction":[{"@type":"ReadAction","target":["https:\/\/gatodumas.com.co\/bogota\/producto\/cocina-vegana\/"]}]},{"@type":"ImageObject","inLanguage":"es","@id":"https:\/\/gatodumas.com.co\/bogota\/producto\/cocina-vegana\/#primaryimage","url":"https:\/\/gatodumas.com.co\/bogota\/wp-content\/uploads\/sites\/2\/2023\/04\/cocina_vegetariana_12_12_23_1.webp","contentUrl":"https:\/\/gatodumas.com.co\/bogota\/wp-content\/uploads\/sites\/2\/2023\/04\/cocina_vegetariana_12_12_23_1.webp","width":1080,"height":1080},{"@type":"BreadcrumbList","@id":"https:\/\/gatodumas.com.co\/bogota\/producto\/cocina-vegana\/#breadcrumb","itemListElement":[{"@type":"ListItem","position":1,"name":"Portada","item":"https:\/\/gatodumas.com.co\/bogota\/"},{"@type":"ListItem","position":2,"name":"Tienda","item":"https:\/\/gatodumas.com.co\/bogota\/tienda\/"},{"@type":"ListItem","position":3,"name":"Cocina Vegana"}]},{"@type":"WebSite","@id":"https:\/\/gatodumas.com.co\/bogota\/#website","url":"https:\/\/gatodumas.com.co\/bogota\/","name":"Gato Dumas Bogot\u00e1","description":"bogota","publisher":{"@id":"https:\/\/gatodumas.com.co\/bogota\/#organization"},"potentialAction":[{"@type":"SearchAction","target":{"@type":"EntryPoint","urlTemplate":"https:\/\/gatodumas.com.co\/bogota\/?s={search_term_string}"},"query-input":{"@type":"PropertyValueSpecification","valueRequired":true,"valueName":"search_term_string"}}],"inLanguage":"es"},{"@type":"Organization","@id":"https:\/\/gatodumas.com.co\/bogota\/#organization","name":"Gato Dumas Bogot\u00e1","url":"https:\/\/gatodumas.com.co\/bogota\/","logo":{"@type":"ImageObject","inLanguage":"es","@id":"https:\/\/gatodumas.com.co\/bogota\/#\/schema\/logo\/image\/","url":"https:\/\/gatodumas.com.co\/bogota\/wp-content\/uploads\/sites\/2\/2024\/02\/cropped-dumas-negro-01-1.png","contentUrl":"https:\/\/gatodumas.com.co\/bogota\/wp-content\/uploads\/sites\/2\/2024\/02\/cropped-dumas-negro-01-1.png","width":2497,"height":956,"caption":"Gato Dumas Bogot\u00e1"},"image":{"@id":"https:\/\/gatodumas.com.co\/bogota\/#\/schema\/logo\/image\/"}}]}},"_links":{"self":[{"href":"https:\/\/gatodumas.com.co\/bogota\/wp-json\/wp\/v2\/product\/13457","targetHints":{"allow":["GET"]}}],"collection":[{"href":"https:\/\/gatodumas.com.co\/bogota\/wp-json\/wp\/v2\/product"}],"about":[{"href":"https:\/\/gatodumas.com.co\/bogota\/wp-json\/wp\/v2\/types\/product"}],"wp:featuredmedia":[{"embeddable":true,"href":"https:\/\/gatodumas.com.co\/bogota\/wp-json\/wp\/v2\/media\/15517"}],"wp:attachment":[{"href":"https:\/\/gatodumas.com.co\/bogota\/wp-json\/wp\/v2\/media?parent=13457"}],"wp:term":[{"taxonomy":"product_brand","embeddable":true,"href":"https:\/\/gatodumas.com.co\/bogota\/wp-json\/wp\/v2\/product_brand?post=13457"},{"taxonomy":"product_cat","embeddable":true,"href":"https:\/\/gatodumas.com.co\/bogota\/wp-json\/wp\/v2\/product_cat?post=13457"},{"taxonomy":"product_tag","embeddable":true,"href":"https:\/\/gatodumas.com.co\/bogota\/wp-json\/wp\/v2\/product_tag?post=13457"}],"curies":[{"name":"wp","href":"https:\/\/api.w.org\/{rel}","templated":true}]}}