{"id":14770,"date":"2023-10-20T19:37:23","date_gmt":"2023-10-21T00:37:23","guid":{"rendered":"https:\/\/gatodumas.com.co\/bogota\/?post_type=product&#038;p=14770"},"modified":"2024-12-14T21:29:36","modified_gmt":"2024-12-14T20:29:36","slug":"pasteleria-alternativa-sin-azucar","status":"publish","type":"product","link":"https:\/\/gatodumas.com.co\/bogota\/producto\/pasteleria-alternativa-sin-azucar\/","title":{"rendered":"Pasteler\u00eda Alternativa sin az\u00facar"},"content":{"rendered":"<div class=\"wpb-content-wrapper\"><p>[vc_row equal_height=\u00bbyes\u00bb el_class=\u00bbinfo-pro\u00bb][vc_column width=\u00bb3\/12&#8243;][vc_single_image image=\u00bb19563&#8243; img_size=\u00bbfull\u00bb alignment=\u00bbcenter\u00bb css=\u00bb\u00bb][\/vc_column][vc_column width=\u00bb9\/12&#8243;][vc_custom_heading text=\u00bbTemario\u00bb use_theme_fonts=\u00bbyes\u00bb el_class=\u00bblinea-titulos-principal mb mt\u00bb][vc_tta_tour][vc_tta_section title=\u00bbClase 1&#8243; tab_id=\u00bb1710444634031-004c214e-2527&#8243; el_class=\u00bbfuente-verde-oscuro\u00bb][vc_column_text]<\/p>\n<div>\n<h4><strong>Clase 1<\/strong><\/h4>\n<ul>\n<li>Tiramis\u00fa de Frutos Rojos<\/li>\n<li>Crumble de Peras, Moras y Caramelo Salado<\/li>\n<\/ul>\n<\/div>\n<div><\/div>\n<p>[\/vc_column_text][\/vc_tta_section][vc_tta_section title=\u00bbClase 2&#8243; tab_id=\u00bb1710444634039-dcae7553-fa11&#8243; el_class=\u00bbfuente-verde-oscuro\u00bb][vc_column_text]<\/p>\n<h4><strong>Clase 2<\/strong><\/h4>\n<ul>\n<li>Verrine de Arroz con Leche de Coco, Mango, Pistacho y Agua de Rosas<\/li>\n<li>Fruitcake Navide\u00f1o<\/li>\n<\/ul>\n<p>[\/vc_column_text][\/vc_tta_section][vc_tta_section title=\u00bbClase 3&#8243; tab_id=\u00bb1710444700345-7188e7e7-d4fb\u00bb el_class=\u00bbfuente-verde-oscuro\u00bb][vc_column_text]<strong>Clase 3<\/strong><\/p>\n<ul>\n<li>Rollos de Canela.<\/li>\n<li>Bizcocho Chai de Guayaba al Sart\u00e9n.<\/li>\n<li>Hummus de Cacao.<\/li>\n<\/ul>\n<p>[\/vc_column_text][\/vc_tta_section][vc_tta_section title=\u00bbClase 4&#8243; tab_id=\u00bb1710445162565-d15f7ff3-64dc\u00bb el_class=\u00bbfuente-verde-oscuro\u00bb][vc_column_text]<strong>Clase 4<\/strong><\/p>\n<ul>\n<li>Galette de Pi\u00f1a y Ar\u00e1ndanos con Helado R\u00e1pido de Banana y Canela.<\/li>\n<li>Strawberry Short Cake de Ricotta y Syrope de Albahaca.<\/li>\n<\/ul>\n<p>[\/vc_column_text][\/vc_tta_section][\/vc_tta_tour][\/vc_column][\/vc_row][vc_row el_class=\u00bbnotas\u00bb][vc_column]\n\t\t\t<h4 id=\"nota\" class=\"nota\">Nota<\/h4>\n\t\t\t<ul>\n\t\t\t\t<li>Se entregan Constancia de asistencia siempre y cuando se asista al 80% de las clases.<\/li>\n\t\t\t\t<li>Las clases perdidas por inasistencia del alumno no se recuperan y son personales e intransferibles. En caso de no poder asistir al inicio del curso deber\u00e1 avisar con 48 hs h\u00e1biles de antelaci\u00f3n para canjear el pago por un nuevo curso.<\/li>\n\t\t\t\t<li>El plazo para realizar el cambio por un nuevo curso es de 3 meses a partir de la fecha del inicio del curso.<\/li>\n\t\t\t\t<li>Para canjear el pago por un nuevo curso se tomar\u00e1 el valor abonado y no el valor actual del curso.<\/li>\n\t\t\t\t<li>Gato Dumas se reserva el derecho de suspender el curso con 48 hrs de anticipaci\u00f3n de no cumplir con el cupo m\u00ednimo.<\/li>\n\t\t\t\t<li>Los cupos se asignan en el orden en el que sea reportado y confirmado el pago (ya sea presentando en recibo o enviado por mail) de lo contrario la instituci\u00f3n no se har\u00e1 responsable del cupo.<\/li>\n\t\t\t<\/ul>\n\t\t\t<h4>Departamento Comercial Gato Dumas.<\/h4>\n\n\t\t[\/vc_column][\/vc_row]<\/p>\n<\/div>","protected":false},"excerpt":{"rendered":"<p>[vc_row equal_height=\u00bbyes\u00bb el_class=\u00bbinfo-pro\u00bb][vc_column width=\u00bb3\/12&#8243;][vc_single_image image=\u00bb19563&#8243; img_size=\u00bbfull\u00bb alignment=\u00bbcenter\u00bb css=\u00bb\u00bb][\/vc_column][vc_column width=\u00bb9\/12&#8243;][vc_custom_heading text=\u00bbTemario\u00bb use_theme_fonts=\u00bbyes\u00bb el_class=\u00bblinea-titulos-principal mb mt\u00bb][vc_tta_tour][vc_tta_section title=\u00bbClase 1&#8243; tab_id=\u00bb1710444634031-004c214e-2527&#8243; el_class=\u00bbfuente-verde-oscuro\u00bb][vc_column_text] Clase 1 Tiramis\u00fa de Frutos Rojos Crumble de Peras, Moras y Caramelo Salado [\/vc_column_text][\/vc_tta_section][vc_tta_section title=\u00bbClase 2&#8243; tab_id=\u00bb1710444634039-dcae7553-fa11&#8243; el_class=\u00bbfuente-verde-oscuro\u00bb][vc_column_text] Clase 2 Verrine de Arroz con Leche de Coco, Mango, Pistacho y Agua de Rosas Fruitcake Navide\u00f1o [\/vc_column_text][\/vc_tta_section][vc_tta_section title=\u00bbClase &#8230; <a title=\"Pasteler\u00eda Alternativa sin az\u00facar\" class=\"read-more\" href=\"https:\/\/gatodumas.com.co\/bogota\/producto\/pasteleria-alternativa-sin-azucar\/\" aria-label=\"Leer m\u00e1s sobre Pasteler\u00eda Alternativa sin az\u00facar\">Leer m\u00e1s<\/a><\/p>\n","protected":false},"featured_media":20769,"template":"","meta":{"_acf_changed":false},"product_brand":[],"product_cat":[88],"product_tag":[],"class_list":{"0":"post-14770","1":"product","2":"type-product","3":"status-publish","4":"has-post-thumbnail","6":"product_cat-sin-categorizar","8":"first","9":"instock","10":"shipping-taxable","11":"purchasable","12":"product-type-simple"},"acf":[],"yoast_head":"<!-- This site is optimized with the Yoast SEO plugin v25.9 - https:\/\/yoast.com\/wordpress\/plugins\/seo\/ -->\n<title>Pasteler\u00eda Alternativa sin az\u00facar - Gato Dumas Bogot\u00e1<\/title>\n<meta name=\"robots\" content=\"index, follow, max-snippet:-1, max-image-preview:large, max-video-preview:-1\" \/>\n<link rel=\"canonical\" href=\"https:\/\/gatodumas.com.co\/bogota\/producto\/pasteleria-alternativa-sin-azucar\/\" \/>\n<meta property=\"og:locale\" content=\"es_ES\" \/>\n<meta property=\"og:type\" content=\"article\" \/>\n<meta property=\"og:title\" content=\"Pasteler\u00eda Alternativa sin az\u00facar - Gato Dumas Bogot\u00e1\" \/>\n<meta property=\"og:description\" content=\"[vc_row equal_height=\u00bbyes\u00bb el_class=\u00bbinfo-pro\u00bb][vc_column width=\u00bb3\/12&#8243;][vc_single_image image=\u00bb19563&#8243; img_size=\u00bbfull\u00bb alignment=\u00bbcenter\u00bb css=\u00bb\u00bb][\/vc_column][vc_column width=\u00bb9\/12&#8243;][vc_custom_heading text=\u00bbTemario\u00bb use_theme_fonts=\u00bbyes\u00bb el_class=\u00bblinea-titulos-principal mb mt\u00bb][vc_tta_tour][vc_tta_section title=\u00bbClase 1&#8243; tab_id=\u00bb1710444634031-004c214e-2527&#8243; el_class=\u00bbfuente-verde-oscuro\u00bb][vc_column_text] Clase 1 Tiramis\u00fa de Frutos Rojos Crumble de Peras, Moras y Caramelo Salado [\/vc_column_text][\/vc_tta_section][vc_tta_section title=\u00bbClase 2&#8243; tab_id=\u00bb1710444634039-dcae7553-fa11&#8243; el_class=\u00bbfuente-verde-oscuro\u00bb][vc_column_text] Clase 2 Verrine de Arroz con Leche de Coco, Mango, Pistacho y Agua de Rosas Fruitcake Navide\u00f1o [\/vc_column_text][\/vc_tta_section][vc_tta_section title=\u00bbClase ... Leer m\u00e1s\" \/>\n<meta property=\"og:url\" content=\"https:\/\/gatodumas.com.co\/bogota\/producto\/pasteleria-alternativa-sin-azucar\/\" \/>\n<meta property=\"og:site_name\" content=\"Gato Dumas Bogot\u00e1\" \/>\n<meta property=\"article:modified_time\" content=\"2024-12-14T20:29:36+00:00\" \/>\n<meta property=\"og:image\" content=\"https:\/\/gatodumas.com.co\/bogota\/wp-content\/uploads\/sites\/2\/2023\/10\/pASTELERYA_ALTERNATIVA_SIN_AZUCAR_Mesa_de_trabajo_1-1.jpg\" \/>\n\t<meta property=\"og:image:width\" content=\"1080\" \/>\n\t<meta property=\"og:image:height\" content=\"1080\" \/>\n\t<meta property=\"og:image:type\" content=\"image\/jpeg\" \/>\n<meta name=\"twitter:card\" content=\"summary_large_image\" \/>\n<meta name=\"twitter:label1\" content=\"Tiempo de lectura\" \/>\n\t<meta name=\"twitter:data1\" content=\"1 minuto\" \/>\n<script type=\"application\/ld+json\" class=\"yoast-schema-graph\">{\"@context\":\"https:\/\/schema.org\",\"@graph\":[{\"@type\":\"WebPage\",\"@id\":\"https:\/\/gatodumas.com.co\/bogota\/producto\/pasteleria-alternativa-sin-azucar\/\",\"url\":\"https:\/\/gatodumas.com.co\/bogota\/producto\/pasteleria-alternativa-sin-azucar\/\",\"name\":\"Pasteler\u00eda Alternativa sin az\u00facar - Gato Dumas Bogot\u00e1\",\"isPartOf\":{\"@id\":\"https:\/\/gatodumas.com.co\/bogota\/#website\"},\"primaryImageOfPage\":{\"@id\":\"https:\/\/gatodumas.com.co\/bogota\/producto\/pasteleria-alternativa-sin-azucar\/#primaryimage\"},\"image\":{\"@id\":\"https:\/\/gatodumas.com.co\/bogota\/producto\/pasteleria-alternativa-sin-azucar\/#primaryimage\"},\"thumbnailUrl\":\"https:\/\/gatodumas.com.co\/bogota\/wp-content\/uploads\/sites\/2\/2023\/10\/pASTELERYA_ALTERNATIVA_SIN_AZUCAR_Mesa_de_trabajo_1-1.jpg\",\"datePublished\":\"2023-10-21T00:37:23+00:00\",\"dateModified\":\"2024-12-14T20:29:36+00:00\",\"breadcrumb\":{\"@id\":\"https:\/\/gatodumas.com.co\/bogota\/producto\/pasteleria-alternativa-sin-azucar\/#breadcrumb\"},\"inLanguage\":\"es\",\"potentialAction\":[{\"@type\":\"ReadAction\",\"target\":[\"https:\/\/gatodumas.com.co\/bogota\/producto\/pasteleria-alternativa-sin-azucar\/\"]}]},{\"@type\":\"ImageObject\",\"inLanguage\":\"es\",\"@id\":\"https:\/\/gatodumas.com.co\/bogota\/producto\/pasteleria-alternativa-sin-azucar\/#primaryimage\",\"url\":\"https:\/\/gatodumas.com.co\/bogota\/wp-content\/uploads\/sites\/2\/2023\/10\/pASTELERYA_ALTERNATIVA_SIN_AZUCAR_Mesa_de_trabajo_1-1.jpg\",\"contentUrl\":\"https:\/\/gatodumas.com.co\/bogota\/wp-content\/uploads\/sites\/2\/2023\/10\/pASTELERYA_ALTERNATIVA_SIN_AZUCAR_Mesa_de_trabajo_1-1.jpg\",\"width\":1080,\"height\":1080},{\"@type\":\"BreadcrumbList\",\"@id\":\"https:\/\/gatodumas.com.co\/bogota\/producto\/pasteleria-alternativa-sin-azucar\/#breadcrumb\",\"itemListElement\":[{\"@type\":\"ListItem\",\"position\":1,\"name\":\"Portada\",\"item\":\"https:\/\/gatodumas.com.co\/bogota\/\"},{\"@type\":\"ListItem\",\"position\":2,\"name\":\"Tienda\",\"item\":\"https:\/\/gatodumas.com.co\/bogota\/tienda\/\"},{\"@type\":\"ListItem\",\"position\":3,\"name\":\"Pasteler\u00eda Alternativa sin az\u00facar\"}]},{\"@type\":\"WebSite\",\"@id\":\"https:\/\/gatodumas.com.co\/bogota\/#website\",\"url\":\"https:\/\/gatodumas.com.co\/bogota\/\",\"name\":\"Gato Dumas Bogot\u00e1\",\"description\":\"bogota\",\"publisher\":{\"@id\":\"https:\/\/gatodumas.com.co\/bogota\/#organization\"},\"potentialAction\":[{\"@type\":\"SearchAction\",\"target\":{\"@type\":\"EntryPoint\",\"urlTemplate\":\"https:\/\/gatodumas.com.co\/bogota\/?s={search_term_string}\"},\"query-input\":{\"@type\":\"PropertyValueSpecification\",\"valueRequired\":true,\"valueName\":\"search_term_string\"}}],\"inLanguage\":\"es\"},{\"@type\":\"Organization\",\"@id\":\"https:\/\/gatodumas.com.co\/bogota\/#organization\",\"name\":\"Gato Dumas Bogot\u00e1\",\"url\":\"https:\/\/gatodumas.com.co\/bogota\/\",\"logo\":{\"@type\":\"ImageObject\",\"inLanguage\":\"es\",\"@id\":\"https:\/\/gatodumas.com.co\/bogota\/#\/schema\/logo\/image\/\",\"url\":\"https:\/\/gatodumas.com.co\/bogota\/wp-content\/uploads\/sites\/2\/2024\/02\/cropped-dumas-negro-01-1.png\",\"contentUrl\":\"https:\/\/gatodumas.com.co\/bogota\/wp-content\/uploads\/sites\/2\/2024\/02\/cropped-dumas-negro-01-1.png\",\"width\":2497,\"height\":956,\"caption\":\"Gato Dumas Bogot\u00e1\"},\"image\":{\"@id\":\"https:\/\/gatodumas.com.co\/bogota\/#\/schema\/logo\/image\/\"}}]}<\/script>\n<!-- \/ Yoast SEO plugin. -->","yoast_head_json":{"title":"Pasteler\u00eda Alternativa sin az\u00facar - Gato Dumas Bogot\u00e1","robots":{"index":"index","follow":"follow","max-snippet":"max-snippet:-1","max-image-preview":"max-image-preview:large","max-video-preview":"max-video-preview:-1"},"canonical":"https:\/\/gatodumas.com.co\/bogota\/producto\/pasteleria-alternativa-sin-azucar\/","og_locale":"es_ES","og_type":"article","og_title":"Pasteler\u00eda Alternativa sin az\u00facar - Gato Dumas Bogot\u00e1","og_description":"[vc_row equal_height=\u00bbyes\u00bb el_class=\u00bbinfo-pro\u00bb][vc_column width=\u00bb3\/12&#8243;][vc_single_image image=\u00bb19563&#8243; img_size=\u00bbfull\u00bb alignment=\u00bbcenter\u00bb css=\u00bb\u00bb][\/vc_column][vc_column width=\u00bb9\/12&#8243;][vc_custom_heading text=\u00bbTemario\u00bb use_theme_fonts=\u00bbyes\u00bb el_class=\u00bblinea-titulos-principal mb mt\u00bb][vc_tta_tour][vc_tta_section title=\u00bbClase 1&#8243; tab_id=\u00bb1710444634031-004c214e-2527&#8243; el_class=\u00bbfuente-verde-oscuro\u00bb][vc_column_text] Clase 1 Tiramis\u00fa de Frutos Rojos Crumble de Peras, Moras y Caramelo Salado [\/vc_column_text][\/vc_tta_section][vc_tta_section title=\u00bbClase 2&#8243; tab_id=\u00bb1710444634039-dcae7553-fa11&#8243; el_class=\u00bbfuente-verde-oscuro\u00bb][vc_column_text] Clase 2 Verrine de Arroz con Leche de Coco, Mango, Pistacho y Agua de Rosas Fruitcake Navide\u00f1o [\/vc_column_text][\/vc_tta_section][vc_tta_section title=\u00bbClase ... Leer m\u00e1s","og_url":"https:\/\/gatodumas.com.co\/bogota\/producto\/pasteleria-alternativa-sin-azucar\/","og_site_name":"Gato Dumas Bogot\u00e1","article_modified_time":"2024-12-14T20:29:36+00:00","og_image":[{"width":1080,"height":1080,"url":"https:\/\/gatodumas.com.co\/bogota\/wp-content\/uploads\/sites\/2\/2023\/10\/pASTELERYA_ALTERNATIVA_SIN_AZUCAR_Mesa_de_trabajo_1-1.jpg","type":"image\/jpeg"}],"twitter_card":"summary_large_image","twitter_misc":{"Tiempo de lectura":"1 minuto"},"schema":{"@context":"https:\/\/schema.org","@graph":[{"@type":"WebPage","@id":"https:\/\/gatodumas.com.co\/bogota\/producto\/pasteleria-alternativa-sin-azucar\/","url":"https:\/\/gatodumas.com.co\/bogota\/producto\/pasteleria-alternativa-sin-azucar\/","name":"Pasteler\u00eda Alternativa sin az\u00facar - Gato Dumas Bogot\u00e1","isPartOf":{"@id":"https:\/\/gatodumas.com.co\/bogota\/#website"},"primaryImageOfPage":{"@id":"https:\/\/gatodumas.com.co\/bogota\/producto\/pasteleria-alternativa-sin-azucar\/#primaryimage"},"image":{"@id":"https:\/\/gatodumas.com.co\/bogota\/producto\/pasteleria-alternativa-sin-azucar\/#primaryimage"},"thumbnailUrl":"https:\/\/gatodumas.com.co\/bogota\/wp-content\/uploads\/sites\/2\/2023\/10\/pASTELERYA_ALTERNATIVA_SIN_AZUCAR_Mesa_de_trabajo_1-1.jpg","datePublished":"2023-10-21T00:37:23+00:00","dateModified":"2024-12-14T20:29:36+00:00","breadcrumb":{"@id":"https:\/\/gatodumas.com.co\/bogota\/producto\/pasteleria-alternativa-sin-azucar\/#breadcrumb"},"inLanguage":"es","potentialAction":[{"@type":"ReadAction","target":["https:\/\/gatodumas.com.co\/bogota\/producto\/pasteleria-alternativa-sin-azucar\/"]}]},{"@type":"ImageObject","inLanguage":"es","@id":"https:\/\/gatodumas.com.co\/bogota\/producto\/pasteleria-alternativa-sin-azucar\/#primaryimage","url":"https:\/\/gatodumas.com.co\/bogota\/wp-content\/uploads\/sites\/2\/2023\/10\/pASTELERYA_ALTERNATIVA_SIN_AZUCAR_Mesa_de_trabajo_1-1.jpg","contentUrl":"https:\/\/gatodumas.com.co\/bogota\/wp-content\/uploads\/sites\/2\/2023\/10\/pASTELERYA_ALTERNATIVA_SIN_AZUCAR_Mesa_de_trabajo_1-1.jpg","width":1080,"height":1080},{"@type":"BreadcrumbList","@id":"https:\/\/gatodumas.com.co\/bogota\/producto\/pasteleria-alternativa-sin-azucar\/#breadcrumb","itemListElement":[{"@type":"ListItem","position":1,"name":"Portada","item":"https:\/\/gatodumas.com.co\/bogota\/"},{"@type":"ListItem","position":2,"name":"Tienda","item":"https:\/\/gatodumas.com.co\/bogota\/tienda\/"},{"@type":"ListItem","position":3,"name":"Pasteler\u00eda Alternativa sin az\u00facar"}]},{"@type":"WebSite","@id":"https:\/\/gatodumas.com.co\/bogota\/#website","url":"https:\/\/gatodumas.com.co\/bogota\/","name":"Gato Dumas Bogot\u00e1","description":"bogota","publisher":{"@id":"https:\/\/gatodumas.com.co\/bogota\/#organization"},"potentialAction":[{"@type":"SearchAction","target":{"@type":"EntryPoint","urlTemplate":"https:\/\/gatodumas.com.co\/bogota\/?s={search_term_string}"},"query-input":{"@type":"PropertyValueSpecification","valueRequired":true,"valueName":"search_term_string"}}],"inLanguage":"es"},{"@type":"Organization","@id":"https:\/\/gatodumas.com.co\/bogota\/#organization","name":"Gato Dumas Bogot\u00e1","url":"https:\/\/gatodumas.com.co\/bogota\/","logo":{"@type":"ImageObject","inLanguage":"es","@id":"https:\/\/gatodumas.com.co\/bogota\/#\/schema\/logo\/image\/","url":"https:\/\/gatodumas.com.co\/bogota\/wp-content\/uploads\/sites\/2\/2024\/02\/cropped-dumas-negro-01-1.png","contentUrl":"https:\/\/gatodumas.com.co\/bogota\/wp-content\/uploads\/sites\/2\/2024\/02\/cropped-dumas-negro-01-1.png","width":2497,"height":956,"caption":"Gato Dumas Bogot\u00e1"},"image":{"@id":"https:\/\/gatodumas.com.co\/bogota\/#\/schema\/logo\/image\/"}}]}},"_links":{"self":[{"href":"https:\/\/gatodumas.com.co\/bogota\/wp-json\/wp\/v2\/product\/14770","targetHints":{"allow":["GET"]}}],"collection":[{"href":"https:\/\/gatodumas.com.co\/bogota\/wp-json\/wp\/v2\/product"}],"about":[{"href":"https:\/\/gatodumas.com.co\/bogota\/wp-json\/wp\/v2\/types\/product"}],"wp:featuredmedia":[{"embeddable":true,"href":"https:\/\/gatodumas.com.co\/bogota\/wp-json\/wp\/v2\/media\/20769"}],"wp:attachment":[{"href":"https:\/\/gatodumas.com.co\/bogota\/wp-json\/wp\/v2\/media?parent=14770"}],"wp:term":[{"taxonomy":"product_brand","embeddable":true,"href":"https:\/\/gatodumas.com.co\/bogota\/wp-json\/wp\/v2\/product_brand?post=14770"},{"taxonomy":"product_cat","embeddable":true,"href":"https:\/\/gatodumas.com.co\/bogota\/wp-json\/wp\/v2\/product_cat?post=14770"},{"taxonomy":"product_tag","embeddable":true,"href":"https:\/\/gatodumas.com.co\/bogota\/wp-json\/wp\/v2\/product_tag?post=14770"}],"curies":[{"name":"wp","href":"https:\/\/api.w.org\/{rel}","templated":true}]}}