{"id":16122,"date":"2024-04-03T02:14:26","date_gmt":"2024-04-03T00:14:26","guid":{"rendered":"https:\/\/pruebas.egt.com.co\/gatodumas\/bogota\/?post_type=product&#038;p=16122"},"modified":"2024-12-14T21:22:05","modified_gmt":"2024-12-14T20:22:05","slug":"lo-mejor-de-alain-ducasse","status":"publish","type":"product","link":"https:\/\/gatodumas.com.co\/bogota\/producto\/lo-mejor-de-alain-ducasse\/","title":{"rendered":"Lo Mejor de Alain Ducasse"},"content":{"rendered":"<div class=\"wpb-content-wrapper\"><p>[vc_row equal_height=\u00bbyes\u00bb el_class=\u00bbinfo-pro\u00bb][vc_column width=\u00bb4\/12&#8243;][vc_single_image image=\u00bb16110&#8243; img_size=\u00bbfull\u00bb][\/vc_column][vc_column width=\u00bb8\/12&#8243;][vc_custom_heading text=\u00bbTemario\u00bb use_theme_fonts=\u00bbyes\u00bb el_class=\u00bblinea-titulos-principal mb mt\u00bb][vc_tta_tour][vc_tta_section title=\u00bbClase 1&#8243; tab_id=\u00bb1710444634031-004c214e-2527&#8243; el_class=\u00bbfuente-verde-oscuro\u00bb][vc_column_text]<\/p>\n<h4><strong>Clase 1<\/strong><\/h4>\n<h4><strong>Bistronom\u00eda y Cocina Tradicional<\/strong><\/h4>\n<h4>Objetivos generales<\/h4>\n<ul>\n<li>Conocer los productos utilizados en la cocina Bistro<\/li>\n<li>Dominar recetas cl\u00e1sicas de la cocina burguesa<\/li>\n<li>Crear platos modernos inspirados en recetas cl\u00e1sicas de la cocina bistro<\/li>\n<\/ul>\n<h4>Objetivos detallados<\/h4>\n<ul>\n<li>Cocinar en sart\u00e9n de hierro fundido<\/li>\n<li>Preparar y valorizar cortes<\/li>\n<li>Preparar platos cl\u00e1sicos, salsas y variaciones<\/li>\n<li>Valorizar la cocina tradicional<\/li>\n<li>Identificar marcadores para revisitar la receta tradicional<\/li>\n<\/ul>\n<p>[\/vc_column_text][\/vc_tta_section][vc_tta_section title=\u00bbClase 2&#8243; tab_id=\u00bb1710444634039-dcae7553-fa11&#8243; el_class=\u00bbfuente-verde-oscuro\u00bb][vc_column_text]<\/p>\n<h4><strong>Clase 2<\/strong><\/h4>\n<h4><strong>Cocina Natural &amp; Saludable<\/strong><\/h4>\n<h4>Objetivos generales<\/h4>\n<ul>\n<li>Comprender las caracter\u00edsticas espec\u00edficas de la cocina vegetal<\/li>\n<li>Conocer los productos y t\u00e9cnicas asociadas a la cocina \u201cverde\u201d<\/li>\n<li>Cocinar principalmente con vegetales<\/li>\n<\/ul>\n<h4>Objetivos detallados<\/h4>\n<ul>\n<li>Descubrir nuevos enfoques en la preparaci\u00f3n de condimentos<\/li>\n<li>Cocinar con cereales y legumbres de manera diferente<\/li>\n<li>Preparar caldos y jugos de verduras condimentados mediante diversas t\u00e9cnicas<br \/>\n(prensado en fr\u00edo, prensado en caliente, extracci\u00f3n, exprimidor centr\u00edfugo\u2026)<\/li>\n<li>Cocinar y respetar la estacionalidad de los ingredientes.<\/li>\n<\/ul>\n<h4><\/h4>\n<p>[\/vc_column_text][\/vc_tta_section][vc_tta_section title=\u00bbClase 3&#8243; tab_id=\u00bb1710444700345-7188e7e7-d4fb\u00bb el_class=\u00bbfuente-verde-oscuro\u00bb][vc_column_text]<\/p>\n<h4><strong>Clase 3<\/strong><\/h4>\n<h4><strong>Cocina Contempor\u00e1nea y Nuevas Tendencias<\/strong><\/h4>\n<h4>Objetivos generales<\/h4>\n<ul>\n<li>Comprender las caracter\u00edsticas de la cocina contempor\u00e1nea<\/li>\n<li>Aprender y practicar t\u00e9cnicas de la cocina<\/li>\n<li>Dominar la cocina evolutiva<\/li>\n<\/ul>\n<h4>Objetivos detallados<\/h4>\n<ul>\n<li>Combinar los conceptos b\u00e1sicos de la cocina francesa y la comida mundial<\/li>\n<li>Aprender y practicar nuevos condimentos<\/li>\n<li>Realizar recetas y t\u00e9cnicas contempor\u00e1neas de Cocina de Alain Ducasse<\/li>\n<li>\u200b\u200bAprenda a adaptar una receta cl\u00e1sica con t\u00e9cnicas contempor\u00e1neas<\/li>\n<\/ul>\n<h4><\/h4>\n<p>[\/vc_column_text][\/vc_tta_section][vc_tta_section title=\u00bbClase 4&#8243; tab_id=\u00bb1710445162565-d15f7ff3-64dc\u00bb el_class=\u00bbfuente-verde-oscuro\u00bb][vc_column_text]<\/p>\n<h4><strong>Clase 4<\/strong><\/h4>\n<h4><strong>Cocina Mediterr\u00e1nea: Riviera Francesa<\/strong><\/h4>\n<h4>Objetivos generales<\/h4>\n<ul>\n<li>Conocer los productos utilizados en la cocina mediterr\u00e1nea<\/li>\n<li>Conocer y aplicar t\u00e9cnicas culinarias<\/li>\n<li>Dominar la preparaci\u00f3n y asociaci\u00f3n de productos de la cocina mediterr\u00e1nea<\/li>\n<\/ul>\n<p>&nbsp;<\/p>\n<h4>Objetivos detallados<\/h4>\n<ul>\n<li>Dominar las especialidades mediterr\u00e1neas francesas (socca, panisse, etc\u2026)<\/li>\n<li>Preparar cereales y legumbres mediterr\u00e1neos (s\u00e9mola, bulgur, polenta, garbanzos\u2026)<\/li>\n<li>Preparar carnes t\u00edpicas del mediterr\u00e1neo (pigeon, conejo, cordero)<\/li>\n<\/ul>\n<h4><\/h4>\n<p>[\/vc_column_text][\/vc_tta_section][\/vc_tta_tour][\/vc_column][\/vc_row][vc_row el_class=\u00bbnotas\u00bb][vc_column]\n\t\t\t<h4 id=\"nota\" class=\"nota\">Nota<\/h4>\n\t\t\t<ul>\n\t\t\t\t<li>Se entregan Constancia de asistencia siempre y cuando se asista al 80% de las clases.<\/li>\n\t\t\t\t<li>Las clases perdidas por inasistencia del alumno no se recuperan y son personales e intransferibles. En caso de no poder asistir al inicio del curso deber\u00e1 avisar con 48 hs h\u00e1biles de antelaci\u00f3n para canjear el pago por un nuevo curso.<\/li>\n\t\t\t\t<li>El plazo para realizar el cambio por un nuevo curso es de 3 meses a partir de la fecha del inicio del curso.<\/li>\n\t\t\t\t<li>Para canjear el pago por un nuevo curso se tomar\u00e1 el valor abonado y no el valor actual del curso.<\/li>\n\t\t\t\t<li>Gato Dumas se reserva el derecho de suspender el curso con 48 hrs de anticipaci\u00f3n de no cumplir con el cupo m\u00ednimo.<\/li>\n\t\t\t\t<li>Los cupos se asignan en el orden en el que sea reportado y confirmado el pago (ya sea presentando en recibo o enviado por mail) de lo contrario la instituci\u00f3n no se har\u00e1 responsable del cupo.<\/li>\n\t\t\t<\/ul>\n\t\t\t<h4>Departamento Comercial Gato Dumas.<\/h4>\n\n\t\t[\/vc_column][\/vc_row]<\/p>\n<\/div>","protected":false},"excerpt":{"rendered":"<p><b><u><span lang=\"EN-US\">Curso de Verano en la EDPC<\/span><\/u><\/b><\/p>\n<p><strong>Descripci\u00f3n general:<\/strong><\/p>\n<ul>\n<li><strong>Ubicaci\u00f3n:<\/strong>\u00a0Ecole\u00a0Ducasse, Meudon, Francia<\/li>\n<li><strong>Fechas:<\/strong>\u00a029 de julio al 23 de agosto<\/li>\n<li><strong>Duraci\u00f3n:<\/strong>\u00a04 semanas<\/li>\n<li><strong>Idioma de instrucci\u00f3n:<\/strong>\u00a0ingl\u00e9s<\/li>\n<li><strong>Requisitos previos:<\/strong>\u00a0debe tener 18 a\u00f1os y 1 a\u00f1o de experiencia en el campo culinario.<\/li>\n<li><strong>Contenido:<\/strong>\u00a0Cocina Mediterr\u00e1nea: Riviera Francesa, Bistronom\u00eda y Cocina Tradicional, Cocina natural y saludable, Cocina contempor\u00e1nea y Nuevas Tendencias<\/li>\n<li><strong>Tarifa:\u00a0<\/strong>7.000\u202f\u20ac<\/li>\n<li><strong>Participantes:<\/strong>\u00a0Mini 6 \/ maxi 14<\/li>\n<\/ul>\n<p><strong>Que est\u00e1 incluido:<\/strong><\/p>\n<ul>\n<li>Materiales y equipos de formaci\u00f3n.<\/li>\n<li>Se proporciona kit de herramientas y chaquetas de chef ED<\/li>\n<li>Almuerzo durante las clases diarias.<\/li>\n<\/ul>\n<p><strong>Lo que no est\u00e1 incluido<\/strong><\/p>\n<ul>\n<li>Alojamiento durante la duraci\u00f3n de la formaci\u00f3n.<\/li>\n<li>Pantalones y zapatos de laboratorio.<\/li>\n<li>Transporte desde\/hacia la escuela<\/li>\n<li>Gastos personales<\/li>\n<\/ul>\n","protected":false},"featured_media":16136,"template":"","meta":{"_acf_changed":false},"product_brand":[],"product_cat":[88],"product_tag":[],"class_list":{"0":"post-16122","1":"product","2":"type-product","3":"status-publish","4":"has-post-thumbnail","6":"product_cat-sin-categorizar","8":"first","9":"instock","10":"shipping-taxable","11":"product-type-simple"},"acf":[],"yoast_head":"<!-- This site is optimized with the Yoast SEO plugin v25.9 - https:\/\/yoast.com\/wordpress\/plugins\/seo\/ -->\n<title>Lo Mejor de Alain Ducasse - Gato Dumas Bogot\u00e1<\/title>\n<meta name=\"robots\" content=\"index, follow, max-snippet:-1, max-image-preview:large, max-video-preview:-1\" \/>\n<link rel=\"canonical\" href=\"https:\/\/gatodumas.com.co\/bogota\/producto\/lo-mejor-de-alain-ducasse\/\" \/>\n<meta property=\"og:locale\" content=\"es_ES\" \/>\n<meta property=\"og:type\" content=\"article\" \/>\n<meta property=\"og:title\" content=\"Lo Mejor de Alain Ducasse - Gato Dumas Bogot\u00e1\" \/>\n<meta property=\"og:description\" content=\"Curso de Verano en la EDPC  Descripci\u00f3n general:   Ubicaci\u00f3n:\u00a0Ecole\u00a0Ducasse, Meudon, Francia  Fechas:\u00a029 de julio al 23 de agosto  Duraci\u00f3n:\u00a04 semanas  Idioma de instrucci\u00f3n:\u00a0ingl\u00e9s  Requisitos previos:\u00a0debe tener 18 a\u00f1os y 1 a\u00f1o de experiencia en el campo culinario.  Contenido:\u00a0Cocina Mediterr\u00e1nea: Riviera Francesa, Bistronom\u00eda y Cocina Tradicional, Cocina natural y saludable, Cocina contempor\u00e1nea y Nuevas Tendencias  Tarifa:\u00a07.000\u202f\u20ac  Participantes:\u00a0Mini 6 \/ maxi 14  Que est\u00e1 incluido:   Materiales y equipos de formaci\u00f3n.  Se proporciona kit de herramientas y chaquetas de chef ED  Almuerzo durante las clases diarias.  Lo que no est\u00e1 incluido   Alojamiento durante la duraci\u00f3n de la formaci\u00f3n.  Pantalones y zapatos de laboratorio.  Transporte desde\/hacia la escuela  Gastos personales\" \/>\n<meta property=\"og:url\" content=\"https:\/\/gatodumas.com.co\/bogota\/producto\/lo-mejor-de-alain-ducasse\/\" \/>\n<meta property=\"og:site_name\" content=\"Gato Dumas Bogot\u00e1\" \/>\n<meta property=\"article:modified_time\" content=\"2024-12-14T20:22:05+00:00\" \/>\n<meta property=\"og:image\" content=\"https:\/\/gatodumas.com.co\/bogota\/wp-content\/uploads\/sites\/2\/2024\/04\/lo_mejor_de_alain_ducasse_15_12_23-2.jpg\" \/>\n\t<meta property=\"og:image:width\" content=\"1080\" \/>\n\t<meta property=\"og:image:height\" content=\"1080\" \/>\n\t<meta property=\"og:image:type\" content=\"image\/jpeg\" \/>\n<meta name=\"twitter:card\" content=\"summary_large_image\" \/>\n<meta name=\"twitter:label1\" content=\"Tiempo de lectura\" \/>\n\t<meta name=\"twitter:data1\" content=\"2 minutos\" \/>\n<script type=\"application\/ld+json\" class=\"yoast-schema-graph\">{\"@context\":\"https:\/\/schema.org\",\"@graph\":[{\"@type\":\"WebPage\",\"@id\":\"https:\/\/gatodumas.com.co\/bogota\/producto\/lo-mejor-de-alain-ducasse\/\",\"url\":\"https:\/\/gatodumas.com.co\/bogota\/producto\/lo-mejor-de-alain-ducasse\/\",\"name\":\"Lo Mejor de Alain Ducasse - Gato Dumas Bogot\u00e1\",\"isPartOf\":{\"@id\":\"https:\/\/gatodumas.com.co\/bogota\/#website\"},\"primaryImageOfPage\":{\"@id\":\"https:\/\/gatodumas.com.co\/bogota\/producto\/lo-mejor-de-alain-ducasse\/#primaryimage\"},\"image\":{\"@id\":\"https:\/\/gatodumas.com.co\/bogota\/producto\/lo-mejor-de-alain-ducasse\/#primaryimage\"},\"thumbnailUrl\":\"https:\/\/gatodumas.com.co\/bogota\/wp-content\/uploads\/sites\/2\/2024\/04\/lo_mejor_de_alain_ducasse_15_12_23-2.jpg\",\"datePublished\":\"2024-04-03T00:14:26+00:00\",\"dateModified\":\"2024-12-14T20:22:05+00:00\",\"breadcrumb\":{\"@id\":\"https:\/\/gatodumas.com.co\/bogota\/producto\/lo-mejor-de-alain-ducasse\/#breadcrumb\"},\"inLanguage\":\"es\",\"potentialAction\":[{\"@type\":\"ReadAction\",\"target\":[\"https:\/\/gatodumas.com.co\/bogota\/producto\/lo-mejor-de-alain-ducasse\/\"]}]},{\"@type\":\"ImageObject\",\"inLanguage\":\"es\",\"@id\":\"https:\/\/gatodumas.com.co\/bogota\/producto\/lo-mejor-de-alain-ducasse\/#primaryimage\",\"url\":\"https:\/\/gatodumas.com.co\/bogota\/wp-content\/uploads\/sites\/2\/2024\/04\/lo_mejor_de_alain_ducasse_15_12_23-2.jpg\",\"contentUrl\":\"https:\/\/gatodumas.com.co\/bogota\/wp-content\/uploads\/sites\/2\/2024\/04\/lo_mejor_de_alain_ducasse_15_12_23-2.jpg\",\"width\":1080,\"height\":1080},{\"@type\":\"BreadcrumbList\",\"@id\":\"https:\/\/gatodumas.com.co\/bogota\/producto\/lo-mejor-de-alain-ducasse\/#breadcrumb\",\"itemListElement\":[{\"@type\":\"ListItem\",\"position\":1,\"name\":\"Portada\",\"item\":\"https:\/\/gatodumas.com.co\/bogota\/\"},{\"@type\":\"ListItem\",\"position\":2,\"name\":\"Tienda\",\"item\":\"https:\/\/gatodumas.com.co\/bogota\/tienda\/\"},{\"@type\":\"ListItem\",\"position\":3,\"name\":\"Lo Mejor de Alain Ducasse\"}]},{\"@type\":\"WebSite\",\"@id\":\"https:\/\/gatodumas.com.co\/bogota\/#website\",\"url\":\"https:\/\/gatodumas.com.co\/bogota\/\",\"name\":\"Gato Dumas Bogot\u00e1\",\"description\":\"bogota\",\"publisher\":{\"@id\":\"https:\/\/gatodumas.com.co\/bogota\/#organization\"},\"potentialAction\":[{\"@type\":\"SearchAction\",\"target\":{\"@type\":\"EntryPoint\",\"urlTemplate\":\"https:\/\/gatodumas.com.co\/bogota\/?s={search_term_string}\"},\"query-input\":{\"@type\":\"PropertyValueSpecification\",\"valueRequired\":true,\"valueName\":\"search_term_string\"}}],\"inLanguage\":\"es\"},{\"@type\":\"Organization\",\"@id\":\"https:\/\/gatodumas.com.co\/bogota\/#organization\",\"name\":\"Gato Dumas Bogot\u00e1\",\"url\":\"https:\/\/gatodumas.com.co\/bogota\/\",\"logo\":{\"@type\":\"ImageObject\",\"inLanguage\":\"es\",\"@id\":\"https:\/\/gatodumas.com.co\/bogota\/#\/schema\/logo\/image\/\",\"url\":\"https:\/\/gatodumas.com.co\/bogota\/wp-content\/uploads\/sites\/2\/2024\/02\/cropped-dumas-negro-01-1.png\",\"contentUrl\":\"https:\/\/gatodumas.com.co\/bogota\/wp-content\/uploads\/sites\/2\/2024\/02\/cropped-dumas-negro-01-1.png\",\"width\":2497,\"height\":956,\"caption\":\"Gato Dumas Bogot\u00e1\"},\"image\":{\"@id\":\"https:\/\/gatodumas.com.co\/bogota\/#\/schema\/logo\/image\/\"}}]}<\/script>\n<!-- \/ Yoast SEO plugin. -->","yoast_head_json":{"title":"Lo Mejor de Alain Ducasse - Gato Dumas Bogot\u00e1","robots":{"index":"index","follow":"follow","max-snippet":"max-snippet:-1","max-image-preview":"max-image-preview:large","max-video-preview":"max-video-preview:-1"},"canonical":"https:\/\/gatodumas.com.co\/bogota\/producto\/lo-mejor-de-alain-ducasse\/","og_locale":"es_ES","og_type":"article","og_title":"Lo Mejor de Alain Ducasse - Gato Dumas Bogot\u00e1","og_description":"Curso de Verano en la EDPC  Descripci\u00f3n general:   Ubicaci\u00f3n:\u00a0Ecole\u00a0Ducasse, Meudon, Francia  Fechas:\u00a029 de julio al 23 de agosto  Duraci\u00f3n:\u00a04 semanas  Idioma de instrucci\u00f3n:\u00a0ingl\u00e9s  Requisitos previos:\u00a0debe tener 18 a\u00f1os y 1 a\u00f1o de experiencia en el campo culinario.  Contenido:\u00a0Cocina Mediterr\u00e1nea: Riviera Francesa, Bistronom\u00eda y Cocina Tradicional, Cocina natural y saludable, Cocina contempor\u00e1nea y Nuevas Tendencias  Tarifa:\u00a07.000\u202f\u20ac  Participantes:\u00a0Mini 6 \/ maxi 14  Que est\u00e1 incluido:   Materiales y equipos de formaci\u00f3n.  Se proporciona kit de herramientas y chaquetas de chef ED  Almuerzo durante las clases diarias.  Lo que no est\u00e1 incluido   Alojamiento durante la duraci\u00f3n de la formaci\u00f3n.  Pantalones y zapatos de laboratorio.  Transporte desde\/hacia la escuela  Gastos personales","og_url":"https:\/\/gatodumas.com.co\/bogota\/producto\/lo-mejor-de-alain-ducasse\/","og_site_name":"Gato Dumas Bogot\u00e1","article_modified_time":"2024-12-14T20:22:05+00:00","og_image":[{"width":1080,"height":1080,"url":"https:\/\/gatodumas.com.co\/bogota\/wp-content\/uploads\/sites\/2\/2024\/04\/lo_mejor_de_alain_ducasse_15_12_23-2.jpg","type":"image\/jpeg"}],"twitter_card":"summary_large_image","twitter_misc":{"Tiempo de lectura":"2 minutos"},"schema":{"@context":"https:\/\/schema.org","@graph":[{"@type":"WebPage","@id":"https:\/\/gatodumas.com.co\/bogota\/producto\/lo-mejor-de-alain-ducasse\/","url":"https:\/\/gatodumas.com.co\/bogota\/producto\/lo-mejor-de-alain-ducasse\/","name":"Lo Mejor de Alain Ducasse - Gato Dumas Bogot\u00e1","isPartOf":{"@id":"https:\/\/gatodumas.com.co\/bogota\/#website"},"primaryImageOfPage":{"@id":"https:\/\/gatodumas.com.co\/bogota\/producto\/lo-mejor-de-alain-ducasse\/#primaryimage"},"image":{"@id":"https:\/\/gatodumas.com.co\/bogota\/producto\/lo-mejor-de-alain-ducasse\/#primaryimage"},"thumbnailUrl":"https:\/\/gatodumas.com.co\/bogota\/wp-content\/uploads\/sites\/2\/2024\/04\/lo_mejor_de_alain_ducasse_15_12_23-2.jpg","datePublished":"2024-04-03T00:14:26+00:00","dateModified":"2024-12-14T20:22:05+00:00","breadcrumb":{"@id":"https:\/\/gatodumas.com.co\/bogota\/producto\/lo-mejor-de-alain-ducasse\/#breadcrumb"},"inLanguage":"es","potentialAction":[{"@type":"ReadAction","target":["https:\/\/gatodumas.com.co\/bogota\/producto\/lo-mejor-de-alain-ducasse\/"]}]},{"@type":"ImageObject","inLanguage":"es","@id":"https:\/\/gatodumas.com.co\/bogota\/producto\/lo-mejor-de-alain-ducasse\/#primaryimage","url":"https:\/\/gatodumas.com.co\/bogota\/wp-content\/uploads\/sites\/2\/2024\/04\/lo_mejor_de_alain_ducasse_15_12_23-2.jpg","contentUrl":"https:\/\/gatodumas.com.co\/bogota\/wp-content\/uploads\/sites\/2\/2024\/04\/lo_mejor_de_alain_ducasse_15_12_23-2.jpg","width":1080,"height":1080},{"@type":"BreadcrumbList","@id":"https:\/\/gatodumas.com.co\/bogota\/producto\/lo-mejor-de-alain-ducasse\/#breadcrumb","itemListElement":[{"@type":"ListItem","position":1,"name":"Portada","item":"https:\/\/gatodumas.com.co\/bogota\/"},{"@type":"ListItem","position":2,"name":"Tienda","item":"https:\/\/gatodumas.com.co\/bogota\/tienda\/"},{"@type":"ListItem","position":3,"name":"Lo Mejor de Alain Ducasse"}]},{"@type":"WebSite","@id":"https:\/\/gatodumas.com.co\/bogota\/#website","url":"https:\/\/gatodumas.com.co\/bogota\/","name":"Gato Dumas Bogot\u00e1","description":"bogota","publisher":{"@id":"https:\/\/gatodumas.com.co\/bogota\/#organization"},"potentialAction":[{"@type":"SearchAction","target":{"@type":"EntryPoint","urlTemplate":"https:\/\/gatodumas.com.co\/bogota\/?s={search_term_string}"},"query-input":{"@type":"PropertyValueSpecification","valueRequired":true,"valueName":"search_term_string"}}],"inLanguage":"es"},{"@type":"Organization","@id":"https:\/\/gatodumas.com.co\/bogota\/#organization","name":"Gato Dumas Bogot\u00e1","url":"https:\/\/gatodumas.com.co\/bogota\/","logo":{"@type":"ImageObject","inLanguage":"es","@id":"https:\/\/gatodumas.com.co\/bogota\/#\/schema\/logo\/image\/","url":"https:\/\/gatodumas.com.co\/bogota\/wp-content\/uploads\/sites\/2\/2024\/02\/cropped-dumas-negro-01-1.png","contentUrl":"https:\/\/gatodumas.com.co\/bogota\/wp-content\/uploads\/sites\/2\/2024\/02\/cropped-dumas-negro-01-1.png","width":2497,"height":956,"caption":"Gato Dumas Bogot\u00e1"},"image":{"@id":"https:\/\/gatodumas.com.co\/bogota\/#\/schema\/logo\/image\/"}}]}},"_links":{"self":[{"href":"https:\/\/gatodumas.com.co\/bogota\/wp-json\/wp\/v2\/product\/16122","targetHints":{"allow":["GET"]}}],"collection":[{"href":"https:\/\/gatodumas.com.co\/bogota\/wp-json\/wp\/v2\/product"}],"about":[{"href":"https:\/\/gatodumas.com.co\/bogota\/wp-json\/wp\/v2\/types\/product"}],"wp:featuredmedia":[{"embeddable":true,"href":"https:\/\/gatodumas.com.co\/bogota\/wp-json\/wp\/v2\/media\/16136"}],"wp:attachment":[{"href":"https:\/\/gatodumas.com.co\/bogota\/wp-json\/wp\/v2\/media?parent=16122"}],"wp:term":[{"taxonomy":"product_brand","embeddable":true,"href":"https:\/\/gatodumas.com.co\/bogota\/wp-json\/wp\/v2\/product_brand?post=16122"},{"taxonomy":"product_cat","embeddable":true,"href":"https:\/\/gatodumas.com.co\/bogota\/wp-json\/wp\/v2\/product_cat?post=16122"},{"taxonomy":"product_tag","embeddable":true,"href":"https:\/\/gatodumas.com.co\/bogota\/wp-json\/wp\/v2\/product_tag?post=16122"}],"curies":[{"name":"wp","href":"https:\/\/api.w.org\/{rel}","templated":true}]}}