{"id":16169,"date":"2024-04-08T18:43:32","date_gmt":"2024-04-08T16:43:32","guid":{"rendered":"https:\/\/pruebas.egt.com.co\/gatodumas\/bogota\/?post_type=product&#038;p=16169"},"modified":"2024-07-31T17:56:02","modified_gmt":"2024-07-31T15:56:02","slug":"cocina-de-mar","status":"publish","type":"product","link":"https:\/\/gatodumas.com.co\/bogota\/producto\/cocina-de-mar\/","title":{"rendered":"Cocina de mar"},"content":{"rendered":"<div class=\"wpb-content-wrapper\"><p>[vc_row equal_height=\u00bbyes\u00bb el_class=\u00bbinfo-pro\u00bb][vc_column width=\u00bb4\/12&#8243;][vc_raw_html el_class=\u00bbmt\u00bb]JTNDaWZyYW1lJTIwd2lkdGglM0QlMjIzMjklMjIlMjBoZWlnaHQlM0QlMjI1ODUlMjIlMjBzcmMlM0QlMjJodHRwcyUzQSUyRiUyRnd3dy55b3V0dWJlLmNvbSUyRmVtYmVkJTJGX1ZUc3FjNmRQVVElM0ZyZWwlM0QwJTI2bG9vcCUzRDElMjYlMjIlMjB0aXRsZSUzRCUyMkNvY2luYSUyMGRlJTIwbWFyJTIyJTIwZnJhbWVib3JkZXIlM0QlMjIwJTIyJTIwYWxsb3clM0QlMjJhY2NlbGVyb21ldGVyJTNCJTIwYXV0b3BsYXklM0IlMjBjbGlwYm9hcmQtd3JpdGUlM0IlMjBlbmNyeXB0ZWQtbWVkaWElM0IlMjBneXJvc2NvcGUlM0IlMjBwaWN0dXJlLWluLXBpY3R1cmUlM0IlMjB3ZWItc2hhcmUlMjIlMjByZWZlcnJlcnBvbGljeSUzRCUyMnN0cmljdC1vcmlnaW4td2hlbi1jcm9zcy1vcmlnaW4lMjIlMjBhbGxvd2Z1bGxzY3JlZW4lM0UlM0MlMkZpZnJhbWUlM0U=[\/vc_raw_html][\/vc_column][vc_column width=\u00bb8\/12&#8243;][vc_custom_heading text=\u00bbTemario\u00bb use_theme_fonts=\u00bbyes\u00bb el_class=\u00bblinea-titulos-principal mb mt\u00bb][vc_tta_tour][vc_tta_section title=\u00bbClase 1&#8243; tab_id=\u00bb1710444634031-004c214e-2527&#8243; el_class=\u00bbfuente-verde-oscuro\u00bb][vc_column_text]<\/p>\n<div>\n<h4><strong>Clase 1<\/strong><\/h4>\n<ul>\n<li>Ceviche de mariscos y ma\u00edz, cancha (calamar, camar\u00f3n, pescado blanco).<\/li>\n<li>Langostinos en emulsi\u00f3n de lim\u00f3n a la parrilla y vegetales salteados.<\/li>\n<li>Filete de robalo, brandada de langostinos y salsa de shitakes.<\/li>\n<\/ul>\n<\/div>\n<p>[\/vc_column_text][\/vc_tta_section][vc_tta_section title=\u00bbClase 2&#8243; tab_id=\u00bb1710444634039-dcae7553-fa11&#8243; el_class=\u00bbfuente-verde-oscuro\u00bb][vc_column_text]<strong>Clase 2<\/strong><\/p>\n<ul>\n<li>Pulpo a la parrilla en chimichurri de mango y papa criolla spicy<\/li>\n<li>Filete de pescado asado con mantequilla saborizada y fetucinni en salsa de mariscos.<\/li>\n<li>Cazuela de mariscos con calabaza y coco.<\/li>\n<\/ul>\n<p>[\/vc_column_text][\/vc_tta_section][vc_tta_section title=\u00bbClase 3&#8243; tab_id=\u00bb1710444700345-7188e7e7-d4fb\u00bb el_class=\u00bbfuente-verde-oscuro\u00bb][vc_column_text]<strong>Clase 3<\/strong><\/p>\n<ul>\n<li>\u00a0 Gambas al ajillo, patatas bravas y alioli de ajo rostizado.<\/li>\n<li>Rissoto de encocado de jaiba y camarones.<\/li>\n<li>Chupe de camarones.<\/li>\n<\/ul>\n<p>[\/vc_column_text][\/vc_tta_section][vc_tta_section title=\u00bbClase 4&#8243; tab_id=\u00bb1710445162565-d15f7ff3-64dc\u00bb el_class=\u00bbfuente-verde-oscuro\u00bb][vc_column_text]<strong>Clase 4<\/strong><\/p>\n<ul>\n<li>Sopa chocoana.<\/li>\n<li>Calamar relleno y vegetal tempura.<\/li>\n<li>At\u00fan en costra de pimienta y salsa de cerveza roja y miel con taquitos de lechuga baby.<\/li>\n<\/ul>\n<p>[\/vc_column_text][\/vc_tta_section][\/vc_tta_tour][\/vc_column][\/vc_row][vc_row el_class=\u00bbnotas\u00bb][vc_column]\n\t\t\t<h4 id=\"nota\" class=\"nota\">Nota<\/h4>\n\t\t\t<ul>\n\t\t\t\t<li>Se entregan Constancia de asistencia siempre y cuando se asista al 80% de las clases.<\/li>\n\t\t\t\t<li>Las clases perdidas por inasistencia del alumno no se recuperan y son personales e intransferibles. En caso de no poder asistir al inicio del curso deber\u00e1 avisar con 48 hs h\u00e1biles de antelaci\u00f3n para canjear el pago por un nuevo curso.<\/li>\n\t\t\t\t<li>El plazo para realizar el cambio por un nuevo curso es de 3 meses a partir de la fecha del inicio del curso.<\/li>\n\t\t\t\t<li>Para canjear el pago por un nuevo curso se tomar\u00e1 el valor abonado y no el valor actual del curso.<\/li>\n\t\t\t\t<li>Gato Dumas se reserva el derecho de suspender el curso con 48 hrs de anticipaci\u00f3n de no cumplir con el cupo m\u00ednimo.<\/li>\n\t\t\t\t<li>Los cupos se asignan en el orden en el que sea reportado y confirmado el pago (ya sea presentando en recibo o enviado por mail) de lo contrario la instituci\u00f3n no se har\u00e1 responsable del cupo.<\/li>\n\t\t\t<\/ul>\n\t\t\t<h4>Departamento Comercial Gato Dumas.<\/h4>\n\n\t\t[\/vc_column][\/vc_row]<\/p>\n<\/div>","protected":false},"excerpt":{"rendered":"<p>[vc_row equal_height=\u00bbyes\u00bb el_class=\u00bbinfo-pro\u00bb][vc_column width=\u00bb4\/12&#8243;][vc_raw_html el_class=\u00bbmt\u00bb]JTNDaWZyYW1lJTIwd2lkdGglM0QlMjIzMjklMjIlMjBoZWlnaHQlM0QlMjI1ODUlMjIlMjBzcmMlM0QlMjJodHRwcyUzQSUyRiUyRnd3dy55b3V0dWJlLmNvbSUyRmVtYmVkJTJGX1ZUc3FjNmRQVVElM0ZyZWwlM0QwJTI2bG9vcCUzRDElMjYlMjIlMjB0aXRsZSUzRCUyMkNvY2luYSUyMGRlJTIwbWFyJTIyJTIwZnJhbWVib3JkZXIlM0QlMjIwJTIyJTIwYWxsb3clM0QlMjJhY2NlbGVyb21ldGVyJTNCJTIwYXV0b3BsYXklM0IlMjBjbGlwYm9hcmQtd3JpdGUlM0IlMjBlbmNyeXB0ZWQtbWVkaWElM0IlMjBneXJvc2NvcGUlM0IlMjBwaWN0dXJlLWluLXBpY3R1cmUlM0IlMjB3ZWItc2hhcmUlMjIlMjByZWZlcnJlcnBvbGljeSUzRCUyMnN0cmljdC1vcmlnaW4td2hlbi1jcm9zcy1vcmlnaW4lMjIlMjBhbGxvd2Z1bGxzY3JlZW4lM0UlM0MlMkZpZnJhbWUlM0U=[\/vc_raw_html][\/vc_column][vc_column width=\u00bb8\/12&#8243;][vc_custom_heading text=\u00bbTemario\u00bb use_theme_fonts=\u00bbyes\u00bb el_class=\u00bblinea-titulos-principal mb mt\u00bb][vc_tta_tour][vc_tta_section title=\u00bbClase 1&#8243; tab_id=\u00bb1710444634031-004c214e-2527&#8243; el_class=\u00bbfuente-verde-oscuro\u00bb][vc_column_text] Clase 1 Ceviche de mariscos y ma\u00edz, cancha (calamar, camar\u00f3n, pescado blanco). Langostinos en emulsi\u00f3n de lim\u00f3n a la parrilla y vegetales salteados. Filete de robalo, brandada de langostinos y salsa de shitakes. [\/vc_column_text][\/vc_tta_section][vc_tta_section title=\u00bbClase 2&#8243; tab_id=\u00bb1710444634039-dcae7553-fa11&#8243; el_class=\u00bbfuente-verde-oscuro\u00bb][vc_column_text]Clase 2 Pulpo &#8230; <a title=\"Cocina de mar\" class=\"read-more\" href=\"https:\/\/gatodumas.com.co\/bogota\/producto\/cocina-de-mar\/\" aria-label=\"Leer m\u00e1s sobre Cocina de mar\">Leer m\u00e1s<\/a><\/p>\n","protected":false},"featured_media":16172,"template":"","meta":{"_acf_changed":false},"product_brand":[],"product_cat":[88],"product_tag":[],"class_list":{"0":"post-16169","1":"product","2":"type-product","3":"status-publish","4":"has-post-thumbnail","6":"product_cat-sin-categorizar","8":"first","9":"instock","10":"shipping-taxable","11":"product-type-simple"},"acf":[],"yoast_head":"<!-- This site is optimized with the Yoast SEO plugin v25.9 - https:\/\/yoast.com\/wordpress\/plugins\/seo\/ -->\n<title>Cocina de mar - Gato Dumas Bogot\u00e1<\/title>\n<meta name=\"robots\" content=\"index, follow, max-snippet:-1, max-image-preview:large, max-video-preview:-1\" \/>\n<link rel=\"canonical\" href=\"https:\/\/gatodumas.com.co\/bogota\/producto\/cocina-de-mar\/\" \/>\n<meta property=\"og:locale\" content=\"es_ES\" \/>\n<meta property=\"og:type\" content=\"article\" \/>\n<meta property=\"og:title\" content=\"Cocina de mar - Gato Dumas Bogot\u00e1\" \/>\n<meta property=\"og:description\" content=\"[vc_row equal_height=\u00bbyes\u00bb el_class=\u00bbinfo-pro\u00bb][vc_column width=\u00bb4\/12&#8243;][vc_raw_html el_class=\u00bbmt\u00bb]JTNDaWZyYW1lJTIwd2lkdGglM0QlMjIzMjklMjIlMjBoZWlnaHQlM0QlMjI1ODUlMjIlMjBzcmMlM0QlMjJodHRwcyUzQSUyRiUyRnd3dy55b3V0dWJlLmNvbSUyRmVtYmVkJTJGX1ZUc3FjNmRQVVElM0ZyZWwlM0QwJTI2bG9vcCUzRDElMjYlMjIlMjB0aXRsZSUzRCUyMkNvY2luYSUyMGRlJTIwbWFyJTIyJTIwZnJhbWVib3JkZXIlM0QlMjIwJTIyJTIwYWxsb3clM0QlMjJhY2NlbGVyb21ldGVyJTNCJTIwYXV0b3BsYXklM0IlMjBjbGlwYm9hcmQtd3JpdGUlM0IlMjBlbmNyeXB0ZWQtbWVkaWElM0IlMjBneXJvc2NvcGUlM0IlMjBwaWN0dXJlLWluLXBpY3R1cmUlM0IlMjB3ZWItc2hhcmUlMjIlMjByZWZlcnJlcnBvbGljeSUzRCUyMnN0cmljdC1vcmlnaW4td2hlbi1jcm9zcy1vcmlnaW4lMjIlMjBhbGxvd2Z1bGxzY3JlZW4lM0UlM0MlMkZpZnJhbWUlM0U=[\/vc_raw_html][\/vc_column][vc_column width=\u00bb8\/12&#8243;][vc_custom_heading text=\u00bbTemario\u00bb use_theme_fonts=\u00bbyes\u00bb el_class=\u00bblinea-titulos-principal mb mt\u00bb][vc_tta_tour][vc_tta_section title=\u00bbClase 1&#8243; tab_id=\u00bb1710444634031-004c214e-2527&#8243; el_class=\u00bbfuente-verde-oscuro\u00bb][vc_column_text] Clase 1 Ceviche de mariscos y ma\u00edz, cancha (calamar, camar\u00f3n, pescado blanco). Langostinos en emulsi\u00f3n de lim\u00f3n a la parrilla y vegetales salteados. Filete de robalo, brandada de langostinos y salsa de shitakes. [\/vc_column_text][\/vc_tta_section][vc_tta_section title=\u00bbClase 2&#8243; tab_id=\u00bb1710444634039-dcae7553-fa11&#8243; el_class=\u00bbfuente-verde-oscuro\u00bb][vc_column_text]Clase 2 Pulpo ... Leer m\u00e1s\" \/>\n<meta property=\"og:url\" content=\"https:\/\/gatodumas.com.co\/bogota\/producto\/cocina-de-mar\/\" \/>\n<meta property=\"og:site_name\" content=\"Gato Dumas Bogot\u00e1\" \/>\n<meta property=\"article:modified_time\" content=\"2024-07-31T15:56:02+00:00\" \/>\n<meta property=\"og:image\" content=\"https:\/\/gatodumas.com.co\/bogota\/wp-content\/uploads\/sites\/2\/2024\/04\/cocina_mar_quilla_5_12_23.jpg\" \/>\n\t<meta property=\"og:image:width\" content=\"1080\" \/>\n\t<meta property=\"og:image:height\" content=\"1080\" \/>\n\t<meta property=\"og:image:type\" content=\"image\/jpeg\" \/>\n<meta name=\"twitter:card\" content=\"summary_large_image\" \/>\n<meta name=\"twitter:label1\" content=\"Tiempo de lectura\" \/>\n\t<meta name=\"twitter:data1\" content=\"2 minutos\" \/>\n<script type=\"application\/ld+json\" class=\"yoast-schema-graph\">{\"@context\":\"https:\/\/schema.org\",\"@graph\":[{\"@type\":\"WebPage\",\"@id\":\"https:\/\/gatodumas.com.co\/bogota\/producto\/cocina-de-mar\/\",\"url\":\"https:\/\/gatodumas.com.co\/bogota\/producto\/cocina-de-mar\/\",\"name\":\"Cocina de mar - Gato Dumas Bogot\u00e1\",\"isPartOf\":{\"@id\":\"https:\/\/gatodumas.com.co\/bogota\/#website\"},\"primaryImageOfPage\":{\"@id\":\"https:\/\/gatodumas.com.co\/bogota\/producto\/cocina-de-mar\/#primaryimage\"},\"image\":{\"@id\":\"https:\/\/gatodumas.com.co\/bogota\/producto\/cocina-de-mar\/#primaryimage\"},\"thumbnailUrl\":\"https:\/\/gatodumas.com.co\/bogota\/wp-content\/uploads\/sites\/2\/2024\/04\/cocina_mar_quilla_5_12_23.jpg\",\"datePublished\":\"2024-04-08T16:43:32+00:00\",\"dateModified\":\"2024-07-31T15:56:02+00:00\",\"breadcrumb\":{\"@id\":\"https:\/\/gatodumas.com.co\/bogota\/producto\/cocina-de-mar\/#breadcrumb\"},\"inLanguage\":\"es\",\"potentialAction\":[{\"@type\":\"ReadAction\",\"target\":[\"https:\/\/gatodumas.com.co\/bogota\/producto\/cocina-de-mar\/\"]}]},{\"@type\":\"ImageObject\",\"inLanguage\":\"es\",\"@id\":\"https:\/\/gatodumas.com.co\/bogota\/producto\/cocina-de-mar\/#primaryimage\",\"url\":\"https:\/\/gatodumas.com.co\/bogota\/wp-content\/uploads\/sites\/2\/2024\/04\/cocina_mar_quilla_5_12_23.jpg\",\"contentUrl\":\"https:\/\/gatodumas.com.co\/bogota\/wp-content\/uploads\/sites\/2\/2024\/04\/cocina_mar_quilla_5_12_23.jpg\",\"width\":1080,\"height\":1080},{\"@type\":\"BreadcrumbList\",\"@id\":\"https:\/\/gatodumas.com.co\/bogota\/producto\/cocina-de-mar\/#breadcrumb\",\"itemListElement\":[{\"@type\":\"ListItem\",\"position\":1,\"name\":\"Portada\",\"item\":\"https:\/\/gatodumas.com.co\/bogota\/\"},{\"@type\":\"ListItem\",\"position\":2,\"name\":\"Tienda\",\"item\":\"https:\/\/gatodumas.com.co\/bogota\/tienda\/\"},{\"@type\":\"ListItem\",\"position\":3,\"name\":\"Cocina de mar\"}]},{\"@type\":\"WebSite\",\"@id\":\"https:\/\/gatodumas.com.co\/bogota\/#website\",\"url\":\"https:\/\/gatodumas.com.co\/bogota\/\",\"name\":\"Gato Dumas Bogot\u00e1\",\"description\":\"bogota\",\"publisher\":{\"@id\":\"https:\/\/gatodumas.com.co\/bogota\/#organization\"},\"potentialAction\":[{\"@type\":\"SearchAction\",\"target\":{\"@type\":\"EntryPoint\",\"urlTemplate\":\"https:\/\/gatodumas.com.co\/bogota\/?s={search_term_string}\"},\"query-input\":{\"@type\":\"PropertyValueSpecification\",\"valueRequired\":true,\"valueName\":\"search_term_string\"}}],\"inLanguage\":\"es\"},{\"@type\":\"Organization\",\"@id\":\"https:\/\/gatodumas.com.co\/bogota\/#organization\",\"name\":\"Gato Dumas Bogot\u00e1\",\"url\":\"https:\/\/gatodumas.com.co\/bogota\/\",\"logo\":{\"@type\":\"ImageObject\",\"inLanguage\":\"es\",\"@id\":\"https:\/\/gatodumas.com.co\/bogota\/#\/schema\/logo\/image\/\",\"url\":\"https:\/\/gatodumas.com.co\/bogota\/wp-content\/uploads\/sites\/2\/2024\/02\/cropped-dumas-negro-01-1.png\",\"contentUrl\":\"https:\/\/gatodumas.com.co\/bogota\/wp-content\/uploads\/sites\/2\/2024\/02\/cropped-dumas-negro-01-1.png\",\"width\":2497,\"height\":956,\"caption\":\"Gato Dumas Bogot\u00e1\"},\"image\":{\"@id\":\"https:\/\/gatodumas.com.co\/bogota\/#\/schema\/logo\/image\/\"}}]}<\/script>\n<!-- \/ Yoast SEO plugin. -->","yoast_head_json":{"title":"Cocina de mar - Gato Dumas Bogot\u00e1","robots":{"index":"index","follow":"follow","max-snippet":"max-snippet:-1","max-image-preview":"max-image-preview:large","max-video-preview":"max-video-preview:-1"},"canonical":"https:\/\/gatodumas.com.co\/bogota\/producto\/cocina-de-mar\/","og_locale":"es_ES","og_type":"article","og_title":"Cocina de mar - Gato Dumas Bogot\u00e1","og_description":"[vc_row equal_height=\u00bbyes\u00bb el_class=\u00bbinfo-pro\u00bb][vc_column width=\u00bb4\/12&#8243;][vc_raw_html el_class=\u00bbmt\u00bb]JTNDaWZyYW1lJTIwd2lkdGglM0QlMjIzMjklMjIlMjBoZWlnaHQlM0QlMjI1ODUlMjIlMjBzcmMlM0QlMjJodHRwcyUzQSUyRiUyRnd3dy55b3V0dWJlLmNvbSUyRmVtYmVkJTJGX1ZUc3FjNmRQVVElM0ZyZWwlM0QwJTI2bG9vcCUzRDElMjYlMjIlMjB0aXRsZSUzRCUyMkNvY2luYSUyMGRlJTIwbWFyJTIyJTIwZnJhbWVib3JkZXIlM0QlMjIwJTIyJTIwYWxsb3clM0QlMjJhY2NlbGVyb21ldGVyJTNCJTIwYXV0b3BsYXklM0IlMjBjbGlwYm9hcmQtd3JpdGUlM0IlMjBlbmNyeXB0ZWQtbWVkaWElM0IlMjBneXJvc2NvcGUlM0IlMjBwaWN0dXJlLWluLXBpY3R1cmUlM0IlMjB3ZWItc2hhcmUlMjIlMjByZWZlcnJlcnBvbGljeSUzRCUyMnN0cmljdC1vcmlnaW4td2hlbi1jcm9zcy1vcmlnaW4lMjIlMjBhbGxvd2Z1bGxzY3JlZW4lM0UlM0MlMkZpZnJhbWUlM0U=[\/vc_raw_html][\/vc_column][vc_column width=\u00bb8\/12&#8243;][vc_custom_heading text=\u00bbTemario\u00bb use_theme_fonts=\u00bbyes\u00bb el_class=\u00bblinea-titulos-principal mb mt\u00bb][vc_tta_tour][vc_tta_section title=\u00bbClase 1&#8243; tab_id=\u00bb1710444634031-004c214e-2527&#8243; el_class=\u00bbfuente-verde-oscuro\u00bb][vc_column_text] Clase 1 Ceviche de mariscos y ma\u00edz, cancha (calamar, camar\u00f3n, pescado blanco). Langostinos en emulsi\u00f3n de lim\u00f3n a la parrilla y vegetales salteados. Filete de robalo, brandada de langostinos y salsa de shitakes. [\/vc_column_text][\/vc_tta_section][vc_tta_section title=\u00bbClase 2&#8243; tab_id=\u00bb1710444634039-dcae7553-fa11&#8243; el_class=\u00bbfuente-verde-oscuro\u00bb][vc_column_text]Clase 2 Pulpo ... Leer m\u00e1s","og_url":"https:\/\/gatodumas.com.co\/bogota\/producto\/cocina-de-mar\/","og_site_name":"Gato Dumas Bogot\u00e1","article_modified_time":"2024-07-31T15:56:02+00:00","og_image":[{"width":1080,"height":1080,"url":"https:\/\/gatodumas.com.co\/bogota\/wp-content\/uploads\/sites\/2\/2024\/04\/cocina_mar_quilla_5_12_23.jpg","type":"image\/jpeg"}],"twitter_card":"summary_large_image","twitter_misc":{"Tiempo de lectura":"2 minutos"},"schema":{"@context":"https:\/\/schema.org","@graph":[{"@type":"WebPage","@id":"https:\/\/gatodumas.com.co\/bogota\/producto\/cocina-de-mar\/","url":"https:\/\/gatodumas.com.co\/bogota\/producto\/cocina-de-mar\/","name":"Cocina de mar - Gato Dumas Bogot\u00e1","isPartOf":{"@id":"https:\/\/gatodumas.com.co\/bogota\/#website"},"primaryImageOfPage":{"@id":"https:\/\/gatodumas.com.co\/bogota\/producto\/cocina-de-mar\/#primaryimage"},"image":{"@id":"https:\/\/gatodumas.com.co\/bogota\/producto\/cocina-de-mar\/#primaryimage"},"thumbnailUrl":"https:\/\/gatodumas.com.co\/bogota\/wp-content\/uploads\/sites\/2\/2024\/04\/cocina_mar_quilla_5_12_23.jpg","datePublished":"2024-04-08T16:43:32+00:00","dateModified":"2024-07-31T15:56:02+00:00","breadcrumb":{"@id":"https:\/\/gatodumas.com.co\/bogota\/producto\/cocina-de-mar\/#breadcrumb"},"inLanguage":"es","potentialAction":[{"@type":"ReadAction","target":["https:\/\/gatodumas.com.co\/bogota\/producto\/cocina-de-mar\/"]}]},{"@type":"ImageObject","inLanguage":"es","@id":"https:\/\/gatodumas.com.co\/bogota\/producto\/cocina-de-mar\/#primaryimage","url":"https:\/\/gatodumas.com.co\/bogota\/wp-content\/uploads\/sites\/2\/2024\/04\/cocina_mar_quilla_5_12_23.jpg","contentUrl":"https:\/\/gatodumas.com.co\/bogota\/wp-content\/uploads\/sites\/2\/2024\/04\/cocina_mar_quilla_5_12_23.jpg","width":1080,"height":1080},{"@type":"BreadcrumbList","@id":"https:\/\/gatodumas.com.co\/bogota\/producto\/cocina-de-mar\/#breadcrumb","itemListElement":[{"@type":"ListItem","position":1,"name":"Portada","item":"https:\/\/gatodumas.com.co\/bogota\/"},{"@type":"ListItem","position":2,"name":"Tienda","item":"https:\/\/gatodumas.com.co\/bogota\/tienda\/"},{"@type":"ListItem","position":3,"name":"Cocina de mar"}]},{"@type":"WebSite","@id":"https:\/\/gatodumas.com.co\/bogota\/#website","url":"https:\/\/gatodumas.com.co\/bogota\/","name":"Gato Dumas Bogot\u00e1","description":"bogota","publisher":{"@id":"https:\/\/gatodumas.com.co\/bogota\/#organization"},"potentialAction":[{"@type":"SearchAction","target":{"@type":"EntryPoint","urlTemplate":"https:\/\/gatodumas.com.co\/bogota\/?s={search_term_string}"},"query-input":{"@type":"PropertyValueSpecification","valueRequired":true,"valueName":"search_term_string"}}],"inLanguage":"es"},{"@type":"Organization","@id":"https:\/\/gatodumas.com.co\/bogota\/#organization","name":"Gato Dumas Bogot\u00e1","url":"https:\/\/gatodumas.com.co\/bogota\/","logo":{"@type":"ImageObject","inLanguage":"es","@id":"https:\/\/gatodumas.com.co\/bogota\/#\/schema\/logo\/image\/","url":"https:\/\/gatodumas.com.co\/bogota\/wp-content\/uploads\/sites\/2\/2024\/02\/cropped-dumas-negro-01-1.png","contentUrl":"https:\/\/gatodumas.com.co\/bogota\/wp-content\/uploads\/sites\/2\/2024\/02\/cropped-dumas-negro-01-1.png","width":2497,"height":956,"caption":"Gato Dumas Bogot\u00e1"},"image":{"@id":"https:\/\/gatodumas.com.co\/bogota\/#\/schema\/logo\/image\/"}}]}},"_links":{"self":[{"href":"https:\/\/gatodumas.com.co\/bogota\/wp-json\/wp\/v2\/product\/16169","targetHints":{"allow":["GET"]}}],"collection":[{"href":"https:\/\/gatodumas.com.co\/bogota\/wp-json\/wp\/v2\/product"}],"about":[{"href":"https:\/\/gatodumas.com.co\/bogota\/wp-json\/wp\/v2\/types\/product"}],"wp:featuredmedia":[{"embeddable":true,"href":"https:\/\/gatodumas.com.co\/bogota\/wp-json\/wp\/v2\/media\/16172"}],"wp:attachment":[{"href":"https:\/\/gatodumas.com.co\/bogota\/wp-json\/wp\/v2\/media?parent=16169"}],"wp:term":[{"taxonomy":"product_brand","embeddable":true,"href":"https:\/\/gatodumas.com.co\/bogota\/wp-json\/wp\/v2\/product_brand?post=16169"},{"taxonomy":"product_cat","embeddable":true,"href":"https:\/\/gatodumas.com.co\/bogota\/wp-json\/wp\/v2\/product_cat?post=16169"},{"taxonomy":"product_tag","embeddable":true,"href":"https:\/\/gatodumas.com.co\/bogota\/wp-json\/wp\/v2\/product_tag?post=16169"}],"curies":[{"name":"wp","href":"https:\/\/api.w.org\/{rel}","templated":true}]}}