{"id":20677,"date":"2024-10-10T23:56:27","date_gmt":"2024-10-10T21:56:27","guid":{"rendered":"https:\/\/gatodumas.com.co\/bogota\/?post_type=product&#038;p=20677"},"modified":"2026-02-03T13:43:14","modified_gmt":"2026-02-03T18:43:14","slug":"certificacion-de-habilidades-laborales","status":"publish","type":"product","link":"https:\/\/gatodumas.com.co\/bogota\/producto\/certificacion-de-habilidades-laborales\/","title":{"rendered":"Certificaci\u00f3n de Habilidades laborales"},"content":{"rendered":"<div class=\"wpb-content-wrapper\"><p>[vc_row full_width=\u00bbstretch_row\u00bb equal_height=\u00bbyes\u00bb content_placement=\u00bbmiddle\u00bb el_class=\u00bbdescripcion-pro titulos-c color-gris mb mt\u00bb][vc_column width=\u00bb2\/3&#8243; el_class=\u00bbinfo-producto-sep\u00bb][vc_custom_heading text=\u00bbDescripci\u00f3n de la Certificaci\u00f3n\u00bb use_theme_fonts=\u00bbyes\u00bb css=\u00bb\u00bb el_class=\u00bblinea-titulos-principal mb mt\u00bb]<div class=\"info-programas\">\n\t\t\t\t\t<div class=\"descripcion-curso\">\n\t\t\t\t\t\t<ul><\/ul>\n\t\t\t\t\t<\/div>\n\t\t\t\t\t<\/div><p class=\"boton-principal\">\n\t\t\t\t\t\t<a href=\"#inscribete\">Inscr\u00edbete<\/a>\n\t\t\t\t\t\t<a href=\"https:\/\/biz.payulatam.com\/L0cdb3fB346526E\" target=\"_blank\">Pagar ahora<\/a>\n\t\t\t\t\t<\/p><strong>Nota:<\/strong> Antes de hacer el pago, confirma a trav\u00e9s de chat <a href=\"https:\/\/wa.me\/+573125079157\" target=\"_blank\">+57 312 5079157<\/a> \u00f3 <a href=\"https:\/\/wa.me\/+573125077665\" target=\"_blank\">+57 3125077665<\/a> si hay cupos disponibles.<div class=\"financia\"><h5>Financiaci\u00f3n<\/h5><img decoding=\"async\" src=\"https:\/\/gatodumas.com.co\/bogota\/wp-content\/uploads\/sites\/2\/addi.png\" ><img decoding=\"async\" src=\"https:\/\/gatodumas.com.co\/bogota\/wp-content\/themes\/generatepress_child\/img\/fincomercio.png\"  ><\/div>[vc_column_text css=\u00bb\u00bb]<span style=\"font-weight: 400;\"><strong>Clases pr\u00e1cticas:<\/strong> De 7:00 a.m. a 10:00 a.m.<\/span><br \/>\n<span style=\"font-weight: 400;\"><strong>Clases virtuales:<\/strong> Aprendizaje aut\u00f3nomo.<\/span>[\/vc_column_text][\/vc_column][vc_column width=\u00bb1\/3&#8243;][vc_single_image image=\u00bb20689&#8243; img_size=\u00bbfull\u00bb alignment=\u00bbcenter\u00bb css=\u00bb\u00bb el_class=\u00bbimagen-description\u00bb][\/vc_column][\/vc_row][vc_row equal_height=\u00bbyes\u00bb content_placement=\u00bbmiddle\u00bb][vc_column][vc_custom_heading text=\u00bbCertificaci\u00f3n de Habilidades laborales\u00bb use_theme_fonts=\u00bbyes\u00bb css=\u00bb\u00bb el_class=\u00bblinea-titulos-principal mt mb\u00bb][\/vc_column][vc_column width=\u00bb2\/3&#8243;][vc_column_text css=\u00bb\u00bb el_class=\u00bbtext-white verde-claro padding-pro\u00bb]<strong>Titulaci\u00f3n:\u00a0<\/strong><br \/>\nT\u00e9cnico laboral en cocina[\/vc_column_text][\/vc_column][vc_column width=\u00bb1\/3&#8243;][vc_single_image image=\u00bb15585&#8243; img_size=\u00bbfull\u00bb alignment=\u00bbcenter\u00bb el_class=\u00bblogo-qs\u00bb][\/vc_column][\/vc_row][vc_row equal_height=\u00bbyes\u00bb content_placement=\u00bbmiddle\u00bb el_class=\u00bbinfo-pro\u00bb][vc_column width=\u00bb4\/12&#8243;][vc_single_image image=\u00bb20678&#8243; img_size=\u00bbfull\u00bb css=\u00bb\u00bb][\/vc_column][vc_column width=\u00bb8\/12&#8243;][vc_custom_heading text=\u00bbTemario\u00bb use_theme_fonts=\u00bbyes\u00bb el_class=\u00bblinea-titulos-principal mb mt\u00bb][vc_tta_tour][vc_tta_section title=\u00bbClases de certificaci\u00f3n\u00bb tab_id=\u00bbClasesdecertificaci\u00f3n\u00bb el_class=\u00bbfuente-verde-oscuro\u00bb][vc_column_text css=\u00bb\u00bb]<strong>Clase 1:<\/strong> Eco Cocina.<br \/>\n<strong>Clase 2:<\/strong> Cortes de papa y hortalizas.<br \/>\n<strong>Clase 3:<\/strong> T\u00e9cnicas y tipos de cocci\u00f3n.<br \/>\n<strong>Clase 4:<\/strong> Fondos y salsas madre.<br \/>\n<strong>Clase 5:<\/strong> Huevos.<br \/>\n<strong>Clase 6:<\/strong> Guisos.<br \/>\n<strong>Clase 7:<\/strong> Arroces.<br \/>\n<strong>Clase 8:<\/strong> Carnes: ave y res.<br \/>\n<strong>Clase 9:<\/strong> Pescados y mariscos.<br \/>\n<strong>Clase 10:<\/strong> Pasta.<br \/>\n<strong>Clase 11:<\/strong> Vac\u00edo.<br \/>\n<strong>Clase 12:<\/strong> Conservas.<br \/>\n<strong>Clase 13:<\/strong> M\u00e9todo esponja: pan Viena, molde, rollos de canela.<br \/>\n<strong>Clase 14:<\/strong> Pan pizza, focaccia, fougasse, ciabatta.<br \/>\n<strong>Clase 15:<\/strong> Panader\u00eda colombiana.<br \/>\n<strong>Clase 16:<\/strong> Panader\u00eda francesa: croissant, brioche.<br \/>\n<strong>Clase 17:<\/strong> Cremas con cocci\u00f3n-masas quebradas.<br \/>\n<strong>Clase 18:<\/strong> Batidos pesados.<br \/>\n<strong>Clase 19:<\/strong> Batidos livianos.<br \/>\n<strong>Clase 20:<\/strong> Hojaldre.<br \/>\n<strong>Clase 21:<\/strong> Examen te\u00f3rico.<br \/>\n<strong>Clase 22:<\/strong> Examen pr\u00e1ctico cocina<br \/>\n<strong>Clase 23<\/strong>: Examen pr\u00e1ctico panader\u00eda.<br \/>\n<strong>Clase 24:<\/strong> Examen pr\u00e1ctico pasteler\u00eda.[\/vc_column_text][\/vc_tta_section][\/vc_tta_tour][\/vc_column][\/vc_row][vc_row el_class=\u00bbmb mt\u00bb][vc_column][vc_column_text]<\/p>\n<h4 style=\"text-align: center;\"><strong>\u00a1Ser Gato Dumas es un orgullo de pocos que impactan a muchos!<\/strong><\/h4>\n<p>[\/vc_column_text]\n\t\t\t\t\t<div class=\"accordion-egresados\">\n\t\t\t\t\t  \t<ul><li tabindex=\"1\"  class=\"open\" >\n\t\t\t\t\t\t\t\t      <div>\n\t\t\t\t\t\t\t\t      \t<div>\n\t\t\t\t\t\t\t\t        \t<div class=\"eg-img\" style=\"background-image:url(https:\/\/gatodumas.com.co\/bogota\/wp-content\/uploads\/sites\/2\/2024\/03\/JD.jpg)\"><\/div>\n\t\t\t\t\t\t\t\t        \t<div class=\"eg-info\">\n\t\t\t\t\t\t\t\t        \t\t<h3>Juan D. Buitrago Gonz\u00e1lez<\/h3>\n\t\t\t\t\t\t\t\t        \t\t<p><h5><strong>CHEF CORPORATIVO DE ARTEGEL ITALIA.<\/strong><\/h5>\r\n\u201cPara mi Gato Dumas es una familia, fue el lugar donde me formaron profesionalmente y me inculcaron d\u00eda a d\u00eda valores que me han permitido hacer siempre la diferencia, sin importar el lugar en donde este. Gato Dumas no solo me ense\u00f1o t\u00e9cnicas gastron\u00f3micas, me transmiti\u00f3 en todo momento pasi\u00f3n, amor, \u00e9tica, profesionalismo, respeto, responsabilidad y sentido de pertenencia hacia esta maravillosa profesi\u00f3n.\u201d\n\t\t\t\t\t\t\t\t        \t<\/div>\n\t\t\t\t\t\t\t\t      \t<\/div>\n\t\t\t\t\t\t\t\t      <\/div>\n\t\t\t\t\t\t\t\t    <\/li><li tabindex=\"1\" >\n\t\t\t\t\t\t\t\t      <div>\n\t\t\t\t\t\t\t\t      \t<div>\n\t\t\t\t\t\t\t\t        \t<div class=\"eg-img\" style=\"background-image:url(https:\/\/gatodumas.com.co\/bogota\/wp-content\/uploads\/sites\/2\/2024\/03\/302291294_447621634051197_2752346231258706700_n.jpg)\"><\/div>\n\t\t\t\t\t\t\t\t        \t<div class=\"eg-info\">\n\t\t\t\t\t\t\t\t        \t\t<h3>Erick Lapi<\/h3>\n\t\t\t\t\t\t\t\t        \t\t<p><h5><strong>SU EMPRENDIMIENTO ERICK LA\u00cd DEGUSTACIONES EN SANTIAGO DE CHILE<\/strong><\/h5>\r\n\u201cGato Dumas para m\u00ed fue un desaf\u00edo constante, abri\u00f3 mis ojos y mis sentidos, realmente fue un reencuentro conmigo mismo, descubr\u00ed mi verdadera pasi\u00f3n y desde entonces no he parado de trabajar en lo que amo. Y yo Erick Lapi soy orgullosamente Gato Dumas\u201d\n\t\t\t\t\t\t\t\t        \t<\/div>\n\t\t\t\t\t\t\t\t      \t<\/div>\n\t\t\t\t\t\t\t\t      <\/div>\n\t\t\t\t\t\t\t\t    <\/li><li tabindex=\"1\" >\n\t\t\t\t\t\t\t\t      <div>\n\t\t\t\t\t\t\t\t      \t<div>\n\t\t\t\t\t\t\t\t        \t<div class=\"eg-img\" style=\"background-image:url(https:\/\/gatodumas.com.co\/bogota\/wp-content\/uploads\/sites\/2\/2024\/03\/juan-diego-portada.jpg)\"><\/div>\n\t\t\t\t\t\t\t\t        \t<div class=\"eg-info\">\n\t\t\t\t\t\t\t\t        \t\t<h3>Juan Diego Vanegas<\/h3>\n\t\t\t\t\t\t\t\t        \t\t<p><h5><strong>SU EMPRENDIMIENTO JUAN BURGERS<\/strong><\/h5>\r\n\u201cLa constancia y la exigencia en los peque\u00f1os detalles reflejan mi educaci\u00f3n en Gato Dumas\u201d\n\t\t\t\t\t\t\t\t        \t<\/div>\n\t\t\t\t\t\t\t\t      \t<\/div>\n\t\t\t\t\t\t\t\t      <\/div>\n\t\t\t\t\t\t\t\t    <\/li><li tabindex=\"1\" >\n\t\t\t\t\t\t\t\t      <div>\n\t\t\t\t\t\t\t\t      \t<div>\n\t\t\t\t\t\t\t\t        \t<div class=\"eg-img\" style=\"background-image:url(https:\/\/gatodumas.com.co\/bogota\/wp-content\/uploads\/sites\/2\/2024\/03\/mauricio.jpg)\"><\/div>\n\t\t\t\t\t\t\t\t        \t<div class=\"eg-info\">\n\t\t\t\t\t\t\t\t        \t\t<h3>Mauricio Pe\u00f1a<\/h3>\n\t\t\t\t\t\t\t\t        \t\t<p><h5><strong>SU EMPRENDIMIENTO FAMILIA PANETTERIA CREADO HACE DOS A\u00d1OS.<\/strong><\/h5>\r\n\u201cEste era mi sue\u00f1o, ahora es mi pasi\u00f3n y profesi\u00f3n. \u00a1Por siempre dir\u00e9 YoSoyGatoDumas!\u201d\n\t\t\t\t\t\t\t\t        \t<\/div>\n\t\t\t\t\t\t\t\t      \t<\/div>\n\t\t\t\t\t\t\t\t      <\/div>\n\t\t\t\t\t\t\t\t    <\/li><li tabindex=\"1\" >\n\t\t\t\t\t\t\t\t      <div>\n\t\t\t\t\t\t\t\t      \t<div>\n\t\t\t\t\t\t\t\t        \t<div class=\"eg-img\" style=\"background-image:url(https:\/\/gatodumas.com.co\/bogota\/wp-content\/uploads\/sites\/2\/2024\/03\/marco-antonio-beltran-andres-carne-de-res.jpg)\"><\/div>\n\t\t\t\t\t\t\t\t        \t<div class=\"eg-info\">\n\t\t\t\t\t\t\t\t        \t\t<h3>Marco Antonio Beltr\u00e1n Rodr\u00edguez<\/h3>\n\t\t\t\t\t\t\t\t        \t\t<p><h5 style=\"text-align: left;\"><strong>COCINERO DE ANDR\u00c9S CARNE DE RES.<\/strong><\/h5>\r\n<p style=\"text-align: left;\">\u201cMi paso por el Gato Dumas me ense\u00f1\u00f3 que nunca se termina de aprender.\u201d<\/p>\n\t\t\t\t\t\t\t\t        \t<\/div>\n\t\t\t\t\t\t\t\t      \t<\/div>\n\t\t\t\t\t\t\t\t      <\/div>\n\t\t\t\t\t\t\t\t    <\/li><li tabindex=\"1\" >\n\t\t\t\t\t\t\t\t      <div>\n\t\t\t\t\t\t\t\t      \t<div>\n\t\t\t\t\t\t\t\t        \t<div class=\"eg-img\" style=\"background-image:url(https:\/\/gatodumas.com.co\/bogota\/wp-content\/uploads\/sites\/2\/2024\/03\/Olga-Lucia-Visbal-Zambrano-1.jpg)\"><\/div>\n\t\t\t\t\t\t\t\t        \t<div class=\"eg-info\">\n\t\t\t\t\t\t\t\t        \t\t<h3>Olga Luc\u00eda Visbal Zambrano<\/h3>\n\t\t\t\t\t\t\t\t        \t\t<p><h5 style=\"text-align: left;\"><strong>SU EMPRENDIMIENTO PANADER\u00cdA \u00c1RBOL DEL PAN.<\/strong><\/h5>\r\n<p style=\"text-align: left;\">\u201cGato Dumas es mi escuela y fue el primer paso para avanzar en la persecuci\u00f3n de un sue\u00f1o: Trabajar respetuosamente con el alimento\u201d<\/p>\n\t\t\t\t\t\t\t\t        \t<\/div>\n\t\t\t\t\t\t\t\t      \t<\/div>\n\t\t\t\t\t\t\t\t      <\/div>\n\t\t\t\t\t\t\t\t    <\/li>\n\t\t\t\t\t\t<\/ul>\n\t\t\t\t\t<\/div>[vc_raw_html css=\u00bb\u00bb]JTNDYSUyMGhyZWYlM0QlMjJodHRwcyUzQSUyRiUyRmFwaS53aGF0c2FwcC5jb20lMkZzZW5kJTJGJTNGcGhvbmUlM0Q1NzMxODUzODk3MTYlMjZ0ZXh0JTNESG9sYSUyNTIwcXVpZXJvJTI1MjBtJTI1QzMlMjVBMXMlMjUyMGluZm9ybWFjaSUyNUMzJTI1QjNuJTI1MjBzb2JyZSUyNTIwc3VzJTI1MjBwcm9ncmFtYXMlMjZ0eXBlJTNEcGhvbmVfbnVtYmVyJTI2YXBwX2Fic2VudCUzRDAlMjIlMjBjbGFzcyUzRCUyMndoYXRzYXBwLWZsb2F0JTIyJTIwdGFyZ2V0JTNEJTIyX2JsYW5rJTIyJTIwb25jbGljayUzRCUyMm15RXZlbnQlMjglMjklMjIlM0UlMEElMjAlMjAlMjAlMjAlM0NpbWclMjBzcmMlM0QlMjJodHRwcyUzQSUyRiUyRmkuaW1ndXIuY29tJTJGR3E3R1ZLVC5wbmclMjIlMjBhbHQlM0QlMjJXaGF0c0FwcCUyMiUyMGNsYXNzJTNEJTIyd2hhdHNhcHAtaWNvbiUyMiUzRSUwQSUzQyUyRmElM0UlMEElMEElM0NzdHlsZSUzRSUwQSUyMCUyMCUyMCUyMC53aGF0c2FwcC1mbG9hdCUyMCU3QiUwQSUyMCUyMCUyMCUyMCUyMCUyMCUyMCUyMHBvc2l0aW9uJTNBJTIwZml4ZWQlM0IlMEElMjAlMjAlMjAlMjAlMjAlMjAlMjAlMjBib3R0b20lM0ElMjAyMHB4JTNCJTBBJTIwJTIwJTIwJTIwJTIwJTIwJTIwJTIwcmlnaHQlM0ElMjAyMHB4JTNCJTBBJTIwJTIwJTIwJTIwJTIwJTIwJTIwJTIwei1pbmRleCUzQSUyMDEwMDAlM0IlMEElMjAlMjAlMjAlMjAlN0QlMEElMEElMjAlMjAlMjAlMjAud2hhdHNhcHAtaWNvbiUyMCU3QiUwQSUyMCUyMCUyMCUyMCUyMCUyMCUyMCUyMHdpZHRoJTNBJTIwNjBweCUzQiUwQSUyMCUyMCUyMCUyMCUyMCUyMCUyMCUyMGhlaWdodCUzQSUyMDYwcHglM0IlMEElMjAlMjAlMjAlMjAlMjAlMjAlMjAlMjBib3JkZXItcmFkaXVzJTNBJTIwNTAlMjUlM0IlMEElMjAlMjAlMjAlMjAlMjAlMjAlMjAlMjBib3gtc2hhZG93JTNBJTIwMHB4JTIwNHB4JTIwMTBweCUyMHJnYmElMjgwJTJDJTIwMCUyQyUyMDAlMkMlMjAwLjIlMjklM0IlMEElMjAlMjAlMjAlMjAlMjAlMjAlMjAlMjB0cmFuc2l0aW9uJTNBJTIwdHJhbnNmb3JtJTIwMC4zcyUyMGVhc2UtaW4tb3V0JTNCJTBBJTIwJTIwJTIwJTIwJTdEJTBBJTBBJTIwJTIwJTIwJTIwLndoYXRzYXBwLWljb24lM0Fob3ZlciUyMCU3QiUwQSUyMCUyMCUyMCUyMCUyMCUyMCUyMCUyMHRyYW5zZm9ybSUzQSUyMHNjYWxlJTI4MS4xJTI5JTNCJTBBJTIwJTIwJTIwJTIwJTdEJTBBJTBBJTIwJTIwJTIwJTIwJTQwbWVkaWElMjAlMjhtYXgtd2lkdGglM0ElMjA3NjhweCUyOSUyMCU3QiUwQSUyMCUyMCUyMCUyMCUyMCUyMCUyMCUyMC53aGF0c2FwcC1pY29uJTIwJTdCJTBBJTIwJTIwJTIwJTIwJTIwJTIwJTIwJTIwJTIwJTIwJTIwJTIwd2lkdGglM0ElMjA1MHB4JTNCJTBBJTIwJTIwJTIwJTIwJTIwJTIwJTIwJTIwJTIwJTIwJTIwJTIwaGVpZ2h0JTNBJTIwNTBweCUzQiUwQSUyMCUyMCUyMCUyMCUyMCUyMCUyMCUyMCU3RCUwQSUyMCUyMCUyMCUyMCU3RCUwQSUzQyUyRnN0eWxlJTNFJTBBJTBBJTNDc2NyaXB0JTNFJTBBZnVuY3Rpb24lMjBteUV2ZW50JTI4JTI5JTIwJTdCJTBBJTIwJTIwZGF0YUxheWVyLnB1c2glMjglN0IlMEElMjAlMjAlMjAlMjAlMjdldmVudCUyNyUzQSUyMCUyN3doYXRzYXBwX2FwaV9zZW5kJTI3JTJDJTBBJTIwJTIwJTIwJTIwJTI3cGhvbmUlMjclM0ElMjAlMjc1NzMxODUzODk3MTYlMjclMkMlMEElMjAlMjAlMjAlMjAlMjd0ZXh0JTI3JTNBJTIwJTI3SG9sYSUyNTIwcXVpZXJvJTI1MjBtJTI1QzMlMjVBMXMlMjUyMGluZm9ybWFjaSUyNUMzJTI1QjNuJTI1MjBzb2JyZSUyNTIwc3VzJTI1MjBwcm9ncmFtYXMlMjclMkMlMEElMjAlMjAlMjAlMjAlMjd1cmwlMjclM0ElMjAlMjdodHRwcyUzQSUyRiUyRmFwaS53aGF0c2FwcC5jb20lMkZzZW5kJTJGJTNGcGhvbmUlM0Q1NzMxODUzODk3MTYlMjZ0ZXh0JTNESG9sYSUyNTIwcXVpZXJvJTI1MjBtJTI1QzMlMjVBMXMlMjUyMGluZm9ybWFjaSUyNUMzJTI1QjNuJTI1MjBzb2JyZSUyNTIwc3VzJTI1MjBwcm9ncmFtYXMlMjZ0eXBlJTNEcGhvbmVfbnVtYmVyJTI2YXBwX2Fic2VudCUzRDAlMjclMEElMjAlMjAlN0QlMjklM0IlMEElN0QlMEElM0MlMkZzY3JpcHQlM0U=[\/vc_raw_html][\/vc_column][\/vc_row][vc_column][\/vc_column]<\/p>\n<\/div>","protected":false},"excerpt":{"rendered":"<p style=\"text-align: justify;\"><span style=\"font-weight: 400;\">El programa de certificaci\u00f3n de habilidades laborales tiene como finalidad reconocer y certificar los saberes adquiridos por los alumnos a lo largo de su experiencia laboral, permiti\u00e9ndoles obtener una certificaci\u00f3n formal en su campo de desempe\u00f1o dentro del sector gastron\u00f3mico.<\/span><\/p>\n<h4 style=\"text-align: left;\"><strong>NUESTRO COMPROMISO CONTIGO<\/strong><\/h4>\n<ul style=\"text-align: left;\">\n<li>La mejor experiencia acad\u00e9mica.<\/li>\n<li>Oportunidades de trabajo en sitios de alto reconocimiento.<\/li>\n<li>Te conectamos con las mejores experiencias gastron\u00f3micas en cualquier parte del mundo.<\/li>\n<li>Te impulsamos hacia el camino del emprendimiento.<\/li>\n<\/ul>\n<h4><strong>Requisitos de Admisi\u00f3n<\/strong><\/h4>\n<ol>\n<li>Presentar acta de grado de bachiller.<\/li>\n<li>Experiencia acreditada de un m\u00ednimo de 5 a\u00f1os de experiencia pr\u00e1ctica o 3 a\u00f1os si inici\u00f3, pero no complet\u00f3, un programa de estudios en cocina.<\/li>\n<li>Documento de Identidad.<\/li>\n<li>Actividad Laboral en un \u00e1rea relacionada con el programa de inter\u00e9s o no<br \/>\nhaber superado m\u00e1s de 6 meses de inactividad laboral.<\/li>\n<li>Afiliaci\u00f3n vigente a una EPS.<\/li>\n<li>Una fotograf\u00eda de 3 cm x 4 cm.<\/li>\n<li>Pagar el formulario de inscripci\u00f3n.<\/li>\n<\/ol>\n","protected":false},"featured_media":20679,"template":"","meta":{"_acf_changed":false},"product_brand":[],"product_cat":[88],"product_tag":[],"class_list":{"0":"post-20677","1":"product","2":"type-product","3":"status-publish","4":"has-post-thumbnail","6":"product_cat-sin-categorizar","8":"first","9":"instock","10":"shipping-taxable","11":"purchasable","12":"product-type-simple"},"acf":[],"yoast_head":"<!-- This site is optimized with the Yoast SEO plugin v25.9 - https:\/\/yoast.com\/wordpress\/plugins\/seo\/ -->\n<title>Certificaci\u00f3n de Habilidades laborales - Gato Dumas Bogot\u00e1<\/title>\n<meta name=\"robots\" content=\"index, follow, max-snippet:-1, max-image-preview:large, max-video-preview:-1\" \/>\n<link rel=\"canonical\" href=\"https:\/\/gatodumas.com.co\/bogota\/producto\/certificacion-de-habilidades-laborales\/\" \/>\n<meta property=\"og:locale\" content=\"es_ES\" \/>\n<meta property=\"og:type\" content=\"article\" \/>\n<meta property=\"og:title\" content=\"Certificaci\u00f3n de Habilidades laborales - Gato Dumas Bogot\u00e1\" \/>\n<meta property=\"og:description\" content=\"El programa de certificaci\u00f3n de habilidades laborales tiene como finalidad reconocer y certificar los saberes adquiridos por los alumnos a lo largo de su experiencia laboral, permiti\u00e9ndoles obtener una certificaci\u00f3n formal en su campo de desempe\u00f1o dentro del sector gastron\u00f3mico.  NUESTRO COMPROMISO CONTIGO   La mejor experiencia acad\u00e9mica.  Oportunidades de trabajo en sitios de alto reconocimiento.  Te conectamos con las mejores experiencias gastron\u00f3micas en cualquier parte del mundo.  Te impulsamos hacia el camino del emprendimiento.  Requisitos de Admisi\u00f3n   Presentar acta de grado de bachiller.  Experiencia acreditada de un m\u00ednimo de 5 a\u00f1os de experiencia pr\u00e1ctica o 3 a\u00f1os si inici\u00f3, pero no complet\u00f3, un programa de estudios en cocina.  Documento de Identidad.  Actividad Laboral en un \u00e1rea relacionada con el programa de inter\u00e9s o no haber superado m\u00e1s de 6 meses de inactividad laboral.  Afiliaci\u00f3n vigente a una EPS.  Una fotograf\u00eda de 3 cm x 4 cm.  Pagar el formulario de inscripci\u00f3n.\" \/>\n<meta property=\"og:url\" content=\"https:\/\/gatodumas.com.co\/bogota\/producto\/certificacion-de-habilidades-laborales\/\" \/>\n<meta property=\"og:site_name\" content=\"Gato Dumas Bogot\u00e1\" \/>\n<meta property=\"article:modified_time\" content=\"2026-02-03T18:43:14+00:00\" \/>\n<meta property=\"og:image\" content=\"https:\/\/gatodumas.com.co\/bogota\/wp-content\/uploads\/sites\/2\/2024\/10\/Mancera.jpg\" \/>\n\t<meta property=\"og:image:width\" content=\"600\" \/>\n\t<meta property=\"og:image:height\" content=\"900\" \/>\n\t<meta property=\"og:image:type\" content=\"image\/jpeg\" \/>\n<meta name=\"twitter:card\" content=\"summary_large_image\" \/>\n<meta name=\"twitter:label1\" content=\"Tiempo de lectura\" \/>\n\t<meta name=\"twitter:data1\" content=\"2 minutos\" \/>\n<script type=\"application\/ld+json\" class=\"yoast-schema-graph\">{\"@context\":\"https:\/\/schema.org\",\"@graph\":[{\"@type\":\"WebPage\",\"@id\":\"https:\/\/gatodumas.com.co\/bogota\/producto\/certificacion-de-habilidades-laborales\/\",\"url\":\"https:\/\/gatodumas.com.co\/bogota\/producto\/certificacion-de-habilidades-laborales\/\",\"name\":\"Certificaci\u00f3n de Habilidades laborales - Gato Dumas Bogot\u00e1\",\"isPartOf\":{\"@id\":\"https:\/\/gatodumas.com.co\/bogota\/#website\"},\"primaryImageOfPage\":{\"@id\":\"https:\/\/gatodumas.com.co\/bogota\/producto\/certificacion-de-habilidades-laborales\/#primaryimage\"},\"image\":{\"@id\":\"https:\/\/gatodumas.com.co\/bogota\/producto\/certificacion-de-habilidades-laborales\/#primaryimage\"},\"thumbnailUrl\":\"https:\/\/gatodumas.com.co\/bogota\/wp-content\/uploads\/sites\/2\/2024\/10\/Mancera.jpg\",\"datePublished\":\"2024-10-10T21:56:27+00:00\",\"dateModified\":\"2026-02-03T18:43:14+00:00\",\"breadcrumb\":{\"@id\":\"https:\/\/gatodumas.com.co\/bogota\/producto\/certificacion-de-habilidades-laborales\/#breadcrumb\"},\"inLanguage\":\"es\",\"potentialAction\":[{\"@type\":\"ReadAction\",\"target\":[\"https:\/\/gatodumas.com.co\/bogota\/producto\/certificacion-de-habilidades-laborales\/\"]}]},{\"@type\":\"ImageObject\",\"inLanguage\":\"es\",\"@id\":\"https:\/\/gatodumas.com.co\/bogota\/producto\/certificacion-de-habilidades-laborales\/#primaryimage\",\"url\":\"https:\/\/gatodumas.com.co\/bogota\/wp-content\/uploads\/sites\/2\/2024\/10\/Mancera.jpg\",\"contentUrl\":\"https:\/\/gatodumas.com.co\/bogota\/wp-content\/uploads\/sites\/2\/2024\/10\/Mancera.jpg\",\"width\":600,\"height\":900},{\"@type\":\"BreadcrumbList\",\"@id\":\"https:\/\/gatodumas.com.co\/bogota\/producto\/certificacion-de-habilidades-laborales\/#breadcrumb\",\"itemListElement\":[{\"@type\":\"ListItem\",\"position\":1,\"name\":\"Portada\",\"item\":\"https:\/\/gatodumas.com.co\/bogota\/\"},{\"@type\":\"ListItem\",\"position\":2,\"name\":\"Tienda\",\"item\":\"https:\/\/gatodumas.com.co\/bogota\/tienda\/\"},{\"@type\":\"ListItem\",\"position\":3,\"name\":\"Certificaci\u00f3n de Habilidades laborales\"}]},{\"@type\":\"WebSite\",\"@id\":\"https:\/\/gatodumas.com.co\/bogota\/#website\",\"url\":\"https:\/\/gatodumas.com.co\/bogota\/\",\"name\":\"Gato Dumas Bogot\u00e1\",\"description\":\"bogota\",\"publisher\":{\"@id\":\"https:\/\/gatodumas.com.co\/bogota\/#organization\"},\"potentialAction\":[{\"@type\":\"SearchAction\",\"target\":{\"@type\":\"EntryPoint\",\"urlTemplate\":\"https:\/\/gatodumas.com.co\/bogota\/?s={search_term_string}\"},\"query-input\":{\"@type\":\"PropertyValueSpecification\",\"valueRequired\":true,\"valueName\":\"search_term_string\"}}],\"inLanguage\":\"es\"},{\"@type\":\"Organization\",\"@id\":\"https:\/\/gatodumas.com.co\/bogota\/#organization\",\"name\":\"Gato Dumas Bogot\u00e1\",\"url\":\"https:\/\/gatodumas.com.co\/bogota\/\",\"logo\":{\"@type\":\"ImageObject\",\"inLanguage\":\"es\",\"@id\":\"https:\/\/gatodumas.com.co\/bogota\/#\/schema\/logo\/image\/\",\"url\":\"https:\/\/gatodumas.com.co\/bogota\/wp-content\/uploads\/sites\/2\/2024\/02\/cropped-dumas-negro-01-1.png\",\"contentUrl\":\"https:\/\/gatodumas.com.co\/bogota\/wp-content\/uploads\/sites\/2\/2024\/02\/cropped-dumas-negro-01-1.png\",\"width\":2497,\"height\":956,\"caption\":\"Gato Dumas Bogot\u00e1\"},\"image\":{\"@id\":\"https:\/\/gatodumas.com.co\/bogota\/#\/schema\/logo\/image\/\"}}]}<\/script>\n<!-- \/ Yoast SEO plugin. -->","yoast_head_json":{"title":"Certificaci\u00f3n de Habilidades laborales - Gato Dumas Bogot\u00e1","robots":{"index":"index","follow":"follow","max-snippet":"max-snippet:-1","max-image-preview":"max-image-preview:large","max-video-preview":"max-video-preview:-1"},"canonical":"https:\/\/gatodumas.com.co\/bogota\/producto\/certificacion-de-habilidades-laborales\/","og_locale":"es_ES","og_type":"article","og_title":"Certificaci\u00f3n de Habilidades laborales - Gato Dumas Bogot\u00e1","og_description":"El programa de certificaci\u00f3n de habilidades laborales tiene como finalidad reconocer y certificar los saberes adquiridos por los alumnos a lo largo de su experiencia laboral, permiti\u00e9ndoles obtener una certificaci\u00f3n formal en su campo de desempe\u00f1o dentro del sector gastron\u00f3mico.  NUESTRO COMPROMISO CONTIGO   La mejor experiencia acad\u00e9mica.  Oportunidades de trabajo en sitios de alto reconocimiento.  Te conectamos con las mejores experiencias gastron\u00f3micas en cualquier parte del mundo.  Te impulsamos hacia el camino del emprendimiento.  Requisitos de Admisi\u00f3n   Presentar acta de grado de bachiller.  Experiencia acreditada de un m\u00ednimo de 5 a\u00f1os de experiencia pr\u00e1ctica o 3 a\u00f1os si inici\u00f3, pero no complet\u00f3, un programa de estudios en cocina.  Documento de Identidad.  Actividad Laboral en un \u00e1rea relacionada con el programa de inter\u00e9s o no haber superado m\u00e1s de 6 meses de inactividad laboral.  Afiliaci\u00f3n vigente a una EPS.  Una fotograf\u00eda de 3 cm x 4 cm.  Pagar el formulario de inscripci\u00f3n.","og_url":"https:\/\/gatodumas.com.co\/bogota\/producto\/certificacion-de-habilidades-laborales\/","og_site_name":"Gato Dumas Bogot\u00e1","article_modified_time":"2026-02-03T18:43:14+00:00","og_image":[{"width":600,"height":900,"url":"https:\/\/gatodumas.com.co\/bogota\/wp-content\/uploads\/sites\/2\/2024\/10\/Mancera.jpg","type":"image\/jpeg"}],"twitter_card":"summary_large_image","twitter_misc":{"Tiempo de lectura":"2 minutos"},"schema":{"@context":"https:\/\/schema.org","@graph":[{"@type":"WebPage","@id":"https:\/\/gatodumas.com.co\/bogota\/producto\/certificacion-de-habilidades-laborales\/","url":"https:\/\/gatodumas.com.co\/bogota\/producto\/certificacion-de-habilidades-laborales\/","name":"Certificaci\u00f3n de Habilidades laborales - Gato Dumas Bogot\u00e1","isPartOf":{"@id":"https:\/\/gatodumas.com.co\/bogota\/#website"},"primaryImageOfPage":{"@id":"https:\/\/gatodumas.com.co\/bogota\/producto\/certificacion-de-habilidades-laborales\/#primaryimage"},"image":{"@id":"https:\/\/gatodumas.com.co\/bogota\/producto\/certificacion-de-habilidades-laborales\/#primaryimage"},"thumbnailUrl":"https:\/\/gatodumas.com.co\/bogota\/wp-content\/uploads\/sites\/2\/2024\/10\/Mancera.jpg","datePublished":"2024-10-10T21:56:27+00:00","dateModified":"2026-02-03T18:43:14+00:00","breadcrumb":{"@id":"https:\/\/gatodumas.com.co\/bogota\/producto\/certificacion-de-habilidades-laborales\/#breadcrumb"},"inLanguage":"es","potentialAction":[{"@type":"ReadAction","target":["https:\/\/gatodumas.com.co\/bogota\/producto\/certificacion-de-habilidades-laborales\/"]}]},{"@type":"ImageObject","inLanguage":"es","@id":"https:\/\/gatodumas.com.co\/bogota\/producto\/certificacion-de-habilidades-laborales\/#primaryimage","url":"https:\/\/gatodumas.com.co\/bogota\/wp-content\/uploads\/sites\/2\/2024\/10\/Mancera.jpg","contentUrl":"https:\/\/gatodumas.com.co\/bogota\/wp-content\/uploads\/sites\/2\/2024\/10\/Mancera.jpg","width":600,"height":900},{"@type":"BreadcrumbList","@id":"https:\/\/gatodumas.com.co\/bogota\/producto\/certificacion-de-habilidades-laborales\/#breadcrumb","itemListElement":[{"@type":"ListItem","position":1,"name":"Portada","item":"https:\/\/gatodumas.com.co\/bogota\/"},{"@type":"ListItem","position":2,"name":"Tienda","item":"https:\/\/gatodumas.com.co\/bogota\/tienda\/"},{"@type":"ListItem","position":3,"name":"Certificaci\u00f3n de Habilidades laborales"}]},{"@type":"WebSite","@id":"https:\/\/gatodumas.com.co\/bogota\/#website","url":"https:\/\/gatodumas.com.co\/bogota\/","name":"Gato Dumas Bogot\u00e1","description":"bogota","publisher":{"@id":"https:\/\/gatodumas.com.co\/bogota\/#organization"},"potentialAction":[{"@type":"SearchAction","target":{"@type":"EntryPoint","urlTemplate":"https:\/\/gatodumas.com.co\/bogota\/?s={search_term_string}"},"query-input":{"@type":"PropertyValueSpecification","valueRequired":true,"valueName":"search_term_string"}}],"inLanguage":"es"},{"@type":"Organization","@id":"https:\/\/gatodumas.com.co\/bogota\/#organization","name":"Gato Dumas Bogot\u00e1","url":"https:\/\/gatodumas.com.co\/bogota\/","logo":{"@type":"ImageObject","inLanguage":"es","@id":"https:\/\/gatodumas.com.co\/bogota\/#\/schema\/logo\/image\/","url":"https:\/\/gatodumas.com.co\/bogota\/wp-content\/uploads\/sites\/2\/2024\/02\/cropped-dumas-negro-01-1.png","contentUrl":"https:\/\/gatodumas.com.co\/bogota\/wp-content\/uploads\/sites\/2\/2024\/02\/cropped-dumas-negro-01-1.png","width":2497,"height":956,"caption":"Gato Dumas Bogot\u00e1"},"image":{"@id":"https:\/\/gatodumas.com.co\/bogota\/#\/schema\/logo\/image\/"}}]}},"_links":{"self":[{"href":"https:\/\/gatodumas.com.co\/bogota\/wp-json\/wp\/v2\/product\/20677","targetHints":{"allow":["GET"]}}],"collection":[{"href":"https:\/\/gatodumas.com.co\/bogota\/wp-json\/wp\/v2\/product"}],"about":[{"href":"https:\/\/gatodumas.com.co\/bogota\/wp-json\/wp\/v2\/types\/product"}],"wp:featuredmedia":[{"embeddable":true,"href":"https:\/\/gatodumas.com.co\/bogota\/wp-json\/wp\/v2\/media\/20679"}],"wp:attachment":[{"href":"https:\/\/gatodumas.com.co\/bogota\/wp-json\/wp\/v2\/media?parent=20677"}],"wp:term":[{"taxonomy":"product_brand","embeddable":true,"href":"https:\/\/gatodumas.com.co\/bogota\/wp-json\/wp\/v2\/product_brand?post=20677"},{"taxonomy":"product_cat","embeddable":true,"href":"https:\/\/gatodumas.com.co\/bogota\/wp-json\/wp\/v2\/product_cat?post=20677"},{"taxonomy":"product_tag","embeddable":true,"href":"https:\/\/gatodumas.com.co\/bogota\/wp-json\/wp\/v2\/product_tag?post=20677"}],"curies":[{"name":"wp","href":"https:\/\/api.w.org\/{rel}","templated":true}]}}