{"id":23478,"date":"2025-04-22T18:54:15","date_gmt":"2025-04-22T16:54:15","guid":{"rendered":"https:\/\/gatodumas.com.co\/bogota\/?post_type=product&#038;p=23478"},"modified":"2026-04-10T10:16:02","modified_gmt":"2026-04-10T15:16:02","slug":"clase-duo-de-sabores","status":"publish","type":"product","link":"https:\/\/gatodumas.com.co\/bogota\/producto\/clase-duo-de-sabores\/","title":{"rendered":"D\u00fao de Sabores: Mam\u00e1 y Yo en la Cocina"},"content":{"rendered":"<div class=\"wpb-content-wrapper\"><p>[vc_row equal_height=\u00bbyes\u00bb el_class=\u00bbinfo-pro\u00bb][vc_column width=\u00bb3\/12&#8243;][vc_single_image image=\u00bb28180&#8243; img_size=\u00bbfull\u00bb css=\u00bb\u00bb][\/vc_column][vc_column width=\u00bb9\/12&#8243;][vc_custom_heading text=\u00bbTemario\u00bb use_theme_fonts=\u00bbyes\u00bb el_class=\u00bblinea-titulos-principal mb mt\u00bb][vc_tta_tour][vc_tta_section title=\u00bbClase \u00fanica\u00bb tab_id=\u00bbclase1&#8243; el_class=\u00bbfuente-verde-oscuro\u00bb][vc_column_text css=\u00bb\u00bb]<strong>Platillos:<\/strong><\/p>\n<ul>\n<li>Croquetas de bacon y parmesano con mayonesa de albahaca.<\/li>\n<li>Bondiola breseada, arroz cremoso de ahuyama y setas con queso ah\u00famado.<\/li>\n<li>Trufas de chocolate.<\/li>\n<\/ul>\n<p>[\/vc_column_text][\/vc_tta_section][\/vc_tta_tour][\/vc_column][\/vc_row][vc_row el_class=\u00bbnotas\u00bb][vc_column]\n\t\t\t<h4 id=\"nota\" class=\"nota\">Nota<\/h4>\n\t\t\t<ul>\n\t\t\t\t<li>Se entregan Constancia de asistencia siempre y cuando se asista al 80% de las clases.<\/li>\n\t\t\t\t<li>Las clases perdidas por inasistencia del alumno no se recuperan y son personales e intransferibles. En caso de no poder asistir al inicio del curso deber\u00e1 avisar con 48 hs h\u00e1biles de antelaci\u00f3n para canjear el pago por un nuevo curso.<\/li>\n\t\t\t\t<li>El plazo para realizar el cambio por un nuevo curso es de 3 meses a partir de la fecha del inicio del curso.<\/li>\n\t\t\t\t<li>Para canjear el pago por un nuevo curso se tomar\u00e1 el valor abonado y no el valor actual del curso.<\/li>\n\t\t\t\t<li>Gato Dumas se reserva el derecho de suspender el curso con 48 hrs de anticipaci\u00f3n de no cumplir con el cupo m\u00ednimo.<\/li>\n\t\t\t\t<li>Los cupos se asignan en el orden en el que sea reportado y confirmado el pago (ya sea presentando en recibo o enviado por mail) de lo contrario la instituci\u00f3n no se har\u00e1 responsable del cupo.<\/li>\n\t\t\t<\/ul>\n\t\t\t<h4>Departamento Comercial Gato Dumas.<\/h4>\n\n\t\t[\/vc_column][\/vc_row]<\/p>\n<\/div>","protected":false},"excerpt":{"rendered":"<p>Inversi\u00f3n: $520.000 por 2 personas.<\/p>\n<p><strong>Cocina en Pareja:<\/strong> Despu\u00e9s de la demostraci\u00f3n, cada madre e hijo se dividen en estaciones de cocina, trabajando juntos para preparar los platos.<\/p>\n<p><strong>Presentaci\u00f3n Especial:<\/strong> Al final de la clase, cada d\u00fao podr\u00e1 presentar sus platos decorados. Se fomentar\u00e1 un ambiente divertido.<\/p>\n<p><strong>Recuerdos Fotogr\u00e1ficos:<\/strong> Se crea un espacio para que las familias se tomen fotos con sus platos y compartan momentos especiales.<\/p>\n","protected":false},"featured_media":28179,"template":"","meta":{"_acf_changed":false},"product_brand":[],"product_cat":[116,111],"product_tag":[],"class_list":{"0":"post-23478","1":"product","2":"type-product","3":"status-publish","4":"has-post-thumbnail","6":"product_cat-cursos-cortos","7":"product_cat-cursos-cocina","9":"first","10":"instock","11":"shipping-taxable","12":"purchasable","13":"product-type-simple"},"acf":[],"yoast_head":"<!-- This site is optimized with the Yoast SEO plugin v25.9 - https:\/\/yoast.com\/wordpress\/plugins\/seo\/ -->\n<title>D\u00fao de Sabores: Mam\u00e1 y Yo en la Cocina - Gato Dumas Bogot\u00e1<\/title>\n<meta name=\"robots\" content=\"index, follow, max-snippet:-1, max-image-preview:large, max-video-preview:-1\" \/>\n<link rel=\"canonical\" href=\"https:\/\/gatodumas.com.co\/bogota\/producto\/clase-duo-de-sabores\/\" \/>\n<meta property=\"og:locale\" content=\"es_ES\" \/>\n<meta property=\"og:type\" content=\"article\" \/>\n<meta property=\"og:title\" content=\"D\u00fao de Sabores: Mam\u00e1 y Yo en la Cocina - Gato Dumas Bogot\u00e1\" \/>\n<meta property=\"og:description\" content=\"Inversi\u00f3n: $520.000 por 2 personas.  Cocina en Pareja: Despu\u00e9s de la demostraci\u00f3n, cada madre e hijo se dividen en estaciones de cocina, trabajando juntos para preparar los platos.  Presentaci\u00f3n Especial: Al final de la clase, cada d\u00fao podr\u00e1 presentar sus platos decorados. Se fomentar\u00e1 un ambiente divertido.  Recuerdos Fotogr\u00e1ficos: Se crea un espacio para que las familias se tomen fotos con sus platos y compartan momentos especiales.\" \/>\n<meta property=\"og:url\" content=\"https:\/\/gatodumas.com.co\/bogota\/producto\/clase-duo-de-sabores\/\" \/>\n<meta property=\"og:site_name\" content=\"Gato Dumas Bogot\u00e1\" \/>\n<meta property=\"article:modified_time\" content=\"2026-04-10T15:16:02+00:00\" \/>\n<meta property=\"og:image\" content=\"https:\/\/gatodumas.com.co\/bogota\/wp-content\/uploads\/sites\/2\/2026\/04\/Portada-clase-unica-DUO-DE-SABORES-MAMA-Y-YO-EN-LA-COCINA.webp\" \/>\n\t<meta property=\"og:image:width\" content=\"1080\" \/>\n\t<meta property=\"og:image:height\" content=\"1080\" \/>\n\t<meta property=\"og:image:type\" content=\"image\/webp\" \/>\n<meta name=\"twitter:card\" content=\"summary_large_image\" \/>\n<meta name=\"twitter:label1\" content=\"Tiempo de lectura\" \/>\n\t<meta name=\"twitter:data1\" content=\"1 minuto\" \/>\n<script type=\"application\/ld+json\" class=\"yoast-schema-graph\">{\"@context\":\"https:\/\/schema.org\",\"@graph\":[{\"@type\":\"WebPage\",\"@id\":\"https:\/\/gatodumas.com.co\/bogota\/producto\/clase-duo-de-sabores\/\",\"url\":\"https:\/\/gatodumas.com.co\/bogota\/producto\/clase-duo-de-sabores\/\",\"name\":\"D\u00fao de Sabores: Mam\u00e1 y Yo en la Cocina - Gato Dumas Bogot\u00e1\",\"isPartOf\":{\"@id\":\"https:\/\/gatodumas.com.co\/bogota\/#website\"},\"primaryImageOfPage\":{\"@id\":\"https:\/\/gatodumas.com.co\/bogota\/producto\/clase-duo-de-sabores\/#primaryimage\"},\"image\":{\"@id\":\"https:\/\/gatodumas.com.co\/bogota\/producto\/clase-duo-de-sabores\/#primaryimage\"},\"thumbnailUrl\":\"https:\/\/gatodumas.com.co\/bogota\/wp-content\/uploads\/sites\/2\/2026\/04\/Portada-clase-unica-DUO-DE-SABORES-MAMA-Y-YO-EN-LA-COCINA.webp\",\"datePublished\":\"2025-04-22T16:54:15+00:00\",\"dateModified\":\"2026-04-10T15:16:02+00:00\",\"breadcrumb\":{\"@id\":\"https:\/\/gatodumas.com.co\/bogota\/producto\/clase-duo-de-sabores\/#breadcrumb\"},\"inLanguage\":\"es\",\"potentialAction\":[{\"@type\":\"ReadAction\",\"target\":[\"https:\/\/gatodumas.com.co\/bogota\/producto\/clase-duo-de-sabores\/\"]}]},{\"@type\":\"ImageObject\",\"inLanguage\":\"es\",\"@id\":\"https:\/\/gatodumas.com.co\/bogota\/producto\/clase-duo-de-sabores\/#primaryimage\",\"url\":\"https:\/\/gatodumas.com.co\/bogota\/wp-content\/uploads\/sites\/2\/2026\/04\/Portada-clase-unica-DUO-DE-SABORES-MAMA-Y-YO-EN-LA-COCINA.webp\",\"contentUrl\":\"https:\/\/gatodumas.com.co\/bogota\/wp-content\/uploads\/sites\/2\/2026\/04\/Portada-clase-unica-DUO-DE-SABORES-MAMA-Y-YO-EN-LA-COCINA.webp\",\"width\":1080,\"height\":1080},{\"@type\":\"BreadcrumbList\",\"@id\":\"https:\/\/gatodumas.com.co\/bogota\/producto\/clase-duo-de-sabores\/#breadcrumb\",\"itemListElement\":[{\"@type\":\"ListItem\",\"position\":1,\"name\":\"Portada\",\"item\":\"https:\/\/gatodumas.com.co\/bogota\/\"},{\"@type\":\"ListItem\",\"position\":2,\"name\":\"Tienda\",\"item\":\"https:\/\/gatodumas.com.co\/bogota\/tienda\/\"},{\"@type\":\"ListItem\",\"position\":3,\"name\":\"D\u00fao de Sabores: Mam\u00e1 y Yo en la Cocina\"}]},{\"@type\":\"WebSite\",\"@id\":\"https:\/\/gatodumas.com.co\/bogota\/#website\",\"url\":\"https:\/\/gatodumas.com.co\/bogota\/\",\"name\":\"Gato Dumas Bogot\u00e1\",\"description\":\"bogota\",\"publisher\":{\"@id\":\"https:\/\/gatodumas.com.co\/bogota\/#organization\"},\"potentialAction\":[{\"@type\":\"SearchAction\",\"target\":{\"@type\":\"EntryPoint\",\"urlTemplate\":\"https:\/\/gatodumas.com.co\/bogota\/?s={search_term_string}\"},\"query-input\":{\"@type\":\"PropertyValueSpecification\",\"valueRequired\":true,\"valueName\":\"search_term_string\"}}],\"inLanguage\":\"es\"},{\"@type\":\"Organization\",\"@id\":\"https:\/\/gatodumas.com.co\/bogota\/#organization\",\"name\":\"Gato Dumas Bogot\u00e1\",\"url\":\"https:\/\/gatodumas.com.co\/bogota\/\",\"logo\":{\"@type\":\"ImageObject\",\"inLanguage\":\"es\",\"@id\":\"https:\/\/gatodumas.com.co\/bogota\/#\/schema\/logo\/image\/\",\"url\":\"https:\/\/gatodumas.com.co\/bogota\/wp-content\/uploads\/sites\/2\/2024\/02\/cropped-dumas-negro-01-1.png\",\"contentUrl\":\"https:\/\/gatodumas.com.co\/bogota\/wp-content\/uploads\/sites\/2\/2024\/02\/cropped-dumas-negro-01-1.png\",\"width\":2497,\"height\":956,\"caption\":\"Gato Dumas Bogot\u00e1\"},\"image\":{\"@id\":\"https:\/\/gatodumas.com.co\/bogota\/#\/schema\/logo\/image\/\"}}]}<\/script>\n<!-- \/ Yoast SEO plugin. -->","yoast_head_json":{"title":"D\u00fao de Sabores: Mam\u00e1 y Yo en la Cocina - Gato Dumas Bogot\u00e1","robots":{"index":"index","follow":"follow","max-snippet":"max-snippet:-1","max-image-preview":"max-image-preview:large","max-video-preview":"max-video-preview:-1"},"canonical":"https:\/\/gatodumas.com.co\/bogota\/producto\/clase-duo-de-sabores\/","og_locale":"es_ES","og_type":"article","og_title":"D\u00fao de Sabores: Mam\u00e1 y Yo en la Cocina - Gato Dumas Bogot\u00e1","og_description":"Inversi\u00f3n: $520.000 por 2 personas.  Cocina en Pareja: Despu\u00e9s de la demostraci\u00f3n, cada madre e hijo se dividen en estaciones de cocina, trabajando juntos para preparar los platos.  Presentaci\u00f3n Especial: Al final de la clase, cada d\u00fao podr\u00e1 presentar sus platos decorados. Se fomentar\u00e1 un ambiente divertido.  Recuerdos Fotogr\u00e1ficos: Se crea un espacio para que las familias se tomen fotos con sus platos y compartan momentos especiales.","og_url":"https:\/\/gatodumas.com.co\/bogota\/producto\/clase-duo-de-sabores\/","og_site_name":"Gato Dumas Bogot\u00e1","article_modified_time":"2026-04-10T15:16:02+00:00","og_image":[{"width":1080,"height":1080,"url":"https:\/\/gatodumas.com.co\/bogota\/wp-content\/uploads\/sites\/2\/2026\/04\/Portada-clase-unica-DUO-DE-SABORES-MAMA-Y-YO-EN-LA-COCINA.webp","type":"image\/webp"}],"twitter_card":"summary_large_image","twitter_misc":{"Tiempo de lectura":"1 minuto"},"schema":{"@context":"https:\/\/schema.org","@graph":[{"@type":"WebPage","@id":"https:\/\/gatodumas.com.co\/bogota\/producto\/clase-duo-de-sabores\/","url":"https:\/\/gatodumas.com.co\/bogota\/producto\/clase-duo-de-sabores\/","name":"D\u00fao de Sabores: Mam\u00e1 y Yo en la Cocina - Gato Dumas Bogot\u00e1","isPartOf":{"@id":"https:\/\/gatodumas.com.co\/bogota\/#website"},"primaryImageOfPage":{"@id":"https:\/\/gatodumas.com.co\/bogota\/producto\/clase-duo-de-sabores\/#primaryimage"},"image":{"@id":"https:\/\/gatodumas.com.co\/bogota\/producto\/clase-duo-de-sabores\/#primaryimage"},"thumbnailUrl":"https:\/\/gatodumas.com.co\/bogota\/wp-content\/uploads\/sites\/2\/2026\/04\/Portada-clase-unica-DUO-DE-SABORES-MAMA-Y-YO-EN-LA-COCINA.webp","datePublished":"2025-04-22T16:54:15+00:00","dateModified":"2026-04-10T15:16:02+00:00","breadcrumb":{"@id":"https:\/\/gatodumas.com.co\/bogota\/producto\/clase-duo-de-sabores\/#breadcrumb"},"inLanguage":"es","potentialAction":[{"@type":"ReadAction","target":["https:\/\/gatodumas.com.co\/bogota\/producto\/clase-duo-de-sabores\/"]}]},{"@type":"ImageObject","inLanguage":"es","@id":"https:\/\/gatodumas.com.co\/bogota\/producto\/clase-duo-de-sabores\/#primaryimage","url":"https:\/\/gatodumas.com.co\/bogota\/wp-content\/uploads\/sites\/2\/2026\/04\/Portada-clase-unica-DUO-DE-SABORES-MAMA-Y-YO-EN-LA-COCINA.webp","contentUrl":"https:\/\/gatodumas.com.co\/bogota\/wp-content\/uploads\/sites\/2\/2026\/04\/Portada-clase-unica-DUO-DE-SABORES-MAMA-Y-YO-EN-LA-COCINA.webp","width":1080,"height":1080},{"@type":"BreadcrumbList","@id":"https:\/\/gatodumas.com.co\/bogota\/producto\/clase-duo-de-sabores\/#breadcrumb","itemListElement":[{"@type":"ListItem","position":1,"name":"Portada","item":"https:\/\/gatodumas.com.co\/bogota\/"},{"@type":"ListItem","position":2,"name":"Tienda","item":"https:\/\/gatodumas.com.co\/bogota\/tienda\/"},{"@type":"ListItem","position":3,"name":"D\u00fao de Sabores: Mam\u00e1 y Yo en la Cocina"}]},{"@type":"WebSite","@id":"https:\/\/gatodumas.com.co\/bogota\/#website","url":"https:\/\/gatodumas.com.co\/bogota\/","name":"Gato Dumas Bogot\u00e1","description":"bogota","publisher":{"@id":"https:\/\/gatodumas.com.co\/bogota\/#organization"},"potentialAction":[{"@type":"SearchAction","target":{"@type":"EntryPoint","urlTemplate":"https:\/\/gatodumas.com.co\/bogota\/?s={search_term_string}"},"query-input":{"@type":"PropertyValueSpecification","valueRequired":true,"valueName":"search_term_string"}}],"inLanguage":"es"},{"@type":"Organization","@id":"https:\/\/gatodumas.com.co\/bogota\/#organization","name":"Gato Dumas Bogot\u00e1","url":"https:\/\/gatodumas.com.co\/bogota\/","logo":{"@type":"ImageObject","inLanguage":"es","@id":"https:\/\/gatodumas.com.co\/bogota\/#\/schema\/logo\/image\/","url":"https:\/\/gatodumas.com.co\/bogota\/wp-content\/uploads\/sites\/2\/2024\/02\/cropped-dumas-negro-01-1.png","contentUrl":"https:\/\/gatodumas.com.co\/bogota\/wp-content\/uploads\/sites\/2\/2024\/02\/cropped-dumas-negro-01-1.png","width":2497,"height":956,"caption":"Gato Dumas Bogot\u00e1"},"image":{"@id":"https:\/\/gatodumas.com.co\/bogota\/#\/schema\/logo\/image\/"}}]}},"_links":{"self":[{"href":"https:\/\/gatodumas.com.co\/bogota\/wp-json\/wp\/v2\/product\/23478","targetHints":{"allow":["GET"]}}],"collection":[{"href":"https:\/\/gatodumas.com.co\/bogota\/wp-json\/wp\/v2\/product"}],"about":[{"href":"https:\/\/gatodumas.com.co\/bogota\/wp-json\/wp\/v2\/types\/product"}],"wp:featuredmedia":[{"embeddable":true,"href":"https:\/\/gatodumas.com.co\/bogota\/wp-json\/wp\/v2\/media\/28179"}],"wp:attachment":[{"href":"https:\/\/gatodumas.com.co\/bogota\/wp-json\/wp\/v2\/media?parent=23478"}],"wp:term":[{"taxonomy":"product_brand","embeddable":true,"href":"https:\/\/gatodumas.com.co\/bogota\/wp-json\/wp\/v2\/product_brand?post=23478"},{"taxonomy":"product_cat","embeddable":true,"href":"https:\/\/gatodumas.com.co\/bogota\/wp-json\/wp\/v2\/product_cat?post=23478"},{"taxonomy":"product_tag","embeddable":true,"href":"https:\/\/gatodumas.com.co\/bogota\/wp-json\/wp\/v2\/product_tag?post=23478"}],"curies":[{"name":"wp","href":"https:\/\/api.w.org\/{rel}","templated":true}]}}