{"id":28592,"date":"2026-05-15T13:36:10","date_gmt":"2026-05-15T18:36:10","guid":{"rendered":"https:\/\/gatodumas.com.co\/bogota\/?post_type=product&#038;p=28592"},"modified":"2026-05-15T13:36:10","modified_gmt":"2026-05-15T18:36:10","slug":"cocina-asiatica-bogota-junio-2026","status":"publish","type":"product","link":"https:\/\/gatodumas.com.co\/bogota\/producto\/cocina-asiatica-bogota-junio-2026\/","title":{"rendered":"Cocina Asi\u00e1tica"},"content":{"rendered":"<p>Un viaje pr\u00e1ctico por las cocinas m\u00e1s fascinantes de Asia. En Instituto Gato Dumas Bogot\u00e1 vas a aprender a manejar los ingredientes, t\u00e9cnicas y m\u00e9todos que definen la cocina asi\u00e1tica, con la gu\u00eda de nuestro chef Ger\u00f3nimo Parra.<\/p>\n<p>&nbsp;<\/p>\n<p>A lo largo de 4 clases vas a explorar woks, salteados, caldos, salsas y preparaciones representativas de distintas regiones. Una experiencia para entender por qu\u00e9 la cocina asi\u00e1tica conquist\u00f3 el mundo y para llev\u00e1rtela a tu cocina de casa.<\/p>\n<p>&nbsp;<\/p>\n<p>Curso de 4 clases presenciales de 2 horas y media, los jueves 11, 18 y 25 de junio y 2 de julio, de 6:30 a 9:00 PM, en nuestra sede de Bogot\u00e1.<\/p>\n<h3>Contenido por clase<\/h3>\n<p><strong>Clase 1<\/strong><\/p>\n<ul>\n<li>Arrollados primavera<\/li>\n<li>Cerdo agridulce con arroz al vapor<\/li>\n<li>Pollo frito al estilo Szechuan<\/li>\n<\/ul>\n<p><strong>Clase 2<\/strong><\/p>\n<ul>\n<li>Sopa vietnamita de mariscos y pescado<\/li>\n<li>Curry de pescado con tallarines de arroz<\/li>\n<li>Crema quemada de mango<\/li>\n<\/ul>\n<p><strong>Clase 3<\/strong><\/p>\n<ul>\n<li>Ramen<\/li>\n<li>Introducci\u00f3n al sushi<\/li>\n<\/ul>\n<p><strong>Clase 4<\/strong><\/p>\n<ul>\n<li>Calamares rellenos (Indonesia)<\/li>\n<li>Curry de cordero con leche de coco<\/li>\n<li>Nasi Goreng<\/li>\n<\/ul>\n","protected":false},"excerpt":{"rendered":"<p>Un viaje pr\u00e1ctico por las cocinas m\u00e1s fascinantes de Asia. En Instituto Gato Dumas Bogot\u00e1 vas a aprender a manejar los ingredientes, t\u00e9cnicas y m\u00e9todos que definen la cocina asi\u00e1tica, con la gu\u00eda de nuestro chef Ger\u00f3nimo Parra. &nbsp; A lo largo de 4 clases vas a explorar woks, salteados, caldos, salsas y preparaciones representativas &#8230; <a title=\"Cocina Asi\u00e1tica\" class=\"read-more\" href=\"https:\/\/gatodumas.com.co\/bogota\/producto\/cocina-asiatica-bogota-junio-2026\/\" aria-label=\"Leer m\u00e1s sobre Cocina Asi\u00e1tica\">Leer m\u00e1s<\/a><\/p>\n","protected":false},"featured_media":28600,"template":"","meta":{"_acf_changed":false},"product_brand":[],"product_cat":[116],"product_tag":[137,139,142,138,141,140],"class_list":{"0":"post-28592","1":"product","2":"type-product","3":"status-publish","4":"has-post-thumbnail","6":"product_cat-cursos-cortos","7":"product_tag-bogota","8":"product_tag-cocina-asiatica","9":"product_tag-curso-corto","10":"product_tag-junio-2026","11":"product_tag-oriente","12":"product_tag-wok","14":"first","15":"instock","16":"shipping-taxable","17":"purchasable","18":"product-type-simple"},"acf":[],"yoast_head":"<!-- This site is optimized with the Yoast SEO plugin v25.9 - https:\/\/yoast.com\/wordpress\/plugins\/seo\/ -->\n<title>Curso Cocina Asi\u00e1tica Bogot\u00e1 - Junio 2026 | Gato Dumas<\/title>\n<meta name=\"description\" content=\"Aprende cocina asi\u00e1tica en 4 clases pr\u00e1cticas. Jueves de junio en Bogot\u00e1. Cupos limitados.\" \/>\n<meta name=\"robots\" content=\"index, follow, max-snippet:-1, max-image-preview:large, max-video-preview:-1\" \/>\n<link rel=\"canonical\" href=\"https:\/\/gatodumas.com.co\/bogota\/producto\/cocina-asiatica-bogota-junio-2026\/\" \/>\n<meta property=\"og:locale\" content=\"es_ES\" \/>\n<meta property=\"og:type\" content=\"article\" \/>\n<meta property=\"og:title\" content=\"Curso Cocina Asi\u00e1tica Bogot\u00e1 - Junio 2026 | Gato Dumas\" \/>\n<meta property=\"og:description\" content=\"Aprende cocina asi\u00e1tica en 4 clases pr\u00e1cticas. Jueves de junio en Bogot\u00e1. Cupos limitados.\" \/>\n<meta property=\"og:url\" content=\"https:\/\/gatodumas.com.co\/bogota\/producto\/cocina-asiatica-bogota-junio-2026\/\" \/>\n<meta property=\"og:site_name\" content=\"Gato Dumas Bogot\u00e1\" \/>\n<meta property=\"og:image\" content=\"https:\/\/gatodumas.com.co\/bogota\/wp-content\/uploads\/sites\/2\/2026\/05\/22.jpg\" \/>\n\t<meta property=\"og:image:width\" content=\"1080\" \/>\n\t<meta property=\"og:image:height\" content=\"1350\" \/>\n\t<meta property=\"og:image:type\" content=\"image\/jpeg\" \/>\n<meta name=\"twitter:card\" content=\"summary_large_image\" \/>\n<meta name=\"twitter:label1\" content=\"Tiempo de lectura\" \/>\n\t<meta name=\"twitter:data1\" content=\"1 minuto\" \/>\n<script type=\"application\/ld+json\" class=\"yoast-schema-graph\">{\"@context\":\"https:\/\/schema.org\",\"@graph\":[{\"@type\":\"WebPage\",\"@id\":\"https:\/\/gatodumas.com.co\/bogota\/producto\/cocina-asiatica-bogota-junio-2026\/\",\"url\":\"https:\/\/gatodumas.com.co\/bogota\/producto\/cocina-asiatica-bogota-junio-2026\/\",\"name\":\"Curso Cocina Asi\u00e1tica Bogot\u00e1 - Junio 2026 | Gato Dumas\",\"isPartOf\":{\"@id\":\"https:\/\/gatodumas.com.co\/bogota\/#website\"},\"primaryImageOfPage\":{\"@id\":\"https:\/\/gatodumas.com.co\/bogota\/producto\/cocina-asiatica-bogota-junio-2026\/#primaryimage\"},\"image\":{\"@id\":\"https:\/\/gatodumas.com.co\/bogota\/producto\/cocina-asiatica-bogota-junio-2026\/#primaryimage\"},\"thumbnailUrl\":\"https:\/\/gatodumas.com.co\/bogota\/wp-content\/uploads\/sites\/2\/2026\/05\/22.jpg\",\"datePublished\":\"2026-05-15T18:36:10+00:00\",\"description\":\"Aprende cocina asi\u00e1tica en 4 clases pr\u00e1cticas. Jueves de junio en Bogot\u00e1. Cupos limitados.\",\"breadcrumb\":{\"@id\":\"https:\/\/gatodumas.com.co\/bogota\/producto\/cocina-asiatica-bogota-junio-2026\/#breadcrumb\"},\"inLanguage\":\"es\",\"potentialAction\":[{\"@type\":\"ReadAction\",\"target\":[\"https:\/\/gatodumas.com.co\/bogota\/producto\/cocina-asiatica-bogota-junio-2026\/\"]}]},{\"@type\":\"ImageObject\",\"inLanguage\":\"es\",\"@id\":\"https:\/\/gatodumas.com.co\/bogota\/producto\/cocina-asiatica-bogota-junio-2026\/#primaryimage\",\"url\":\"https:\/\/gatodumas.com.co\/bogota\/wp-content\/uploads\/sites\/2\/2026\/05\/22.jpg\",\"contentUrl\":\"https:\/\/gatodumas.com.co\/bogota\/wp-content\/uploads\/sites\/2\/2026\/05\/22.jpg\",\"width\":1080,\"height\":1350},{\"@type\":\"BreadcrumbList\",\"@id\":\"https:\/\/gatodumas.com.co\/bogota\/producto\/cocina-asiatica-bogota-junio-2026\/#breadcrumb\",\"itemListElement\":[{\"@type\":\"ListItem\",\"position\":1,\"name\":\"Portada\",\"item\":\"https:\/\/gatodumas.com.co\/bogota\/\"},{\"@type\":\"ListItem\",\"position\":2,\"name\":\"Tienda\",\"item\":\"https:\/\/gatodumas.com.co\/bogota\/tienda\/\"},{\"@type\":\"ListItem\",\"position\":3,\"name\":\"Cocina Asi\u00e1tica\"}]},{\"@type\":\"WebSite\",\"@id\":\"https:\/\/gatodumas.com.co\/bogota\/#website\",\"url\":\"https:\/\/gatodumas.com.co\/bogota\/\",\"name\":\"Gato Dumas Bogot\u00e1\",\"description\":\"bogota\",\"publisher\":{\"@id\":\"https:\/\/gatodumas.com.co\/bogota\/#organization\"},\"potentialAction\":[{\"@type\":\"SearchAction\",\"target\":{\"@type\":\"EntryPoint\",\"urlTemplate\":\"https:\/\/gatodumas.com.co\/bogota\/?s={search_term_string}\"},\"query-input\":{\"@type\":\"PropertyValueSpecification\",\"valueRequired\":true,\"valueName\":\"search_term_string\"}}],\"inLanguage\":\"es\"},{\"@type\":\"Organization\",\"@id\":\"https:\/\/gatodumas.com.co\/bogota\/#organization\",\"name\":\"Gato Dumas Bogot\u00e1\",\"url\":\"https:\/\/gatodumas.com.co\/bogota\/\",\"logo\":{\"@type\":\"ImageObject\",\"inLanguage\":\"es\",\"@id\":\"https:\/\/gatodumas.com.co\/bogota\/#\/schema\/logo\/image\/\",\"url\":\"https:\/\/gatodumas.com.co\/bogota\/wp-content\/uploads\/sites\/2\/2024\/02\/cropped-dumas-negro-01-1.png\",\"contentUrl\":\"https:\/\/gatodumas.com.co\/bogota\/wp-content\/uploads\/sites\/2\/2024\/02\/cropped-dumas-negro-01-1.png\",\"width\":2497,\"height\":956,\"caption\":\"Gato Dumas Bogot\u00e1\"},\"image\":{\"@id\":\"https:\/\/gatodumas.com.co\/bogota\/#\/schema\/logo\/image\/\"}}]}<\/script>\n<!-- \/ Yoast SEO plugin. -->","yoast_head_json":{"title":"Curso Cocina Asi\u00e1tica Bogot\u00e1 - Junio 2026 | Gato Dumas","description":"Aprende cocina asi\u00e1tica en 4 clases pr\u00e1cticas. Jueves de junio en Bogot\u00e1. Cupos limitados.","robots":{"index":"index","follow":"follow","max-snippet":"max-snippet:-1","max-image-preview":"max-image-preview:large","max-video-preview":"max-video-preview:-1"},"canonical":"https:\/\/gatodumas.com.co\/bogota\/producto\/cocina-asiatica-bogota-junio-2026\/","og_locale":"es_ES","og_type":"article","og_title":"Curso Cocina Asi\u00e1tica Bogot\u00e1 - Junio 2026 | Gato Dumas","og_description":"Aprende cocina asi\u00e1tica en 4 clases pr\u00e1cticas. Jueves de junio en Bogot\u00e1. Cupos limitados.","og_url":"https:\/\/gatodumas.com.co\/bogota\/producto\/cocina-asiatica-bogota-junio-2026\/","og_site_name":"Gato Dumas Bogot\u00e1","og_image":[{"width":1080,"height":1350,"url":"https:\/\/gatodumas.com.co\/bogota\/wp-content\/uploads\/sites\/2\/2026\/05\/22.jpg","type":"image\/jpeg"}],"twitter_card":"summary_large_image","twitter_misc":{"Tiempo de lectura":"1 minuto"},"schema":{"@context":"https:\/\/schema.org","@graph":[{"@type":"WebPage","@id":"https:\/\/gatodumas.com.co\/bogota\/producto\/cocina-asiatica-bogota-junio-2026\/","url":"https:\/\/gatodumas.com.co\/bogota\/producto\/cocina-asiatica-bogota-junio-2026\/","name":"Curso Cocina Asi\u00e1tica Bogot\u00e1 - Junio 2026 | Gato Dumas","isPartOf":{"@id":"https:\/\/gatodumas.com.co\/bogota\/#website"},"primaryImageOfPage":{"@id":"https:\/\/gatodumas.com.co\/bogota\/producto\/cocina-asiatica-bogota-junio-2026\/#primaryimage"},"image":{"@id":"https:\/\/gatodumas.com.co\/bogota\/producto\/cocina-asiatica-bogota-junio-2026\/#primaryimage"},"thumbnailUrl":"https:\/\/gatodumas.com.co\/bogota\/wp-content\/uploads\/sites\/2\/2026\/05\/22.jpg","datePublished":"2026-05-15T18:36:10+00:00","description":"Aprende cocina asi\u00e1tica en 4 clases pr\u00e1cticas. Jueves de junio en Bogot\u00e1. Cupos limitados.","breadcrumb":{"@id":"https:\/\/gatodumas.com.co\/bogota\/producto\/cocina-asiatica-bogota-junio-2026\/#breadcrumb"},"inLanguage":"es","potentialAction":[{"@type":"ReadAction","target":["https:\/\/gatodumas.com.co\/bogota\/producto\/cocina-asiatica-bogota-junio-2026\/"]}]},{"@type":"ImageObject","inLanguage":"es","@id":"https:\/\/gatodumas.com.co\/bogota\/producto\/cocina-asiatica-bogota-junio-2026\/#primaryimage","url":"https:\/\/gatodumas.com.co\/bogota\/wp-content\/uploads\/sites\/2\/2026\/05\/22.jpg","contentUrl":"https:\/\/gatodumas.com.co\/bogota\/wp-content\/uploads\/sites\/2\/2026\/05\/22.jpg","width":1080,"height":1350},{"@type":"BreadcrumbList","@id":"https:\/\/gatodumas.com.co\/bogota\/producto\/cocina-asiatica-bogota-junio-2026\/#breadcrumb","itemListElement":[{"@type":"ListItem","position":1,"name":"Portada","item":"https:\/\/gatodumas.com.co\/bogota\/"},{"@type":"ListItem","position":2,"name":"Tienda","item":"https:\/\/gatodumas.com.co\/bogota\/tienda\/"},{"@type":"ListItem","position":3,"name":"Cocina Asi\u00e1tica"}]},{"@type":"WebSite","@id":"https:\/\/gatodumas.com.co\/bogota\/#website","url":"https:\/\/gatodumas.com.co\/bogota\/","name":"Gato Dumas Bogot\u00e1","description":"bogota","publisher":{"@id":"https:\/\/gatodumas.com.co\/bogota\/#organization"},"potentialAction":[{"@type":"SearchAction","target":{"@type":"EntryPoint","urlTemplate":"https:\/\/gatodumas.com.co\/bogota\/?s={search_term_string}"},"query-input":{"@type":"PropertyValueSpecification","valueRequired":true,"valueName":"search_term_string"}}],"inLanguage":"es"},{"@type":"Organization","@id":"https:\/\/gatodumas.com.co\/bogota\/#organization","name":"Gato Dumas Bogot\u00e1","url":"https:\/\/gatodumas.com.co\/bogota\/","logo":{"@type":"ImageObject","inLanguage":"es","@id":"https:\/\/gatodumas.com.co\/bogota\/#\/schema\/logo\/image\/","url":"https:\/\/gatodumas.com.co\/bogota\/wp-content\/uploads\/sites\/2\/2024\/02\/cropped-dumas-negro-01-1.png","contentUrl":"https:\/\/gatodumas.com.co\/bogota\/wp-content\/uploads\/sites\/2\/2024\/02\/cropped-dumas-negro-01-1.png","width":2497,"height":956,"caption":"Gato Dumas Bogot\u00e1"},"image":{"@id":"https:\/\/gatodumas.com.co\/bogota\/#\/schema\/logo\/image\/"}}]}},"_links":{"self":[{"href":"https:\/\/gatodumas.com.co\/bogota\/wp-json\/wp\/v2\/product\/28592","targetHints":{"allow":["GET"]}}],"collection":[{"href":"https:\/\/gatodumas.com.co\/bogota\/wp-json\/wp\/v2\/product"}],"about":[{"href":"https:\/\/gatodumas.com.co\/bogota\/wp-json\/wp\/v2\/types\/product"}],"wp:featuredmedia":[{"embeddable":true,"href":"https:\/\/gatodumas.com.co\/bogota\/wp-json\/wp\/v2\/media\/28600"}],"wp:attachment":[{"href":"https:\/\/gatodumas.com.co\/bogota\/wp-json\/wp\/v2\/media?parent=28592"}],"wp:term":[{"taxonomy":"product_brand","embeddable":true,"href":"https:\/\/gatodumas.com.co\/bogota\/wp-json\/wp\/v2\/product_brand?post=28592"},{"taxonomy":"product_cat","embeddable":true,"href":"https:\/\/gatodumas.com.co\/bogota\/wp-json\/wp\/v2\/product_cat?post=28592"},{"taxonomy":"product_tag","embeddable":true,"href":"https:\/\/gatodumas.com.co\/bogota\/wp-json\/wp\/v2\/product_tag?post=28592"}],"curies":[{"name":"wp","href":"https:\/\/api.w.org\/{rel}","templated":true}]}}