{"id":34,"date":"2024-02-28T22:28:30","date_gmt":"2024-02-28T21:28:30","guid":{"rendered":"https:\/\/pruebas.egt.com.co\/gatodumas\/bogota\/?page_id=34"},"modified":"2024-09-19T23:48:50","modified_gmt":"2024-09-19T21:48:50","slug":"cocina-con-gato","status":"publish","type":"page","link":"https:\/\/gatodumas.com.co\/bucaramanga\/cocina-con-gato\/","title":{"rendered":"Cocina con Gato"},"content":{"rendered":"<div class=\"wpb-content-wrapper\"><p>[vc_row][vc_column]\n\t\t\t\t\t<div class=\"list_pt_cocina_con_gato\">\n\t\t\t\t \t\t<div class=\"player-list\">\n\t\t\t\t\t\t\t<ul>\n\t\t\t\t\t\t\t\t\t\t<li tabindex=\"1\"  class=\"open\" >\n\t\t\t\t\t\t\t\t\t\t\t<a href=\"#JRYV-kO3x88\" class=\"video-prev\" data-ytburl=\"JRYV-kO3x88\">\n\t\t\t\t\t\t\t\t\t\t\t\t<div class=\"video-min\">\n\t\t\t\t\t\t\t\t\t\t\t\t\t<img decoding=\"async\" src=\"https:\/\/img.youtube.com\/vi\/JRYV-kO3x88\/hqdefault.jpg\">\t\t\t\t\t\t\t\t\t\t\t\t\n\t\t\t\t\t\t\t\t\t\t\t\t<\/div>\n\t\t\t\t\t\t\t\t\t\t\t\t<div class=\"video-desc\">\n\t\t\t\t\t\t\t\t\t\t\t\t\t<h5>MOTE DE QUESO<\/h5>\n\t\t\t\t\t\t\t\t\t\t\t\t\t<p >La receta de hoy est\u00e1 a cargo de nuestra Docente de Cocina \u00a1Mote de Queso! Hoy te ense\u00f1amos a preparar esta deliciosa receta.<\/p>\n\t\t\t\t\t\t\t\t\t\t\t\t<\/div>\n\t\t\t\t\t\t\t\t\t\t\t<\/a>\n\t\t\t\t\t\t\t\t\t\t<\/li>\n\t\t\t\t\t\t\t\t\t\t<li tabindex=\"1\" >\n\t\t\t\t\t\t\t\t\t\t\t<a href=\"#RmEENAiRHo4\" class=\"video-prev\" data-ytburl=\"RmEENAiRHo4\">\n\t\t\t\t\t\t\t\t\t\t\t\t<div class=\"video-min\">\n\t\t\t\t\t\t\t\t\t\t\t\t\t<img decoding=\"async\" src=\"https:\/\/img.youtube.com\/vi\/RmEENAiRHo4\/hqdefault.jpg\">\t\t\t\t\t\t\t\t\t\t\t\t\n\t\t\t\t\t\t\t\t\t\t\t\t<\/div>\n\t\t\t\t\t\t\t\t\t\t\t\t<div class=\"video-desc\">\n\t\t\t\t\t\t\t\t\t\t\t\t\t<h5>RISOTTO<\/h5>\n\t\t\t\t\t\t\t\t\t\t\t\t\t<p >La receta de hoy est\u00e1 a cargo de nuestro Chef Hugo Fajardo\u00a0\u00a1Risotto! \u00a0Hoy te ense\u00f1amos a preparar esta tradicional preparaci\u00f3n de la cocina Italiana<\/p>\n\t\t\t\t\t\t\t\t\t\t\t\t<\/div>\n\t\t\t\t\t\t\t\t\t\t\t<\/a>\n\t\t\t\t\t\t\t\t\t\t<\/li>\n\t\t\t\t\t\t\t\t\t\t<li tabindex=\"1\" >\n\t\t\t\t\t\t\t\t\t\t\t<a href=\"#kdcegrKq_Es\" class=\"video-prev\" data-ytburl=\"kdcegrKq_Es\">\n\t\t\t\t\t\t\t\t\t\t\t\t<div class=\"video-min\">\n\t\t\t\t\t\t\t\t\t\t\t\t\t<img decoding=\"async\" src=\"https:\/\/img.youtube.com\/vi\/kdcegrKq_Es\/hqdefault.jpg\">\t\t\t\t\t\t\t\t\t\t\t\t\n\t\t\t\t\t\t\t\t\t\t\t\t<\/div>\n\t\t\t\t\t\t\t\t\t\t\t\t<div class=\"video-desc\">\n\t\t\t\t\t\t\t\t\t\t\t\t\t<h5>TARTALETA<\/h5>\n\t\t\t\t\t\t\t\t\t\t\t\t\t<p >La receta de hoy est\u00e1 a cargo de nuestra Docente de pasteler\u00eda \u00a0\u00a1Tartaleta! \u00a0Hoy te ense\u00f1amos a preparar esta deliciosa preparaci\u00f3n<\/p>\n\t\t\t\t\t\t\t\t\t\t\t\t<\/div>\n\t\t\t\t\t\t\t\t\t\t\t<\/a>\n\t\t\t\t\t\t\t\t\t\t<\/li>\n\t\t\t\t\t\t\t\t\t\t<li tabindex=\"1\" >\n\t\t\t\t\t\t\t\t\t\t\t<a href=\"#Oc0vkyYKGms\" class=\"video-prev\" data-ytburl=\"Oc0vkyYKGms\">\n\t\t\t\t\t\t\t\t\t\t\t\t<div class=\"video-min\">\n\t\t\t\t\t\t\t\t\t\t\t\t\t<img decoding=\"async\" src=\"https:\/\/img.youtube.com\/vi\/Oc0vkyYKGms\/hqdefault.jpg\">\t\t\t\t\t\t\t\t\t\t\t\t\n\t\t\t\t\t\t\t\t\t\t\t\t<\/div>\n\t\t\t\t\t\t\t\t\t\t\t\t<div class=\"video-desc\">\n\t\t\t\t\t\t\t\t\t\t\t\t\t<h5>CHURROS<\/h5>\n\t\t\t\t\t\t\t\t\t\t\t\t\t<p >La receta de hoy est\u00e1 a cargo de nuestro Chef Juli\u00e1n Higuera @123porjulian\u00a0 \u00a0\u00a1Churros con chocolate!<\/p>\n\t\t\t\t\t\t\t\t\t\t\t\t<\/div>\n\t\t\t\t\t\t\t\t\t\t\t<\/a>\n\t\t\t\t\t\t\t\t\t\t<\/li>\n\t\t\t\t\t\t\t\t\t\t<li tabindex=\"1\" >\n\t\t\t\t\t\t\t\t\t\t\t<a href=\"#rbl4R1a0J44\" class=\"video-prev\" data-ytburl=\"rbl4R1a0J44\">\n\t\t\t\t\t\t\t\t\t\t\t\t<div class=\"video-min\">\n\t\t\t\t\t\t\t\t\t\t\t\t\t<img decoding=\"async\" src=\"https:\/\/img.youtube.com\/vi\/rbl4R1a0J44\/hqdefault.jpg\">\t\t\t\t\t\t\t\t\t\t\t\t\n\t\t\t\t\t\t\t\t\t\t\t\t<\/div>\n\t\t\t\t\t\t\t\t\t\t\t\t<div class=\"video-desc\">\n\t\t\t\t\t\t\t\t\t\t\t\t\t<h5>PAD THAI KUNG<\/h5>\n\t\t\t\t\t\t\t\t\t\t\t\t\t<p >La receta de hoy est\u00e1 a cargo de nuestro Chef \u00a0Sergio Ram\u00edrez @sergioandresram \u00a1Pad Thai Kung! Fideos de arroz, camar\u00f3n y pollo.<\/p>\n\t\t\t\t\t\t\t\t\t\t\t\t<\/div>\n\t\t\t\t\t\t\t\t\t\t\t<\/a>\n\t\t\t\t\t\t\t\t\t\t<\/li>\n\t\t\t\t\t\t\t\t\t\t<li tabindex=\"1\" >\n\t\t\t\t\t\t\t\t\t\t\t<a href=\"#34dRQZxZGaM\" class=\"video-prev\" data-ytburl=\"34dRQZxZGaM\">\n\t\t\t\t\t\t\t\t\t\t\t\t<div class=\"video-min\">\n\t\t\t\t\t\t\t\t\t\t\t\t\t<img decoding=\"async\" src=\"https:\/\/img.youtube.com\/vi\/34dRQZxZGaM\/hqdefault.jpg\">\t\t\t\t\t\t\t\t\t\t\t\t\n\t\t\t\t\t\t\t\t\t\t\t\t<\/div>\n\t\t\t\t\t\t\t\t\t\t\t\t<div class=\"video-desc\">\n\t\t\t\t\t\t\t\t\t\t\t\t\t<h5>FETUCCINI<\/h5>\n\t\t\t\t\t\t\t\t\t\t\t\t\t<p >Hoy inauguramos esta nueva secci\u00f3n de recetas deliciosas al estilo Gato Dumas. \u00a1Fetuccini con salsa de mariscos y salm\u00f3n a la parrilla!<\/p>\n\t\t\t\t\t\t\t\t\t\t\t\t<\/div>\n\t\t\t\t\t\t\t\t\t\t\t<\/a>\n\t\t\t\t\t\t\t\t\t\t<\/li>\n\t\t\t\t\t\t\t\t\t\t<li tabindex=\"1\" >\n\t\t\t\t\t\t\t\t\t\t\t<a href=\"#QTbVZ-UMF2g\" class=\"video-prev\" data-ytburl=\"QTbVZ-UMF2g\">\n\t\t\t\t\t\t\t\t\t\t\t\t<div class=\"video-min\">\n\t\t\t\t\t\t\t\t\t\t\t\t\t<img decoding=\"async\" src=\"https:\/\/img.youtube.com\/vi\/QTbVZ-UMF2g\/hqdefault.jpg\">\t\t\t\t\t\t\t\t\t\t\t\t\n\t\t\t\t\t\t\t\t\t\t\t\t<\/div>\n\t\t\t\t\t\t\t\t\t\t\t\t<div class=\"video-desc\">\n\t\t\t\t\t\t\t\t\t\t\t\t\t<h5>MOUSSE DE CHOCOLATE\u00a0<\/h5>\n\t\t\t\t\t\t\t\t\t\t\t\t\t<p >COCINA CON GATO La receta de hoy est\u00e1 a cargo de nuestro Chef Camilo Pardo \u00a1Mousse de chocolate!\u00a0\u00a1Intenta esta deliciosa receta en casa!\u00a0<\/p>\n\t\t\t\t\t\t\t\t\t\t\t\t<\/div>\n\t\t\t\t\t\t\t\t\t\t\t<\/a>\n\t\t\t\t\t\t\t\t\t\t<\/li>\n\t\t\t\t\t\t\t\t\t\t<li tabindex=\"1\" >\n\t\t\t\t\t\t\t\t\t\t\t<a href=\"#Nt7E0DXHZlg\" class=\"video-prev\" data-ytburl=\"Nt7E0DXHZlg\">\n\t\t\t\t\t\t\t\t\t\t\t\t<div class=\"video-min\">\n\t\t\t\t\t\t\t\t\t\t\t\t\t<img decoding=\"async\" src=\"https:\/\/img.youtube.com\/vi\/Nt7E0DXHZlg\/hqdefault.jpg\">\t\t\t\t\t\t\t\t\t\t\t\t\n\t\t\t\t\t\t\t\t\t\t\t\t<\/div>\n\t\t\t\t\t\t\t\t\t\t\t\t<div class=\"video-desc\">\n\t\t\t\t\t\t\t\t\t\t\t\t\t<h5>\u00a1NAAN!<\/h5>\n\t\t\t\t\t\t\t\t\t\t\t\t\t<p >\u00a1NAAN! La receta de hoy est\u00e1 a cargo de nuestro Chef\u00a0Juli\u00e1n Higuera \u00a0Sigue el paso a paso y descubre el secreto del \u00e9xito.<\/p>\n\t\t\t\t\t\t\t\t\t\t\t\t<\/div>\n\t\t\t\t\t\t\t\t\t\t\t<\/a>\n\t\t\t\t\t\t\t\t\t\t<\/li>\n\t\t\t\t\t\t\t\t\t\t<li tabindex=\"1\" >\n\t\t\t\t\t\t\t\t\t\t\t<a href=\"#_hMubgSGlPk\" class=\"video-prev\" data-ytburl=\"_hMubgSGlPk\">\n\t\t\t\t\t\t\t\t\t\t\t\t<div class=\"video-min\">\n\t\t\t\t\t\t\t\t\t\t\t\t\t<img decoding=\"async\" src=\"https:\/\/img.youtube.com\/vi\/_hMubgSGlPk\/hqdefault.jpg\">\t\t\t\t\t\t\t\t\t\t\t\t\n\t\t\t\t\t\t\t\t\t\t\t\t<\/div>\n\t\t\t\t\t\t\t\t\t\t\t\t<div class=\"video-desc\">\n\t\t\t\t\t\t\t\t\t\t\t\t\t<h5>Bizcochuelo de naranja!<\/h5>\n\t\t\t\t\t\t\t\t\t\t\t\t\t<p >\u00a1Bizcochuelo de naranja! Hoy te ense\u00f1amos a preparar esta exquisita preparaci\u00f3n pastelera.\u00a0Sigue el paso a paso y descubre el secreto del \u00e9xito.<\/p>\n\t\t\t\t\t\t\t\t\t\t\t\t<\/div>\n\t\t\t\t\t\t\t\t\t\t\t<\/a>\n\t\t\t\t\t\t\t\t\t\t<\/li>\n\t\t\t\t\t\t\t\t\t\t<li tabindex=\"1\" >\n\t\t\t\t\t\t\t\t\t\t\t<a href=\"#fjDKC1tA-RM\" class=\"video-prev\" data-ytburl=\"fjDKC1tA-RM\">\n\t\t\t\t\t\t\t\t\t\t\t\t<div class=\"video-min\">\n\t\t\t\t\t\t\t\t\t\t\t\t\t<img decoding=\"async\" src=\"https:\/\/img.youtube.com\/vi\/fjDKC1tA-RM\/hqdefault.jpg\">\t\t\t\t\t\t\t\t\t\t\t\t\n\t\t\t\t\t\t\t\t\t\t\t\t<\/div>\n\t\t\t\t\t\t\t\t\t\t\t\t<div class=\"video-desc\">\n\t\t\t\t\t\t\t\t\t\t\t\t\t<h5>\u00a1MOUSSE FR\u00cdA DE QUESO TIPO CHEESECAKEi!<\/h5>\n\t\t\t\t\t\t\t\t\t\t\t\t\t<p >Hoy te ense\u00f1amos a preparar esta exquisita preparaci\u00f3n de la gastronom\u00eda Sigue el paso a paso y consulta en nuestra p\u00e1gina web toda la preparaci\u00f3n, descubre el secreto del \u00e9xito.<\/p>\n\t\t\t\t\t\t\t\t\t\t\t\t<\/div>\n\t\t\t\t\t\t\t\t\t\t\t<\/a>\n\t\t\t\t\t\t\t\t\t\t<\/li>\n\t\t\t\t\t\t\t\t\t\t<li tabindex=\"1\" >\n\t\t\t\t\t\t\t\t\t\t\t<a href=\"#-fArK2inPcY\" class=\"video-prev\" data-ytburl=\"-fArK2inPcY\">\n\t\t\t\t\t\t\t\t\t\t\t\t<div class=\"video-min\">\n\t\t\t\t\t\t\t\t\t\t\t\t\t<img decoding=\"async\" src=\"https:\/\/img.youtube.com\/vi\/-fArK2inPcY\/hqdefault.jpg\">\t\t\t\t\t\t\t\t\t\t\t\t\n\t\t\t\t\t\t\t\t\t\t\t\t<\/div>\n\t\t\t\t\t\t\t\t\t\t\t\t<div class=\"video-desc\">\n\t\t\t\t\t\t\t\t\t\t\t\t\t<h5>\u00a1CINNAMON ROLLS!<\/h5>\n\t\t\t\t\t\t\t\t\t\t\t\t\t<p >\u00a1CINNAMON ROLLS! Hoy te ense\u00f1amos a preparar esta exquisita preparaci\u00f3n de \u00a1CINNAMON ROLLS! Sigue el paso a paso y descubre el secreto del \u00e9xito.<\/p>\n\t\t\t\t\t\t\t\t\t\t\t\t<\/div>\n\t\t\t\t\t\t\t\t\t\t\t<\/a>\n\t\t\t\t\t\t\t\t\t\t<\/li>\n\t\t\t\t\t\t\t\t\t\t<li tabindex=\"1\" >\n\t\t\t\t\t\t\t\t\t\t\t<a href=\"#6Fw8wPl4SGs\" class=\"video-prev\" data-ytburl=\"6Fw8wPl4SGs\">\n\t\t\t\t\t\t\t\t\t\t\t\t<div class=\"video-min\">\n\t\t\t\t\t\t\t\t\t\t\t\t\t<img decoding=\"async\" src=\"https:\/\/img.youtube.com\/vi\/6Fw8wPl4SGs\/hqdefault.jpg\">\t\t\t\t\t\t\t\t\t\t\t\t\n\t\t\t\t\t\t\t\t\t\t\t\t<\/div>\n\t\t\t\t\t\t\t\t\t\t\t\t<div class=\"video-desc\">\n\t\t\t\t\t\t\t\t\t\t\t\t\t<h5>\u00a1BARRITAS DE CEREAL!<\/h5>\n\t\t\t\t\t\t\t\t\t\t\t\t\t<p >Hoy te ense\u00f1amos a preparar esta exquisita preparaci\u00f3n de la gastronom\u00eda Sigue el paso a paso y consulta en nuestra p\u00e1gina web toda la preparaci\u00f3n, descubre el secreto del \u00e9xito.<\/p>\n\t\t\t\t\t\t\t\t\t\t\t\t<\/div>\n\t\t\t\t\t\t\t\t\t\t\t<\/a>\n\t\t\t\t\t\t\t\t\t\t<\/li>\n\t\t\t\t\t\t\t\t\t\t<li tabindex=\"1\" >\n\t\t\t\t\t\t\t\t\t\t\t<a href=\"#dt0cvzR0eeA\" class=\"video-prev\" data-ytburl=\"dt0cvzR0eeA\">\n\t\t\t\t\t\t\t\t\t\t\t\t<div class=\"video-min\">\n\t\t\t\t\t\t\t\t\t\t\t\t\t<img decoding=\"async\" src=\"https:\/\/img.youtube.com\/vi\/dt0cvzR0eeA\/hqdefault.jpg\">\t\t\t\t\t\t\t\t\t\t\t\t\n\t\t\t\t\t\t\t\t\t\t\t\t<\/div>\n\t\t\t\t\t\t\t\t\t\t\t\t<div class=\"video-desc\">\n\t\t\t\t\t\t\t\t\t\t\t\t\t<h5>\u00a1MATAMBRE A LA PIZZA CON PAPAS EN CASCO!<\/h5>\n\t\t\t\t\t\t\t\t\t\t\t\t\t<p >\u00a1MATAMBRE A LA PIZZA!\ud83e\udd24 Hoy te ense\u00f1amos a preparar esta exquisita preparaci\u00f3n!\ud83e\udd24.\ud83d\udd1d Sigue el paso a paso y descubre el secreto del \u00e9xito.<\/p>\n\t\t\t\t\t\t\t\t\t\t\t\t<\/div>\n\t\t\t\t\t\t\t\t\t\t\t<\/a>\n\t\t\t\t\t\t\t\t\t\t<\/li>\n\t\t\t\t\t\t\t\t\t\t<li tabindex=\"1\" >\n\t\t\t\t\t\t\t\t\t\t\t<a href=\"#sSnZweNC6MY\" class=\"video-prev\" data-ytburl=\"sSnZweNC6MY\">\n\t\t\t\t\t\t\t\t\t\t\t\t<div class=\"video-min\">\n\t\t\t\t\t\t\t\t\t\t\t\t\t<img decoding=\"async\" src=\"https:\/\/img.youtube.com\/vi\/sSnZweNC6MY\/hqdefault.jpg\">\t\t\t\t\t\t\t\t\t\t\t\t\n\t\t\t\t\t\t\t\t\t\t\t\t<\/div>\n\t\t\t\t\t\t\t\t\t\t\t\t<div class=\"video-desc\">\n\t\t\t\t\t\t\t\t\t\t\t\t\t<h5>\u00a1ENSALADA TAILANDESA DE POMELO!<\/h5>\n\t\t\t\t\t\t\t\t\t\t\t\t\t<p >Hoy te ense\u00f1amos a preparar esta exquisita preparaci\u00f3n de la gastronom\u00eda Sigue el paso a paso y consulta en nuestra p\u00e1gina web toda la preparaci\u00f3n, descubre el secreto del \u00e9xito.<\/p>\n\t\t\t\t\t\t\t\t\t\t\t\t<\/div>\n\t\t\t\t\t\t\t\t\t\t\t<\/a>\n\t\t\t\t\t\t\t\t\t\t<\/li>\n\t\t\t\t\t\t\t\t\t\t<li tabindex=\"1\" >\n\t\t\t\t\t\t\t\t\t\t\t<a href=\"#l7AeR25-Z5k\" class=\"video-prev\" data-ytburl=\"l7AeR25-Z5k\">\n\t\t\t\t\t\t\t\t\t\t\t\t<div class=\"video-min\">\n\t\t\t\t\t\t\t\t\t\t\t\t\t<img decoding=\"async\" src=\"https:\/\/img.youtube.com\/vi\/l7AeR25-Z5k\/hqdefault.jpg\">\t\t\t\t\t\t\t\t\t\t\t\t\n\t\t\t\t\t\t\t\t\t\t\t\t<\/div>\n\t\t\t\t\t\t\t\t\t\t\t\t<div class=\"video-desc\">\n\t\t\t\t\t\t\t\t\t\t\t\t\t<h5>\u00a1RAMEN!<\/h5>\n\t\t\t\t\t\t\t\t\t\t\t\t\t<p >La receta de hoy est\u00e1 a cargo de nuestra Chef Elizabeth Franco \u00a1Ramen! Sigue el paso a paso y descubre el secreto del \u00e9xito.<\/p>\n\t\t\t\t\t\t\t\t\t\t\t\t<\/div>\n\t\t\t\t\t\t\t\t\t\t\t<\/a>\n\t\t\t\t\t\t\t\t\t\t<\/li>\n\t\t\t\t\t\t\t\t\t\t<li tabindex=\"1\" >\n\t\t\t\t\t\t\t\t\t\t\t<a href=\"#4TfgasKehRE\" class=\"video-prev\" data-ytburl=\"4TfgasKehRE\">\n\t\t\t\t\t\t\t\t\t\t\t\t<div class=\"video-min\">\n\t\t\t\t\t\t\t\t\t\t\t\t\t<img decoding=\"async\" src=\"https:\/\/img.youtube.com\/vi\/4TfgasKehRE\/hqdefault.jpg\">\t\t\t\t\t\t\t\t\t\t\t\t\n\t\t\t\t\t\t\t\t\t\t\t\t<\/div>\n\t\t\t\t\t\t\t\t\t\t\t\t<div class=\"video-desc\">\n\t\t\t\t\t\t\t\t\t\t\t\t\t<h5>BONDIOLA DE CERDO<\/h5>\n\t\t\t\t\t\t\t\t\t\t\t\t\t<p >Aprende a preparar esta deliciosa Bondiola de Cerdo con nuestra chef y profesora Nancy Tobares\u00a0Sigue el paso a paso y consulta en nuestra p\u00e1gina web toda la preparaci\u00f3n, descubre el secreto del \u00e9xito.<\/p>\n\t\t\t\t\t\t\t\t\t\t\t\t<\/div>\n\t\t\t\t\t\t\t\t\t\t\t<\/a>\n\t\t\t\t\t\t\t\t\t\t<\/li>\n\t\t\t\t\t\t\t\t\t\t<li tabindex=\"1\" >\n\t\t\t\t\t\t\t\t\t\t\t<a href=\"#7BjgKs6glVQ\" class=\"video-prev\" data-ytburl=\"7BjgKs6glVQ\">\n\t\t\t\t\t\t\t\t\t\t\t\t<div class=\"video-min\">\n\t\t\t\t\t\t\t\t\t\t\t\t\t<img decoding=\"async\" src=\"https:\/\/img.youtube.com\/vi\/7BjgKs6glVQ\/hqdefault.jpg\">\t\t\t\t\t\t\t\t\t\t\t\t\n\t\t\t\t\t\t\t\t\t\t\t\t<\/div>\n\t\t\t\t\t\t\t\t\t\t\t\t<div class=\"video-desc\">\n\t\t\t\t\t\t\t\t\t\t\t\t\t<h5>\u00a1PIZZA!<\/h5>\n\t\t\t\t\t\t\t\t\t\t\t\t\t<p >\u00a1PIZZA!\ud83e\udd24 Hoy te ense\u00f1amos a preparar esta exquisita preparaci\u00f3n!\ud83e\udd24.\ud83d\udd1d Sigue el paso a paso y descubre el secreto del \u00e9xito.<\/p>\n\t\t\t\t\t\t\t\t\t\t\t\t<\/div>\n\t\t\t\t\t\t\t\t\t\t\t<\/a>\n\t\t\t\t\t\t\t\t\t\t<\/li>\n\t\t\t\t\t\t\t\t\t\t<li tabindex=\"1\" >\n\t\t\t\t\t\t\t\t\t\t\t<a href=\"#Nt7E0DXHZlg\" class=\"video-prev\" data-ytburl=\"Nt7E0DXHZlg\">\n\t\t\t\t\t\t\t\t\t\t\t\t<div class=\"video-min\">\n\t\t\t\t\t\t\t\t\t\t\t\t\t<img decoding=\"async\" src=\"https:\/\/img.youtube.com\/vi\/Nt7E0DXHZlg\/hqdefault.jpg\">\t\t\t\t\t\t\t\t\t\t\t\t\n\t\t\t\t\t\t\t\t\t\t\t\t<\/div>\n\t\t\t\t\t\t\t\t\t\t\t\t<div class=\"video-desc\">\n\t\t\t\t\t\t\t\t\t\t\t\t\t<h5>\u00a1At\u00fan con salsa Teriyaki!<\/h5>\n\t\t\t\t\t\t\t\t\t\t\t\t\t<p >\u00a1At\u00fan con salsa Teriyaki! Hoy te ense\u00f1amos a preparar esta exquisita preparaci\u00f3n de la gastronom\u00eda oriental. Sigue el paso a paso y descubre el secreto del \u00e9xito.<\/p>\n\t\t\t\t\t\t\t\t\t\t\t\t<\/div>\n\t\t\t\t\t\t\t\t\t\t\t<\/a>\n\t\t\t\t\t\t\t\t\t\t<\/li>\n\t\t\t\t\t\t\t\t\t\t<li tabindex=\"1\" >\n\t\t\t\t\t\t\t\t\t\t\t<a href=\"#q-b5QMl5mbc\" class=\"video-prev\" data-ytburl=\"q-b5QMl5mbc\">\n\t\t\t\t\t\t\t\t\t\t\t\t<div class=\"video-min\">\n\t\t\t\t\t\t\t\t\t\t\t\t\t<img decoding=\"async\" src=\"https:\/\/img.youtube.com\/vi\/q-b5QMl5mbc\/hqdefault.jpg\">\t\t\t\t\t\t\t\t\t\t\t\t\n\t\t\t\t\t\t\t\t\t\t\t\t<\/div>\n\t\t\t\t\t\t\t\t\t\t\t\t<div class=\"video-desc\">\n\t\t\t\t\t\t\t\t\t\t\t\t\t<h5>\u00a1Milanesa napolitana con papas fritas!<\/h5>\n\t\t\t\t\t\t\t\t\t\t\t\t\t<p >Hoy te ense\u00f1amos a preparar esta exquisita preparaci\u00f3n de la gastronom\u00eda italiana adaptada a la gastronom\u00eda argentina.<\/p>\n\t\t\t\t\t\t\t\t\t\t\t\t<\/div>\n\t\t\t\t\t\t\t\t\t\t\t<\/a>\n\t\t\t\t\t\t\t\t\t\t<\/li>\n\t\t\t\t\t\t\t<\/ul>\n\t\t\t\t\t\t<\/div>\n\t\t\t\t\t\t<div class=\"video-player\">\n\t\t\t\t\t\t\t<div class=\"video-full videoWrapper\"><\/div>\n\t\t\t\t\t\t<\/div>\n\t\t\t\t\t<\/div>[\/vc_column][\/vc_row]<\/p>\n<\/div>","protected":false},"excerpt":{"rendered":"<p>[vc_row][vc_column][\/vc_column][\/vc_row]<\/p>\n","protected":false},"author":2,"featured_media":0,"parent":0,"menu_order":0,"comment_status":"closed","ping_status":"closed","template":"","meta":{"_acf_changed":false,"footnotes":""},"class_list":["post-34","page","type-page","status-publish","hentry"],"acf":[],"yoast_head":"<!-- This site is optimized with the Yoast SEO plugin v25.9 - https:\/\/yoast.com\/wordpress\/plugins\/seo\/ -->\n<title>Cocina con Gato - Gato Dumas Bucaramanga<\/title>\n<meta name=\"robots\" content=\"index, follow, max-snippet:-1, max-image-preview:large, max-video-preview:-1\" \/>\n<link rel=\"canonical\" href=\"https:\/\/gatodumas.com.co\/bucaramanga\/cocina-con-gato\/\" \/>\n<meta property=\"og:locale\" content=\"es_ES\" \/>\n<meta property=\"og:type\" content=\"article\" \/>\n<meta property=\"og:title\" content=\"Cocina con Gato - Gato Dumas Bucaramanga\" \/>\n<meta property=\"og:description\" content=\"[vc_row][vc_column][\/vc_column][\/vc_row]\" \/>\n<meta property=\"og:url\" content=\"https:\/\/gatodumas.com.co\/bucaramanga\/cocina-con-gato\/\" \/>\n<meta property=\"og:site_name\" content=\"Gato Dumas Bucaramanga\" \/>\n<meta property=\"article:modified_time\" content=\"2024-09-19T21:48:50+00:00\" \/>\n<meta name=\"twitter:card\" content=\"summary_large_image\" \/>\n<script type=\"application\/ld+json\" class=\"yoast-schema-graph\">{\"@context\":\"https:\/\/schema.org\",\"@graph\":[{\"@type\":\"WebPage\",\"@id\":\"https:\/\/gatodumas.com.co\/bucaramanga\/cocina-con-gato\/\",\"url\":\"https:\/\/gatodumas.com.co\/bucaramanga\/cocina-con-gato\/\",\"name\":\"Cocina con Gato - Gato Dumas Bucaramanga\",\"isPartOf\":{\"@id\":\"https:\/\/gatodumas.com.co\/bucaramanga\/#website\"},\"datePublished\":\"2024-02-28T21:28:30+00:00\",\"dateModified\":\"2024-09-19T21:48:50+00:00\",\"breadcrumb\":{\"@id\":\"https:\/\/gatodumas.com.co\/bucaramanga\/cocina-con-gato\/#breadcrumb\"},\"inLanguage\":\"es\",\"potentialAction\":[{\"@type\":\"ReadAction\",\"target\":[\"https:\/\/gatodumas.com.co\/bucaramanga\/cocina-con-gato\/\"]}]},{\"@type\":\"BreadcrumbList\",\"@id\":\"https:\/\/gatodumas.com.co\/bucaramanga\/cocina-con-gato\/#breadcrumb\",\"itemListElement\":[{\"@type\":\"ListItem\",\"position\":1,\"name\":\"Portada\",\"item\":\"https:\/\/gatodumas.com.co\/bucaramanga\/\"},{\"@type\":\"ListItem\",\"position\":2,\"name\":\"Cocina con Gato\"}]},{\"@type\":\"WebSite\",\"@id\":\"https:\/\/gatodumas.com.co\/bucaramanga\/#website\",\"url\":\"https:\/\/gatodumas.com.co\/bucaramanga\/\",\"name\":\"Gato Dumas Bucaramanga\",\"description\":\"\",\"publisher\":{\"@id\":\"https:\/\/gatodumas.com.co\/bucaramanga\/#organization\"},\"potentialAction\":[{\"@type\":\"SearchAction\",\"target\":{\"@type\":\"EntryPoint\",\"urlTemplate\":\"https:\/\/gatodumas.com.co\/bucaramanga\/?s={search_term_string}\"},\"query-input\":{\"@type\":\"PropertyValueSpecification\",\"valueRequired\":true,\"valueName\":\"search_term_string\"}}],\"inLanguage\":\"es\"},{\"@type\":\"Organization\",\"@id\":\"https:\/\/gatodumas.com.co\/bucaramanga\/#organization\",\"name\":\"Gato Dumas Bucaramanga\",\"url\":\"https:\/\/gatodumas.com.co\/bucaramanga\/\",\"logo\":{\"@type\":\"ImageObject\",\"inLanguage\":\"es\",\"@id\":\"https:\/\/gatodumas.com.co\/bucaramanga\/#\/schema\/logo\/image\/\",\"url\":\"https:\/\/gatodumas.com.co\/bucaramanga\/wp-content\/uploads\/sites\/4\/2024\/04\/cropped-dumas-negro-01-1.png\",\"contentUrl\":\"https:\/\/gatodumas.com.co\/bucaramanga\/wp-content\/uploads\/sites\/4\/2024\/04\/cropped-dumas-negro-01-1.png\",\"width\":2496,\"height\":844,\"caption\":\"Gato Dumas Bucaramanga\"},\"image\":{\"@id\":\"https:\/\/gatodumas.com.co\/bucaramanga\/#\/schema\/logo\/image\/\"}}]}<\/script>\n<!-- \/ Yoast SEO plugin. -->","yoast_head_json":{"title":"Cocina con Gato - Gato Dumas Bucaramanga","robots":{"index":"index","follow":"follow","max-snippet":"max-snippet:-1","max-image-preview":"max-image-preview:large","max-video-preview":"max-video-preview:-1"},"canonical":"https:\/\/gatodumas.com.co\/bucaramanga\/cocina-con-gato\/","og_locale":"es_ES","og_type":"article","og_title":"Cocina con Gato - Gato Dumas Bucaramanga","og_description":"[vc_row][vc_column][\/vc_column][\/vc_row]","og_url":"https:\/\/gatodumas.com.co\/bucaramanga\/cocina-con-gato\/","og_site_name":"Gato Dumas Bucaramanga","article_modified_time":"2024-09-19T21:48:50+00:00","twitter_card":"summary_large_image","schema":{"@context":"https:\/\/schema.org","@graph":[{"@type":"WebPage","@id":"https:\/\/gatodumas.com.co\/bucaramanga\/cocina-con-gato\/","url":"https:\/\/gatodumas.com.co\/bucaramanga\/cocina-con-gato\/","name":"Cocina con Gato - Gato Dumas Bucaramanga","isPartOf":{"@id":"https:\/\/gatodumas.com.co\/bucaramanga\/#website"},"datePublished":"2024-02-28T21:28:30+00:00","dateModified":"2024-09-19T21:48:50+00:00","breadcrumb":{"@id":"https:\/\/gatodumas.com.co\/bucaramanga\/cocina-con-gato\/#breadcrumb"},"inLanguage":"es","potentialAction":[{"@type":"ReadAction","target":["https:\/\/gatodumas.com.co\/bucaramanga\/cocina-con-gato\/"]}]},{"@type":"BreadcrumbList","@id":"https:\/\/gatodumas.com.co\/bucaramanga\/cocina-con-gato\/#breadcrumb","itemListElement":[{"@type":"ListItem","position":1,"name":"Portada","item":"https:\/\/gatodumas.com.co\/bucaramanga\/"},{"@type":"ListItem","position":2,"name":"Cocina con Gato"}]},{"@type":"WebSite","@id":"https:\/\/gatodumas.com.co\/bucaramanga\/#website","url":"https:\/\/gatodumas.com.co\/bucaramanga\/","name":"Gato Dumas Bucaramanga","description":"","publisher":{"@id":"https:\/\/gatodumas.com.co\/bucaramanga\/#organization"},"potentialAction":[{"@type":"SearchAction","target":{"@type":"EntryPoint","urlTemplate":"https:\/\/gatodumas.com.co\/bucaramanga\/?s={search_term_string}"},"query-input":{"@type":"PropertyValueSpecification","valueRequired":true,"valueName":"search_term_string"}}],"inLanguage":"es"},{"@type":"Organization","@id":"https:\/\/gatodumas.com.co\/bucaramanga\/#organization","name":"Gato Dumas Bucaramanga","url":"https:\/\/gatodumas.com.co\/bucaramanga\/","logo":{"@type":"ImageObject","inLanguage":"es","@id":"https:\/\/gatodumas.com.co\/bucaramanga\/#\/schema\/logo\/image\/","url":"https:\/\/gatodumas.com.co\/bucaramanga\/wp-content\/uploads\/sites\/4\/2024\/04\/cropped-dumas-negro-01-1.png","contentUrl":"https:\/\/gatodumas.com.co\/bucaramanga\/wp-content\/uploads\/sites\/4\/2024\/04\/cropped-dumas-negro-01-1.png","width":2496,"height":844,"caption":"Gato Dumas Bucaramanga"},"image":{"@id":"https:\/\/gatodumas.com.co\/bucaramanga\/#\/schema\/logo\/image\/"}}]}},"_links":{"self":[{"href":"https:\/\/gatodumas.com.co\/bucaramanga\/wp-json\/wp\/v2\/pages\/34","targetHints":{"allow":["GET"]}}],"collection":[{"href":"https:\/\/gatodumas.com.co\/bucaramanga\/wp-json\/wp\/v2\/pages"}],"about":[{"href":"https:\/\/gatodumas.com.co\/bucaramanga\/wp-json\/wp\/v2\/types\/page"}],"author":[{"embeddable":true,"href":"https:\/\/gatodumas.com.co\/bucaramanga\/wp-json\/wp\/v2\/users\/2"}],"replies":[{"embeddable":true,"href":"https:\/\/gatodumas.com.co\/bucaramanga\/wp-json\/wp\/v2\/comments?post=34"}],"version-history":[{"count":1,"href":"https:\/\/gatodumas.com.co\/bucaramanga\/wp-json\/wp\/v2\/pages\/34\/revisions"}],"predecessor-version":[{"id":17054,"href":"https:\/\/gatodumas.com.co\/bucaramanga\/wp-json\/wp\/v2\/pages\/34\/revisions\/17054"}],"wp:attachment":[{"href":"https:\/\/gatodumas.com.co\/bucaramanga\/wp-json\/wp\/v2\/media?parent=34"}],"curies":[{"name":"wp","href":"https:\/\/api.w.org\/{rel}","templated":true}]}}