{"id":38,"date":"2024-02-28T22:29:01","date_gmt":"2024-02-28T21:29:01","guid":{"rendered":"https:\/\/pruebas.egt.com.co\/gatodumas\/bogota\/?page_id=38"},"modified":"2025-01-29T16:39:57","modified_gmt":"2025-01-29T15:39:57","slug":"area-cocina","status":"publish","type":"page","link":"https:\/\/gatodumas.com.co\/bucaramanga\/programas\/area-cocina\/","title":{"rendered":"\u00c1rea Cocina"},"content":{"rendered":"<div class=\"wpb-content-wrapper\"><p>[vc_row equal_height=\u00bbyes\u00bb content_placement=\u00bbtop\u00bb el_class=\u00bbmt mb\u00bb][vc_column width=\u00bb1\/2&#8243; el_class=\u00bbcontenedor-diplomados izq-a\u00bb][vc_custom_heading text=\u00bb\u00c1rea Cocina\u00bb use_theme_fonts=\u00bbyes\u00bb el_class=\u00bblinea-titulos-principal mt mb\u00bb][vc_custom_heading text=\u00bbCocina\u00bb font_container=\u00bbtag:h3|text_align:left\u00bb use_theme_fonts=\u00bbyes\u00bb el_class=\u00bbmt mb text-verde\u00bb][vc_column_text]Atraemos personas que sue\u00f1an con <strong>liderar las cocina<\/strong>s de los sitios m\u00e1s reconocidos, poner su sello en nuevas <strong>creaciones gastron\u00f3micas y proyectarse alrededor del mundo.<\/strong> Que sean apasionados, curiosos, inquietos, con esp\u00edritu creativo e innovador y que busquen la excelencia en cada cosa que hacen.[\/vc_column_text][vc_column_text el_class=\u00bbboton-mas\u00bb]<a href=\"https:\/\/gatodumas.com.co\/bucaramanga\/producto\/cocina\/\">M\u00e1s Informaci\u00f3n<\/a>[\/vc_column_text][\/vc_column][vc_column width=\u00bb1\/2&#8243; el_class=\u00bbimg-der\u00bb css=\u00bb.vc_custom_1710170695878{background-color: #75c2b8 !important;}\u00bb][vc_single_image image=\u00bb15776&#8243; img_size=\u00bbfull\u00bb alignment=\u00bbcenter\u00bb el_class=\u00bbFotografia-varios-programa\u00bb][vc_single_image image=\u00bb15310&#8243; img_size=\u00bbfull\u00bb el_class=\u00bbFotografia-varios-iconos\u00bb][\/vc_column][\/vc_row]<\/p>\n<\/div>","protected":false},"excerpt":{"rendered":"<p>[vc_row equal_height=\u00bbyes\u00bb content_placement=\u00bbtop\u00bb el_class=\u00bbmt mb\u00bb][vc_column width=\u00bb1\/2&#8243; el_class=\u00bbcontenedor-diplomados izq-a\u00bb][vc_custom_heading text=\u00bb\u00c1rea Cocina\u00bb use_theme_fonts=\u00bbyes\u00bb el_class=\u00bblinea-titulos-principal mt mb\u00bb][vc_custom_heading text=\u00bbCocina\u00bb font_container=\u00bbtag:h3|text_align:left\u00bb use_theme_fonts=\u00bbyes\u00bb el_class=\u00bbmt mb text-verde\u00bb][vc_column_text]Atraemos personas que sue\u00f1an con liderar las cocinas de los sitios m\u00e1s reconocidos, poner su sello en nuevas creaciones gastron\u00f3micas y proyectarse alrededor del mundo. Que sean apasionados, curiosos, inquietos, con esp\u00edritu creativo e innovador y &#8230; <a title=\"\u00c1rea Cocina\" class=\"read-more\" href=\"https:\/\/gatodumas.com.co\/bucaramanga\/programas\/area-cocina\/\" aria-label=\"Leer m\u00e1s sobre \u00c1rea Cocina\">Leer m\u00e1s<\/a><\/p>\n","protected":false},"author":2,"featured_media":0,"parent":36,"menu_order":0,"comment_status":"closed","ping_status":"closed","template":"","meta":{"_acf_changed":false,"footnotes":""},"class_list":["post-38","page","type-page","status-publish"],"acf":[],"yoast_head":"<!-- This site is optimized with the Yoast SEO plugin v25.9 - https:\/\/yoast.com\/wordpress\/plugins\/seo\/ -->\n<title>\u00c1rea Cocina - Gato Dumas Bucaramanga<\/title>\n<meta name=\"robots\" content=\"index, follow, max-snippet:-1, max-image-preview:large, max-video-preview:-1\" \/>\n<link rel=\"canonical\" href=\"https:\/\/gatodumas.com.co\/bucaramanga\/programas\/area-cocina\/\" \/>\n<meta property=\"og:locale\" content=\"es_ES\" \/>\n<meta property=\"og:type\" content=\"article\" \/>\n<meta property=\"og:title\" content=\"\u00c1rea Cocina - Gato Dumas Bucaramanga\" \/>\n<meta property=\"og:description\" content=\"[vc_row equal_height=\u00bbyes\u00bb content_placement=\u00bbtop\u00bb el_class=\u00bbmt mb\u00bb][vc_column width=\u00bb1\/2&#8243; el_class=\u00bbcontenedor-diplomados izq-a\u00bb][vc_custom_heading text=\u00bb\u00c1rea Cocina\u00bb use_theme_fonts=\u00bbyes\u00bb el_class=\u00bblinea-titulos-principal mt mb\u00bb][vc_custom_heading text=\u00bbCocina\u00bb font_container=\u00bbtag:h3|text_align:left\u00bb use_theme_fonts=\u00bbyes\u00bb el_class=\u00bbmt mb text-verde\u00bb][vc_column_text]Atraemos personas que sue\u00f1an con liderar las cocinas de los sitios m\u00e1s reconocidos, poner su sello en nuevas creaciones gastron\u00f3micas y proyectarse alrededor del mundo. Que sean apasionados, curiosos, inquietos, con esp\u00edritu creativo e innovador y ... Leer m\u00e1s\" \/>\n<meta property=\"og:url\" content=\"https:\/\/gatodumas.com.co\/bucaramanga\/programas\/area-cocina\/\" \/>\n<meta property=\"og:site_name\" content=\"Gato Dumas Bucaramanga\" \/>\n<meta property=\"article:modified_time\" content=\"2025-01-29T15:39:57+00:00\" \/>\n<meta name=\"twitter:card\" content=\"summary_large_image\" \/>\n<meta name=\"twitter:label1\" content=\"Tiempo de lectura\" \/>\n\t<meta name=\"twitter:data1\" content=\"1 minuto\" \/>\n<script type=\"application\/ld+json\" class=\"yoast-schema-graph\">{\"@context\":\"https:\/\/schema.org\",\"@graph\":[{\"@type\":\"WebPage\",\"@id\":\"https:\/\/gatodumas.com.co\/bucaramanga\/programas\/area-cocina\/\",\"url\":\"https:\/\/gatodumas.com.co\/bucaramanga\/programas\/area-cocina\/\",\"name\":\"\u00c1rea Cocina - Gato Dumas Bucaramanga\",\"isPartOf\":{\"@id\":\"https:\/\/gatodumas.com.co\/bucaramanga\/#website\"},\"datePublished\":\"2024-02-28T21:29:01+00:00\",\"dateModified\":\"2025-01-29T15:39:57+00:00\",\"breadcrumb\":{\"@id\":\"https:\/\/gatodumas.com.co\/bucaramanga\/programas\/area-cocina\/#breadcrumb\"},\"inLanguage\":\"es\",\"potentialAction\":[{\"@type\":\"ReadAction\",\"target\":[\"https:\/\/gatodumas.com.co\/bucaramanga\/programas\/area-cocina\/\"]}]},{\"@type\":\"BreadcrumbList\",\"@id\":\"https:\/\/gatodumas.com.co\/bucaramanga\/programas\/area-cocina\/#breadcrumb\",\"itemListElement\":[{\"@type\":\"ListItem\",\"position\":1,\"name\":\"Portada\",\"item\":\"https:\/\/gatodumas.com.co\/bucaramanga\/\"},{\"@type\":\"ListItem\",\"position\":2,\"name\":\"Programas\",\"item\":\"https:\/\/gatodumas.com.co\/bucaramanga\/programas\/\"},{\"@type\":\"ListItem\",\"position\":3,\"name\":\"\u00c1rea Cocina\"}]},{\"@type\":\"WebSite\",\"@id\":\"https:\/\/gatodumas.com.co\/bucaramanga\/#website\",\"url\":\"https:\/\/gatodumas.com.co\/bucaramanga\/\",\"name\":\"Gato Dumas Bucaramanga\",\"description\":\"\",\"publisher\":{\"@id\":\"https:\/\/gatodumas.com.co\/bucaramanga\/#organization\"},\"potentialAction\":[{\"@type\":\"SearchAction\",\"target\":{\"@type\":\"EntryPoint\",\"urlTemplate\":\"https:\/\/gatodumas.com.co\/bucaramanga\/?s={search_term_string}\"},\"query-input\":{\"@type\":\"PropertyValueSpecification\",\"valueRequired\":true,\"valueName\":\"search_term_string\"}}],\"inLanguage\":\"es\"},{\"@type\":\"Organization\",\"@id\":\"https:\/\/gatodumas.com.co\/bucaramanga\/#organization\",\"name\":\"Gato Dumas Bucaramanga\",\"url\":\"https:\/\/gatodumas.com.co\/bucaramanga\/\",\"logo\":{\"@type\":\"ImageObject\",\"inLanguage\":\"es\",\"@id\":\"https:\/\/gatodumas.com.co\/bucaramanga\/#\/schema\/logo\/image\/\",\"url\":\"https:\/\/gatodumas.com.co\/bucaramanga\/wp-content\/uploads\/sites\/4\/2024\/04\/cropped-dumas-negro-01-1.png\",\"contentUrl\":\"https:\/\/gatodumas.com.co\/bucaramanga\/wp-content\/uploads\/sites\/4\/2024\/04\/cropped-dumas-negro-01-1.png\",\"width\":2496,\"height\":844,\"caption\":\"Gato Dumas Bucaramanga\"},\"image\":{\"@id\":\"https:\/\/gatodumas.com.co\/bucaramanga\/#\/schema\/logo\/image\/\"}}]}<\/script>\n<!-- \/ Yoast SEO plugin. -->","yoast_head_json":{"title":"\u00c1rea Cocina - Gato Dumas Bucaramanga","robots":{"index":"index","follow":"follow","max-snippet":"max-snippet:-1","max-image-preview":"max-image-preview:large","max-video-preview":"max-video-preview:-1"},"canonical":"https:\/\/gatodumas.com.co\/bucaramanga\/programas\/area-cocina\/","og_locale":"es_ES","og_type":"article","og_title":"\u00c1rea Cocina - Gato Dumas Bucaramanga","og_description":"[vc_row equal_height=\u00bbyes\u00bb content_placement=\u00bbtop\u00bb el_class=\u00bbmt mb\u00bb][vc_column width=\u00bb1\/2&#8243; el_class=\u00bbcontenedor-diplomados izq-a\u00bb][vc_custom_heading text=\u00bb\u00c1rea Cocina\u00bb use_theme_fonts=\u00bbyes\u00bb el_class=\u00bblinea-titulos-principal mt mb\u00bb][vc_custom_heading text=\u00bbCocina\u00bb font_container=\u00bbtag:h3|text_align:left\u00bb use_theme_fonts=\u00bbyes\u00bb el_class=\u00bbmt mb text-verde\u00bb][vc_column_text]Atraemos personas que sue\u00f1an con liderar las cocinas de los sitios m\u00e1s reconocidos, poner su sello en nuevas creaciones gastron\u00f3micas y proyectarse alrededor del mundo. Que sean apasionados, curiosos, inquietos, con esp\u00edritu creativo e innovador y ... Leer m\u00e1s","og_url":"https:\/\/gatodumas.com.co\/bucaramanga\/programas\/area-cocina\/","og_site_name":"Gato Dumas Bucaramanga","article_modified_time":"2025-01-29T15:39:57+00:00","twitter_card":"summary_large_image","twitter_misc":{"Tiempo de lectura":"1 minuto"},"schema":{"@context":"https:\/\/schema.org","@graph":[{"@type":"WebPage","@id":"https:\/\/gatodumas.com.co\/bucaramanga\/programas\/area-cocina\/","url":"https:\/\/gatodumas.com.co\/bucaramanga\/programas\/area-cocina\/","name":"\u00c1rea Cocina - Gato Dumas Bucaramanga","isPartOf":{"@id":"https:\/\/gatodumas.com.co\/bucaramanga\/#website"},"datePublished":"2024-02-28T21:29:01+00:00","dateModified":"2025-01-29T15:39:57+00:00","breadcrumb":{"@id":"https:\/\/gatodumas.com.co\/bucaramanga\/programas\/area-cocina\/#breadcrumb"},"inLanguage":"es","potentialAction":[{"@type":"ReadAction","target":["https:\/\/gatodumas.com.co\/bucaramanga\/programas\/area-cocina\/"]}]},{"@type":"BreadcrumbList","@id":"https:\/\/gatodumas.com.co\/bucaramanga\/programas\/area-cocina\/#breadcrumb","itemListElement":[{"@type":"ListItem","position":1,"name":"Portada","item":"https:\/\/gatodumas.com.co\/bucaramanga\/"},{"@type":"ListItem","position":2,"name":"Programas","item":"https:\/\/gatodumas.com.co\/bucaramanga\/programas\/"},{"@type":"ListItem","position":3,"name":"\u00c1rea Cocina"}]},{"@type":"WebSite","@id":"https:\/\/gatodumas.com.co\/bucaramanga\/#website","url":"https:\/\/gatodumas.com.co\/bucaramanga\/","name":"Gato Dumas Bucaramanga","description":"","publisher":{"@id":"https:\/\/gatodumas.com.co\/bucaramanga\/#organization"},"potentialAction":[{"@type":"SearchAction","target":{"@type":"EntryPoint","urlTemplate":"https:\/\/gatodumas.com.co\/bucaramanga\/?s={search_term_string}"},"query-input":{"@type":"PropertyValueSpecification","valueRequired":true,"valueName":"search_term_string"}}],"inLanguage":"es"},{"@type":"Organization","@id":"https:\/\/gatodumas.com.co\/bucaramanga\/#organization","name":"Gato Dumas Bucaramanga","url":"https:\/\/gatodumas.com.co\/bucaramanga\/","logo":{"@type":"ImageObject","inLanguage":"es","@id":"https:\/\/gatodumas.com.co\/bucaramanga\/#\/schema\/logo\/image\/","url":"https:\/\/gatodumas.com.co\/bucaramanga\/wp-content\/uploads\/sites\/4\/2024\/04\/cropped-dumas-negro-01-1.png","contentUrl":"https:\/\/gatodumas.com.co\/bucaramanga\/wp-content\/uploads\/sites\/4\/2024\/04\/cropped-dumas-negro-01-1.png","width":2496,"height":844,"caption":"Gato Dumas Bucaramanga"},"image":{"@id":"https:\/\/gatodumas.com.co\/bucaramanga\/#\/schema\/logo\/image\/"}}]}},"_links":{"self":[{"href":"https:\/\/gatodumas.com.co\/bucaramanga\/wp-json\/wp\/v2\/pages\/38","targetHints":{"allow":["GET"]}}],"collection":[{"href":"https:\/\/gatodumas.com.co\/bucaramanga\/wp-json\/wp\/v2\/pages"}],"about":[{"href":"https:\/\/gatodumas.com.co\/bucaramanga\/wp-json\/wp\/v2\/types\/page"}],"author":[{"embeddable":true,"href":"https:\/\/gatodumas.com.co\/bucaramanga\/wp-json\/wp\/v2\/users\/2"}],"replies":[{"embeddable":true,"href":"https:\/\/gatodumas.com.co\/bucaramanga\/wp-json\/wp\/v2\/comments?post=38"}],"version-history":[{"count":4,"href":"https:\/\/gatodumas.com.co\/bucaramanga\/wp-json\/wp\/v2\/pages\/38\/revisions"}],"predecessor-version":[{"id":17566,"href":"https:\/\/gatodumas.com.co\/bucaramanga\/wp-json\/wp\/v2\/pages\/38\/revisions\/17566"}],"up":[{"embeddable":true,"href":"https:\/\/gatodumas.com.co\/bucaramanga\/wp-json\/wp\/v2\/pages\/36"}],"wp:attachment":[{"href":"https:\/\/gatodumas.com.co\/bucaramanga\/wp-json\/wp\/v2\/media?parent=38"}],"curies":[{"name":"wp","href":"https:\/\/api.w.org\/{rel}","templated":true}]}}