{"id":47,"date":"2024-02-28T22:34:03","date_gmt":"2024-02-28T21:34:03","guid":{"rendered":"https:\/\/pruebas.egt.com.co\/gatodumas\/bogota\/?page_id=47"},"modified":"2024-09-09T17:14:46","modified_gmt":"2024-09-09T15:14:46","slug":"cursos-y-diplomados","status":"publish","type":"page","link":"https:\/\/gatodumas.com.co\/bucaramanga\/cursos-y-diplomados\/","title":{"rendered":"Cursos y Diplomados"},"content":{"rendered":"<div class=\"wpb-content-wrapper\"><p>[vc_row full_width=\u00bbstretch_row_content_no_spaces\u00bb equal_height=\u00bbyes\u00bb content_placement=\u00bbmiddle\u00bb el_class=\u00bbmt mb responsive secciones-completas\u00bb][vc_column width=\u00bb1\/2&#8243; el_class=\u00bbcontenedor-diplomados izq-a\u00bb][vc_custom_heading text=\u00bbCursos Cortos\u00bb use_theme_fonts=\u00bbyes\u00bb el_class=\u00bblinea-titulos-principales mt mb\u00bb][vc_single_image image=\u00bb14883&#8243; img_size=\u00bbfull\u00bb][vc_column_text]<strong>Marca la diferencia<\/strong>\u00a0y aprende nuevas habilidades para dominar el mundo de la gastronom\u00eda.<br \/>\nCon nuestros cursos cortos\u00a0<strong>actualizar\u00e1s tu conocimiento<\/strong>\u00a0con t\u00e9cnicas innovadoras que te har\u00e1n triunfar en el sector gastron\u00f3mico.[\/vc_column_text][vc_column_text css=\u00bb\u00bb]<\/p>\n<div class=\"boton-principal\"><a href=\"https:\/\/gatodumas.com.co\/bucaramanga\/cursos-y-diplomados\/cursos-cortos-presenciales-y-clases-unicas\/\">Descubre Nuestros Cursos<\/a><\/div>\n<p>[\/vc_column_text][\/vc_column][vc_column width=\u00bb1\/2&#8243; el_class=\u00bbimg-der\u00bb][vc_single_image image=\u00bb16197&#8243; img_size=\u00bbfull\u00bb alignment=\u00bbcenter\u00bb el_class=\u00bbFotografia-varios-a\u00bb][\/vc_column][\/vc_row][vc_row full_width=\u00bbstretch_row_content_no_spaces\u00bb equal_height=\u00bbyes\u00bb content_placement=\u00bbmiddle\u00bb el_class=\u00bbmt mb responsive secciones-completas\u00bb][vc_column width=\u00bb1\/2&#8243; el_class=\u00bbimg-diploa\u00bb][vc_single_image image=\u00bb15835&#8243; img_size=\u00bbfull\u00bb alignment=\u00bbcenter\u00bb el_class=\u00bbFotografia-varios-b\u00bb][\/vc_column][vc_column width=\u00bb1\/2&#8243; el_class=\u00bbcontenedor-diplomados\u00bb][vc_custom_heading text=\u00bbDiplomados\u00bb use_theme_fonts=\u00bbyes\u00bb el_class=\u00bblinea-titulos-principales mt mb\u00bb][vc_single_image image=\u00bb14881&#8243; img_size=\u00bbfull\u00bb][vc_column_text]<strong>Marca la diferencia<\/strong> y aprende nuevas habilidades para dominar el mundo de la gastronom\u00eda.<br \/>\nCon nuestros diplomados <strong>actualizar\u00e1s tu conocimiento<\/strong> con t\u00e9cnicas innovadoras que te har\u00e1n triunfar en el sector gastron\u00f3mico.[\/vc_column_text][vc_column_text]<\/p>\n<div class=\"boton-principal\"><a href=\"https:\/\/gatodumas.com.co\/bucaramanga\/cursos-y-diplomados\/diplomados-onlive-y-presenciales\/\">Descubre Nuestros Diplomados<\/a><\/div>\n<p>[\/vc_column_text][\/vc_column][\/vc_row]<\/p>\n<\/div>","protected":false},"excerpt":{"rendered":"<p>[vc_row full_width=\u00bbstretch_row_content_no_spaces\u00bb equal_height=\u00bbyes\u00bb content_placement=\u00bbmiddle\u00bb el_class=\u00bbmt mb responsive secciones-completas\u00bb][vc_column width=\u00bb1\/2&#8243; el_class=\u00bbcontenedor-diplomados izq-a\u00bb][vc_custom_heading text=\u00bbCursos Cortos\u00bb use_theme_fonts=\u00bbyes\u00bb el_class=\u00bblinea-titulos-principales mt mb\u00bb][vc_single_image image=\u00bb14883&#8243; img_size=\u00bbfull\u00bb][vc_column_text]Marca la diferencia\u00a0y aprende nuevas habilidades para dominar el mundo de la gastronom\u00eda. Con nuestros cursos cortos\u00a0actualizar\u00e1s tu conocimiento\u00a0con t\u00e9cnicas innovadoras que te har\u00e1n triunfar en el sector gastron\u00f3mico.[\/vc_column_text][vc_column_text css=\u00bb\u00bb] Descubre Nuestros Cursos [\/vc_column_text][\/vc_column][vc_column width=\u00bb1\/2&#8243; el_class=\u00bbimg-der\u00bb][vc_single_image image=\u00bb16197&#8243; &#8230; <a title=\"Cursos y Diplomados\" class=\"read-more\" href=\"https:\/\/gatodumas.com.co\/bucaramanga\/cursos-y-diplomados\/\" aria-label=\"Leer m\u00e1s sobre Cursos y Diplomados\">Leer m\u00e1s<\/a><\/p>\n","protected":false},"author":2,"featured_media":0,"parent":0,"menu_order":0,"comment_status":"closed","ping_status":"closed","template":"","meta":{"_acf_changed":false,"footnotes":""},"class_list":["post-47","page","type-page","status-publish"],"acf":[],"yoast_head":"<!-- This site is optimized with the Yoast SEO plugin v25.9 - https:\/\/yoast.com\/wordpress\/plugins\/seo\/ -->\n<title>Cursos y Diplomados - Gato Dumas Bucaramanga<\/title>\n<meta name=\"robots\" content=\"index, follow, max-snippet:-1, max-image-preview:large, max-video-preview:-1\" \/>\n<link rel=\"canonical\" href=\"https:\/\/gatodumas.com.co\/bucaramanga\/cursos-y-diplomados\/\" \/>\n<meta property=\"og:locale\" content=\"es_ES\" \/>\n<meta property=\"og:type\" content=\"article\" \/>\n<meta property=\"og:title\" content=\"Cursos y Diplomados - Gato Dumas Bucaramanga\" \/>\n<meta property=\"og:description\" content=\"[vc_row full_width=\u00bbstretch_row_content_no_spaces\u00bb equal_height=\u00bbyes\u00bb content_placement=\u00bbmiddle\u00bb el_class=\u00bbmt mb responsive secciones-completas\u00bb][vc_column width=\u00bb1\/2&#8243; el_class=\u00bbcontenedor-diplomados izq-a\u00bb][vc_custom_heading text=\u00bbCursos Cortos\u00bb use_theme_fonts=\u00bbyes\u00bb el_class=\u00bblinea-titulos-principales mt mb\u00bb][vc_single_image image=\u00bb14883&#8243; img_size=\u00bbfull\u00bb][vc_column_text]Marca la diferencia\u00a0y aprende nuevas habilidades para dominar el mundo de la gastronom\u00eda. Con nuestros cursos cortos\u00a0actualizar\u00e1s tu conocimiento\u00a0con t\u00e9cnicas innovadoras que te har\u00e1n triunfar en el sector gastron\u00f3mico.[\/vc_column_text][vc_column_text css=\u00bb\u00bb] Descubre Nuestros Cursos [\/vc_column_text][\/vc_column][vc_column width=\u00bb1\/2&#8243; el_class=\u00bbimg-der\u00bb][vc_single_image image=\u00bb16197&#8243; ... Leer m\u00e1s\" \/>\n<meta property=\"og:url\" content=\"https:\/\/gatodumas.com.co\/bucaramanga\/cursos-y-diplomados\/\" \/>\n<meta property=\"og:site_name\" content=\"Gato Dumas Bucaramanga\" \/>\n<meta property=\"article:modified_time\" content=\"2024-09-09T15:14:46+00:00\" \/>\n<meta name=\"twitter:card\" content=\"summary_large_image\" \/>\n<meta name=\"twitter:label1\" content=\"Tiempo de lectura\" \/>\n\t<meta name=\"twitter:data1\" content=\"1 minuto\" \/>\n<script type=\"application\/ld+json\" class=\"yoast-schema-graph\">{\"@context\":\"https:\/\/schema.org\",\"@graph\":[{\"@type\":\"WebPage\",\"@id\":\"https:\/\/gatodumas.com.co\/bucaramanga\/cursos-y-diplomados\/\",\"url\":\"https:\/\/gatodumas.com.co\/bucaramanga\/cursos-y-diplomados\/\",\"name\":\"Cursos y Diplomados - Gato Dumas Bucaramanga\",\"isPartOf\":{\"@id\":\"https:\/\/gatodumas.com.co\/bucaramanga\/#website\"},\"datePublished\":\"2024-02-28T21:34:03+00:00\",\"dateModified\":\"2024-09-09T15:14:46+00:00\",\"breadcrumb\":{\"@id\":\"https:\/\/gatodumas.com.co\/bucaramanga\/cursos-y-diplomados\/#breadcrumb\"},\"inLanguage\":\"es\",\"potentialAction\":[{\"@type\":\"ReadAction\",\"target\":[\"https:\/\/gatodumas.com.co\/bucaramanga\/cursos-y-diplomados\/\"]}]},{\"@type\":\"BreadcrumbList\",\"@id\":\"https:\/\/gatodumas.com.co\/bucaramanga\/cursos-y-diplomados\/#breadcrumb\",\"itemListElement\":[{\"@type\":\"ListItem\",\"position\":1,\"name\":\"Portada\",\"item\":\"https:\/\/gatodumas.com.co\/bucaramanga\/\"},{\"@type\":\"ListItem\",\"position\":2,\"name\":\"Cursos y Diplomados\"}]},{\"@type\":\"WebSite\",\"@id\":\"https:\/\/gatodumas.com.co\/bucaramanga\/#website\",\"url\":\"https:\/\/gatodumas.com.co\/bucaramanga\/\",\"name\":\"Gato Dumas Bucaramanga\",\"description\":\"\",\"publisher\":{\"@id\":\"https:\/\/gatodumas.com.co\/bucaramanga\/#organization\"},\"potentialAction\":[{\"@type\":\"SearchAction\",\"target\":{\"@type\":\"EntryPoint\",\"urlTemplate\":\"https:\/\/gatodumas.com.co\/bucaramanga\/?s={search_term_string}\"},\"query-input\":{\"@type\":\"PropertyValueSpecification\",\"valueRequired\":true,\"valueName\":\"search_term_string\"}}],\"inLanguage\":\"es\"},{\"@type\":\"Organization\",\"@id\":\"https:\/\/gatodumas.com.co\/bucaramanga\/#organization\",\"name\":\"Gato Dumas Bucaramanga\",\"url\":\"https:\/\/gatodumas.com.co\/bucaramanga\/\",\"logo\":{\"@type\":\"ImageObject\",\"inLanguage\":\"es\",\"@id\":\"https:\/\/gatodumas.com.co\/bucaramanga\/#\/schema\/logo\/image\/\",\"url\":\"https:\/\/gatodumas.com.co\/bucaramanga\/wp-content\/uploads\/sites\/4\/2024\/04\/cropped-dumas-negro-01-1.png\",\"contentUrl\":\"https:\/\/gatodumas.com.co\/bucaramanga\/wp-content\/uploads\/sites\/4\/2024\/04\/cropped-dumas-negro-01-1.png\",\"width\":2496,\"height\":844,\"caption\":\"Gato Dumas Bucaramanga\"},\"image\":{\"@id\":\"https:\/\/gatodumas.com.co\/bucaramanga\/#\/schema\/logo\/image\/\"}}]}<\/script>\n<!-- \/ Yoast SEO plugin. -->","yoast_head_json":{"title":"Cursos y Diplomados - Gato Dumas Bucaramanga","robots":{"index":"index","follow":"follow","max-snippet":"max-snippet:-1","max-image-preview":"max-image-preview:large","max-video-preview":"max-video-preview:-1"},"canonical":"https:\/\/gatodumas.com.co\/bucaramanga\/cursos-y-diplomados\/","og_locale":"es_ES","og_type":"article","og_title":"Cursos y Diplomados - Gato Dumas Bucaramanga","og_description":"[vc_row full_width=\u00bbstretch_row_content_no_spaces\u00bb equal_height=\u00bbyes\u00bb content_placement=\u00bbmiddle\u00bb el_class=\u00bbmt mb responsive secciones-completas\u00bb][vc_column width=\u00bb1\/2&#8243; el_class=\u00bbcontenedor-diplomados izq-a\u00bb][vc_custom_heading text=\u00bbCursos Cortos\u00bb use_theme_fonts=\u00bbyes\u00bb el_class=\u00bblinea-titulos-principales mt mb\u00bb][vc_single_image image=\u00bb14883&#8243; img_size=\u00bbfull\u00bb][vc_column_text]Marca la diferencia\u00a0y aprende nuevas habilidades para dominar el mundo de la gastronom\u00eda. Con nuestros cursos cortos\u00a0actualizar\u00e1s tu conocimiento\u00a0con t\u00e9cnicas innovadoras que te har\u00e1n triunfar en el sector gastron\u00f3mico.[\/vc_column_text][vc_column_text css=\u00bb\u00bb] Descubre Nuestros Cursos [\/vc_column_text][\/vc_column][vc_column width=\u00bb1\/2&#8243; el_class=\u00bbimg-der\u00bb][vc_single_image image=\u00bb16197&#8243; ... Leer m\u00e1s","og_url":"https:\/\/gatodumas.com.co\/bucaramanga\/cursos-y-diplomados\/","og_site_name":"Gato Dumas Bucaramanga","article_modified_time":"2024-09-09T15:14:46+00:00","twitter_card":"summary_large_image","twitter_misc":{"Tiempo de lectura":"1 minuto"},"schema":{"@context":"https:\/\/schema.org","@graph":[{"@type":"WebPage","@id":"https:\/\/gatodumas.com.co\/bucaramanga\/cursos-y-diplomados\/","url":"https:\/\/gatodumas.com.co\/bucaramanga\/cursos-y-diplomados\/","name":"Cursos y Diplomados - Gato Dumas Bucaramanga","isPartOf":{"@id":"https:\/\/gatodumas.com.co\/bucaramanga\/#website"},"datePublished":"2024-02-28T21:34:03+00:00","dateModified":"2024-09-09T15:14:46+00:00","breadcrumb":{"@id":"https:\/\/gatodumas.com.co\/bucaramanga\/cursos-y-diplomados\/#breadcrumb"},"inLanguage":"es","potentialAction":[{"@type":"ReadAction","target":["https:\/\/gatodumas.com.co\/bucaramanga\/cursos-y-diplomados\/"]}]},{"@type":"BreadcrumbList","@id":"https:\/\/gatodumas.com.co\/bucaramanga\/cursos-y-diplomados\/#breadcrumb","itemListElement":[{"@type":"ListItem","position":1,"name":"Portada","item":"https:\/\/gatodumas.com.co\/bucaramanga\/"},{"@type":"ListItem","position":2,"name":"Cursos y Diplomados"}]},{"@type":"WebSite","@id":"https:\/\/gatodumas.com.co\/bucaramanga\/#website","url":"https:\/\/gatodumas.com.co\/bucaramanga\/","name":"Gato Dumas Bucaramanga","description":"","publisher":{"@id":"https:\/\/gatodumas.com.co\/bucaramanga\/#organization"},"potentialAction":[{"@type":"SearchAction","target":{"@type":"EntryPoint","urlTemplate":"https:\/\/gatodumas.com.co\/bucaramanga\/?s={search_term_string}"},"query-input":{"@type":"PropertyValueSpecification","valueRequired":true,"valueName":"search_term_string"}}],"inLanguage":"es"},{"@type":"Organization","@id":"https:\/\/gatodumas.com.co\/bucaramanga\/#organization","name":"Gato Dumas Bucaramanga","url":"https:\/\/gatodumas.com.co\/bucaramanga\/","logo":{"@type":"ImageObject","inLanguage":"es","@id":"https:\/\/gatodumas.com.co\/bucaramanga\/#\/schema\/logo\/image\/","url":"https:\/\/gatodumas.com.co\/bucaramanga\/wp-content\/uploads\/sites\/4\/2024\/04\/cropped-dumas-negro-01-1.png","contentUrl":"https:\/\/gatodumas.com.co\/bucaramanga\/wp-content\/uploads\/sites\/4\/2024\/04\/cropped-dumas-negro-01-1.png","width":2496,"height":844,"caption":"Gato Dumas Bucaramanga"},"image":{"@id":"https:\/\/gatodumas.com.co\/bucaramanga\/#\/schema\/logo\/image\/"}}]}},"_links":{"self":[{"href":"https:\/\/gatodumas.com.co\/bucaramanga\/wp-json\/wp\/v2\/pages\/47","targetHints":{"allow":["GET"]}}],"collection":[{"href":"https:\/\/gatodumas.com.co\/bucaramanga\/wp-json\/wp\/v2\/pages"}],"about":[{"href":"https:\/\/gatodumas.com.co\/bucaramanga\/wp-json\/wp\/v2\/types\/page"}],"author":[{"embeddable":true,"href":"https:\/\/gatodumas.com.co\/bucaramanga\/wp-json\/wp\/v2\/users\/2"}],"replies":[{"embeddable":true,"href":"https:\/\/gatodumas.com.co\/bucaramanga\/wp-json\/wp\/v2\/comments?post=47"}],"version-history":[{"count":7,"href":"https:\/\/gatodumas.com.co\/bucaramanga\/wp-json\/wp\/v2\/pages\/47\/revisions"}],"predecessor-version":[{"id":16973,"href":"https:\/\/gatodumas.com.co\/bucaramanga\/wp-json\/wp\/v2\/pages\/47\/revisions\/16973"}],"wp:attachment":[{"href":"https:\/\/gatodumas.com.co\/bucaramanga\/wp-json\/wp\/v2\/media?parent=47"}],"curies":[{"name":"wp","href":"https:\/\/api.w.org\/{rel}","templated":true}]}}