{"id":11607,"date":"2020-07-14T20:55:45","date_gmt":"2020-07-14T20:55:45","guid":{"rendered":"https:\/\/gatodumas.com.co\/bogota-3\/?post_type=product&#038;p=11607"},"modified":"2024-07-04T23:15:52","modified_gmt":"2024-07-04T21:15:52","slug":"street-food-a","status":"publish","type":"product","link":"https:\/\/gatodumas.com.co\/bucaramanga\/producto\/street-food-a\/","title":{"rendered":"Street Food a"},"content":{"rendered":"<div class=\"wpb-content-wrapper\"><p>[vc_row full_height=\u00bbyes\u00bb columns_placement=\u00bbtop\u00bb content_placement=\u00bbtop\u00bb css=\u00bb.vc_custom_1594755362047{margin-top: -30px !important;}\u00bb][vc_column][vc_column_text]<\/p>\n<div class=\"tp-event-info\">\n<div class=\"tp-info-box\">\n<p class=\"heading\"><i class=\"thim-color fa fa-clock-o\"><\/i>Hora de inicio<\/p>\n<p>18:00<\/p>\n<p>17 de julio de 2020<\/p>\n<\/div>\n<div class=\"tp-info-box\">\n<p class=\"heading\"><i class=\"thim-color fa fa-flag\"><\/i>Tiempo de finalizaci\u00f3n<\/p>\n<p>19:00<\/p>\n<p>4 de agosto de 2020<\/p>\n<\/div>\n<div class=\"tp-info-box\">\n<p class=\"heading\"><i class=\"thim-color fa fa-map-marker\"><\/i>Direcci\u00f3n<\/p>\n<p>Aula Virtual Gato Dumas Q10<\/p>\n<\/div>\n<p>[\/vc_column_text][vc_separator style=\u00bbdouble\u00bb border_width=\u00bb3&#8243;][vc_column_text]<\/p>\n<h4><span style=\"color: #333300;\">Nota<\/span><\/h4>\n<ul>\n<li><span style=\"color: #333300;\">Se entregan Certificados de asistencia siempre y cuando se asista al 80% de las clases.<\/span><\/li>\n<li><span style=\"color: #333300;\">Las clases perdidas por inasistencia del alumno no se recuperan y son personales e intransferibles. En caso de no poder asistir al inicio del curso deber\u00e1 avisar con 48 hs h\u00e1biles de antelaci\u00f3n para canjear el pago por un nuevo curso.<\/span><\/li>\n<li><span style=\"color: #333300;\">El plazo para realizar el cambio por un nuevo curso es de 3 meses a partir de la fecha del inicio del curso.<\/span><\/li>\n<li><span style=\"color: #333300;\">Para canjear el pago por un nuevo curso se tomar\u00e1 el valor abonado y no el valor actual del curso.<\/span><\/li>\n<li><span style=\"color: #333300;\">El colegio se reserva el derecho de suspender el curso con 48 hrs de anticipaci\u00f3n de no cumplir con el cupo m\u00ednimo.<\/span><\/li>\n<li><span style=\"color: #333300;\">Los cupos se asignan en el orden en el que sea reportado y confirmado el pago (ya sea presentando en recibo o enviado por mail) de lo contrario la instituci\u00f3n no se har\u00e1 responsable del cupo.<\/span><\/li>\n<\/ul>\n<h4><span style=\"color: #333300;\">Departamento Comercial Gato Dumas Colegio de Gastronom\u00eda<\/span><\/h4>\n<p>&nbsp;<\/p>\n<p><span style=\"color: #333300;\">Bogot\u00e1<\/span><\/p>\n<p><span style=\"color: #333300;\">Cel: 312 507 7665\/ 312 507 9157<\/span><\/p>\n<p><span style=\"color: #333300;\">ventasbogot\u00e1@gatodumas.com<\/span><\/p>\n<p><span style=\"color: #333300;\">bogota@gatodumas.com<\/span>[\/vc_column_text][\/vc_column][\/vc_row]<\/p>\n<\/div>\n<\/div>","protected":false},"excerpt":{"rendered":"<h4>Clase 1<\/h4>\n<ul>\n<li>Chicken wings<\/li>\n<li>Crudit\u00e9s<\/li>\n<li>Salsa de queso azul<\/li>\n<li>Salsa brava<\/li>\n<\/ul>\n<h4>Clase 2<\/h4>\n<ul>\n<li>Hot Dog con chili<\/li>\n<li>Panini de pollo queso azul y pera<\/li>\n<\/ul>\n<h4>Clase 3<\/h4>\n<ul>\n<li>Fish and chips<\/li>\n<li>Corn dog con queso<\/li>\n<\/ul>\n<h4>Clase 4<\/h4>\n<ul>\n<li>Tostadas de camarones<\/li>\n<li>Tacos de pollo marinado<\/li>\n<\/ul>\n<p>[sg_popup id=11527]<\/p>\n<p><button class=\"sg-popup-id-11527\"> M\u00e1s Informaci\u00f3n <\/button><\/p>\n<p><button><a href=\"https:\/\/recaudos.pagosinteligentes.com\/CollectForm.aspx?Token=ef6b0fde-85d6-4b2d-9838-84dd66c80ea7\">Inscribirme<\/a><\/button><\/p>\n","protected":false},"featured_media":11284,"comment_status":"closed","ping_status":"closed","template":"","meta":{"_acf_changed":false},"product_brand":[],"product_cat":[15],"product_tag":[],"class_list":{"0":"post-11607","1":"product","2":"type-product","3":"status-publish","4":"has-post-thumbnail","6":"product_cat-sin-categorizar","8":"first","9":"instock","10":"shipping-taxable","11":"product-type-simple"},"acf":[],"yoast_head":"<!-- This site is optimized with the Yoast SEO plugin v25.9 - https:\/\/yoast.com\/wordpress\/plugins\/seo\/ -->\n<title>Street Food a - Gato Dumas Bucaramanga<\/title>\n<meta name=\"robots\" content=\"index, follow, max-snippet:-1, max-image-preview:large, max-video-preview:-1\" \/>\n<link rel=\"canonical\" href=\"https:\/\/gatodumas.com.co\/bucaramanga\/producto\/street-food-a\/\" \/>\n<meta property=\"og:locale\" content=\"es_ES\" \/>\n<meta property=\"og:type\" content=\"article\" \/>\n<meta property=\"og:title\" content=\"Street Food a - Gato Dumas Bucaramanga\" \/>\n<meta property=\"og:description\" content=\"Clase 1   Chicken wings  Crudit\u00e9s  Salsa de queso azul  Salsa brava  Clase 2   Hot Dog con chili  Panini de pollo queso azul y pera  Clase 3   Fish and chips  Corn dog con queso  Clase 4   Tostadas de camarones  Tacos de pollo marinado  [sg_popup id=11527]   M\u00e1s Informaci\u00f3n   Inscribirme\" \/>\n<meta property=\"og:url\" content=\"https:\/\/gatodumas.com.co\/bucaramanga\/producto\/street-food-a\/\" \/>\n<meta property=\"og:site_name\" content=\"Gato Dumas Bucaramanga\" \/>\n<meta property=\"article:modified_time\" content=\"2024-07-04T21:15:52+00:00\" \/>\n<meta name=\"twitter:card\" content=\"summary_large_image\" \/>\n<meta name=\"twitter:label1\" content=\"Tiempo de lectura\" \/>\n\t<meta name=\"twitter:data1\" content=\"1 minuto\" \/>\n<script type=\"application\/ld+json\" class=\"yoast-schema-graph\">{\"@context\":\"https:\/\/schema.org\",\"@graph\":[{\"@type\":\"WebPage\",\"@id\":\"https:\/\/gatodumas.com.co\/bucaramanga\/producto\/street-food-a\/\",\"url\":\"https:\/\/gatodumas.com.co\/bucaramanga\/producto\/street-food-a\/\",\"name\":\"Street Food a - Gato Dumas Bucaramanga\",\"isPartOf\":{\"@id\":\"https:\/\/gatodumas.com.co\/bucaramanga\/#website\"},\"primaryImageOfPage\":{\"@id\":\"https:\/\/gatodumas.com.co\/bucaramanga\/producto\/street-food-a\/#primaryimage\"},\"image\":{\"@id\":\"https:\/\/gatodumas.com.co\/bucaramanga\/producto\/street-food-a\/#primaryimage\"},\"thumbnailUrl\":\"\",\"datePublished\":\"2020-07-14T20:55:45+00:00\",\"dateModified\":\"2024-07-04T21:15:52+00:00\",\"breadcrumb\":{\"@id\":\"https:\/\/gatodumas.com.co\/bucaramanga\/producto\/street-food-a\/#breadcrumb\"},\"inLanguage\":\"es\",\"potentialAction\":[{\"@type\":\"ReadAction\",\"target\":[\"https:\/\/gatodumas.com.co\/bucaramanga\/producto\/street-food-a\/\"]}]},{\"@type\":\"ImageObject\",\"inLanguage\":\"es\",\"@id\":\"https:\/\/gatodumas.com.co\/bucaramanga\/producto\/street-food-a\/#primaryimage\",\"url\":\"\",\"contentUrl\":\"\"},{\"@type\":\"BreadcrumbList\",\"@id\":\"https:\/\/gatodumas.com.co\/bucaramanga\/producto\/street-food-a\/#breadcrumb\",\"itemListElement\":[{\"@type\":\"ListItem\",\"position\":1,\"name\":\"Portada\",\"item\":\"https:\/\/gatodumas.com.co\/bucaramanga\/\"},{\"@type\":\"ListItem\",\"position\":2,\"name\":\"Productos\",\"item\":\"https:\/\/gatodumas.com.co\/bucaramanga\/shop\/\"},{\"@type\":\"ListItem\",\"position\":3,\"name\":\"Street Food a\"}]},{\"@type\":\"WebSite\",\"@id\":\"https:\/\/gatodumas.com.co\/bucaramanga\/#website\",\"url\":\"https:\/\/gatodumas.com.co\/bucaramanga\/\",\"name\":\"Gato Dumas Bucaramanga\",\"description\":\"\",\"publisher\":{\"@id\":\"https:\/\/gatodumas.com.co\/bucaramanga\/#organization\"},\"potentialAction\":[{\"@type\":\"SearchAction\",\"target\":{\"@type\":\"EntryPoint\",\"urlTemplate\":\"https:\/\/gatodumas.com.co\/bucaramanga\/?s={search_term_string}\"},\"query-input\":{\"@type\":\"PropertyValueSpecification\",\"valueRequired\":true,\"valueName\":\"search_term_string\"}}],\"inLanguage\":\"es\"},{\"@type\":\"Organization\",\"@id\":\"https:\/\/gatodumas.com.co\/bucaramanga\/#organization\",\"name\":\"Gato Dumas Bucaramanga\",\"url\":\"https:\/\/gatodumas.com.co\/bucaramanga\/\",\"logo\":{\"@type\":\"ImageObject\",\"inLanguage\":\"es\",\"@id\":\"https:\/\/gatodumas.com.co\/bucaramanga\/#\/schema\/logo\/image\/\",\"url\":\"https:\/\/gatodumas.com.co\/bucaramanga\/wp-content\/uploads\/sites\/4\/2024\/04\/cropped-dumas-negro-01-1.png\",\"contentUrl\":\"https:\/\/gatodumas.com.co\/bucaramanga\/wp-content\/uploads\/sites\/4\/2024\/04\/cropped-dumas-negro-01-1.png\",\"width\":2496,\"height\":844,\"caption\":\"Gato Dumas Bucaramanga\"},\"image\":{\"@id\":\"https:\/\/gatodumas.com.co\/bucaramanga\/#\/schema\/logo\/image\/\"}}]}<\/script>\n<!-- \/ Yoast SEO plugin. -->","yoast_head_json":{"title":"Street Food a - Gato Dumas Bucaramanga","robots":{"index":"index","follow":"follow","max-snippet":"max-snippet:-1","max-image-preview":"max-image-preview:large","max-video-preview":"max-video-preview:-1"},"canonical":"https:\/\/gatodumas.com.co\/bucaramanga\/producto\/street-food-a\/","og_locale":"es_ES","og_type":"article","og_title":"Street Food a - Gato Dumas Bucaramanga","og_description":"Clase 1   Chicken wings  Crudit\u00e9s  Salsa de queso azul  Salsa brava  Clase 2   Hot Dog con chili  Panini de pollo queso azul y pera  Clase 3   Fish and chips  Corn dog con queso  Clase 4   Tostadas de camarones  Tacos de pollo marinado  [sg_popup id=11527]   M\u00e1s Informaci\u00f3n   Inscribirme","og_url":"https:\/\/gatodumas.com.co\/bucaramanga\/producto\/street-food-a\/","og_site_name":"Gato Dumas Bucaramanga","article_modified_time":"2024-07-04T21:15:52+00:00","twitter_card":"summary_large_image","twitter_misc":{"Tiempo de lectura":"1 minuto"},"schema":{"@context":"https:\/\/schema.org","@graph":[{"@type":"WebPage","@id":"https:\/\/gatodumas.com.co\/bucaramanga\/producto\/street-food-a\/","url":"https:\/\/gatodumas.com.co\/bucaramanga\/producto\/street-food-a\/","name":"Street Food a - Gato Dumas Bucaramanga","isPartOf":{"@id":"https:\/\/gatodumas.com.co\/bucaramanga\/#website"},"primaryImageOfPage":{"@id":"https:\/\/gatodumas.com.co\/bucaramanga\/producto\/street-food-a\/#primaryimage"},"image":{"@id":"https:\/\/gatodumas.com.co\/bucaramanga\/producto\/street-food-a\/#primaryimage"},"thumbnailUrl":"","datePublished":"2020-07-14T20:55:45+00:00","dateModified":"2024-07-04T21:15:52+00:00","breadcrumb":{"@id":"https:\/\/gatodumas.com.co\/bucaramanga\/producto\/street-food-a\/#breadcrumb"},"inLanguage":"es","potentialAction":[{"@type":"ReadAction","target":["https:\/\/gatodumas.com.co\/bucaramanga\/producto\/street-food-a\/"]}]},{"@type":"ImageObject","inLanguage":"es","@id":"https:\/\/gatodumas.com.co\/bucaramanga\/producto\/street-food-a\/#primaryimage","url":"","contentUrl":""},{"@type":"BreadcrumbList","@id":"https:\/\/gatodumas.com.co\/bucaramanga\/producto\/street-food-a\/#breadcrumb","itemListElement":[{"@type":"ListItem","position":1,"name":"Portada","item":"https:\/\/gatodumas.com.co\/bucaramanga\/"},{"@type":"ListItem","position":2,"name":"Productos","item":"https:\/\/gatodumas.com.co\/bucaramanga\/shop\/"},{"@type":"ListItem","position":3,"name":"Street Food a"}]},{"@type":"WebSite","@id":"https:\/\/gatodumas.com.co\/bucaramanga\/#website","url":"https:\/\/gatodumas.com.co\/bucaramanga\/","name":"Gato Dumas Bucaramanga","description":"","publisher":{"@id":"https:\/\/gatodumas.com.co\/bucaramanga\/#organization"},"potentialAction":[{"@type":"SearchAction","target":{"@type":"EntryPoint","urlTemplate":"https:\/\/gatodumas.com.co\/bucaramanga\/?s={search_term_string}"},"query-input":{"@type":"PropertyValueSpecification","valueRequired":true,"valueName":"search_term_string"}}],"inLanguage":"es"},{"@type":"Organization","@id":"https:\/\/gatodumas.com.co\/bucaramanga\/#organization","name":"Gato Dumas Bucaramanga","url":"https:\/\/gatodumas.com.co\/bucaramanga\/","logo":{"@type":"ImageObject","inLanguage":"es","@id":"https:\/\/gatodumas.com.co\/bucaramanga\/#\/schema\/logo\/image\/","url":"https:\/\/gatodumas.com.co\/bucaramanga\/wp-content\/uploads\/sites\/4\/2024\/04\/cropped-dumas-negro-01-1.png","contentUrl":"https:\/\/gatodumas.com.co\/bucaramanga\/wp-content\/uploads\/sites\/4\/2024\/04\/cropped-dumas-negro-01-1.png","width":2496,"height":844,"caption":"Gato Dumas Bucaramanga"},"image":{"@id":"https:\/\/gatodumas.com.co\/bucaramanga\/#\/schema\/logo\/image\/"}}]}},"_links":{"self":[{"href":"https:\/\/gatodumas.com.co\/bucaramanga\/wp-json\/wp\/v2\/product\/11607","targetHints":{"allow":["GET"]}}],"collection":[{"href":"https:\/\/gatodumas.com.co\/bucaramanga\/wp-json\/wp\/v2\/product"}],"about":[{"href":"https:\/\/gatodumas.com.co\/bucaramanga\/wp-json\/wp\/v2\/types\/product"}],"replies":[{"embeddable":true,"href":"https:\/\/gatodumas.com.co\/bucaramanga\/wp-json\/wp\/v2\/comments?post=11607"}],"wp:featuredmedia":[{"embeddable":true,"href":"https:\/\/gatodumas.com.co\/bucaramanga\/wp-json\/"}],"wp:attachment":[{"href":"https:\/\/gatodumas.com.co\/bucaramanga\/wp-json\/wp\/v2\/media?parent=11607"}],"wp:term":[{"taxonomy":"product_brand","embeddable":true,"href":"https:\/\/gatodumas.com.co\/bucaramanga\/wp-json\/wp\/v2\/product_brand?post=11607"},{"taxonomy":"product_cat","embeddable":true,"href":"https:\/\/gatodumas.com.co\/bucaramanga\/wp-json\/wp\/v2\/product_cat?post=11607"},{"taxonomy":"product_tag","embeddable":true,"href":"https:\/\/gatodumas.com.co\/bucaramanga\/wp-json\/wp\/v2\/product_tag?post=11607"}],"curies":[{"name":"wp","href":"https:\/\/api.w.org\/{rel}","templated":true}]}}