{"id":16353,"date":"2024-05-08T00:12:37","date_gmt":"2024-05-07T22:12:37","guid":{"rendered":"https:\/\/gatodumas.com.co\/bucaramanga\/?post_type=product&#038;p=16353"},"modified":"2025-01-23T17:20:02","modified_gmt":"2025-01-23T16:20:02","slug":"cocina-griega-y-arabe","status":"publish","type":"product","link":"https:\/\/gatodumas.com.co\/bucaramanga\/producto\/cocina-griega-y-arabe\/","title":{"rendered":"Cocina Griega y \u00c1rabe"},"content":{"rendered":"<div class=\"wpb-content-wrapper\"><p>[vc_row equal_height=\u00bbyes\u00bb el_class=\u00bbinfo-pro\u00bb][vc_column width=\u00bb4\/12&#8243;][vc_single_image image=\u00bb16366&#8243; img_size=\u00bbfull\u00bb el_class=\u00bbmt\u00bb][\/vc_column][vc_column width=\u00bb8\/12&#8243;][vc_custom_heading text=\u00bbTemario\u00bb use_theme_fonts=\u00bbyes\u00bb el_class=\u00bblinea-titulos-principal mb mt\u00bb][vc_tta_tour][vc_tta_section title=\u00bbClase 1&#8243; tab_id=\u00bb1710444634031-004c214e-2527&#8243; el_class=\u00bbfuente-verde-oscuro\u00bb][vc_column_text]<\/p>\n<div>\n<h4><strong>Clase 1<\/strong><\/h4>\n<blockquote>\n<div dir=\"ltr\">\n<div dir=\"ltr\">\n<ul>\n<li>Falafel \/ croquetas de garbanzo<\/li>\n<li>Dyeye\u00a0Mesjshie \/ Pechuga rellena<\/li>\n<li>Fatush \/ Ensalada de pan<\/li>\n<\/ul>\n<\/div>\n<\/div>\n<\/blockquote>\n<\/div>\n<div><\/div>\n<p>[\/vc_column_text][\/vc_tta_section][vc_tta_section title=\u00bbClase 2&#8243; tab_id=\u00bb1710444634039-dcae7553-fa11&#8243; el_class=\u00bbfuente-verde-oscuro\u00bb][vc_column_text]<strong>Clase 2<\/strong><\/p>\n<blockquote>\n<div dir=\"ltr\">\n<div dir=\"ltr\">\n<ul>\n<li>Loukanika\u00a0\/ brocheta de cordero<\/li>\n<li>Pescado asado de las islas Sar\u00f2nicas<\/li>\n<li>Ensalada verde<\/li>\n<li>Pan pita<\/li>\n<li>Tartaleta de crema y nueces<\/li>\n<\/ul>\n<\/div>\n<\/div>\n<\/blockquote>\n<p>[\/vc_column_text][\/vc_tta_section][vc_tta_section title=\u00bbClase 3&#8243; tab_id=\u00bb1710444700345-7188e7e7-d4fb\u00bb el_class=\u00bbfuente-verde-oscuro\u00bb][vc_column_text]<strong>Clase 3<\/strong><\/p>\n<blockquote>\n<div dir=\"ltr\">\n<div dir=\"ltr\">\n<div>\n<ul>\n<li>Rishta \/ sopa de lentejas<\/li>\n<li>Riz Aal\u00a0Dyey\u00a0\/ Arroz con almendras y pollo<\/li>\n<li>Quibbeh\u00a0bel Sainiye\u00a0\/ Quibbeh\u00a0al horno<\/li>\n<\/ul>\n<\/div>\n<\/div>\n<\/div>\n<\/blockquote>\n<blockquote>\n<div dir=\"ltr\">\n<div dir=\"ltr\">\n<div>\n<div><\/div>\n<\/div>\n<\/div>\n<\/div>\n<\/blockquote>\n<p>[\/vc_column_text][\/vc_tta_section][vc_tta_section title=\u00bbClase 4&#8243; tab_id=\u00bb1710445162565-d15f7ff3-64dc\u00bb el_class=\u00bbfuente-verde-oscuro\u00bb][vc_column_text]<strong>Clase 4<\/strong><\/p>\n<blockquote>\n<div dir=\"ltr\">\n<div dir=\"ltr\">\n<ul>\n<li>Empanadillas de feta<\/li>\n<li>Estofado griego de cordero<\/li>\n<li>Baklava<\/li>\n<\/ul>\n<\/div>\n<\/div>\n<\/blockquote>\n<p>[\/vc_column_text][\/vc_tta_section][\/vc_tta_tour][\/vc_column][\/vc_row][vc_row el_class=\u00bbnotas\u00bb][vc_column]\n\t\t\t<h4 id=\"nota\" class=\"nota\">Nota<\/h4>\n\t\t\t<ul>\n\t\t\t\t<li>Se entregan Constancia de asistencia siempre y cuando se asista al 80% de las clases.<\/li>\n\t\t\t\t<li>Las clases perdidas por inasistencia del alumno no se recuperan y son personales e intransferibles. En caso de no poder asistir al inicio del curso deber\u00e1 avisar con 48 hs h\u00e1biles de antelaci\u00f3n para canjear el pago por un nuevo curso.<\/li>\n\t\t\t\t<li>El plazo para realizar el cambio por un nuevo curso es de 3 meses a partir de la fecha del inicio del curso.<\/li>\n\t\t\t\t<li>Para canjear el pago por un nuevo curso se tomar\u00e1 el valor abonado y no el valor actual del curso.<\/li>\n\t\t\t\t<li>Gato Dumas se reserva el derecho de suspender el curso con 48 hrs de anticipaci\u00f3n de no cumplir con el cupo m\u00ednimo.<\/li>\n\t\t\t\t<li>Los cupos se asignan en el orden en el que sea reportado y confirmado el pago (ya sea presentando en recibo o enviado por mail) de lo contrario la instituci\u00f3n no se har\u00e1 responsable del cupo.<\/li>\n\t\t\t<\/ul>\n\t\t\t<h4>Departamento Comercial Gato Dumas.<\/h4>\n\n\t\t[\/vc_column][\/vc_row]<\/p>\n<\/div>","protected":false},"excerpt":{"rendered":"<p>[vc_row equal_height=\u00bbyes\u00bb el_class=\u00bbinfo-pro\u00bb][vc_column width=\u00bb4\/12&#8243;][vc_single_image image=\u00bb16366&#8243; img_size=\u00bbfull\u00bb el_class=\u00bbmt\u00bb][\/vc_column][vc_column width=\u00bb8\/12&#8243;][vc_custom_heading text=\u00bbTemario\u00bb use_theme_fonts=\u00bbyes\u00bb el_class=\u00bblinea-titulos-principal mb mt\u00bb][vc_tta_tour][vc_tta_section title=\u00bbClase 1&#8243; tab_id=\u00bb1710444634031-004c214e-2527&#8243; el_class=\u00bbfuente-verde-oscuro\u00bb][vc_column_text] Clase 1 Falafel \/ croquetas de garbanzo Dyeye\u00a0Mesjshie \/ Pechuga rellena Fatush \/ Ensalada de pan [\/vc_column_text][\/vc_tta_section][vc_tta_section title=\u00bbClase 2&#8243; tab_id=\u00bb1710444634039-dcae7553-fa11&#8243; el_class=\u00bbfuente-verde-oscuro\u00bb][vc_column_text]Clase 2 Loukanika\u00a0\/ brocheta de cordero Pescado asado de las islas Sar\u00f2nicas Ensalada verde Pan pita Tartaleta de &#8230; <a title=\"Cocina Griega y \u00c1rabe\" class=\"read-more\" href=\"https:\/\/gatodumas.com.co\/bucaramanga\/producto\/cocina-griega-y-arabe\/\" aria-label=\"Leer m\u00e1s sobre Cocina Griega y \u00c1rabe\">Leer m\u00e1s<\/a><\/p>\n","protected":false},"featured_media":16356,"comment_status":"open","ping_status":"closed","template":"","meta":{"_acf_changed":false},"product_brand":[],"product_cat":[15],"product_tag":[],"class_list":{"0":"post-16353","1":"product","2":"type-product","3":"status-publish","4":"has-post-thumbnail","6":"product_cat-sin-categorizar","8":"first","9":"instock","10":"shipping-taxable","11":"purchasable","12":"product-type-simple"},"acf":[],"yoast_head":"<!-- This site is optimized with the Yoast SEO plugin v25.9 - https:\/\/yoast.com\/wordpress\/plugins\/seo\/ -->\n<title>Cocina Griega y \u00c1rabe - Gato Dumas Bucaramanga<\/title>\n<meta name=\"robots\" content=\"index, follow, max-snippet:-1, max-image-preview:large, max-video-preview:-1\" \/>\n<link rel=\"canonical\" href=\"https:\/\/gatodumas.com.co\/bucaramanga\/producto\/cocina-griega-y-arabe\/\" \/>\n<meta property=\"og:locale\" content=\"es_ES\" \/>\n<meta property=\"og:type\" content=\"article\" \/>\n<meta property=\"og:title\" content=\"Cocina Griega y \u00c1rabe - Gato Dumas Bucaramanga\" \/>\n<meta property=\"og:description\" content=\"[vc_row equal_height=\u00bbyes\u00bb el_class=\u00bbinfo-pro\u00bb][vc_column width=\u00bb4\/12&#8243;][vc_single_image image=\u00bb16366&#8243; img_size=\u00bbfull\u00bb el_class=\u00bbmt\u00bb][\/vc_column][vc_column width=\u00bb8\/12&#8243;][vc_custom_heading text=\u00bbTemario\u00bb use_theme_fonts=\u00bbyes\u00bb el_class=\u00bblinea-titulos-principal mb mt\u00bb][vc_tta_tour][vc_tta_section title=\u00bbClase 1&#8243; tab_id=\u00bb1710444634031-004c214e-2527&#8243; el_class=\u00bbfuente-verde-oscuro\u00bb][vc_column_text] Clase 1 Falafel \/ croquetas de garbanzo Dyeye\u00a0Mesjshie \/ Pechuga rellena Fatush \/ Ensalada de pan [\/vc_column_text][\/vc_tta_section][vc_tta_section title=\u00bbClase 2&#8243; tab_id=\u00bb1710444634039-dcae7553-fa11&#8243; el_class=\u00bbfuente-verde-oscuro\u00bb][vc_column_text]Clase 2 Loukanika\u00a0\/ brocheta de cordero Pescado asado de las islas Sar\u00f2nicas Ensalada verde Pan pita Tartaleta de ... Leer m\u00e1s\" \/>\n<meta property=\"og:url\" content=\"https:\/\/gatodumas.com.co\/bucaramanga\/producto\/cocina-griega-y-arabe\/\" \/>\n<meta property=\"og:site_name\" content=\"Gato Dumas Bucaramanga\" \/>\n<meta property=\"article:modified_time\" content=\"2025-01-23T16:20:02+00:00\" \/>\n<meta property=\"og:image\" content=\"https:\/\/gatodumas.com.co\/bucaramanga\/wp-content\/uploads\/sites\/4\/2024\/05\/curso_corto_cocina_griega_arabe_bucaramanga_07_05_24.jpg\" \/>\n\t<meta property=\"og:image:width\" content=\"1080\" \/>\n\t<meta property=\"og:image:height\" content=\"1080\" \/>\n\t<meta property=\"og:image:type\" content=\"image\/jpeg\" \/>\n<meta name=\"twitter:card\" content=\"summary_large_image\" \/>\n<meta name=\"twitter:label1\" content=\"Tiempo de lectura\" \/>\n\t<meta name=\"twitter:data1\" content=\"1 minuto\" \/>\n<script type=\"application\/ld+json\" class=\"yoast-schema-graph\">{\"@context\":\"https:\/\/schema.org\",\"@graph\":[{\"@type\":\"WebPage\",\"@id\":\"https:\/\/gatodumas.com.co\/bucaramanga\/producto\/cocina-griega-y-arabe\/\",\"url\":\"https:\/\/gatodumas.com.co\/bucaramanga\/producto\/cocina-griega-y-arabe\/\",\"name\":\"Cocina Griega y \u00c1rabe - Gato Dumas Bucaramanga\",\"isPartOf\":{\"@id\":\"https:\/\/gatodumas.com.co\/bucaramanga\/#website\"},\"primaryImageOfPage\":{\"@id\":\"https:\/\/gatodumas.com.co\/bucaramanga\/producto\/cocina-griega-y-arabe\/#primaryimage\"},\"image\":{\"@id\":\"https:\/\/gatodumas.com.co\/bucaramanga\/producto\/cocina-griega-y-arabe\/#primaryimage\"},\"thumbnailUrl\":\"https:\/\/gatodumas.com.co\/bucaramanga\/wp-content\/uploads\/sites\/4\/2024\/05\/curso_corto_cocina_griega_arabe_bucaramanga_07_05_24.jpg\",\"datePublished\":\"2024-05-07T22:12:37+00:00\",\"dateModified\":\"2025-01-23T16:20:02+00:00\",\"breadcrumb\":{\"@id\":\"https:\/\/gatodumas.com.co\/bucaramanga\/producto\/cocina-griega-y-arabe\/#breadcrumb\"},\"inLanguage\":\"es\",\"potentialAction\":[{\"@type\":\"ReadAction\",\"target\":[\"https:\/\/gatodumas.com.co\/bucaramanga\/producto\/cocina-griega-y-arabe\/\"]}]},{\"@type\":\"ImageObject\",\"inLanguage\":\"es\",\"@id\":\"https:\/\/gatodumas.com.co\/bucaramanga\/producto\/cocina-griega-y-arabe\/#primaryimage\",\"url\":\"https:\/\/gatodumas.com.co\/bucaramanga\/wp-content\/uploads\/sites\/4\/2024\/05\/curso_corto_cocina_griega_arabe_bucaramanga_07_05_24.jpg\",\"contentUrl\":\"https:\/\/gatodumas.com.co\/bucaramanga\/wp-content\/uploads\/sites\/4\/2024\/05\/curso_corto_cocina_griega_arabe_bucaramanga_07_05_24.jpg\",\"width\":1080,\"height\":1080},{\"@type\":\"BreadcrumbList\",\"@id\":\"https:\/\/gatodumas.com.co\/bucaramanga\/producto\/cocina-griega-y-arabe\/#breadcrumb\",\"itemListElement\":[{\"@type\":\"ListItem\",\"position\":1,\"name\":\"Portada\",\"item\":\"https:\/\/gatodumas.com.co\/bucaramanga\/\"},{\"@type\":\"ListItem\",\"position\":2,\"name\":\"Productos\",\"item\":\"https:\/\/gatodumas.com.co\/bucaramanga\/shop\/\"},{\"@type\":\"ListItem\",\"position\":3,\"name\":\"Cocina Griega y \u00c1rabe\"}]},{\"@type\":\"WebSite\",\"@id\":\"https:\/\/gatodumas.com.co\/bucaramanga\/#website\",\"url\":\"https:\/\/gatodumas.com.co\/bucaramanga\/\",\"name\":\"Gato Dumas Bucaramanga\",\"description\":\"\",\"publisher\":{\"@id\":\"https:\/\/gatodumas.com.co\/bucaramanga\/#organization\"},\"potentialAction\":[{\"@type\":\"SearchAction\",\"target\":{\"@type\":\"EntryPoint\",\"urlTemplate\":\"https:\/\/gatodumas.com.co\/bucaramanga\/?s={search_term_string}\"},\"query-input\":{\"@type\":\"PropertyValueSpecification\",\"valueRequired\":true,\"valueName\":\"search_term_string\"}}],\"inLanguage\":\"es\"},{\"@type\":\"Organization\",\"@id\":\"https:\/\/gatodumas.com.co\/bucaramanga\/#organization\",\"name\":\"Gato Dumas Bucaramanga\",\"url\":\"https:\/\/gatodumas.com.co\/bucaramanga\/\",\"logo\":{\"@type\":\"ImageObject\",\"inLanguage\":\"es\",\"@id\":\"https:\/\/gatodumas.com.co\/bucaramanga\/#\/schema\/logo\/image\/\",\"url\":\"https:\/\/gatodumas.com.co\/bucaramanga\/wp-content\/uploads\/sites\/4\/2024\/04\/cropped-dumas-negro-01-1.png\",\"contentUrl\":\"https:\/\/gatodumas.com.co\/bucaramanga\/wp-content\/uploads\/sites\/4\/2024\/04\/cropped-dumas-negro-01-1.png\",\"width\":2496,\"height\":844,\"caption\":\"Gato Dumas Bucaramanga\"},\"image\":{\"@id\":\"https:\/\/gatodumas.com.co\/bucaramanga\/#\/schema\/logo\/image\/\"}}]}<\/script>\n<!-- \/ Yoast SEO plugin. -->","yoast_head_json":{"title":"Cocina Griega y \u00c1rabe - Gato Dumas Bucaramanga","robots":{"index":"index","follow":"follow","max-snippet":"max-snippet:-1","max-image-preview":"max-image-preview:large","max-video-preview":"max-video-preview:-1"},"canonical":"https:\/\/gatodumas.com.co\/bucaramanga\/producto\/cocina-griega-y-arabe\/","og_locale":"es_ES","og_type":"article","og_title":"Cocina Griega y \u00c1rabe - Gato Dumas Bucaramanga","og_description":"[vc_row equal_height=\u00bbyes\u00bb el_class=\u00bbinfo-pro\u00bb][vc_column width=\u00bb4\/12&#8243;][vc_single_image image=\u00bb16366&#8243; img_size=\u00bbfull\u00bb el_class=\u00bbmt\u00bb][\/vc_column][vc_column width=\u00bb8\/12&#8243;][vc_custom_heading text=\u00bbTemario\u00bb use_theme_fonts=\u00bbyes\u00bb el_class=\u00bblinea-titulos-principal mb mt\u00bb][vc_tta_tour][vc_tta_section title=\u00bbClase 1&#8243; tab_id=\u00bb1710444634031-004c214e-2527&#8243; el_class=\u00bbfuente-verde-oscuro\u00bb][vc_column_text] Clase 1 Falafel \/ croquetas de garbanzo Dyeye\u00a0Mesjshie \/ Pechuga rellena Fatush \/ Ensalada de pan [\/vc_column_text][\/vc_tta_section][vc_tta_section title=\u00bbClase 2&#8243; tab_id=\u00bb1710444634039-dcae7553-fa11&#8243; el_class=\u00bbfuente-verde-oscuro\u00bb][vc_column_text]Clase 2 Loukanika\u00a0\/ brocheta de cordero Pescado asado de las islas Sar\u00f2nicas Ensalada verde Pan pita Tartaleta de ... Leer m\u00e1s","og_url":"https:\/\/gatodumas.com.co\/bucaramanga\/producto\/cocina-griega-y-arabe\/","og_site_name":"Gato Dumas Bucaramanga","article_modified_time":"2025-01-23T16:20:02+00:00","og_image":[{"width":1080,"height":1080,"url":"https:\/\/gatodumas.com.co\/bucaramanga\/wp-content\/uploads\/sites\/4\/2024\/05\/curso_corto_cocina_griega_arabe_bucaramanga_07_05_24.jpg","type":"image\/jpeg"}],"twitter_card":"summary_large_image","twitter_misc":{"Tiempo de lectura":"1 minuto"},"schema":{"@context":"https:\/\/schema.org","@graph":[{"@type":"WebPage","@id":"https:\/\/gatodumas.com.co\/bucaramanga\/producto\/cocina-griega-y-arabe\/","url":"https:\/\/gatodumas.com.co\/bucaramanga\/producto\/cocina-griega-y-arabe\/","name":"Cocina Griega y \u00c1rabe - Gato Dumas Bucaramanga","isPartOf":{"@id":"https:\/\/gatodumas.com.co\/bucaramanga\/#website"},"primaryImageOfPage":{"@id":"https:\/\/gatodumas.com.co\/bucaramanga\/producto\/cocina-griega-y-arabe\/#primaryimage"},"image":{"@id":"https:\/\/gatodumas.com.co\/bucaramanga\/producto\/cocina-griega-y-arabe\/#primaryimage"},"thumbnailUrl":"https:\/\/gatodumas.com.co\/bucaramanga\/wp-content\/uploads\/sites\/4\/2024\/05\/curso_corto_cocina_griega_arabe_bucaramanga_07_05_24.jpg","datePublished":"2024-05-07T22:12:37+00:00","dateModified":"2025-01-23T16:20:02+00:00","breadcrumb":{"@id":"https:\/\/gatodumas.com.co\/bucaramanga\/producto\/cocina-griega-y-arabe\/#breadcrumb"},"inLanguage":"es","potentialAction":[{"@type":"ReadAction","target":["https:\/\/gatodumas.com.co\/bucaramanga\/producto\/cocina-griega-y-arabe\/"]}]},{"@type":"ImageObject","inLanguage":"es","@id":"https:\/\/gatodumas.com.co\/bucaramanga\/producto\/cocina-griega-y-arabe\/#primaryimage","url":"https:\/\/gatodumas.com.co\/bucaramanga\/wp-content\/uploads\/sites\/4\/2024\/05\/curso_corto_cocina_griega_arabe_bucaramanga_07_05_24.jpg","contentUrl":"https:\/\/gatodumas.com.co\/bucaramanga\/wp-content\/uploads\/sites\/4\/2024\/05\/curso_corto_cocina_griega_arabe_bucaramanga_07_05_24.jpg","width":1080,"height":1080},{"@type":"BreadcrumbList","@id":"https:\/\/gatodumas.com.co\/bucaramanga\/producto\/cocina-griega-y-arabe\/#breadcrumb","itemListElement":[{"@type":"ListItem","position":1,"name":"Portada","item":"https:\/\/gatodumas.com.co\/bucaramanga\/"},{"@type":"ListItem","position":2,"name":"Productos","item":"https:\/\/gatodumas.com.co\/bucaramanga\/shop\/"},{"@type":"ListItem","position":3,"name":"Cocina Griega y \u00c1rabe"}]},{"@type":"WebSite","@id":"https:\/\/gatodumas.com.co\/bucaramanga\/#website","url":"https:\/\/gatodumas.com.co\/bucaramanga\/","name":"Gato Dumas Bucaramanga","description":"","publisher":{"@id":"https:\/\/gatodumas.com.co\/bucaramanga\/#organization"},"potentialAction":[{"@type":"SearchAction","target":{"@type":"EntryPoint","urlTemplate":"https:\/\/gatodumas.com.co\/bucaramanga\/?s={search_term_string}"},"query-input":{"@type":"PropertyValueSpecification","valueRequired":true,"valueName":"search_term_string"}}],"inLanguage":"es"},{"@type":"Organization","@id":"https:\/\/gatodumas.com.co\/bucaramanga\/#organization","name":"Gato Dumas Bucaramanga","url":"https:\/\/gatodumas.com.co\/bucaramanga\/","logo":{"@type":"ImageObject","inLanguage":"es","@id":"https:\/\/gatodumas.com.co\/bucaramanga\/#\/schema\/logo\/image\/","url":"https:\/\/gatodumas.com.co\/bucaramanga\/wp-content\/uploads\/sites\/4\/2024\/04\/cropped-dumas-negro-01-1.png","contentUrl":"https:\/\/gatodumas.com.co\/bucaramanga\/wp-content\/uploads\/sites\/4\/2024\/04\/cropped-dumas-negro-01-1.png","width":2496,"height":844,"caption":"Gato Dumas Bucaramanga"},"image":{"@id":"https:\/\/gatodumas.com.co\/bucaramanga\/#\/schema\/logo\/image\/"}}]}},"_links":{"self":[{"href":"https:\/\/gatodumas.com.co\/bucaramanga\/wp-json\/wp\/v2\/product\/16353","targetHints":{"allow":["GET"]}}],"collection":[{"href":"https:\/\/gatodumas.com.co\/bucaramanga\/wp-json\/wp\/v2\/product"}],"about":[{"href":"https:\/\/gatodumas.com.co\/bucaramanga\/wp-json\/wp\/v2\/types\/product"}],"replies":[{"embeddable":true,"href":"https:\/\/gatodumas.com.co\/bucaramanga\/wp-json\/wp\/v2\/comments?post=16353"}],"wp:featuredmedia":[{"embeddable":true,"href":"https:\/\/gatodumas.com.co\/bucaramanga\/wp-json\/wp\/v2\/media\/16356"}],"wp:attachment":[{"href":"https:\/\/gatodumas.com.co\/bucaramanga\/wp-json\/wp\/v2\/media?parent=16353"}],"wp:term":[{"taxonomy":"product_brand","embeddable":true,"href":"https:\/\/gatodumas.com.co\/bucaramanga\/wp-json\/wp\/v2\/product_brand?post=16353"},{"taxonomy":"product_cat","embeddable":true,"href":"https:\/\/gatodumas.com.co\/bucaramanga\/wp-json\/wp\/v2\/product_cat?post=16353"},{"taxonomy":"product_tag","embeddable":true,"href":"https:\/\/gatodumas.com.co\/bucaramanga\/wp-json\/wp\/v2\/product_tag?post=16353"}],"curies":[{"name":"wp","href":"https:\/\/api.w.org\/{rel}","templated":true}]}}