{"id":16708,"date":"2024-07-04T22:18:23","date_gmt":"2024-07-04T20:18:23","guid":{"rendered":"https:\/\/gatodumas.com.co\/bucaramanga\/?post_type=product&#038;p=16708"},"modified":"2025-07-28T18:52:52","modified_gmt":"2025-07-28T16:52:52","slug":"street-food","status":"publish","type":"product","link":"https:\/\/gatodumas.com.co\/bucaramanga\/producto\/street-food\/","title":{"rendered":"Street Food"},"content":{"rendered":"<div class=\"wpb-content-wrapper\"><p>[vc_row equal_height=\u00bbyes\u00bb el_class=\u00bbinfo-pro\u00bb][vc_column width=\u00bb1\/4&#8243;][vc_single_image image=\u00bb16718&#8243; img_size=\u00bbfull\u00bb][\/vc_column][vc_column width=\u00bb3\/4&#8243;][vc_custom_heading text=\u00bbTemario\u00bb use_theme_fonts=\u00bbyes\u00bb el_class=\u00bblinea-titulos-principal mb mt\u00bb][vc_tta_tour][vc_tta_section title=\u00bbClase 1&#8243; tab_id=\u00bbclase1&#8243; el_class=\u00bbfuente-verde-oscuro\u00bb][vc_column_text css=\u00bb\u00bb]<strong>Clase 1<\/strong><\/p>\n<ul>\n<li>Chicken wings, crudit\u00e9s, salsa de queso az\u00fal, salsa brava.<\/li>\n<li>Turkey burguer, Texas BBQ.<\/li>\n<li>Pollo frito al estilo sure\u00f1o.<\/li>\n<\/ul>\n<p>[\/vc_column_text][\/vc_tta_section][vc_tta_section title=\u00bbClase 2&#8243; tab_id=\u00bbclase2&#8243;][vc_column_text css=\u00bb\u00bb]<strong>Clase 2<\/strong><\/p>\n<ul>\n<li>Corndog con queso.<\/li>\n<li>Hot dog con chilli.<\/li>\n<li>Panini de pollo, queso az\u00fal y pera.<\/li>\n<\/ul>\n<p>[\/vc_column_text][\/vc_tta_section][vc_tta_section title=\u00bbClase 3&#8243; tab_id=\u00bbclase3&#8243;][vc_column_text css=\u00bb\u00bb]<strong>Clase 3<\/strong><\/p>\n<ul>\n<li>Fish and chips.<\/li>\n<li>Torticas de camar\u00f3n.<\/li>\n<li>Ramen de at\u00fan.<\/li>\n<\/ul>\n<p>[\/vc_column_text][\/vc_tta_section][vc_tta_section title=\u00bbClase 4&#8243; tab_id=\u00bbclase4&#8243;][vc_column_text css=\u00bb\u00bb]<strong>Clase 4<\/strong><\/p>\n<ul>\n<li>Tacos de arrachera.<\/li>\n<li>Tacos de pollo marinado.<\/li>\n<li>Tostadas de camarones.<\/li>\n<\/ul>\n<p>[\/vc_column_text][\/vc_tta_section][\/vc_tta_tour][\/vc_column][\/vc_row][vc_row el_class=\u00bbnotas\u00bb][vc_column]\n\t\t\t<h4 id=\"nota\" class=\"nota\">Nota<\/h4>\n\t\t\t<ul>\n\t\t\t\t<li>Se entregan Constancia de asistencia siempre y cuando se asista al 80% de las clases.<\/li>\n\t\t\t\t<li>Las clases perdidas por inasistencia del alumno no se recuperan y son personales e intransferibles. En caso de no poder asistir al inicio del curso deber\u00e1 avisar con 48 hs h\u00e1biles de antelaci\u00f3n para canjear el pago por un nuevo curso.<\/li>\n\t\t\t\t<li>El plazo para realizar el cambio por un nuevo curso es de 3 meses a partir de la fecha del inicio del curso.<\/li>\n\t\t\t\t<li>Para canjear el pago por un nuevo curso se tomar\u00e1 el valor abonado y no el valor actual del curso.<\/li>\n\t\t\t\t<li>Gato Dumas se reserva el derecho de suspender el curso con 48 hrs de anticipaci\u00f3n de no cumplir con el cupo m\u00ednimo.<\/li>\n\t\t\t\t<li>Los cupos se asignan en el orden en el que sea reportado y confirmado el pago (ya sea presentando en recibo o enviado por mail) de lo contrario la instituci\u00f3n no se har\u00e1 responsable del cupo.<\/li>\n\t\t\t<\/ul>\n\t\t\t<h4>Departamento Comercial Gato Dumas.<\/h4>\n\n\t\t[\/vc_column][\/vc_row]<\/p>\n<\/div>","protected":false},"excerpt":{"rendered":"<p>[vc_row equal_height=\u00bbyes\u00bb el_class=\u00bbinfo-pro\u00bb][vc_column width=\u00bb1\/4&#8243;][vc_single_image image=\u00bb16718&#8243; img_size=\u00bbfull\u00bb][\/vc_column][vc_column width=\u00bb3\/4&#8243;][vc_custom_heading text=\u00bbTemario\u00bb use_theme_fonts=\u00bbyes\u00bb el_class=\u00bblinea-titulos-principal mb mt\u00bb][vc_tta_tour][vc_tta_section title=\u00bbClase 1&#8243; tab_id=\u00bbclase1&#8243; el_class=\u00bbfuente-verde-oscuro\u00bb][vc_column_text css=\u00bb\u00bb]Clase 1 Chicken wings, crudit\u00e9s, salsa de queso az\u00fal, salsa brava. Turkey burguer, Texas BBQ. Pollo frito al estilo sure\u00f1o. [\/vc_column_text][\/vc_tta_section][vc_tta_section title=\u00bbClase 2&#8243; tab_id=\u00bbclase2&#8243;][vc_column_text css=\u00bb\u00bb]Clase 2 Corndog con queso. Hot dog con chilli. Panini de pollo, queso az\u00fal y &#8230; <a title=\"Street Food\" class=\"read-more\" href=\"https:\/\/gatodumas.com.co\/bucaramanga\/producto\/street-food\/\" aria-label=\"Leer m\u00e1s sobre Street Food\">Leer m\u00e1s<\/a><\/p>\n","protected":false},"featured_media":17893,"comment_status":"closed","ping_status":"closed","template":"","meta":{"_acf_changed":false},"product_brand":[],"product_cat":[15],"product_tag":[],"class_list":{"0":"post-16708","1":"product","2":"type-product","3":"status-publish","4":"has-post-thumbnail","6":"product_cat-sin-categorizar","8":"first","9":"instock","10":"shipping-taxable","11":"purchasable","12":"product-type-simple"},"acf":[],"yoast_head":"<!-- This site is optimized with the Yoast SEO plugin v25.9 - https:\/\/yoast.com\/wordpress\/plugins\/seo\/ -->\n<title>Street Food - Gato Dumas Bucaramanga<\/title>\n<meta name=\"robots\" content=\"index, follow, max-snippet:-1, max-image-preview:large, max-video-preview:-1\" \/>\n<link rel=\"canonical\" href=\"https:\/\/gatodumas.com.co\/bucaramanga\/producto\/street-food\/\" \/>\n<meta property=\"og:locale\" content=\"es_ES\" \/>\n<meta property=\"og:type\" content=\"article\" \/>\n<meta property=\"og:title\" content=\"Street Food - Gato Dumas Bucaramanga\" \/>\n<meta property=\"og:description\" content=\"[vc_row equal_height=\u00bbyes\u00bb el_class=\u00bbinfo-pro\u00bb][vc_column width=\u00bb1\/4&#8243;][vc_single_image image=\u00bb16718&#8243; img_size=\u00bbfull\u00bb][\/vc_column][vc_column width=\u00bb3\/4&#8243;][vc_custom_heading text=\u00bbTemario\u00bb use_theme_fonts=\u00bbyes\u00bb el_class=\u00bblinea-titulos-principal mb mt\u00bb][vc_tta_tour][vc_tta_section title=\u00bbClase 1&#8243; tab_id=\u00bbclase1&#8243; el_class=\u00bbfuente-verde-oscuro\u00bb][vc_column_text css=\u00bb\u00bb]Clase 1 Chicken wings, crudit\u00e9s, salsa de queso az\u00fal, salsa brava. Turkey burguer, Texas BBQ. Pollo frito al estilo sure\u00f1o. [\/vc_column_text][\/vc_tta_section][vc_tta_section title=\u00bbClase 2&#8243; tab_id=\u00bbclase2&#8243;][vc_column_text css=\u00bb\u00bb]Clase 2 Corndog con queso. Hot dog con chilli. Panini de pollo, queso az\u00fal y ... Leer m\u00e1s\" \/>\n<meta property=\"og:url\" content=\"https:\/\/gatodumas.com.co\/bucaramanga\/producto\/street-food\/\" \/>\n<meta property=\"og:site_name\" content=\"Gato Dumas Bucaramanga\" \/>\n<meta property=\"article:modified_time\" content=\"2025-07-28T16:52:52+00:00\" \/>\n<meta property=\"og:image\" content=\"https:\/\/gatodumas.com.co\/bucaramanga\/wp-content\/uploads\/sites\/4\/2025\/06\/Portada-curso-corto-STREET-FOOD.png\" \/>\n\t<meta property=\"og:image:width\" content=\"1080\" \/>\n\t<meta property=\"og:image:height\" content=\"1080\" \/>\n\t<meta property=\"og:image:type\" content=\"image\/png\" \/>\n<meta name=\"twitter:card\" content=\"summary_large_image\" \/>\n<meta name=\"twitter:label1\" content=\"Tiempo de lectura\" \/>\n\t<meta name=\"twitter:data1\" content=\"1 minuto\" \/>\n<script type=\"application\/ld+json\" class=\"yoast-schema-graph\">{\"@context\":\"https:\/\/schema.org\",\"@graph\":[{\"@type\":\"WebPage\",\"@id\":\"https:\/\/gatodumas.com.co\/bucaramanga\/producto\/street-food\/\",\"url\":\"https:\/\/gatodumas.com.co\/bucaramanga\/producto\/street-food\/\",\"name\":\"Street Food - Gato Dumas Bucaramanga\",\"isPartOf\":{\"@id\":\"https:\/\/gatodumas.com.co\/bucaramanga\/#website\"},\"primaryImageOfPage\":{\"@id\":\"https:\/\/gatodumas.com.co\/bucaramanga\/producto\/street-food\/#primaryimage\"},\"image\":{\"@id\":\"https:\/\/gatodumas.com.co\/bucaramanga\/producto\/street-food\/#primaryimage\"},\"thumbnailUrl\":\"https:\/\/gatodumas.com.co\/bucaramanga\/wp-content\/uploads\/sites\/4\/2025\/06\/Portada-curso-corto-STREET-FOOD.png\",\"datePublished\":\"2024-07-04T20:18:23+00:00\",\"dateModified\":\"2025-07-28T16:52:52+00:00\",\"breadcrumb\":{\"@id\":\"https:\/\/gatodumas.com.co\/bucaramanga\/producto\/street-food\/#breadcrumb\"},\"inLanguage\":\"es\",\"potentialAction\":[{\"@type\":\"ReadAction\",\"target\":[\"https:\/\/gatodumas.com.co\/bucaramanga\/producto\/street-food\/\"]}]},{\"@type\":\"ImageObject\",\"inLanguage\":\"es\",\"@id\":\"https:\/\/gatodumas.com.co\/bucaramanga\/producto\/street-food\/#primaryimage\",\"url\":\"https:\/\/gatodumas.com.co\/bucaramanga\/wp-content\/uploads\/sites\/4\/2025\/06\/Portada-curso-corto-STREET-FOOD.png\",\"contentUrl\":\"https:\/\/gatodumas.com.co\/bucaramanga\/wp-content\/uploads\/sites\/4\/2025\/06\/Portada-curso-corto-STREET-FOOD.png\",\"width\":1080,\"height\":1080},{\"@type\":\"BreadcrumbList\",\"@id\":\"https:\/\/gatodumas.com.co\/bucaramanga\/producto\/street-food\/#breadcrumb\",\"itemListElement\":[{\"@type\":\"ListItem\",\"position\":1,\"name\":\"Portada\",\"item\":\"https:\/\/gatodumas.com.co\/bucaramanga\/\"},{\"@type\":\"ListItem\",\"position\":2,\"name\":\"Productos\",\"item\":\"https:\/\/gatodumas.com.co\/bucaramanga\/shop\/\"},{\"@type\":\"ListItem\",\"position\":3,\"name\":\"Street Food\"}]},{\"@type\":\"WebSite\",\"@id\":\"https:\/\/gatodumas.com.co\/bucaramanga\/#website\",\"url\":\"https:\/\/gatodumas.com.co\/bucaramanga\/\",\"name\":\"Gato Dumas Bucaramanga\",\"description\":\"\",\"publisher\":{\"@id\":\"https:\/\/gatodumas.com.co\/bucaramanga\/#organization\"},\"potentialAction\":[{\"@type\":\"SearchAction\",\"target\":{\"@type\":\"EntryPoint\",\"urlTemplate\":\"https:\/\/gatodumas.com.co\/bucaramanga\/?s={search_term_string}\"},\"query-input\":{\"@type\":\"PropertyValueSpecification\",\"valueRequired\":true,\"valueName\":\"search_term_string\"}}],\"inLanguage\":\"es\"},{\"@type\":\"Organization\",\"@id\":\"https:\/\/gatodumas.com.co\/bucaramanga\/#organization\",\"name\":\"Gato Dumas Bucaramanga\",\"url\":\"https:\/\/gatodumas.com.co\/bucaramanga\/\",\"logo\":{\"@type\":\"ImageObject\",\"inLanguage\":\"es\",\"@id\":\"https:\/\/gatodumas.com.co\/bucaramanga\/#\/schema\/logo\/image\/\",\"url\":\"https:\/\/gatodumas.com.co\/bucaramanga\/wp-content\/uploads\/sites\/4\/2024\/04\/cropped-dumas-negro-01-1.png\",\"contentUrl\":\"https:\/\/gatodumas.com.co\/bucaramanga\/wp-content\/uploads\/sites\/4\/2024\/04\/cropped-dumas-negro-01-1.png\",\"width\":2496,\"height\":844,\"caption\":\"Gato Dumas Bucaramanga\"},\"image\":{\"@id\":\"https:\/\/gatodumas.com.co\/bucaramanga\/#\/schema\/logo\/image\/\"}}]}<\/script>\n<!-- \/ Yoast SEO plugin. -->","yoast_head_json":{"title":"Street Food - Gato Dumas Bucaramanga","robots":{"index":"index","follow":"follow","max-snippet":"max-snippet:-1","max-image-preview":"max-image-preview:large","max-video-preview":"max-video-preview:-1"},"canonical":"https:\/\/gatodumas.com.co\/bucaramanga\/producto\/street-food\/","og_locale":"es_ES","og_type":"article","og_title":"Street Food - Gato Dumas Bucaramanga","og_description":"[vc_row equal_height=\u00bbyes\u00bb el_class=\u00bbinfo-pro\u00bb][vc_column width=\u00bb1\/4&#8243;][vc_single_image image=\u00bb16718&#8243; img_size=\u00bbfull\u00bb][\/vc_column][vc_column width=\u00bb3\/4&#8243;][vc_custom_heading text=\u00bbTemario\u00bb use_theme_fonts=\u00bbyes\u00bb el_class=\u00bblinea-titulos-principal mb mt\u00bb][vc_tta_tour][vc_tta_section title=\u00bbClase 1&#8243; tab_id=\u00bbclase1&#8243; el_class=\u00bbfuente-verde-oscuro\u00bb][vc_column_text css=\u00bb\u00bb]Clase 1 Chicken wings, crudit\u00e9s, salsa de queso az\u00fal, salsa brava. Turkey burguer, Texas BBQ. Pollo frito al estilo sure\u00f1o. [\/vc_column_text][\/vc_tta_section][vc_tta_section title=\u00bbClase 2&#8243; tab_id=\u00bbclase2&#8243;][vc_column_text css=\u00bb\u00bb]Clase 2 Corndog con queso. Hot dog con chilli. Panini de pollo, queso az\u00fal y ... Leer m\u00e1s","og_url":"https:\/\/gatodumas.com.co\/bucaramanga\/producto\/street-food\/","og_site_name":"Gato Dumas Bucaramanga","article_modified_time":"2025-07-28T16:52:52+00:00","og_image":[{"width":1080,"height":1080,"url":"https:\/\/gatodumas.com.co\/bucaramanga\/wp-content\/uploads\/sites\/4\/2025\/06\/Portada-curso-corto-STREET-FOOD.png","type":"image\/png"}],"twitter_card":"summary_large_image","twitter_misc":{"Tiempo de lectura":"1 minuto"},"schema":{"@context":"https:\/\/schema.org","@graph":[{"@type":"WebPage","@id":"https:\/\/gatodumas.com.co\/bucaramanga\/producto\/street-food\/","url":"https:\/\/gatodumas.com.co\/bucaramanga\/producto\/street-food\/","name":"Street Food - Gato Dumas Bucaramanga","isPartOf":{"@id":"https:\/\/gatodumas.com.co\/bucaramanga\/#website"},"primaryImageOfPage":{"@id":"https:\/\/gatodumas.com.co\/bucaramanga\/producto\/street-food\/#primaryimage"},"image":{"@id":"https:\/\/gatodumas.com.co\/bucaramanga\/producto\/street-food\/#primaryimage"},"thumbnailUrl":"https:\/\/gatodumas.com.co\/bucaramanga\/wp-content\/uploads\/sites\/4\/2025\/06\/Portada-curso-corto-STREET-FOOD.png","datePublished":"2024-07-04T20:18:23+00:00","dateModified":"2025-07-28T16:52:52+00:00","breadcrumb":{"@id":"https:\/\/gatodumas.com.co\/bucaramanga\/producto\/street-food\/#breadcrumb"},"inLanguage":"es","potentialAction":[{"@type":"ReadAction","target":["https:\/\/gatodumas.com.co\/bucaramanga\/producto\/street-food\/"]}]},{"@type":"ImageObject","inLanguage":"es","@id":"https:\/\/gatodumas.com.co\/bucaramanga\/producto\/street-food\/#primaryimage","url":"https:\/\/gatodumas.com.co\/bucaramanga\/wp-content\/uploads\/sites\/4\/2025\/06\/Portada-curso-corto-STREET-FOOD.png","contentUrl":"https:\/\/gatodumas.com.co\/bucaramanga\/wp-content\/uploads\/sites\/4\/2025\/06\/Portada-curso-corto-STREET-FOOD.png","width":1080,"height":1080},{"@type":"BreadcrumbList","@id":"https:\/\/gatodumas.com.co\/bucaramanga\/producto\/street-food\/#breadcrumb","itemListElement":[{"@type":"ListItem","position":1,"name":"Portada","item":"https:\/\/gatodumas.com.co\/bucaramanga\/"},{"@type":"ListItem","position":2,"name":"Productos","item":"https:\/\/gatodumas.com.co\/bucaramanga\/shop\/"},{"@type":"ListItem","position":3,"name":"Street Food"}]},{"@type":"WebSite","@id":"https:\/\/gatodumas.com.co\/bucaramanga\/#website","url":"https:\/\/gatodumas.com.co\/bucaramanga\/","name":"Gato Dumas Bucaramanga","description":"","publisher":{"@id":"https:\/\/gatodumas.com.co\/bucaramanga\/#organization"},"potentialAction":[{"@type":"SearchAction","target":{"@type":"EntryPoint","urlTemplate":"https:\/\/gatodumas.com.co\/bucaramanga\/?s={search_term_string}"},"query-input":{"@type":"PropertyValueSpecification","valueRequired":true,"valueName":"search_term_string"}}],"inLanguage":"es"},{"@type":"Organization","@id":"https:\/\/gatodumas.com.co\/bucaramanga\/#organization","name":"Gato Dumas Bucaramanga","url":"https:\/\/gatodumas.com.co\/bucaramanga\/","logo":{"@type":"ImageObject","inLanguage":"es","@id":"https:\/\/gatodumas.com.co\/bucaramanga\/#\/schema\/logo\/image\/","url":"https:\/\/gatodumas.com.co\/bucaramanga\/wp-content\/uploads\/sites\/4\/2024\/04\/cropped-dumas-negro-01-1.png","contentUrl":"https:\/\/gatodumas.com.co\/bucaramanga\/wp-content\/uploads\/sites\/4\/2024\/04\/cropped-dumas-negro-01-1.png","width":2496,"height":844,"caption":"Gato Dumas Bucaramanga"},"image":{"@id":"https:\/\/gatodumas.com.co\/bucaramanga\/#\/schema\/logo\/image\/"}}]}},"_links":{"self":[{"href":"https:\/\/gatodumas.com.co\/bucaramanga\/wp-json\/wp\/v2\/product\/16708","targetHints":{"allow":["GET"]}}],"collection":[{"href":"https:\/\/gatodumas.com.co\/bucaramanga\/wp-json\/wp\/v2\/product"}],"about":[{"href":"https:\/\/gatodumas.com.co\/bucaramanga\/wp-json\/wp\/v2\/types\/product"}],"replies":[{"embeddable":true,"href":"https:\/\/gatodumas.com.co\/bucaramanga\/wp-json\/wp\/v2\/comments?post=16708"}],"wp:featuredmedia":[{"embeddable":true,"href":"https:\/\/gatodumas.com.co\/bucaramanga\/wp-json\/wp\/v2\/media\/17893"}],"wp:attachment":[{"href":"https:\/\/gatodumas.com.co\/bucaramanga\/wp-json\/wp\/v2\/media?parent=16708"}],"wp:term":[{"taxonomy":"product_brand","embeddable":true,"href":"https:\/\/gatodumas.com.co\/bucaramanga\/wp-json\/wp\/v2\/product_brand?post=16708"},{"taxonomy":"product_cat","embeddable":true,"href":"https:\/\/gatodumas.com.co\/bucaramanga\/wp-json\/wp\/v2\/product_cat?post=16708"},{"taxonomy":"product_tag","embeddable":true,"href":"https:\/\/gatodumas.com.co\/bucaramanga\/wp-json\/wp\/v2\/product_tag?post=16708"}],"curies":[{"name":"wp","href":"https:\/\/api.w.org\/{rel}","templated":true}]}}